{"id":152,"date":"2022-07-06T16:07:31","date_gmt":"2022-07-06T14:07:31","guid":{"rendered":"https:\/\/beyonddev.affinities.ch\/?page_id=152"},"modified":"2025-02-12T09:48:39","modified_gmt":"2025-02-12T08:48:39","slug":"strategie","status":"publish","type":"page","link":"http:\/\/www.beyond.ch\/de\/dienstleistungen\/strategie\/","title":{"rendered":"Strategie"},"content":{"rendered":"<p><img src=\"\/wp-content\/uploads\/2022\/07\/BANNER_002.jpg\" alt=\"\"><\/p>\n<div>Beratungsbereich<\/div>\n<h1>Strategie<span class=\"uk-text-primary\">.<\/span><\/h1>\n<hr>\n<ul>\n<li>\n        <a href=\"\/diensteleistungen\/risikomanagement\/\"><span class=\"uk-text-primary\">01<\/span> Risikomanagement<\/a>\n    <\/li>\n<li>\n        <a href=\"\/diensteleistungen\/resilienz\/\"><span class=\"uk-text-primary\">02<\/span> Resilienz<\/a>\n    <\/li>\n<li>\n        <a href=\"#\"><span class=\"uk-text-primary\">03<\/span> Strategie<\/a>\n    <\/li>\n<li>\n        <a href=\"\/diensteleistungen\/nachhaltigkeit\/\"><span class=\"uk-text-primary\">04<\/span> Nachhaltigkeitsbericht<\/a>\n    <\/li>\n<\/ul>\n<p><img src=\"\/wp-content\/uploads\/2022\/07\/Stategie_de.png\" alt=\"\"><\/p>\n<h2>Strategie<\/h2>\n<div>\n<p>Damit Sie in Ihrem Unternehmen oder Ihrer Organisation eine h\u00f6here Leistung erzielen k\u00f6nnen, beraten wir Sie auch hinsichtlich der Strategie. Unser Vorgehen besteht darin, Ihre Strategie mit Ihrem Risikoprofil zu konfrontieren. Unerwartete Ereignisse oder Zwischenf\u00e4lle f\u00fchren oft dazu, dass Strategien nicht erfolgreich sind. Aber Risiken, die fr\u00fchzeitig erkannt werden, k\u00f6nnen auch Chancen darstellen. Mit strategischer Voraussicht und Innovation helfen wir Ihnen, diese Chancen zu erkennen und in Ihrer Strategie zu ber\u00fccksichtigen. Sollten diese Chancen wichtige organisatorische Ver\u00e4nderungen mit sich bringen, unterst\u00fctzen wir Sie und Ihr Team auch im Changemanagement.<\/p>\n<ul>\n<li>Erweiterte SWOT-Analyse<\/li>\n<li>Analyse des Unternehmensumfelds<\/li>\n<li>7P+S-Analyse<\/li>\n<li>Moderation des Strategieprozesses<\/li>\n<li>Partizipative Strategieentwicklung<\/li>\n<li>Vorausschauendes \u00dcberpr\u00fcfung (oder Zukunftsanalyse?)<\/li>\n<li>Bestandsaufnahme von Innovationen und Chancen<\/li>\n<\/ul>\n<\/div>\n<div><a href=\"\/kontakt\/\">Fragen Sie unsere Experten<\/a><\/div>\n<p><a href=\"\/kontakt\/\"><img src=\"\/wp-content\/uploads\/arrow.svg\" alt=\"\"><\/a><\/p>\n<p><!--more--><br \/>\n<!-- {\"name\":\"page produit d\\u00e9mo\",\"type\":\"layout\",\"children\":[{\"name\":\"Hero\",\"type\":\"section\",\"props\":{\"style\":\"muted\",\"width\":\"\",\"vertical_align\":\"middle\",\"title_position\":\"top-left\",\"title_rotation\":\"left\",\"title_breakpoint\":\"xl\",\"image_position\":\"center-center\",\"padding_remove_top\":true,\"css\":\"@media (min-width: 960px)  {\\n    .el-section {\\n        padding-bottom: 0;\\n    }\\n}\",\"animation\":\"slide-left-small\",\"animation_delay\":\"200\"},\"children\":[{\"name\":\"\",\"type\":\"row\",\"props\":{\"layout\":\"1-2,1-2\",\"vertical_align\":true,\"column_gap\":\"large\",\"row_gap\":\"large\"},\"children\":[{\"name\":\"\",\"type\":\"column\",\"props\":{\"image_position\":\"center-center\",\"image\":\"\",\"media_overlay_gradient\":\"\",\"width_medium\":\"1-2\",\"position_sticky_breakpoint\":\"m\"},\"children\":[{\"name\":\"\",\"type\":\"image\",\"props\":{\"margin\":\"default\",\"image\":\"wp-content\\\/uploads\\\/2022\\\/07\\\/BANNER_002.jpg\",\"image_width\":\"1085\",\"image_height\":\"900\",\"image_svg_color\":\"emphasis\"}}]},{\"name\":\"\",\"type\":\"column\",\"props\":{\"image_position\":\"center-center\",\"vertical_align\":\"middle\",\"media_overlay_gradient\":\"\",\"width_medium\":\"1-2\",\"position_sticky_breakpoint\":\"m\"},\"children\":[{\"name\":\"\",\"type\":\"headline\",\"props\":{\"title_element\":\"div\",\"content\":\"Beratungsbereich\",\"title_style\":\"h6\",\"margin\":\"default\",\"maxwidth\":\"xlarge\",\"title_color\":\"primary\",\"text_align\":\"left\",\"text_align_breakpoint\":\"m\",\"text_align_fallback\":\"center\",\"block_align\":\"center\"}},{\"name\":\"\",\"type\":\"headline\",\"props\":{\"title_element\":\"h1\",\"content\":\"Strategie<span class=\\\"uk-text-primary\\\">.<\\\/span>\",\"maxwidth\":\"xlarge\",\"title_style\":\"heading-small\",\"margin_remove_top\":true,\"text_align\":\"left\",\"text_align_breakpoint\":\"m\",\"text_align_fallback\":\"center\",\"block_align\":\"center\"}},{\"type\":\"divider\",\"props\":{\"divider_element\":\"hr\",\"maxwidth\":\"xlarge\",\"block_align\":\"center\",\"divider_style\":\"small\"}},{\"type\":\"nav\",\"props\":{\"nav_style\":\"default\",\"maxwidth\":\"xlarge\",\"block_align\":\"center\",\"css\":\".el-item {\\nfont-size:0.8em;\\n}\\n\\n.uk-text-primary {\\n\\tmin-width:25px;\\n}\\n\\n.el-item {\\nline-height:1em;padding-bottom:7px;}\",\"nav_divider\":false},\"children\":[{\"type\":\"nav_item\",\"props\":{\"content\":\"<span class=\\\"uk-text-primary\\\">01<\\\/span> Risikomanagement\",\"link\":\"diensteleistungen\\\/risikomanagement\\\/\",\"active\":false}},{\"type\":\"nav_item\",\"props\":{\"content\":\"<span class=\\\"uk-text-primary\\\">02<\\\/span> Resilienz\",\"link\":\"diensteleistungen\\\/resilienz\\\/\"}},{\"type\":\"nav_item\",\"props\":{\"content\":\"<span class=\\\"uk-text-primary\\\">03<\\\/span> Strategie\",\"link\":\"#\",\"active\":true}},{\"type\":\"nav_item\",\"props\":{\"content\":\"<span class=\\\"uk-text-primary\\\">04<\\\/span> Nachhaltigkeitsbericht\",\"link\":\"diensteleistungen\\\/nachhaltigkeit\\\/\"}}]}]}]}]},{\"name\":\"Description\",\"type\":\"section\",\"props\":{\"style\":\"default\",\"width\":\"large\",\"vertical_align\":\"middle\",\"title_position\":\"top-left\",\"title_rotation\":\"left\",\"title_breakpoint\":\"xl\",\"image_position\":\"top-center\",\"padding\":\"large\",\"image\":\"wp-content\\\/uploads\\\/2022\\\/07\\\/elephant-office-bg-03-1.svg\",\"image_width\":\"600\",\"image_height\":\"260\",\"padding_remove_bottom\":false,\"animation\":\"slide-bottom-medium\",\"media_visibility\":\"m\"},\"children\":[{\"name\":\"\",\"type\":\"row\",\"props\":{\"layout\":\"1-2,1-2\",\"column_gap\":\"large\",\"row_gap\":\"large\",\"margin\":\"large\"},\"children\":[{\"name\":\"\",\"type\":\"column\",\"props\":{\"image_position\":\"center-center\",\"media_overlay_gradient\":\"\",\"width_medium\":\"1-2\",\"position_sticky_breakpoint\":\"m\",\"vertical_align\":\"middle\",\"order_first\":\"m\"},\"children\":[{\"type\":\"image\",\"props\":{\"margin\":\"default\",\"image_svg_color\":\"emphasis\",\"image\":\"wp-content\\\/uploads\\\/2022\\\/07\\\/Stategie_de.png\",\"text_align\":\"center\"}}]},{\"name\":\"\",\"type\":\"column\",\"props\":{\"image_position\":\"top-left\",\"image\":\"\",\"image_width\":\"360\",\"image_height\":\"160\",\"media_overlay_gradient\":\"\",\"width_medium\":\"1-2\",\"position_sticky_breakpoint\":\"m\",\"order_first\":\"xs\"},\"children\":[{\"name\":\"\",\"type\":\"headline\",\"props\":{\"title_element\":\"h2\",\"content\":\"Strategie\",\"title_style\":\"h4\"}},{\"name\":\"\",\"type\":\"text\",\"props\":{\"margin\":\"large\",\"column_breakpoint\":\"m\",\"content\":\"\n\n<p>Damit Sie in Ihrem Unternehmen oder Ihrer Organisation eine h\\u00f6here Leistung erzielen k\\u00f6nnen, beraten wir Sie auch hinsichtlich der Strategie. Unser Vorgehen besteht darin, Ihre Strategie mit Ihrem Risikoprofil zu konfrontieren. Unerwartete Ereignisse oder Zwischenf\\u00e4lle f\\u00fchren oft dazu, dass Strategien nicht erfolgreich sind. Aber Risiken, die fr\\u00fchzeitig erkannt werden, k\\u00f6nnen auch Chancen darstellen. Mit strategischer Voraussicht und Innovation helfen wir Ihnen, diese Chancen zu erkennen und in Ihrer Strategie zu ber\\u00fccksichtigen. Sollten diese Chancen wichtige organisatorische Ver\\u00e4nderungen mit sich bringen, unterst\\u00fctzen wir Sie und Ihr Team auch im Changemanagement.<\\\/p>\\n\n\n<ul>\\n\n\n<li>Erweiterte SWOT-Analyse<\\\/li>\\n\n\n<li>Analyse des Unternehmensumfelds<\\\/li>\\n\n\n<li>7P+S-Analyse<\\\/li>\\n\n\n<li>Moderation des Strategieprozesses<\\\/li>\\n\n\n<li>Partizipative Strategieentwicklung<\\\/li>\\n\n\n<li>Vorausschauendes \\u00dcberpr\\u00fcfung (oder Zukunftsanalyse?)<\\\/li>\\n\n\n<li>Bestandsaufnahme von Innovationen und Chancen<\\\/li>\\n<\\\/ul>\",\"text_size\":\"large\",\"margin_remove_top\":true}}]}]}]},{\"type\":\"section\",\"props\":{\"style\":\"default\",\"width\":\"default\",\"vertical_align\":\"middle\",\"title_position\":\"top-left\",\"title_rotation\":\"left\",\"title_breakpoint\":\"xl\",\"image_position\":\"center-center\",\"preserve_color\":false,\"overlap\":false,\"padding\":\"xlarge\",\"padding_remove_top\":true,\"width_expand\":\"right\"},\"children\":[{\"type\":\"row\",\"props\":{\"layout\":\"4-5,1-5\"},\"children\":[{\"type\":\"column\",\"props\":{\"position_sticky_breakpoint\":\"m\",\"image_position\":\"center-center\",\"media_overlay_gradient\":\"\",\"width_medium\":\"\",\"vertical_align\":\"middle\",\"width_large\":\"\",\"width_default\":\"4-5\",\"width_small\":\"\"},\"children\":[{\"type\":\"headline\",\"props\":{\"title_element\":\"div\",\"content\":\"Fragen Sie unsere Experten\",\"title_style\":\"h1\",\"attributes\":\"\",\"text_align\":\"right\",\"link\":\"kontakt\\\/\",\"class\":\"calltoaction\"}}]},{\"type\":\"column\",\"props\":{\"position_sticky_breakpoint\":\"m\",\"image_position\":\"center-center\",\"media_overlay_gradient\":\"\",\"width_medium\":\"\",\"vertical_align\":\"middle\",\"width_large\":\"\",\"width_default\":\"1-5\",\"width_small\":\"\"},\"children\":[{\"type\":\"image\",\"props\":{\"margin\":\"default\",\"image_svg_color\":\"primary\",\"image\":\"wp-content\\\/uploads\\\/arrow.svg\",\"image_svg_inline\":true,\"text_align\":\"left\",\"container_padding_remove\":false,\"link\":\"kontakt\\\/\"}}]}]}],\"name\":\"Call To Action vers contact\"}],\"version\":\"2.7.22\"} --><\/p>\n","protected":false},"excerpt":{"rendered":"<p>Beratungsbereich Strategie. 01 Risikomanagement 02 Resilienz 03 Strategie 04 Nachhaltigkeitsbericht Strategie Damit Sie in Ihrem Unternehmen oder Ihrer Organisation eine h\u00f6here Leistung erzielen k\u00f6nnen, beraten wir Sie auch hinsichtlich der Strategie. Unser Vorgehen besteht darin, Ihre Strategie mit Ihrem Risikoprofil zu konfrontieren. Unerwartete Ereignisse oder Zwischenf\u00e4lle f\u00fchren oft dazu, dass Strategien nicht erfolgreich sind. Aber [&hellip;]<\/p>\n","protected":false},"author":1,"featured_media":0,"parent":121,"menu_order":0,"comment_status":"closed","ping_status":"closed","template":"","meta":[],"yoast_head":"<!-- This site is optimized with the Yoast SEO plugin v19.6 - https:\/\/yoast.com\/wordpress\/plugins\/seo\/ -->\n<title>Strategie - BeyondStrategy SA<\/title>\n<meta name=\"robots\" content=\"index, follow, max-snippet:-1, max-image-preview:large, max-video-preview:-1\" \/>\n<link rel=\"canonical\" href=\"http:\/\/www.beyond.ch\/de\/dienstleistungen\/strategie\/\" \/>\n<meta property=\"og:locale\" content=\"de_DE\" \/>\n<meta property=\"og:type\" content=\"article\" \/>\n<meta property=\"og:title\" content=\"Strategie - BeyondStrategy SA\" \/>\n<meta property=\"og:description\" content=\"Beratungsbereich Strategie. 01 Risikomanagement 02 Resilienz 03 Strategie 04 Nachhaltigkeitsbericht Strategie Damit Sie in Ihrem Unternehmen oder Ihrer Organisation eine h\u00f6here Leistung erzielen k\u00f6nnen, beraten wir Sie auch hinsichtlich der Strategie. Unser Vorgehen besteht darin, Ihre Strategie mit Ihrem Risikoprofil zu konfrontieren. Unerwartete Ereignisse oder Zwischenf\u00e4lle f\u00fchren oft dazu, dass Strategien nicht erfolgreich sind. Aber [&hellip;]\" \/>\n<meta property=\"og:url\" content=\"http:\/\/www.beyond.ch\/de\/dienstleistungen\/strategie\/\" \/>\n<meta property=\"og:site_name\" content=\"BeyondStrategy SA\" \/>\n<meta property=\"article:modified_time\" content=\"2025-02-12T08:48:39+00:00\" \/>\n<meta name=\"twitter:card\" content=\"summary_large_image\" \/>\n<meta name=\"twitter:label1\" content=\"Gesch\u00e4tzte Lesezeit\" \/>\n\t<meta name=\"twitter:data1\" content=\"1 Minute\" \/>\n<script type=\"application\/ld+json\" class=\"yoast-schema-graph\">{\"@context\":\"https:\/\/schema.org\",\"@graph\":[{\"@type\":\"WebPage\",\"@id\":\"http:\/\/www.beyond.ch\/de\/dienstleistungen\/strategie\/\",\"url\":\"http:\/\/www.beyond.ch\/de\/dienstleistungen\/strategie\/\",\"name\":\"Strategie - BeyondStrategy SA\",\"isPartOf\":{\"@id\":\"http:\/\/www.beyond.ch\/de\/#website\"},\"datePublished\":\"2022-07-06T14:07:31+00:00\",\"dateModified\":\"2025-02-12T08:48:39+00:00\",\"breadcrumb\":{\"@id\":\"http:\/\/www.beyond.ch\/de\/dienstleistungen\/strategie\/#breadcrumb\"},\"inLanguage\":\"de-DE\",\"potentialAction\":[{\"@type\":\"ReadAction\",\"target\":[\"http:\/\/www.beyond.ch\/de\/dienstleistungen\/strategie\/\"]}]},{\"@type\":\"BreadcrumbList\",\"@id\":\"http:\/\/www.beyond.ch\/de\/dienstleistungen\/strategie\/#breadcrumb\",\"itemListElement\":[{\"@type\":\"ListItem\",\"position\":1,\"name\":\"Accueil\",\"item\":\"http:\/\/www.beyond.ch\/de\/\"},{\"@type\":\"ListItem\",\"position\":2,\"name\":\"Dienstleistungen\",\"item\":\"http:\/\/www.beyond.ch\/de\/dienstleistungen\/\"},{\"@type\":\"ListItem\",\"position\":3,\"name\":\"Strategie\"}]},{\"@type\":\"WebSite\",\"@id\":\"http:\/\/www.beyond.ch\/de\/#website\",\"url\":\"http:\/\/www.beyond.ch\/de\/\",\"name\":\"BeyondStrategy SA\",\"description\":\"From risks to performance\",\"publisher\":{\"@id\":\"http:\/\/www.beyond.ch\/de\/#organization\"},\"potentialAction\":[{\"@type\":\"SearchAction\",\"target\":{\"@type\":\"EntryPoint\",\"urlTemplate\":\"http:\/\/www.beyond.ch\/de\/?s={search_term_string}\"},\"query-input\":\"required name=search_term_string\"}],\"inLanguage\":\"de-DE\"},{\"@type\":\"Organization\",\"@id\":\"http:\/\/www.beyond.ch\/de\/#organization\",\"name\":\"BeyondStrategy SA\",\"url\":\"http:\/\/www.beyond.ch\/de\/\",\"sameAs\":[\"https:\/\/www.linkedin.com\/company\/beyondstrategy-consulting\"],\"logo\":{\"@type\":\"ImageObject\",\"inLanguage\":\"de-DE\",\"@id\":\"http:\/\/www.beyond.ch\/de\/#\/schema\/logo\/image\/\",\"url\":\"https:\/\/www.beyondstrategy.ch\/wp-content\/uploads\/2022\/09\/BS_CLAIM_LOGO__BEYOND_LOGO-CMYK.png\",\"contentUrl\":\"https:\/\/www.beyondstrategy.ch\/wp-content\/uploads\/2022\/09\/BS_CLAIM_LOGO__BEYOND_LOGO-CMYK.png\",\"width\":2520,\"height\":1016,\"caption\":\"BeyondStrategy SA\"},\"image\":{\"@id\":\"http:\/\/www.beyond.ch\/de\/#\/schema\/logo\/image\/\"}}]}<\/script>\n<!-- \/ Yoast SEO plugin. -->","yoast_head_json":{"title":"Strategie - BeyondStrategy SA","robots":{"index":"index","follow":"follow","max-snippet":"max-snippet:-1","max-image-preview":"max-image-preview:large","max-video-preview":"max-video-preview:-1"},"canonical":"http:\/\/www.beyond.ch\/de\/dienstleistungen\/strategie\/","og_locale":"de_DE","og_type":"article","og_title":"Strategie - BeyondStrategy SA","og_description":"Beratungsbereich Strategie. 01 Risikomanagement 02 Resilienz 03 Strategie 04 Nachhaltigkeitsbericht Strategie Damit Sie in Ihrem Unternehmen oder Ihrer Organisation eine h\u00f6here Leistung erzielen k\u00f6nnen, beraten wir Sie auch hinsichtlich der Strategie. Unser Vorgehen besteht darin, Ihre Strategie mit Ihrem Risikoprofil zu konfrontieren. Unerwartete Ereignisse oder Zwischenf\u00e4lle f\u00fchren oft dazu, dass Strategien nicht erfolgreich sind. Aber [&hellip;]","og_url":"http:\/\/www.beyond.ch\/de\/dienstleistungen\/strategie\/","og_site_name":"BeyondStrategy SA","article_modified_time":"2025-02-12T08:48:39+00:00","twitter_card":"summary_large_image","twitter_misc":{"Gesch\u00e4tzte Lesezeit":"1 Minute"},"schema":{"@context":"https:\/\/schema.org","@graph":[{"@type":"WebPage","@id":"http:\/\/www.beyond.ch\/de\/dienstleistungen\/strategie\/","url":"http:\/\/www.beyond.ch\/de\/dienstleistungen\/strategie\/","name":"Strategie - BeyondStrategy SA","isPartOf":{"@id":"http:\/\/www.beyond.ch\/de\/#website"},"datePublished":"2022-07-06T14:07:31+00:00","dateModified":"2025-02-12T08:48:39+00:00","breadcrumb":{"@id":"http:\/\/www.beyond.ch\/de\/dienstleistungen\/strategie\/#breadcrumb"},"inLanguage":"de-DE","potentialAction":[{"@type":"ReadAction","target":["http:\/\/www.beyond.ch\/de\/dienstleistungen\/strategie\/"]}]},{"@type":"BreadcrumbList","@id":"http:\/\/www.beyond.ch\/de\/dienstleistungen\/strategie\/#breadcrumb","itemListElement":[{"@type":"ListItem","position":1,"name":"Accueil","item":"http:\/\/www.beyond.ch\/de\/"},{"@type":"ListItem","position":2,"name":"Dienstleistungen","item":"http:\/\/www.beyond.ch\/de\/dienstleistungen\/"},{"@type":"ListItem","position":3,"name":"Strategie"}]},{"@type":"WebSite","@id":"http:\/\/www.beyond.ch\/de\/#website","url":"http:\/\/www.beyond.ch\/de\/","name":"BeyondStrategy SA","description":"From risks to performance","publisher":{"@id":"http:\/\/www.beyond.ch\/de\/#organization"},"potentialAction":[{"@type":"SearchAction","target":{"@type":"EntryPoint","urlTemplate":"http:\/\/www.beyond.ch\/de\/?s={search_term_string}"},"query-input":"required name=search_term_string"}],"inLanguage":"de-DE"},{"@type":"Organization","@id":"http:\/\/www.beyond.ch\/de\/#organization","name":"BeyondStrategy SA","url":"http:\/\/www.beyond.ch\/de\/","sameAs":["https:\/\/www.linkedin.com\/company\/beyondstrategy-consulting"],"logo":{"@type":"ImageObject","inLanguage":"de-DE","@id":"http:\/\/www.beyond.ch\/de\/#\/schema\/logo\/image\/","url":"https:\/\/www.beyondstrategy.ch\/wp-content\/uploads\/2022\/09\/BS_CLAIM_LOGO__BEYOND_LOGO-CMYK.png","contentUrl":"https:\/\/www.beyondstrategy.ch\/wp-content\/uploads\/2022\/09\/BS_CLAIM_LOGO__BEYOND_LOGO-CMYK.png","width":2520,"height":1016,"caption":"BeyondStrategy SA"},"image":{"@id":"http:\/\/www.beyond.ch\/de\/#\/schema\/logo\/image\/"}}]}},"_links":{"self":[{"href":"http:\/\/www.beyond.ch\/de\/wp-json\/wp\/v2\/pages\/152"}],"collection":[{"href":"http:\/\/www.beyond.ch\/de\/wp-json\/wp\/v2\/pages"}],"about":[{"href":"http:\/\/www.beyond.ch\/de\/wp-json\/wp\/v2\/types\/page"}],"author":[{"embeddable":true,"href":"http:\/\/www.beyond.ch\/de\/wp-json\/wp\/v2\/users\/1"}],"replies":[{"embeddable":true,"href":"http:\/\/www.beyond.ch\/de\/wp-json\/wp\/v2\/comments?post=152"}],"version-history":[{"count":22,"href":"http:\/\/www.beyond.ch\/de\/wp-json\/wp\/v2\/pages\/152\/revisions"}],"predecessor-version":[{"id":1158,"href":"http:\/\/www.beyond.ch\/de\/wp-json\/wp\/v2\/pages\/152\/revisions\/1158"}],"up":[{"embeddable":true,"href":"http:\/\/www.beyond.ch\/de\/wp-json\/wp\/v2\/pages\/121"}],"wp:attachment":[{"href":"http:\/\/www.beyond.ch\/de\/wp-json\/wp\/v2\/media?parent=152"}],"curies":[{"name":"wp","href":"https:\/\/api.w.org\/{rel}","templated":true}]}}