{"id":1065,"date":"2025-02-11T14:39:44","date_gmt":"2025-02-11T13:39:44","guid":{"rendered":"https:\/\/www.beyond.ch\/?page_id=1065"},"modified":"2025-02-19T20:06:32","modified_gmt":"2025-02-19T19:06:32","slug":"nelson","status":"publish","type":"page","link":"https:\/\/www.beyond.ch\/de\/nelson\/","title":{"rendered":"Nelson Bolivar Ortiz Montalvo"},"content":{"rendered":"<p><img src=\"\/wp-content\/uploads\/2025\/02\/Nelson-B.-Ortiz-M..png\" alt=\"Nelson B. Ortiz M.\"><\/p>\n<div>CSRD Berater und Produktentwicklung<\/div>\n<h1>Nelson B. Ortiz M.<\/h1>\n<div>\n<p>Nelson Bolivar Ortiz Montalvo unterst\u00fctzt Unternehmen bei ihrem \u00dcbergang zu nachhaltigem Wirtschaften durch praxisnahe und zug\u00e4ngliche L\u00f6sungen. Sein akademischer Werdegang f\u00fchrte ihn zur Zusammenarbeit mit E4S, der Universit\u00e4t Lausanne und mehreren auf Nachhaltigkeit spezialisierten Startups, wodurch er ein tiefgehendes Verst\u00e4ndnis f\u00fcr die Herausforderungen von Unternehmen in diesem Bereich entwickelte.<\/p>\n<p>Durch seine Forschungserfahrung an der EPFL und am IMD stellt er sicher, dass seine Ans\u00e4tze auf soliden wissenschaftlichen Grundlagen basieren, w\u00e4hrend er gleichzeitig wissenschaftliche Strenge mit Pragmatismus verbindet. Er zeichnet sich besonders dadurch aus, die Komplexit\u00e4t der ESG-Vorschriften zu entmystifizieren und Unternehmen mit klaren, transparenten L\u00f6sungen zu begleiten \u2013 ohne Greenwashing.<\/p>\n<p>Neugierig und engagiert verfolgt er die Entwicklungen im regulatorischen Umfeld und die neuesten Nachhaltigkeitstrends. Besonders fasziniert ihn die Rolle von neuen Technologien, KI und Robotik bei der Optimierung von Prozessen und der Steigerung der Unternehmensleistung.<\/p>\n<\/div>\n<ul>\n<li><a href=\"&#x6d;&#97;&#105;l&#x74;&#x6f;&#58;n&#x65;&#x6c;&#115;o&#x6e;&#x2e;&#111;r&#x74;&#x69;&#122;m&#x6f;&#x6e;&#116;a&#x6c;&#x76;&#111;&#64;b&#x65;&#x79;&#111;n&#x64;&#x2e;&#99;h\">mail<\/a>\n<\/li>\n<li><a href=\"tel:+41212179176\">receiver<\/a>\n<\/li>\n<li><a href=\"https:\/\/www.linkedin.com\/in\/nelson-bom\/\">linkedin<\/a>\n<\/li>\n<\/ul>\n<p><!--more--><br \/>\n<!-- {\"name\":\"Detail Equipe\",\"type\":\"layout\",\"children\":[{\"name\":\"VCard\",\"type\":\"section\",\"props\":{\"style\":\"default\",\"width\":\"large\",\"vertical_align\":\"middle\",\"title_position\":\"top-left\",\"title_rotation\":\"left\",\"title_breakpoint\":\"xl\",\"image_position\":\"center-center\",\"height\":\"full\",\"image\":\"wp-content\\\/uploads\\\/projects-bg.svg\",\"image_effect\":\"parallax\",\"image_parallax_bgx_start\":\"-300\",\"image_parallax_bgy_start\":\"200\",\"image_parallax_bgy_end\":-150,\"image_parallax_bgx_end\":\"-300\",\"media_overlay\":null,\"padding_remove_bottom\":false,\"image_parallax_breakpoint\":\"m\",\"animation\":\"slide-left-medium\",\"animation_delay\":\"200\",\"media_visibility\":\"m\"},\"children\":[{\"name\":\"\",\"type\":\"row\",\"props\":{\"layout\":\"1-2,1-2\",\"margin_remove_top\":false,\"margin_remove_bottom\":false,\"vertical_align\":true,\"divider\":false,\"column_gap\":\"large\",\"row_gap\":\"large\"},\"children\":[{\"name\":\"\",\"type\":\"column\",\"props\":{\"image_position\":\"top-left\",\"image\":\"\",\"image_effect\":\"parallax\",\"width_medium\":\"1-2\",\"media_overlay_gradient\":\"\",\"position_sticky_breakpoint\":\"m\"},\"children\":[{\"name\":\"\",\"type\":\"image\",\"props\":{\"margin\":\"\",\"image\":\"wp-content\\\/uploads\\\/2025\\\/02\\\/Nelson-B.-Ortiz-M..png\",\"image_width\":\"600\",\"margin_remove_top\":false,\"margin_remove_bottom\":false,\"image_height\":\"700\",\"text_align\":\"left\",\"text_align_breakpoint\":\"m\",\"text_align_fallback\":\"center\",\"image_svg_color\":\"emphasis\",\"image_alt\":\"Nelson B. Ortiz M.\"}}]},{\"name\":\"\",\"type\":\"column\",\"props\":{\"image_position\":\"top-left\",\"image\":\"\",\"image_width\":\"300\",\"media_overlay\":\"rgba(255, 255, 255, 0.54)\",\"vertical_align\":\"middle\",\"width_medium\":\"1-2\",\"media_overlay_gradient\":\"\",\"position_sticky_breakpoint\":\"m\"},\"children\":[{\"name\":\"\",\"type\":\"headline\",\"props\":{\"title_element\":\"div\",\"content\":\"CSRD Berater und Produktentwicklung\",\"title_style\":\"h6\",\"title_color\":\"primary\",\"margin_remove_top\":false,\"margin_remove_bottom\":false,\"margin\":\"small\"}},{\"name\":\"\",\"type\":\"headline\",\"props\":{\"title_element\":\"h1\",\"content\":\"Nelson B. Ortiz M.\",\"margin_remove_top\":true,\"text_align\":\"left\",\"margin_remove_bottom\":false,\"title_style\":\"heading-medium\"}},{\"name\":\"\",\"type\":\"text\",\"props\":{\"margin\":\"large\",\"column_breakpoint\":\"m\",\"maxwidth\":\"2xlarge\",\"content\":\"\n\n<p>Nelson Bolivar Ortiz Montalvo unterst\\u00fctzt Unternehmen bei ihrem \\u00dcbergang zu nachhaltigem Wirtschaften durch praxisnahe und zug\\u00e4ngliche L\\u00f6sungen. Sein akademischer Werdegang f\\u00fchrte ihn zur Zusammenarbeit mit E4S, der Universit\\u00e4t Lausanne und mehreren auf Nachhaltigkeit spezialisierten Startups, wodurch er ein tiefgehendes Verst\\u00e4ndnis f\\u00fcr die Herausforderungen von Unternehmen in diesem Bereich entwickelte.<\\\/p>\\n\n\n<p>Durch seine Forschungserfahrung an der EPFL und am IMD stellt er sicher, dass seine Ans\\u00e4tze auf soliden wissenschaftlichen Grundlagen basieren, w\\u00e4hrend er gleichzeitig wissenschaftliche Strenge mit Pragmatismus verbindet. Er zeichnet sich besonders dadurch aus, die Komplexit\\u00e4t der ESG-Vorschriften zu entmystifizieren und Unternehmen mit klaren, transparenten L\\u00f6sungen zu begleiten \\u2013 ohne Greenwashing.<\\\/p>\\n\n\n<p>Neugierig und engagiert verfolgt er die Entwicklungen im regulatorischen Umfeld und die neuesten Nachhaltigkeitstrends. Besonders fasziniert ihn die Rolle von neuen Technologien, KI und Robotik bei der Optimierung von Prozessen und der Steigerung der Unternehmensleistung.<\\\/p>\",\"text_size\":\"large\"}},{\"name\":\"\",\"type\":\"social\",\"props\":{\"link_style\":\"link\",\"margin\":\"large\",\"link_target\":true,\"grid_gap\":\"small\",\"grid\":\"horizontal\"},\"children\":[{\"type\":\"social_item\",\"props\":{\"link\":\"mail&#116;&#111;&#58;&#110;&#101;&#108;&#115;&#x6f;&#x6e;&#x2e;&#x6f;&#x72;&#x74;&#x69;&#x7a;&#x6d;onta&#108;&#118;&#111;&#64;&#98;&#101;&#121;&#x6f;&#x6e;&#x64;&#x2e;&#x63;&#x68;\"}},{\"type\":\"social_item\",\"props\":{\"link\":\"tel:+41212179176\"}},{\"type\":\"social_item\",\"props\":{\"link\":\"https:\\\/\\\/www.linkedin.com\\\/in\\\/nelson-bom\\\/\"}}]}]}]}]}],\"version\":\"2.7.22\"} --><\/p>\n","protected":false},"excerpt":{"rendered":"<p>CSRD Berater und Produktentwicklung Nelson B. Ortiz M. Nelson Bolivar Ortiz Montalvo unterst\u00fctzt Unternehmen bei ihrem \u00dcbergang zu nachhaltigem Wirtschaften durch praxisnahe und zug\u00e4ngliche L\u00f6sungen. Sein akademischer Werdegang f\u00fchrte ihn zur Zusammenarbeit mit E4S, der Universit\u00e4t Lausanne und mehreren auf Nachhaltigkeit spezialisierten Startups, wodurch er ein tiefgehendes Verst\u00e4ndnis f\u00fcr die Herausforderungen von Unternehmen in diesem [&hellip;]<\/p>\n","protected":false},"author":2,"featured_media":0,"parent":0,"menu_order":0,"comment_status":"closed","ping_status":"closed","template":"","meta":[],"yoast_head":"<!-- This site is optimized with the Yoast SEO plugin v19.6 - https:\/\/yoast.com\/wordpress\/plugins\/seo\/ -->\n<title>Nelson Bolivar Ortiz Montalvo - BeyondStrategy SA<\/title>\n<meta name=\"robots\" content=\"index, follow, max-snippet:-1, max-image-preview:large, max-video-preview:-1\" \/>\n<link rel=\"canonical\" href=\"https:\/\/www.beyond.ch\/de\/nelson\/\" \/>\n<meta property=\"og:locale\" content=\"de_DE\" \/>\n<meta property=\"og:type\" content=\"article\" \/>\n<meta property=\"og:title\" content=\"Nelson Bolivar Ortiz Montalvo - BeyondStrategy SA\" \/>\n<meta property=\"og:description\" content=\"CSRD Berater und Produktentwicklung Nelson B. Ortiz M. Nelson Bolivar Ortiz Montalvo unterst\u00fctzt Unternehmen bei ihrem \u00dcbergang zu nachhaltigem Wirtschaften durch praxisnahe und zug\u00e4ngliche L\u00f6sungen. Sein akademischer Werdegang f\u00fchrte ihn zur Zusammenarbeit mit E4S, der Universit\u00e4t Lausanne und mehreren auf Nachhaltigkeit spezialisierten Startups, wodurch er ein tiefgehendes Verst\u00e4ndnis f\u00fcr die Herausforderungen von Unternehmen in diesem [&hellip;]\" \/>\n<meta property=\"og:url\" content=\"https:\/\/www.beyond.ch\/de\/nelson\/\" \/>\n<meta property=\"og:site_name\" content=\"BeyondStrategy SA\" \/>\n<meta property=\"article:modified_time\" content=\"2025-02-19T19:06:32+00:00\" \/>\n<meta name=\"twitter:card\" content=\"summary_large_image\" \/>\n<meta name=\"twitter:label1\" content=\"Gesch\u00e4tzte Lesezeit\" \/>\n\t<meta name=\"twitter:data1\" content=\"2 Minuten\" \/>\n<script type=\"application\/ld+json\" class=\"yoast-schema-graph\">{\"@context\":\"https:\/\/schema.org\",\"@graph\":[{\"@type\":\"WebPage\",\"@id\":\"https:\/\/www.beyond.ch\/de\/nelson\/\",\"url\":\"https:\/\/www.beyond.ch\/de\/nelson\/\",\"name\":\"Nelson Bolivar Ortiz Montalvo - BeyondStrategy SA\",\"isPartOf\":{\"@id\":\"https:\/\/www.beyond.ch\/de\/#website\"},\"datePublished\":\"2025-02-11T13:39:44+00:00\",\"dateModified\":\"2025-02-19T19:06:32+00:00\",\"breadcrumb\":{\"@id\":\"https:\/\/www.beyond.ch\/de\/nelson\/#breadcrumb\"},\"inLanguage\":\"de-DE\",\"potentialAction\":[{\"@type\":\"ReadAction\",\"target\":[\"https:\/\/www.beyond.ch\/de\/nelson\/\"]}]},{\"@type\":\"BreadcrumbList\",\"@id\":\"https:\/\/www.beyond.ch\/de\/nelson\/#breadcrumb\",\"itemListElement\":[{\"@type\":\"ListItem\",\"position\":1,\"name\":\"Accueil\",\"item\":\"https:\/\/www.beyond.ch\/de\/\"},{\"@type\":\"ListItem\",\"position\":2,\"name\":\"Nelson Bolivar Ortiz Montalvo\"}]},{\"@type\":\"WebSite\",\"@id\":\"https:\/\/www.beyond.ch\/de\/#website\",\"url\":\"https:\/\/www.beyond.ch\/de\/\",\"name\":\"BeyondStrategy SA\",\"description\":\"From risks to performance\",\"publisher\":{\"@id\":\"https:\/\/www.beyond.ch\/de\/#organization\"},\"potentialAction\":[{\"@type\":\"SearchAction\",\"target\":{\"@type\":\"EntryPoint\",\"urlTemplate\":\"https:\/\/www.beyond.ch\/de\/?s={search_term_string}\"},\"query-input\":\"required name=search_term_string\"}],\"inLanguage\":\"de-DE\"},{\"@type\":\"Organization\",\"@id\":\"https:\/\/www.beyond.ch\/de\/#organization\",\"name\":\"BeyondStrategy SA\",\"url\":\"https:\/\/www.beyond.ch\/de\/\",\"sameAs\":[\"https:\/\/www.linkedin.com\/company\/beyondstrategy-consulting\"],\"logo\":{\"@type\":\"ImageObject\",\"inLanguage\":\"de-DE\",\"@id\":\"https:\/\/www.beyond.ch\/de\/#\/schema\/logo\/image\/\",\"url\":\"https:\/\/www.beyondstrategy.ch\/wp-content\/uploads\/2022\/09\/BS_CLAIM_LOGO__BEYOND_LOGO-CMYK.png\",\"contentUrl\":\"https:\/\/www.beyondstrategy.ch\/wp-content\/uploads\/2022\/09\/BS_CLAIM_LOGO__BEYOND_LOGO-CMYK.png\",\"width\":2520,\"height\":1016,\"caption\":\"BeyondStrategy SA\"},\"image\":{\"@id\":\"https:\/\/www.beyond.ch\/de\/#\/schema\/logo\/image\/\"}}]}<\/script>\n<!-- \/ Yoast SEO plugin. -->","yoast_head_json":{"title":"Nelson Bolivar Ortiz Montalvo - BeyondStrategy SA","robots":{"index":"index","follow":"follow","max-snippet":"max-snippet:-1","max-image-preview":"max-image-preview:large","max-video-preview":"max-video-preview:-1"},"canonical":"https:\/\/www.beyond.ch\/de\/nelson\/","og_locale":"de_DE","og_type":"article","og_title":"Nelson Bolivar Ortiz Montalvo - BeyondStrategy SA","og_description":"CSRD Berater und Produktentwicklung Nelson B. Ortiz M. Nelson Bolivar Ortiz Montalvo unterst\u00fctzt Unternehmen bei ihrem \u00dcbergang zu nachhaltigem Wirtschaften durch praxisnahe und zug\u00e4ngliche L\u00f6sungen. Sein akademischer Werdegang f\u00fchrte ihn zur Zusammenarbeit mit E4S, der Universit\u00e4t Lausanne und mehreren auf Nachhaltigkeit spezialisierten Startups, wodurch er ein tiefgehendes Verst\u00e4ndnis f\u00fcr die Herausforderungen von Unternehmen in diesem [&hellip;]","og_url":"https:\/\/www.beyond.ch\/de\/nelson\/","og_site_name":"BeyondStrategy SA","article_modified_time":"2025-02-19T19:06:32+00:00","twitter_card":"summary_large_image","twitter_misc":{"Gesch\u00e4tzte Lesezeit":"2 Minuten"},"schema":{"@context":"https:\/\/schema.org","@graph":[{"@type":"WebPage","@id":"https:\/\/www.beyond.ch\/de\/nelson\/","url":"https:\/\/www.beyond.ch\/de\/nelson\/","name":"Nelson Bolivar Ortiz Montalvo - BeyondStrategy SA","isPartOf":{"@id":"https:\/\/www.beyond.ch\/de\/#website"},"datePublished":"2025-02-11T13:39:44+00:00","dateModified":"2025-02-19T19:06:32+00:00","breadcrumb":{"@id":"https:\/\/www.beyond.ch\/de\/nelson\/#breadcrumb"},"inLanguage":"de-DE","potentialAction":[{"@type":"ReadAction","target":["https:\/\/www.beyond.ch\/de\/nelson\/"]}]},{"@type":"BreadcrumbList","@id":"https:\/\/www.beyond.ch\/de\/nelson\/#breadcrumb","itemListElement":[{"@type":"ListItem","position":1,"name":"Accueil","item":"https:\/\/www.beyond.ch\/de\/"},{"@type":"ListItem","position":2,"name":"Nelson Bolivar Ortiz Montalvo"}]},{"@type":"WebSite","@id":"https:\/\/www.beyond.ch\/de\/#website","url":"https:\/\/www.beyond.ch\/de\/","name":"BeyondStrategy SA","description":"From risks to performance","publisher":{"@id":"https:\/\/www.beyond.ch\/de\/#organization"},"potentialAction":[{"@type":"SearchAction","target":{"@type":"EntryPoint","urlTemplate":"https:\/\/www.beyond.ch\/de\/?s={search_term_string}"},"query-input":"required name=search_term_string"}],"inLanguage":"de-DE"},{"@type":"Organization","@id":"https:\/\/www.beyond.ch\/de\/#organization","name":"BeyondStrategy SA","url":"https:\/\/www.beyond.ch\/de\/","sameAs":["https:\/\/www.linkedin.com\/company\/beyondstrategy-consulting"],"logo":{"@type":"ImageObject","inLanguage":"de-DE","@id":"https:\/\/www.beyond.ch\/de\/#\/schema\/logo\/image\/","url":"https:\/\/www.beyondstrategy.ch\/wp-content\/uploads\/2022\/09\/BS_CLAIM_LOGO__BEYOND_LOGO-CMYK.png","contentUrl":"https:\/\/www.beyondstrategy.ch\/wp-content\/uploads\/2022\/09\/BS_CLAIM_LOGO__BEYOND_LOGO-CMYK.png","width":2520,"height":1016,"caption":"BeyondStrategy SA"},"image":{"@id":"https:\/\/www.beyond.ch\/de\/#\/schema\/logo\/image\/"}}]}},"_links":{"self":[{"href":"https:\/\/www.beyond.ch\/de\/wp-json\/wp\/v2\/pages\/1065"}],"collection":[{"href":"https:\/\/www.beyond.ch\/de\/wp-json\/wp\/v2\/pages"}],"about":[{"href":"https:\/\/www.beyond.ch\/de\/wp-json\/wp\/v2\/types\/page"}],"author":[{"embeddable":true,"href":"https:\/\/www.beyond.ch\/de\/wp-json\/wp\/v2\/users\/2"}],"replies":[{"embeddable":true,"href":"https:\/\/www.beyond.ch\/de\/wp-json\/wp\/v2\/comments?post=1065"}],"version-history":[{"count":8,"href":"https:\/\/www.beyond.ch\/de\/wp-json\/wp\/v2\/pages\/1065\/revisions"}],"predecessor-version":[{"id":1205,"href":"https:\/\/www.beyond.ch\/de\/wp-json\/wp\/v2\/pages\/1065\/revisions\/1205"}],"wp:attachment":[{"href":"https:\/\/www.beyond.ch\/de\/wp-json\/wp\/v2\/media?parent=1065"}],"curies":[{"name":"wp","href":"https:\/\/api.w.org\/{rel}","templated":true}]}}