{"id":1077,"date":"2025-02-11T14:57:21","date_gmt":"2025-02-11T13:57:21","guid":{"rendered":"https:\/\/www.beyond.ch\/?page_id=1077"},"modified":"2025-02-18T17:13:37","modified_gmt":"2025-02-18T16:13:37","slug":"noah-exquis","status":"publish","type":"page","link":"https:\/\/www.beyond.ch\/de\/noah-exquis\/","title":{"rendered":"Noah Exquis"},"content":{"rendered":"<p><img src=\"\/wp-content\/uploads\/2025\/02\/Noah-Exquis.png\" alt=\"Noah Exquis\"><\/p>\n<div><span>CSRD Berater und Produktentwicklung<\/span><\/div>\n<h1>Noah J. Exquis<\/h1>\n<div>\n<p>Noah Exquis kombiniert Fachwissen in nachhaltigem Management, Finanzwesen und Technologie mit fundierter Erfahrung im ESG-Accounting. Als Absolvent der EPFL, des IMD und der HEC Lausanne spezialisiert er sich auf die Umsetzung der CSRD, die Entwicklung von ESG-Software und die Optimierung der Nachhaltigkeitsberichterstattung f\u00fcr KMU.<\/p>\n<p>Sein pragmatischer Ansatz erm\u00f6glicht es ihm, regulatorische Anforderungen in konkrete und innovative L\u00f6sungen umzuwandeln. Mit seiner Erfahrung in der Automatisierung von Prozessen und Datenanalyse unterst\u00fctzt er Unternehmen dabei, ihre ESG-Berichterstattung zu optimieren und moderne Technologien zur Vereinfachung der Compliance zu nutzen.<\/p>\n<p>Fasziniert von den Auswirkungen neuer Vorschriften auf die Finanz- und Unternehmenswelt, verfolgt er aktiv die Entwicklung der M\u00e4rkte und Chancen im Bereich nachhaltiger Transformation. Wenn er sich nicht mit den Feinheiten der CSRD besch\u00e4ftigt, erkundet er neue Ideen durch Musik und Reisen.<\/p>\n<\/div>\n<ul>\n<li><a href=\"&#109;&#x61;&#105;&#x6c;&#116;&#x6f;&#58;&#x6e;&#111;&#x61;&#104;&#x2e;&#101;&#x78;&#113;&#x75;&#105;&#x73;&#64;&#x62;&#101;&#x79;&#111;&#x6e;&#100;&#x2e;&#99;&#x68;\">mail<\/a>\n<\/li>\n<li><a href=\"tel:+41212179176\">receiver<\/a>\n<\/li>\n<li><a href=\"https:\/\/www.linkedin.com\/in\/noah-john-exquis-945628194\/\">linkedin<\/a>\n<\/li>\n<\/ul>\n<p><!--more--><br \/>\n<!-- {\"name\":\"Detail Equipe\",\"type\":\"layout\",\"children\":[{\"name\":\"VCard\",\"type\":\"section\",\"props\":{\"style\":\"default\",\"width\":\"large\",\"vertical_align\":\"middle\",\"title_position\":\"top-left\",\"title_rotation\":\"left\",\"title_breakpoint\":\"xl\",\"image_position\":\"center-center\",\"height\":\"full\",\"image\":\"wp-content\\\/uploads\\\/projects-bg.svg\",\"image_effect\":\"parallax\",\"image_parallax_bgx_start\":\"-300\",\"image_parallax_bgy_start\":\"200\",\"image_parallax_bgy_end\":-150,\"image_parallax_bgx_end\":\"-300\",\"media_overlay\":null,\"padding_remove_bottom\":false,\"image_parallax_breakpoint\":\"m\",\"animation\":\"slide-left-medium\",\"animation_delay\":\"200\",\"media_visibility\":\"m\"},\"children\":[{\"name\":\"\",\"type\":\"row\",\"props\":{\"layout\":\"1-2,1-2\",\"margin_remove_top\":false,\"margin_remove_bottom\":false,\"vertical_align\":true,\"divider\":false,\"column_gap\":\"large\",\"row_gap\":\"large\"},\"children\":[{\"name\":\"\",\"type\":\"column\",\"props\":{\"image_position\":\"top-left\",\"image\":\"\",\"image_effect\":\"parallax\",\"width_medium\":\"1-2\",\"media_overlay_gradient\":\"\",\"position_sticky_breakpoint\":\"m\"},\"children\":[{\"name\":\"\",\"type\":\"image\",\"props\":{\"margin\":\"\",\"image\":\"wp-content\\\/uploads\\\/2025\\\/02\\\/Noah-Exquis.png\",\"image_width\":\"600\",\"margin_remove_top\":false,\"margin_remove_bottom\":false,\"image_height\":\"700\",\"text_align\":\"left\",\"text_align_breakpoint\":\"m\",\"text_align_fallback\":\"center\",\"image_svg_color\":\"emphasis\",\"image_alt\":\"Noah Exquis\"}}]},{\"name\":\"\",\"type\":\"column\",\"props\":{\"image_position\":\"top-left\",\"image\":\"\",\"image_width\":\"300\",\"media_overlay\":\"rgba(255, 255, 255, 0.54)\",\"vertical_align\":\"middle\",\"width_medium\":\"1-2\",\"media_overlay_gradient\":\"\",\"position_sticky_breakpoint\":\"m\"},\"children\":[{\"name\":\"\",\"type\":\"headline\",\"props\":{\"title_element\":\"div\",\"content\":\"<span>CSRD Berater und Produktentwicklung<\\\/span>\",\"title_style\":\"h6\",\"title_color\":\"primary\",\"margin_remove_top\":false,\"margin_remove_bottom\":false,\"margin\":\"small\"}},{\"name\":\"\",\"type\":\"headline\",\"props\":{\"title_element\":\"h1\",\"content\":\"Noah J. Exquis\",\"margin_remove_top\":true,\"text_align\":\"left\",\"margin_remove_bottom\":false,\"title_style\":\"heading-medium\"}},{\"name\":\"\",\"type\":\"text\",\"props\":{\"margin\":\"large\",\"column_breakpoint\":\"m\",\"maxwidth\":\"2xlarge\",\"content\":\"\n\n<p>Noah Exquis kombiniert Fachwissen in nachhaltigem Management, Finanzwesen und Technologie mit fundierter Erfahrung im ESG-Accounting. Als Absolvent der EPFL, des IMD und der HEC Lausanne spezialisiert er sich auf die Umsetzung der CSRD, die Entwicklung von ESG-Software und die Optimierung der Nachhaltigkeitsberichterstattung f\\u00fcr KMU.<\\\/p>\\n\n\n<p>Sein pragmatischer Ansatz erm\\u00f6glicht es ihm, regulatorische Anforderungen in konkrete und innovative L\\u00f6sungen umzuwandeln. Mit seiner Erfahrung in der Automatisierung von Prozessen und Datenanalyse unterst\\u00fctzt er Unternehmen dabei, ihre ESG-Berichterstattung zu optimieren und moderne Technologien zur Vereinfachung der Compliance zu nutzen.<\\\/p>\\n\n\n<p>Fasziniert von den Auswirkungen neuer Vorschriften auf die Finanz- und Unternehmenswelt, verfolgt er aktiv die Entwicklung der M\\u00e4rkte und Chancen im Bereich nachhaltiger Transformation. Wenn er sich nicht mit den Feinheiten der CSRD besch\\u00e4ftigt, erkundet er neue Ideen durch Musik und Reisen.<\\\/p>\",\"text_size\":\"large\"}},{\"name\":\"\",\"type\":\"social\",\"props\":{\"link_style\":\"link\",\"margin\":\"large\",\"link_target\":true,\"grid_gap\":\"small\",\"grid\":\"horizontal\"},\"children\":[{\"type\":\"social_item\",\"props\":{\"link\":\"ma&#105;&#108;&#116;&#x6f;&#x3a;&#x6e;&#x6f;&#x61;h&#46;&#101;&#120;&#113;&#x75;&#x69;&#x73;&#x40;&#x62;ey&#111;&#110;&#100;&#x2e;&#x63;&#x68;\"}},{\"type\":\"social_item\",\"props\":{\"link\":\"tel:+41212179176\"}},{\"type\":\"social_item\",\"props\":{\"link\":\"https:\\\/\\\/www.linkedin.com\\\/in\\\/noah-john-exquis-945628194\\\/\"}}]}]}]}]}],\"version\":\"2.7.22\"} --><\/p>\n","protected":false},"excerpt":{"rendered":"<p>CSRD Berater und Produktentwicklung Noah J. Exquis Noah Exquis kombiniert Fachwissen in nachhaltigem Management, Finanzwesen und Technologie mit fundierter Erfahrung im ESG-Accounting. Als Absolvent der EPFL, des IMD und der HEC Lausanne spezialisiert er sich auf die Umsetzung der CSRD, die Entwicklung von ESG-Software und die Optimierung der Nachhaltigkeitsberichterstattung f\u00fcr KMU. Sein pragmatischer Ansatz erm\u00f6glicht [&hellip;]<\/p>\n","protected":false},"author":2,"featured_media":0,"parent":0,"menu_order":0,"comment_status":"closed","ping_status":"closed","template":"","meta":[],"yoast_head":"<!-- This site is optimized with the Yoast SEO plugin v19.6 - https:\/\/yoast.com\/wordpress\/plugins\/seo\/ -->\n<title>Noah Exquis - BeyondStrategy SA<\/title>\n<meta name=\"robots\" content=\"index, follow, max-snippet:-1, max-image-preview:large, max-video-preview:-1\" \/>\n<link rel=\"canonical\" href=\"https:\/\/www.beyond.ch\/de\/noah-exquis\/\" \/>\n<meta property=\"og:locale\" content=\"de_DE\" \/>\n<meta property=\"og:type\" content=\"article\" \/>\n<meta property=\"og:title\" content=\"Noah Exquis - BeyondStrategy SA\" \/>\n<meta property=\"og:description\" content=\"CSRD Berater und Produktentwicklung Noah J. Exquis Noah Exquis kombiniert Fachwissen in nachhaltigem Management, Finanzwesen und Technologie mit fundierter Erfahrung im ESG-Accounting. Als Absolvent der EPFL, des IMD und der HEC Lausanne spezialisiert er sich auf die Umsetzung der CSRD, die Entwicklung von ESG-Software und die Optimierung der Nachhaltigkeitsberichterstattung f\u00fcr KMU. Sein pragmatischer Ansatz erm\u00f6glicht [&hellip;]\" \/>\n<meta property=\"og:url\" content=\"https:\/\/www.beyond.ch\/de\/noah-exquis\/\" \/>\n<meta property=\"og:site_name\" content=\"BeyondStrategy SA\" \/>\n<meta property=\"article:modified_time\" content=\"2025-02-18T16:13:37+00:00\" \/>\n<meta name=\"twitter:card\" content=\"summary_large_image\" \/>\n<script type=\"application\/ld+json\" class=\"yoast-schema-graph\">{\"@context\":\"https:\/\/schema.org\",\"@graph\":[{\"@type\":\"WebPage\",\"@id\":\"https:\/\/www.beyond.ch\/de\/noah-exquis\/\",\"url\":\"https:\/\/www.beyond.ch\/de\/noah-exquis\/\",\"name\":\"Noah Exquis - BeyondStrategy SA\",\"isPartOf\":{\"@id\":\"https:\/\/www.beyond.ch\/de\/#website\"},\"datePublished\":\"2025-02-11T13:57:21+00:00\",\"dateModified\":\"2025-02-18T16:13:37+00:00\",\"breadcrumb\":{\"@id\":\"https:\/\/www.beyond.ch\/de\/noah-exquis\/#breadcrumb\"},\"inLanguage\":\"de-DE\",\"potentialAction\":[{\"@type\":\"ReadAction\",\"target\":[\"https:\/\/www.beyond.ch\/de\/noah-exquis\/\"]}]},{\"@type\":\"BreadcrumbList\",\"@id\":\"https:\/\/www.beyond.ch\/de\/noah-exquis\/#breadcrumb\",\"itemListElement\":[{\"@type\":\"ListItem\",\"position\":1,\"name\":\"Accueil\",\"item\":\"https:\/\/www.beyond.ch\/de\/\"},{\"@type\":\"ListItem\",\"position\":2,\"name\":\"Noah Exquis\"}]},{\"@type\":\"WebSite\",\"@id\":\"https:\/\/www.beyond.ch\/de\/#website\",\"url\":\"https:\/\/www.beyond.ch\/de\/\",\"name\":\"BeyondStrategy SA\",\"description\":\"From risks to performance\",\"publisher\":{\"@id\":\"https:\/\/www.beyond.ch\/de\/#organization\"},\"potentialAction\":[{\"@type\":\"SearchAction\",\"target\":{\"@type\":\"EntryPoint\",\"urlTemplate\":\"https:\/\/www.beyond.ch\/de\/?s={search_term_string}\"},\"query-input\":\"required name=search_term_string\"}],\"inLanguage\":\"de-DE\"},{\"@type\":\"Organization\",\"@id\":\"https:\/\/www.beyond.ch\/de\/#organization\",\"name\":\"BeyondStrategy SA\",\"url\":\"https:\/\/www.beyond.ch\/de\/\",\"sameAs\":[\"https:\/\/www.linkedin.com\/company\/beyondstrategy-consulting\"],\"logo\":{\"@type\":\"ImageObject\",\"inLanguage\":\"de-DE\",\"@id\":\"https:\/\/www.beyond.ch\/de\/#\/schema\/logo\/image\/\",\"url\":\"https:\/\/www.beyondstrategy.ch\/wp-content\/uploads\/2022\/09\/BS_CLAIM_LOGO__BEYOND_LOGO-CMYK.png\",\"contentUrl\":\"https:\/\/www.beyondstrategy.ch\/wp-content\/uploads\/2022\/09\/BS_CLAIM_LOGO__BEYOND_LOGO-CMYK.png\",\"width\":2520,\"height\":1016,\"caption\":\"BeyondStrategy SA\"},\"image\":{\"@id\":\"https:\/\/www.beyond.ch\/de\/#\/schema\/logo\/image\/\"}}]}<\/script>\n<!-- \/ Yoast SEO plugin. -->","yoast_head_json":{"title":"Noah Exquis - BeyondStrategy SA","robots":{"index":"index","follow":"follow","max-snippet":"max-snippet:-1","max-image-preview":"max-image-preview:large","max-video-preview":"max-video-preview:-1"},"canonical":"https:\/\/www.beyond.ch\/de\/noah-exquis\/","og_locale":"de_DE","og_type":"article","og_title":"Noah Exquis - BeyondStrategy SA","og_description":"CSRD Berater und Produktentwicklung Noah J. Exquis Noah Exquis kombiniert Fachwissen in nachhaltigem Management, Finanzwesen und Technologie mit fundierter Erfahrung im ESG-Accounting. Als Absolvent der EPFL, des IMD und der HEC Lausanne spezialisiert er sich auf die Umsetzung der CSRD, die Entwicklung von ESG-Software und die Optimierung der Nachhaltigkeitsberichterstattung f\u00fcr KMU. Sein pragmatischer Ansatz erm\u00f6glicht [&hellip;]","og_url":"https:\/\/www.beyond.ch\/de\/noah-exquis\/","og_site_name":"BeyondStrategy SA","article_modified_time":"2025-02-18T16:13:37+00:00","twitter_card":"summary_large_image","schema":{"@context":"https:\/\/schema.org","@graph":[{"@type":"WebPage","@id":"https:\/\/www.beyond.ch\/de\/noah-exquis\/","url":"https:\/\/www.beyond.ch\/de\/noah-exquis\/","name":"Noah Exquis - BeyondStrategy SA","isPartOf":{"@id":"https:\/\/www.beyond.ch\/de\/#website"},"datePublished":"2025-02-11T13:57:21+00:00","dateModified":"2025-02-18T16:13:37+00:00","breadcrumb":{"@id":"https:\/\/www.beyond.ch\/de\/noah-exquis\/#breadcrumb"},"inLanguage":"de-DE","potentialAction":[{"@type":"ReadAction","target":["https:\/\/www.beyond.ch\/de\/noah-exquis\/"]}]},{"@type":"BreadcrumbList","@id":"https:\/\/www.beyond.ch\/de\/noah-exquis\/#breadcrumb","itemListElement":[{"@type":"ListItem","position":1,"name":"Accueil","item":"https:\/\/www.beyond.ch\/de\/"},{"@type":"ListItem","position":2,"name":"Noah Exquis"}]},{"@type":"WebSite","@id":"https:\/\/www.beyond.ch\/de\/#website","url":"https:\/\/www.beyond.ch\/de\/","name":"BeyondStrategy SA","description":"From risks to performance","publisher":{"@id":"https:\/\/www.beyond.ch\/de\/#organization"},"potentialAction":[{"@type":"SearchAction","target":{"@type":"EntryPoint","urlTemplate":"https:\/\/www.beyond.ch\/de\/?s={search_term_string}"},"query-input":"required name=search_term_string"}],"inLanguage":"de-DE"},{"@type":"Organization","@id":"https:\/\/www.beyond.ch\/de\/#organization","name":"BeyondStrategy SA","url":"https:\/\/www.beyond.ch\/de\/","sameAs":["https:\/\/www.linkedin.com\/company\/beyondstrategy-consulting"],"logo":{"@type":"ImageObject","inLanguage":"de-DE","@id":"https:\/\/www.beyond.ch\/de\/#\/schema\/logo\/image\/","url":"https:\/\/www.beyondstrategy.ch\/wp-content\/uploads\/2022\/09\/BS_CLAIM_LOGO__BEYOND_LOGO-CMYK.png","contentUrl":"https:\/\/www.beyondstrategy.ch\/wp-content\/uploads\/2022\/09\/BS_CLAIM_LOGO__BEYOND_LOGO-CMYK.png","width":2520,"height":1016,"caption":"BeyondStrategy SA"},"image":{"@id":"https:\/\/www.beyond.ch\/de\/#\/schema\/logo\/image\/"}}]}},"_links":{"self":[{"href":"https:\/\/www.beyond.ch\/de\/wp-json\/wp\/v2\/pages\/1077"}],"collection":[{"href":"https:\/\/www.beyond.ch\/de\/wp-json\/wp\/v2\/pages"}],"about":[{"href":"https:\/\/www.beyond.ch\/de\/wp-json\/wp\/v2\/types\/page"}],"author":[{"embeddable":true,"href":"https:\/\/www.beyond.ch\/de\/wp-json\/wp\/v2\/users\/2"}],"replies":[{"embeddable":true,"href":"https:\/\/www.beyond.ch\/de\/wp-json\/wp\/v2\/comments?post=1077"}],"version-history":[{"count":5,"href":"https:\/\/www.beyond.ch\/de\/wp-json\/wp\/v2\/pages\/1077\/revisions"}],"predecessor-version":[{"id":1190,"href":"https:\/\/www.beyond.ch\/de\/wp-json\/wp\/v2\/pages\/1077\/revisions\/1190"}],"wp:attachment":[{"href":"https:\/\/www.beyond.ch\/de\/wp-json\/wp\/v2\/media?parent=1077"}],"curies":[{"name":"wp","href":"https:\/\/api.w.org\/{rel}","templated":true}]}}