{"id":1127,"date":"2025-02-11T17:21:53","date_gmt":"2025-02-11T16:21:53","guid":{"rendered":"https:\/\/www.beyond.ch\/?page_id=1127"},"modified":"2025-02-11T17:48:56","modified_gmt":"2025-02-11T16:48:56","slug":"mit-uns-arbeiten-full-stack-developer","status":"publish","type":"page","link":"https:\/\/www.beyond.ch\/de\/mit-uns-arbeiten-full-stack-developer\/","title":{"rendered":"Full Stack Developer"},"content":{"rendered":"<p>\n    <a href=\"\/mit-uns-arbeiten\/\">Zur\u00fcck<\/a>\n<\/p>\n<h1>\n<h1 data-id=\"page#1-0-0-0\" uk-scrollspy-class=\"\" class=\"uk-scrollspy-inview\">Full Stack Developer \u2013 ESG &amp; Sustainability Software<\/h1>\n<\/h1>\n<h1>\n<h2 data-id=\"page#1-1-0-0\" class=\"\">Responsabilit\u00e9s principales<\/h2>\n<\/h1>\n<div>\n<p>Renforcer et d\u00e9velopper nos activit\u00e9s en mati\u00e8re de CSRD et reporting de durabilit\u00e9, en accompagnant les entreprises dans la mise en conformit\u00e9 avec les exigences r\u00e9glementaires.<\/p>\n<div>Soutien des responsables dans les dossiers suivants :<\/div>\n<ul>\n<li>D\u00e9veloppement Back-End &amp; Front-End : Concevoir, d\u00e9velopper et am\u00e9liorer notre plateforme en utilisant des technologies modernes.<\/li>\n<li>Conception et optimisation de la base de donn\u00e9es : Structurer et g\u00e9rer les donn\u00e9es li\u00e9es au reporting ESG et \u00e0 la CSRD.<\/li>\n<li>D\u00e9veloppement d\u2019interfaces utilisateurs intuitives et performantes : Travailler sur l\u2019UX\/UI pour offrir une exp\u00e9rience fluide aux utilisateurs.<\/li>\n<li>Automatisation et int\u00e9gration des donn\u00e9es : D\u00e9velopper des fonctionnalit\u00e9s permettant aux entreprises de centraliser et d\u2019analyser leurs donn\u00e9es CSRD\/ESG.<\/li>\n<li>Am\u00e9lioration continue : Optimiser la performance, la s\u00e9curit\u00e9 et la scalabilit\u00e9 du logiciel.<\/li>\n<li>Collaboration avec les \u00e9quipes m\u00e9tiers : Travailler en \u00e9troite collaboration avec les experts CSRD pour transformer les exigences r\u00e9glementaires en fonctionnalit\u00e9s logicielles efficaces.<\/li>\n<li>Veille technologique et bonnes pratiques : Suivre les tendances en d\u00e9veloppement logiciel et proposer des am\u00e9liorations.<\/li>\n<\/ul>\n<\/div>\n<hr>\n<h1>\n<h2>Conditions requises<br \/>Vous\u2026<\/h2>\n<\/h1>\n<ul>\n<li>\n<div>\n<p>\u00eates titulaire d\u2019un dipl\u00f4me en informatique, en ing\u00e9nierie logicielle ou dans un domaine \u00e9quivalent.<\/p>\n<\/div>\n<\/li>\n<li>\n<div>\n<p>ma\u00eetrisez les technologies Back-End (Node.js, Python, Ruby on Rails ou autre framework \u00e9quivalent).<\/p>\n<\/div>\n<\/li>\n<li>\n<div>\n<p>d\u00e9veloppez des applications Front-End en React, Vue.js, Angular ou autre framework similaire.<\/p>\n<\/div>\n<\/li>\n<li>\n<div>\n<p>avez une exp\u00e9rience avec les bases de donn\u00e9es (PostgreSQL, MySQL, MongoDB ou autre).<\/p>\n<\/div>\n<\/li>\n<li>\n<div>\n<p>comprenez les API REST et GraphQL et savez les impl\u00e9menter efficacement.<\/p>\n<\/div>\n<\/li>\n<li>\n<div>\n<p>faites preuve d\u2019une forte capacit\u00e9 d\u2019analyse et d\u2019une approche orient\u00e9e solution.<\/p>\n<\/div>\n<\/li>\n<li>\n<div>\n<p>\u00eates curieux et passionn\u00e9 par l\u2019intelligence artificielle et le Machine Learning, avec un int\u00e9r\u00eat pour le NLP, la classification automatique ou les mod\u00e8les pr\u00e9dictifs.<\/p>\n<\/div>\n<\/li>\n<li>\n<div>\n<p>savez travailler en autonomie tout en collaborant avec une \u00e9quipe interdisciplinaire.<\/p>\n<\/div>\n<\/li>\n<li>\n<div>\n<p>avez un int\u00e9r\u00eat pour la durabilit\u00e9 et l\u2019ESG, et souhaitez contribuer \u00e0 des solutions qui transforment la conformit\u00e9 r\u00e9glementaire en opportunit\u00e9 strat\u00e9gique.<\/p>\n<\/div>\n<\/li>\n<\/ul>\n<hr>\n<h1>\n<h2>Conditions<\/h2>\n<\/h1>\n<ul>\n<li>\n<h3>Lieu de travail<\/h3>\n<div>\n<p>Lausanne<\/p>\n<\/div>\n<\/li>\n<li>\n<h3>Date d&#8217;entr\u00e9e<\/h3>\n<div>\n<p>\u00e0 convenir<\/p>\n<\/div>\n<\/li>\n<\/ul>\n<div>\n<p><span>Nous vous offrons un environnement de travail vari\u00e9 et passionnant au sein d\u2019une \u00e9quipe motiv\u00e9e dont les valeurs sont l\u2019\u00e9coute, la responsabilit\u00e9 et l\u2019innovation, ainsi que des conditions avantageuses.<\/span><\/p>\n<\/div>\n<h2><a href=\"#\">Nehmen Sie bitte Kontak auf, um sich auf <span class=\"uk-text-primary\">diese Stelle<\/span> zu bewerben.<\/a><\/h2>\n<p><a href=\"&#x6d;&#97;&#x69;&#x6c;t&#x6f;&#58;I&#x6e;&#102;o&#x40;&#98;&#x65;&#x79;o&#x6e;&#100;s&#x74;&#114;a&#x74;&#101;&#x67;&#x79;&#46;&#x63;&#x68;\"><img src=\"\/wp-content\/uploads\/arrow.svg\" alt=\"\"><\/a><\/p>\n<p><!--more--><br \/>\n<!-- {\"type\":\"layout\",\"children\":[{\"type\":\"section\",\"props\":{\"style\":\"default\",\"width\":\"default\",\"vertical_align\":\"middle\",\"title_position\":\"top-left\",\"title_rotation\":\"left\",\"title_breakpoint\":\"xl\",\"image_position\":\"center-center\"},\"children\":[{\"type\":\"row\",\"children\":[{\"type\":\"column\",\"props\":{\"position_sticky_breakpoint\":\"m\",\"image_position\":\"center-center\",\"media_overlay_gradient\":\"\"},\"children\":[{\"type\":\"button\",\"props\":{\"grid_column_gap\":\"small\",\"grid_row_gap\":\"small\",\"margin\":\"default\"},\"children\":[{\"type\":\"button_item\",\"props\":{\"button_style\":\"primary\",\"icon_align\":\"left\",\"content\":\"Zur\\u00fcck\",\"link\":\"mit-uns-arbeiten\\\/\",\"icon\":\"arrow-left\"}}]}]}]}]},{\"type\":\"section\",\"props\":{\"style\":\"default\",\"width\":\"default\",\"vertical_align\":\"middle\",\"title_position\":\"top-left\",\"title_rotation\":\"left\",\"title_breakpoint\":\"xl\",\"image_position\":\"center-center\"},\"children\":[{\"type\":\"row\",\"children\":[{\"type\":\"column\",\"props\":{\"position_sticky_breakpoint\":\"m\",\"image_position\":\"center-center\",\"media_overlay_gradient\":\"\"},\"children\":[{\"type\":\"headline\",\"props\":{\"title_element\":\"h1\",\"content\":\"\n\n<h1 data-id=\\\"page#1-0-0-0\\\" uk-scrollspy-class=\\\"\\\" class=\\\"uk-scrollspy-inview\\\">Full Stack Developer \\u2013 ESG &amp; Sustainability Software<\\\/h1>\"}},{\"type\":\"headline\",\"props\":{\"title_element\":\"h1\",\"content\":\"\n\n<h2 data-id=\\\"page#1-1-0-0\\\" class=\\\"\\\">Responsabilit\\u00e9s principales<\\\/h2>\"}},{\"type\":\"text\",\"props\":{\"margin\":\"default\",\"column_breakpoint\":\"m\",\"content\":\"\n\n<p>Renforcer et d\\u00e9velopper nos activit\\u00e9s en mati\\u00e8re de CSRD et reporting de durabilit\\u00e9, en accompagnant les entreprises dans la mise en conformit\\u00e9 avec les exigences r\\u00e9glementaires.<\\\/p>\\n\n\n<div>Soutien des responsables dans les dossiers suivants :<\\\/div>\\n\n\n<ul>\\n\n\n<li>D\\u00e9veloppement Back-End &amp; Front-End : Concevoir, d\\u00e9velopper et am\\u00e9liorer notre plateforme en utilisant des technologies modernes.<\\\/li>\\n\n\n<li>Conception et optimisation de la base de donn\\u00e9es : Structurer et g\\u00e9rer les donn\\u00e9es li\\u00e9es au reporting ESG et \\u00e0 la CSRD.<\\\/li>\\n\n\n<li>D\\u00e9veloppement d\\u2019interfaces utilisateurs intuitives et performantes : Travailler sur l\\u2019UX\\\/UI pour offrir une exp\\u00e9rience fluide aux utilisateurs.<\\\/li>\\n\n\n<li>Automatisation et int\\u00e9gration des donn\\u00e9es : D\\u00e9velopper des fonctionnalit\\u00e9s permettant aux entreprises de centraliser et d\\u2019analyser leurs donn\\u00e9es CSRD\\\/ESG.<\\\/li>\\n\n\n<li>Am\\u00e9lioration continue : Optimiser la performance, la s\\u00e9curit\\u00e9 et la scalabilit\\u00e9 du logiciel.<\\\/li>\\n\n\n<li>Collaboration avec les \\u00e9quipes m\\u00e9tiers : Travailler en \\u00e9troite collaboration avec les experts CSRD pour transformer les exigences r\\u00e9glementaires en fonctionnalit\\u00e9s logicielles efficaces.<\\\/li>\\n\n\n<li>Veille technologique et bonnes pratiques : Suivre les tendances en d\\u00e9veloppement logiciel et proposer des am\\u00e9liorations.<\\\/li>\\n<\\\/ul>\"}},{\"type\":\"divider\",\"props\":{\"divider_element\":\"hr\"}},{\"type\":\"headline\",\"props\":{\"title_element\":\"h1\",\"content\":\"\n\n<h2>Conditions requises<br \\\/>Vous\\u2026<\\\/h2>\"}},{\"type\":\"list\",\"props\":{\"show_image\":true,\"show_link\":true,\"list_type\":\"vertical\",\"list_element\":\"ul\",\"list_horizontal_separator\":\", \",\"column_breakpoint\":\"s\",\"image_svg_color\":\"emphasis\",\"image_align\":\"left\",\"image_vertical_align\":true,\"list_marker\":\"bullet\",\"column\":\"1-2\"},\"children\":[{\"type\":\"list_item\",\"props\":{\"content\":\"\n\n<p>\\u00eates titulaire d\\u2019un dipl\\u00f4me en informatique, en ing\\u00e9nierie logicielle ou dans un domaine \\u00e9quivalent.<\\\/p>\"}},{\"type\":\"list_item\",\"props\":{\"content\":\"\n\n<p>ma\\u00eetrisez les technologies Back-End (Node.js, Python, Ruby on Rails ou autre framework \\u00e9quivalent).<\\\/p>\"}},{\"type\":\"list_item\",\"props\":{\"content\":\"\n\n<p>d\\u00e9veloppez des applications Front-End en React, Vue.js, Angular ou autre framework similaire.<\\\/p>\"}},{\"type\":\"list_item\",\"props\":{\"content\":\"\n\n<p>avez une exp\\u00e9rience avec les bases de donn\\u00e9es (PostgreSQL, MySQL, MongoDB ou autre).<\\\/p>\"}},{\"type\":\"list_item\",\"props\":{\"content\":\"\n\n<p>comprenez les API REST et GraphQL et savez les impl\\u00e9menter efficacement.<\\\/p>\"}},{\"type\":\"list_item\",\"props\":{\"content\":\"\n\n<p>faites preuve d\\u2019une forte capacit\\u00e9 d\\u2019analyse et d\\u2019une approche orient\\u00e9e solution.<\\\/p>\"}},{\"type\":\"list_item\",\"props\":{\"content\":\"\n\n<p>\\u00eates curieux et passionn\\u00e9 par l\\u2019intelligence artificielle et le Machine Learning, avec un int\\u00e9r\\u00eat pour le NLP, la classification automatique ou les mod\\u00e8les pr\\u00e9dictifs.<\\\/p>\"}},{\"type\":\"list_item\",\"props\":{\"content\":\"\n\n<p>savez travailler en autonomie tout en collaborant avec une \\u00e9quipe interdisciplinaire.<\\\/p>\"}},{\"type\":\"list_item\",\"props\":{\"content\":\"\n\n<p>avez un int\\u00e9r\\u00eat pour la durabilit\\u00e9 et l\\u2019ESG, et souhaitez contribuer \\u00e0 des solutions qui transforment la conformit\\u00e9 r\\u00e9glementaire en opportunit\\u00e9 strat\\u00e9gique.<\\\/p>\"}}]},{\"type\":\"divider\",\"props\":{\"divider_element\":\"hr\"}},{\"type\":\"headline\",\"props\":{\"title_element\":\"h1\",\"content\":\"\n\n<h2>Conditions<\\\/h2>\"}},{\"type\":\"description_list\",\"props\":{\"show_title\":true,\"show_meta\":true,\"show_content\":true,\"show_link\":true,\"list_element\":\"ul\",\"column_breakpoint\":\"m\",\"layout\":\"grid-2\",\"title_grid_width\":\"auto\",\"title_grid_column_gap\":\"small\",\"title_grid_row_gap\":\"small\",\"title_element\":\"div\",\"meta_style\":\"meta\",\"meta_align\":\"below-content\"},\"children\":[{\"type\":\"description_list_item\",\"props\":{\"title\":\"Lieu de travail\",\"content\":\"\n\n<p>Lausanne<\\\/p>\"}},{\"type\":\"description_list_item\",\"props\":{\"title\":\"Date d'entr\\u00e9e\",\"content\":\"\n\n<p>\\u00e0 convenir<\\\/p>\"}}]},{\"type\":\"text\",\"props\":{\"margin\":\"default\",\"column_breakpoint\":\"m\",\"content\":\"\n\n<p><span>Nous vous offrons un environnement de travail vari\\u00e9 et passionnant au sein d\\u2019une \\u00e9quipe motiv\\u00e9e dont les valeurs sont l\\u2019\\u00e9coute, la responsabilit\\u00e9 et l\\u2019innovation, ainsi que des conditions avantageuses.<\\\/span><\\\/p>\"}}]}]}]},{\"type\":\"section\",\"props\":{\"style\":\"secondary\",\"width\":\"default\",\"vertical_align\":\"middle\",\"title_position\":\"top-left\",\"title_rotation\":\"left\",\"title_breakpoint\":\"xl\",\"image_position\":\"center-center\"},\"children\":[{\"type\":\"row\",\"children\":[{\"type\":\"column\",\"props\":{\"position_sticky_breakpoint\":\"m\",\"image_position\":\"center-center\",\"media_overlay_gradient\":\"\",\"width_medium\":\"3-4\"},\"children\":[{\"type\":\"headline\",\"props\":{\"title_element\":\"h2\",\"title_style\":\"heading-small\",\"content\":\"Nehmen Sie bitte Kontak auf, um sich auf <span class=\\\"uk-text-primary\\\">diese Stelle<\\\/span> zu bewerben.\",\"link\":\"#\"},\"name\":\"CtA avec fl\\u00e8che\"}]},{\"type\":\"column\",\"props\":{\"position_sticky_breakpoint\":\"m\",\"image_position\":\"center-center\",\"media_overlay_gradient\":\"\",\"width_medium\":\"1-4\"},\"children\":[{\"type\":\"image\",\"props\":{\"margin\":\"default\",\"image_svg_color\":\"primary\",\"image\":\"wp-content\\\/uploads\\\/arrow.svg\",\"link\":\"&#x6d;&#x61;&#x69;&#x6c;&#116;&#111;:In&#x66;&#x6f;&#x40;&#x62;&#101;&#121;ond&#x73;&#x74;&#x72;&#x61;&#116;&#101;&#103;y&#46;&#x63;&#x68;\",\"image_svg_inline\":true}}]}],\"props\":{\"layout\":\"3-4,1-4\"}}]},{\"type\":\"section\",\"props\":{\"style\":\"default\",\"width\":\"default\",\"vertical_align\":\"middle\",\"title_position\":\"top-left\",\"title_rotation\":\"left\",\"title_breakpoint\":\"xl\",\"image_position\":\"center-center\"},\"children\":[{\"type\":\"row\",\"children\":[{\"type\":\"column\",\"props\":{\"position_sticky_breakpoint\":\"m\",\"image_position\":\"center-center\",\"media_overlay_gradient\":\"\"},\"children\":[]}]}]}],\"version\":\"2.7.22\"} --><\/p>\n","protected":false},"excerpt":{"rendered":"<p>Zur\u00fcck Full Stack Developer \u2013 ESG &amp; Sustainability Software Responsabilit\u00e9s principales Renforcer et d\u00e9velopper nos activit\u00e9s en mati\u00e8re de CSRD et reporting de durabilit\u00e9, en accompagnant les entreprises dans la mise en conformit\u00e9 avec les exigences r\u00e9glementaires. Soutien des responsables dans les dossiers suivants : D\u00e9veloppement Back-End &amp; Front-End : Concevoir, d\u00e9velopper et am\u00e9liorer notre [&hellip;]<\/p>\n","protected":false},"author":2,"featured_media":0,"parent":0,"menu_order":0,"comment_status":"closed","ping_status":"closed","template":"","meta":[],"yoast_head":"<!-- This site is optimized with the Yoast SEO plugin v19.6 - https:\/\/yoast.com\/wordpress\/plugins\/seo\/ -->\n<title>Full Stack Developer - BeyondStrategy SA<\/title>\n<meta name=\"robots\" content=\"index, follow, max-snippet:-1, max-image-preview:large, max-video-preview:-1\" \/>\n<link rel=\"canonical\" href=\"https:\/\/www.beyond.ch\/de\/mit-uns-arbeiten-full-stack-developer\/\" \/>\n<meta property=\"og:locale\" content=\"de_DE\" \/>\n<meta property=\"og:type\" content=\"article\" \/>\n<meta property=\"og:title\" content=\"Full Stack Developer - BeyondStrategy SA\" \/>\n<meta property=\"og:description\" content=\"Zur\u00fcck Full Stack Developer \u2013 ESG &amp; Sustainability Software Responsabilit\u00e9s principales Renforcer et d\u00e9velopper nos activit\u00e9s en mati\u00e8re de CSRD et reporting de durabilit\u00e9, en accompagnant les entreprises dans la mise en conformit\u00e9 avec les exigences r\u00e9glementaires. Soutien des responsables dans les dossiers suivants : D\u00e9veloppement Back-End &amp; Front-End : Concevoir, d\u00e9velopper et am\u00e9liorer notre [&hellip;]\" \/>\n<meta property=\"og:url\" content=\"https:\/\/www.beyond.ch\/de\/mit-uns-arbeiten-full-stack-developer\/\" \/>\n<meta property=\"og:site_name\" content=\"BeyondStrategy SA\" \/>\n<meta property=\"article:modified_time\" content=\"2025-02-11T16:48:56+00:00\" \/>\n<meta name=\"twitter:card\" content=\"summary_large_image\" \/>\n<script type=\"application\/ld+json\" class=\"yoast-schema-graph\">{\"@context\":\"https:\/\/schema.org\",\"@graph\":[{\"@type\":\"WebPage\",\"@id\":\"https:\/\/www.beyond.ch\/de\/mit-uns-arbeiten-full-stack-developer\/\",\"url\":\"https:\/\/www.beyond.ch\/de\/mit-uns-arbeiten-full-stack-developer\/\",\"name\":\"Full Stack Developer - BeyondStrategy SA\",\"isPartOf\":{\"@id\":\"http:\/\/www.beyond.ch\/de\/#website\"},\"datePublished\":\"2025-02-11T16:21:53+00:00\",\"dateModified\":\"2025-02-11T16:48:56+00:00\",\"breadcrumb\":{\"@id\":\"https:\/\/www.beyond.ch\/de\/mit-uns-arbeiten-full-stack-developer\/#breadcrumb\"},\"inLanguage\":\"de-DE\",\"potentialAction\":[{\"@type\":\"ReadAction\",\"target\":[\"https:\/\/www.beyond.ch\/de\/mit-uns-arbeiten-full-stack-developer\/\"]}]},{\"@type\":\"BreadcrumbList\",\"@id\":\"https:\/\/www.beyond.ch\/de\/mit-uns-arbeiten-full-stack-developer\/#breadcrumb\",\"itemListElement\":[{\"@type\":\"ListItem\",\"position\":1,\"name\":\"Accueil\",\"item\":\"https:\/\/www.beyond.ch\/de\/\"},{\"@type\":\"ListItem\",\"position\":2,\"name\":\"Full Stack Developer\"}]},{\"@type\":\"WebSite\",\"@id\":\"http:\/\/www.beyond.ch\/de\/#website\",\"url\":\"http:\/\/www.beyond.ch\/de\/\",\"name\":\"BeyondStrategy SA\",\"description\":\"From risks to performance\",\"publisher\":{\"@id\":\"http:\/\/www.beyond.ch\/de\/#organization\"},\"potentialAction\":[{\"@type\":\"SearchAction\",\"target\":{\"@type\":\"EntryPoint\",\"urlTemplate\":\"http:\/\/www.beyond.ch\/de\/?s={search_term_string}\"},\"query-input\":\"required name=search_term_string\"}],\"inLanguage\":\"de-DE\"},{\"@type\":\"Organization\",\"@id\":\"http:\/\/www.beyond.ch\/de\/#organization\",\"name\":\"BeyondStrategy SA\",\"url\":\"http:\/\/www.beyond.ch\/de\/\",\"sameAs\":[\"https:\/\/www.linkedin.com\/company\/beyondstrategy-consulting\"],\"logo\":{\"@type\":\"ImageObject\",\"inLanguage\":\"de-DE\",\"@id\":\"http:\/\/www.beyond.ch\/de\/#\/schema\/logo\/image\/\",\"url\":\"https:\/\/www.beyondstrategy.ch\/wp-content\/uploads\/2022\/09\/BS_CLAIM_LOGO__BEYOND_LOGO-CMYK.png\",\"contentUrl\":\"https:\/\/www.beyondstrategy.ch\/wp-content\/uploads\/2022\/09\/BS_CLAIM_LOGO__BEYOND_LOGO-CMYK.png\",\"width\":2520,\"height\":1016,\"caption\":\"BeyondStrategy SA\"},\"image\":{\"@id\":\"http:\/\/www.beyond.ch\/de\/#\/schema\/logo\/image\/\"}}]}<\/script>\n<!-- \/ Yoast SEO plugin. -->","yoast_head_json":{"title":"Full Stack Developer - BeyondStrategy SA","robots":{"index":"index","follow":"follow","max-snippet":"max-snippet:-1","max-image-preview":"max-image-preview:large","max-video-preview":"max-video-preview:-1"},"canonical":"https:\/\/www.beyond.ch\/de\/mit-uns-arbeiten-full-stack-developer\/","og_locale":"de_DE","og_type":"article","og_title":"Full Stack Developer - BeyondStrategy SA","og_description":"Zur\u00fcck Full Stack Developer \u2013 ESG &amp; Sustainability Software Responsabilit\u00e9s principales Renforcer et d\u00e9velopper nos activit\u00e9s en mati\u00e8re de CSRD et reporting de durabilit\u00e9, en accompagnant les entreprises dans la mise en conformit\u00e9 avec les exigences r\u00e9glementaires. Soutien des responsables dans les dossiers suivants : D\u00e9veloppement Back-End &amp; Front-End : Concevoir, d\u00e9velopper et am\u00e9liorer notre [&hellip;]","og_url":"https:\/\/www.beyond.ch\/de\/mit-uns-arbeiten-full-stack-developer\/","og_site_name":"BeyondStrategy SA","article_modified_time":"2025-02-11T16:48:56+00:00","twitter_card":"summary_large_image","schema":{"@context":"https:\/\/schema.org","@graph":[{"@type":"WebPage","@id":"https:\/\/www.beyond.ch\/de\/mit-uns-arbeiten-full-stack-developer\/","url":"https:\/\/www.beyond.ch\/de\/mit-uns-arbeiten-full-stack-developer\/","name":"Full Stack Developer - BeyondStrategy SA","isPartOf":{"@id":"http:\/\/www.beyond.ch\/de\/#website"},"datePublished":"2025-02-11T16:21:53+00:00","dateModified":"2025-02-11T16:48:56+00:00","breadcrumb":{"@id":"https:\/\/www.beyond.ch\/de\/mit-uns-arbeiten-full-stack-developer\/#breadcrumb"},"inLanguage":"de-DE","potentialAction":[{"@type":"ReadAction","target":["https:\/\/www.beyond.ch\/de\/mit-uns-arbeiten-full-stack-developer\/"]}]},{"@type":"BreadcrumbList","@id":"https:\/\/www.beyond.ch\/de\/mit-uns-arbeiten-full-stack-developer\/#breadcrumb","itemListElement":[{"@type":"ListItem","position":1,"name":"Accueil","item":"https:\/\/www.beyond.ch\/de\/"},{"@type":"ListItem","position":2,"name":"Full Stack Developer"}]},{"@type":"WebSite","@id":"http:\/\/www.beyond.ch\/de\/#website","url":"http:\/\/www.beyond.ch\/de\/","name":"BeyondStrategy SA","description":"From risks to performance","publisher":{"@id":"http:\/\/www.beyond.ch\/de\/#organization"},"potentialAction":[{"@type":"SearchAction","target":{"@type":"EntryPoint","urlTemplate":"http:\/\/www.beyond.ch\/de\/?s={search_term_string}"},"query-input":"required name=search_term_string"}],"inLanguage":"de-DE"},{"@type":"Organization","@id":"http:\/\/www.beyond.ch\/de\/#organization","name":"BeyondStrategy SA","url":"http:\/\/www.beyond.ch\/de\/","sameAs":["https:\/\/www.linkedin.com\/company\/beyondstrategy-consulting"],"logo":{"@type":"ImageObject","inLanguage":"de-DE","@id":"http:\/\/www.beyond.ch\/de\/#\/schema\/logo\/image\/","url":"https:\/\/www.beyondstrategy.ch\/wp-content\/uploads\/2022\/09\/BS_CLAIM_LOGO__BEYOND_LOGO-CMYK.png","contentUrl":"https:\/\/www.beyondstrategy.ch\/wp-content\/uploads\/2022\/09\/BS_CLAIM_LOGO__BEYOND_LOGO-CMYK.png","width":2520,"height":1016,"caption":"BeyondStrategy SA"},"image":{"@id":"http:\/\/www.beyond.ch\/de\/#\/schema\/logo\/image\/"}}]}},"_links":{"self":[{"href":"https:\/\/www.beyond.ch\/de\/wp-json\/wp\/v2\/pages\/1127"}],"collection":[{"href":"https:\/\/www.beyond.ch\/de\/wp-json\/wp\/v2\/pages"}],"about":[{"href":"https:\/\/www.beyond.ch\/de\/wp-json\/wp\/v2\/types\/page"}],"author":[{"embeddable":true,"href":"https:\/\/www.beyond.ch\/de\/wp-json\/wp\/v2\/users\/2"}],"replies":[{"embeddable":true,"href":"https:\/\/www.beyond.ch\/de\/wp-json\/wp\/v2\/comments?post=1127"}],"version-history":[{"count":11,"href":"https:\/\/www.beyond.ch\/de\/wp-json\/wp\/v2\/pages\/1127\/revisions"}],"predecessor-version":[{"id":1140,"href":"https:\/\/www.beyond.ch\/de\/wp-json\/wp\/v2\/pages\/1127\/revisions\/1140"}],"wp:attachment":[{"href":"https:\/\/www.beyond.ch\/de\/wp-json\/wp\/v2\/media?parent=1127"}],"curies":[{"name":"wp","href":"https:\/\/api.w.org\/{rel}","templated":true}]}}