{"id":121,"date":"2022-07-06T11:03:48","date_gmt":"2022-07-06T09:03:48","guid":{"rendered":"https:\/\/beyonddev.affinities.ch\/?page_id=121"},"modified":"2025-02-12T09:35:19","modified_gmt":"2025-02-12T08:35:19","slug":"dienstleistungen","status":"publish","type":"page","link":"https:\/\/www.beyond.ch\/de\/dienstleistungen\/","title":{"rendered":"Dienstleistungen"},"content":{"rendered":"<div>\n<div>Beratungs-<\/br>bereiche<span class=\"uk-text-primary\">. <\/span><\/div>\n<\/div>\n<div>\n<h2>Risikomanagement<\/h2>\n<p>01<\/p>\n<div>\n<p>Im Bereich Risikomanagement und Strategie sowie in Forschung und Datenanalyse untersuchen wir nicht nur die Struktur, die Prozesse, die Systeme und Produkte Ihres Unternehmens oder Ihrer Organisation, sondern auch Ihre Dienstleistungen, Ihre Kunden- und Stakeholder-Beziehungen.<\/p>\n<\/div>\n<p><a href=\"\/de\/diensteleistungen\/risikomanagement\/\">Mehr lesen<\/a><\/p>\n<\/div>\n<div>\n<h2>Resilienz<\/h2>\n<p>02<\/p>\n<div>\n<p>Gemeinsam mit Ihren Teams arbeiten wir daran, Ausfallzeiten und negative Auswirkungen eines Vorfalls besonders im Fall von Cyberrisiken zu verringern. Als Experten f\u00fcr Risiken, die nicht durch Versicherungsl\u00f6sungen gemildert werden k\u00f6nnen, analysieren wir Ihre Systeme und legen mit Ihnen fest, was f\u00fcr Ihre Organisation \u00fcberlebenswichtig ist.<\/p>\n<\/div>\n<p><a href=\"\/diensteleistungen\/resilienz\/\">Mehr lesen<\/a><\/p>\n<\/div>\n<div>\n<h2>Strategie<\/h2>\n<p>03<\/p>\n<div>Damit Sie in Ihrem Unternehmen oder Ihrer Organisation eine h\u00f6here Leistung erzielen k\u00f6nnen, beraten wir Sie auch hinsichtlich der Strategie. Unser Vorgehen besteht darin, Ihre Strategie mit Ihrem Risikoprofil zu konfrontieren.<\/div>\n<p><a href=\"\/diensteleistungen\/strategie\/\">Mehr lesen<\/a><\/p>\n<\/div>\n<div>\n<h2>Nachhaltigkeitsbericht<\/h2>\n<p>04<\/p>\n<div>\n<p>Mit Beyond CSRD begleiten wir Sie weit \u00fcber die blo\u00dfe regulatorische Compliance hinaus, um die Corporate Sustainability Reporting Directive (CSRD) in einen echten Transformationshebel zu verwandeln. Von der Doppelten Wesentlichkeitsanalyse (DMA) \u00fcber die Automatisierung der Berichterstattung mit unserer Beyond-CSRD-Software bis hin zur Begleitung durch Experten und interaktiven Workshops helfen wir Ihnen, Ihre Nachhaltigkeitsstrategie zu strukturieren und zu optimieren.<\/p>\n<\/div>\n<p><a href=\"\/diensteleistungen\/nachhaltigkeit\/\">Mehr lesen<\/a><\/p>\n<\/div>\n<div><a href=\"\/de\/team\/\">Fragen Sie unsere Experten<\/a><\/div>\n<p><a href=\"\/kontakt\/\"><img src=\"\/wp-content\/uploads\/arrow.svg\" alt=\"\"><\/a><\/p>\n<p><!--more--><br \/>\n<!-- {\"type\":\"layout\",\"children\":[{\"name\":\"Banner\",\"type\":\"section\",\"props\":{\"style\":\"secondary\",\"width\":\"\",\"vertical_align\":\"middle\",\"title_position\":\"top-left\",\"title_rotation\":\"left\",\"title_breakpoint\":\"xl\",\"image_position\":\"center-center\",\"padding\":\"none\",\"padding_remove_top\":false,\"animation\":\"slide-left-small\",\"animation_delay\":\"200\"},\"children\":[{\"name\":\"\",\"type\":\"row\",\"props\":{\"layout\":\"1-2,1-2\",\"vertical_align\":false,\"column_gap\":\"large\",\"row_gap\":\"large\"},\"children\":[{\"name\":\"\",\"type\":\"column\",\"props\":{\"image_position\":\"center-center\",\"image\":\"wp-content\\\/uploads\\\/2022\\\/07\\\/BANNER_007.jpg\",\"image_size\":\"cover\",\"css\":\".el-column {\\n\\tmin-height: 500px;\\n}\",\"media_overlay_gradient\":\"\",\"width_medium\":\"1-2\",\"position_sticky_breakpoint\":\"m\"}},{\"name\":\"\",\"type\":\"column\",\"props\":{\"image_position\":\"center-center\",\"style\":\"secondary\",\"padding\":\"xlarge\",\"media_overlay_gradient\":\"\",\"width_medium\":\"1-2\",\"position_sticky_breakpoint\":\"m\"},\"children\":[{\"name\":\"\",\"type\":\"headline\",\"props\":{\"title_element\":\"h1\",\"content\":\"\",\"title_style\":\"h6\",\"title_color\":\"primary\",\"maxwidth\":\"xlarge\",\"maxwidth_breakpoint\":\"l\",\"block_align\":\"center\",\"status\":\"\"}},{\"name\":\"\",\"type\":\"headline\",\"props\":{\"title_element\":\"div\",\"content\":\"\n\n<div>Beratungs-<\\\/br>bereiche<span class=\\\"uk-text-primary\\\">. <\\\/span><\\\/div>\",\"margin_remove_top\":false,\"maxwidth\":\"xlarge\",\"maxwidth_breakpoint\":\"l\",\"text_align_breakpoint\":\"m\",\"text_align_fallback\":\"center\",\"margin\":\"medium\",\"block_align\":\"center\",\"title_style\":\"heading-xlarge\"}},{\"name\":\"\",\"type\":\"text\",\"props\":{\"margin\":\"\",\"column_breakpoint\":\"xl\",\"content\":\"\",\"maxwidth\":\"xlarge\",\"maxwidth_breakpoint\":\"l\",\"margin_remove_top\":false,\"block_align\":\"center\"}}]}]}]},{\"type\":\"section\",\"props\":{\"style\":\"default\",\"width\":\"default\",\"vertical_align\":\"middle\",\"title_position\":\"top-left\",\"title_rotation\":\"left\",\"title_breakpoint\":\"xl\",\"image_position\":\"center-center\",\"animation\":\"fade\"},\"children\":[{\"type\":\"row\",\"props\":{\"layout\":\"1-2,1-2\",\"match\":true},\"children\":[{\"type\":\"column\",\"props\":{\"position_sticky_breakpoint\":\"m\",\"image_position\":\"center-center\",\"media_overlay_gradient\":\"\",\"width_medium\":\"1-2\"},\"children\":[{\"type\":\"panel\",\"props\":{\"link_text\":\"Mehr lesen\",\"title_hover_style\":\"reset\",\"title_element\":\"h2\",\"title_align\":\"top\",\"title_grid_width\":\"1-2\",\"meta_style\":\"heading-large\",\"meta_align\":\"above-title\",\"image_align\":\"top\",\"image_grid_width\":\"1-2\",\"image_svg_color\":\"emphasis\",\"link_style\":\"text\",\"margin\":\"default\",\"title_style\":\"h4\",\"meta_color\":\"primary\",\"content_margin\":\"medium\",\"link_margin\":\"large\",\"maxwidth\":\"large\",\"meta\":\"01\",\"title\":\"Risikomanagement\",\"content\":\"\n\n<p>Im Bereich Risikomanagement und Strategie sowie in Forschung und Datenanalyse untersuchen wir nicht nur die Struktur, die Prozesse, die Systeme und Produkte Ihres Unternehmens oder Ihrer Organisation, sondern auch Ihre Dienstleistungen, Ihre Kunden- und Stakeholder-Beziehungen.<\\\/p>\",\"link\":\"de\\\/diensteleistungen\\\/risikomanagement\\\/\",\"parallax_breakpoint\":\"m\",\"title_grid_breakpoint\":\"m\",\"image_grid_breakpoint\":\"m\",\"icon_width\":80,\"panel_padding\":\"default\",\"panel_card_size\":\"\",\"meta_element\":\"div\",\"content_column_breakpoint\":\"m\",\"panel_style\":\"card-secondary\",\"animation\":\"parallax\",\"parallax_y_start\":\"50\"},\"name\":\"Panel\"}]},{\"type\":\"column\",\"props\":{\"position_sticky_breakpoint\":\"m\",\"image_position\":\"center-center\",\"media_overlay_gradient\":\"\",\"width_medium\":\"1-2\"},\"children\":[{\"type\":\"panel\",\"props\":{\"link_text\":\"Mehr lesen\",\"title_hover_style\":\"reset\",\"title_element\":\"h2\",\"title_align\":\"top\",\"title_grid_width\":\"1-2\",\"meta_style\":\"heading-large\",\"meta_align\":\"above-title\",\"image_align\":\"top\",\"image_grid_width\":\"1-2\",\"image_svg_color\":\"emphasis\",\"link_style\":\"text\",\"margin\":\"default\",\"title_style\":\"h4\",\"meta_color\":\"primary\",\"content_margin\":\"medium\",\"link_margin\":\"large\",\"maxwidth\":\"large\",\"meta\":\"02\",\"title\":\"Resilienz\",\"content\":\"\n\n<p>Gemeinsam mit Ihren Teams arbeiten wir daran, Ausfallzeiten und negative Auswirkungen eines Vorfalls besonders im Fall von Cyberrisiken zu verringern. Als Experten f\\u00fcr Risiken, die nicht durch Versicherungsl\\u00f6sungen gemildert werden k\\u00f6nnen, analysieren wir Ihre Systeme und legen mit Ihnen fest, was f\\u00fcr Ihre Organisation \\u00fcberlebenswichtig ist.<\\\/p>\",\"link\":\"diensteleistungen\\\/resilienz\\\/\",\"parallax_breakpoint\":\"m\",\"title_grid_breakpoint\":\"m\",\"image_grid_breakpoint\":\"m\",\"icon_width\":80,\"panel_padding\":\"default\",\"panel_card_size\":\"\",\"meta_element\":\"div\",\"content_column_breakpoint\":\"m\",\"panel_style\":\"card-secondary\",\"animation\":\"parallax\",\"parallax_y_start\":\"200\"},\"name\":\"Panel\"}]}]},{\"type\":\"row\",\"props\":{\"layout\":\"1-2,1-2\",\"match\":true},\"children\":[{\"type\":\"column\",\"props\":{\"position_sticky_breakpoint\":\"m\",\"image_position\":\"center-center\",\"media_overlay_gradient\":\"\",\"width_medium\":\"1-2\"},\"children\":[{\"type\":\"panel\",\"props\":{\"link_text\":\"Mehr lesen\",\"title_hover_style\":\"reset\",\"title_element\":\"h2\",\"title_align\":\"top\",\"title_grid_width\":\"1-2\",\"meta_style\":\"heading-large\",\"meta_align\":\"above-title\",\"image_align\":\"top\",\"image_grid_width\":\"1-2\",\"image_svg_color\":\"emphasis\",\"link_style\":\"text\",\"margin\":\"default\",\"title_style\":\"h4\",\"meta_color\":\"primary\",\"content_margin\":\"medium\",\"link_margin\":\"large\",\"maxwidth\":\"large\",\"meta\":\"03\",\"title\":\"Strategie\",\"content\":\"Damit Sie in Ihrem Unternehmen oder Ihrer Organisation eine h\\u00f6here Leistung erzielen k\\u00f6nnen, beraten wir Sie auch hinsichtlich der Strategie. Unser Vorgehen besteht darin, Ihre Strategie mit Ihrem Risikoprofil zu konfrontieren.\",\"link\":\"diensteleistungen\\\/strategie\\\/\",\"parallax_breakpoint\":\"m\",\"title_grid_breakpoint\":\"m\",\"image_grid_breakpoint\":\"m\",\"icon_width\":80,\"panel_padding\":\"default\",\"panel_card_size\":\"\",\"meta_element\":\"div\",\"content_column_breakpoint\":\"m\",\"panel_style\":\"card-secondary\",\"animation\":\"parallax\",\"parallax_y_start\":\"50\"},\"name\":\"Panel\"}]},{\"type\":\"column\",\"props\":{\"position_sticky_breakpoint\":\"m\",\"image_position\":\"center-center\",\"media_overlay_gradient\":\"\",\"width_medium\":\"1-2\"},\"children\":[{\"type\":\"panel\",\"props\":{\"link_text\":\"Mehr lesen\",\"title_hover_style\":\"reset\",\"title_element\":\"h2\",\"title_align\":\"top\",\"title_grid_width\":\"1-2\",\"meta_style\":\"heading-large\",\"meta_align\":\"above-title\",\"image_align\":\"top\",\"image_grid_width\":\"1-2\",\"image_svg_color\":\"emphasis\",\"link_style\":\"text\",\"margin\":\"default\",\"title_style\":\"h4\",\"meta_color\":\"primary\",\"content_margin\":\"medium\",\"link_margin\":\"large\",\"maxwidth\":\"large\",\"meta\":\"04\",\"title\":\"Nachhaltigkeitsbericht\",\"content\":\"\n\n<p>Mit Beyond CSRD begleiten wir Sie weit \\u00fcber die blo\\u00dfe regulatorische Compliance hinaus, um die Corporate Sustainability Reporting Directive (CSRD) in einen echten Transformationshebel zu verwandeln. Von der Doppelten Wesentlichkeitsanalyse (DMA) \\u00fcber die Automatisierung der Berichterstattung mit unserer Beyond-CSRD-Software bis hin zur Begleitung durch Experten und interaktiven Workshops helfen wir Ihnen, Ihre Nachhaltigkeitsstrategie zu strukturieren und zu optimieren.<\\\/p>\",\"link\":\"diensteleistungen\\\/nachhaltigkeit\\\/\",\"parallax_breakpoint\":\"m\",\"title_grid_breakpoint\":\"m\",\"image_grid_breakpoint\":\"m\",\"icon_width\":80,\"panel_padding\":\"default\",\"panel_card_size\":\"\",\"meta_element\":\"div\",\"content_column_breakpoint\":\"m\",\"panel_style\":\"card-secondary\",\"animation\":\"parallax\",\"parallax_y_start\":\"200\"},\"name\":\"Panel\"}]}]}],\"name\":\"Services listes\"},{\"type\":\"section\",\"props\":{\"style\":\"default\",\"width\":\"default\",\"vertical_align\":\"middle\",\"title_position\":\"top-left\",\"title_rotation\":\"left\",\"title_breakpoint\":\"xl\",\"image_position\":\"center-center\"},\"children\":[{\"type\":\"row\",\"children\":[{\"type\":\"column\",\"props\":{\"position_sticky_breakpoint\":\"m\",\"image_position\":\"center-center\",\"media_overlay_gradient\":\"\"},\"children\":[]}]}]},{\"type\":\"section\",\"props\":{\"style\":\"default\",\"width\":\"default\",\"vertical_align\":\"middle\",\"title_position\":\"top-left\",\"title_rotation\":\"left\",\"title_breakpoint\":\"xl\",\"image_position\":\"center-center\",\"preserve_color\":false,\"overlap\":false,\"padding\":\"xlarge\",\"padding_remove_top\":true,\"width_expand\":\"right\"},\"children\":[{\"type\":\"row\",\"props\":{\"layout\":\"4-5,1-5\"},\"children\":[{\"type\":\"column\",\"props\":{\"position_sticky_breakpoint\":\"m\",\"image_position\":\"center-center\",\"media_overlay_gradient\":\"\",\"width_medium\":\"\",\"vertical_align\":\"middle\",\"width_large\":\"\",\"width_default\":\"4-5\",\"width_small\":\"\"},\"children\":[{\"type\":\"headline\",\"props\":{\"title_element\":\"div\",\"content\":\"Fragen Sie unsere Experten\",\"title_style\":\"h1\",\"attributes\":\"\",\"text_align\":\"right\",\"link\":\"de\\\/team\\\/\",\"class\":\"calltoaction\"}}]},{\"type\":\"column\",\"props\":{\"position_sticky_breakpoint\":\"m\",\"image_position\":\"center-center\",\"media_overlay_gradient\":\"\",\"width_medium\":\"\",\"vertical_align\":\"middle\",\"width_large\":\"\",\"width_default\":\"1-5\",\"width_small\":\"\"},\"children\":[{\"type\":\"image\",\"props\":{\"margin\":\"default\",\"image_svg_color\":\"primary\",\"image\":\"wp-content\\\/uploads\\\/arrow.svg\",\"image_svg_inline\":true,\"text_align\":\"left\",\"container_padding_remove\":false,\"link\":\"kontakt\\\/\"}}]}]}],\"name\":\"New Call To Action Responsive\"},{\"type\":\"section\",\"props\":{\"style\":\"default\",\"width\":\"default\",\"vertical_align\":\"middle\",\"title_position\":\"top-left\",\"title_rotation\":\"left\",\"title_breakpoint\":\"xl\",\"image_position\":\"center-center\"},\"children\":[{\"type\":\"row\",\"children\":[{\"type\":\"column\",\"props\":{\"position_sticky_breakpoint\":\"m\",\"image_position\":\"center-center\",\"media_overlay_gradient\":\"\"},\"children\":[]}]}]}],\"version\":\"2.7.22\"} --><\/p>\n","protected":false},"excerpt":{"rendered":"<p>Beratungs-bereiche. Risikomanagement 01 Im Bereich Risikomanagement und Strategie sowie in Forschung und Datenanalyse untersuchen wir nicht nur die Struktur, die Prozesse, die Systeme und Produkte Ihres Unternehmens oder Ihrer Organisation, sondern auch Ihre Dienstleistungen, Ihre Kunden- und Stakeholder-Beziehungen. Mehr lesen Resilienz 02 Gemeinsam mit Ihren Teams arbeiten wir daran, Ausfallzeiten und negative Auswirkungen eines Vorfalls [&hellip;]<\/p>\n","protected":false},"author":1,"featured_media":0,"parent":0,"menu_order":0,"comment_status":"closed","ping_status":"closed","template":"","meta":[],"yoast_head":"<!-- This site is optimized with the Yoast SEO plugin v19.6 - https:\/\/yoast.com\/wordpress\/plugins\/seo\/ -->\n<title>Dienstleistungen - BeyondStrategy SA<\/title>\n<meta name=\"robots\" content=\"index, follow, max-snippet:-1, max-image-preview:large, max-video-preview:-1\" \/>\n<link rel=\"canonical\" href=\"https:\/\/www.beyond.ch\/de\/dienstleistungen\/\" \/>\n<meta property=\"og:locale\" content=\"de_DE\" \/>\n<meta property=\"og:type\" content=\"article\" \/>\n<meta property=\"og:title\" content=\"Dienstleistungen - BeyondStrategy SA\" \/>\n<meta property=\"og:description\" content=\"Beratungs-bereiche. Risikomanagement 01 Im Bereich Risikomanagement und Strategie sowie in Forschung und Datenanalyse untersuchen wir nicht nur die Struktur, die Prozesse, die Systeme und Produkte Ihres Unternehmens oder Ihrer Organisation, sondern auch Ihre Dienstleistungen, Ihre Kunden- und Stakeholder-Beziehungen. Mehr lesen Resilienz 02 Gemeinsam mit Ihren Teams arbeiten wir daran, Ausfallzeiten und negative Auswirkungen eines Vorfalls [&hellip;]\" \/>\n<meta property=\"og:url\" content=\"https:\/\/www.beyond.ch\/de\/dienstleistungen\/\" \/>\n<meta property=\"og:site_name\" content=\"BeyondStrategy SA\" \/>\n<meta property=\"article:modified_time\" content=\"2025-02-12T08:35:19+00:00\" \/>\n<meta name=\"twitter:card\" content=\"summary_large_image\" \/>\n<meta name=\"twitter:label1\" content=\"Gesch\u00e4tzte Lesezeit\" \/>\n\t<meta name=\"twitter:data1\" content=\"1 Minute\" \/>\n<script type=\"application\/ld+json\" class=\"yoast-schema-graph\">{\"@context\":\"https:\/\/schema.org\",\"@graph\":[{\"@type\":\"WebPage\",\"@id\":\"https:\/\/www.beyond.ch\/de\/dienstleistungen\/\",\"url\":\"https:\/\/www.beyond.ch\/de\/dienstleistungen\/\",\"name\":\"Dienstleistungen - BeyondStrategy SA\",\"isPartOf\":{\"@id\":\"https:\/\/www.beyond.ch\/de\/#website\"},\"datePublished\":\"2022-07-06T09:03:48+00:00\",\"dateModified\":\"2025-02-12T08:35:19+00:00\",\"breadcrumb\":{\"@id\":\"https:\/\/www.beyond.ch\/de\/dienstleistungen\/#breadcrumb\"},\"inLanguage\":\"de-DE\",\"potentialAction\":[{\"@type\":\"ReadAction\",\"target\":[\"https:\/\/www.beyond.ch\/de\/dienstleistungen\/\"]}]},{\"@type\":\"BreadcrumbList\",\"@id\":\"https:\/\/www.beyond.ch\/de\/dienstleistungen\/#breadcrumb\",\"itemListElement\":[{\"@type\":\"ListItem\",\"position\":1,\"name\":\"Accueil\",\"item\":\"https:\/\/www.beyond.ch\/de\/\"},{\"@type\":\"ListItem\",\"position\":2,\"name\":\"Dienstleistungen\"}]},{\"@type\":\"WebSite\",\"@id\":\"https:\/\/www.beyond.ch\/de\/#website\",\"url\":\"https:\/\/www.beyond.ch\/de\/\",\"name\":\"BeyondStrategy SA\",\"description\":\"From risks to performance\",\"publisher\":{\"@id\":\"https:\/\/www.beyond.ch\/de\/#organization\"},\"potentialAction\":[{\"@type\":\"SearchAction\",\"target\":{\"@type\":\"EntryPoint\",\"urlTemplate\":\"https:\/\/www.beyond.ch\/de\/?s={search_term_string}\"},\"query-input\":\"required name=search_term_string\"}],\"inLanguage\":\"de-DE\"},{\"@type\":\"Organization\",\"@id\":\"https:\/\/www.beyond.ch\/de\/#organization\",\"name\":\"BeyondStrategy SA\",\"url\":\"https:\/\/www.beyond.ch\/de\/\",\"sameAs\":[\"https:\/\/www.linkedin.com\/company\/beyondstrategy-consulting\"],\"logo\":{\"@type\":\"ImageObject\",\"inLanguage\":\"de-DE\",\"@id\":\"https:\/\/www.beyond.ch\/de\/#\/schema\/logo\/image\/\",\"url\":\"https:\/\/www.beyondstrategy.ch\/wp-content\/uploads\/2022\/09\/BS_CLAIM_LOGO__BEYOND_LOGO-CMYK.png\",\"contentUrl\":\"https:\/\/www.beyondstrategy.ch\/wp-content\/uploads\/2022\/09\/BS_CLAIM_LOGO__BEYOND_LOGO-CMYK.png\",\"width\":2520,\"height\":1016,\"caption\":\"BeyondStrategy SA\"},\"image\":{\"@id\":\"https:\/\/www.beyond.ch\/de\/#\/schema\/logo\/image\/\"}}]}<\/script>\n<!-- \/ Yoast SEO plugin. -->","yoast_head_json":{"title":"Dienstleistungen - BeyondStrategy SA","robots":{"index":"index","follow":"follow","max-snippet":"max-snippet:-1","max-image-preview":"max-image-preview:large","max-video-preview":"max-video-preview:-1"},"canonical":"https:\/\/www.beyond.ch\/de\/dienstleistungen\/","og_locale":"de_DE","og_type":"article","og_title":"Dienstleistungen - BeyondStrategy SA","og_description":"Beratungs-bereiche. Risikomanagement 01 Im Bereich Risikomanagement und Strategie sowie in Forschung und Datenanalyse untersuchen wir nicht nur die Struktur, die Prozesse, die Systeme und Produkte Ihres Unternehmens oder Ihrer Organisation, sondern auch Ihre Dienstleistungen, Ihre Kunden- und Stakeholder-Beziehungen. Mehr lesen Resilienz 02 Gemeinsam mit Ihren Teams arbeiten wir daran, Ausfallzeiten und negative Auswirkungen eines Vorfalls [&hellip;]","og_url":"https:\/\/www.beyond.ch\/de\/dienstleistungen\/","og_site_name":"BeyondStrategy SA","article_modified_time":"2025-02-12T08:35:19+00:00","twitter_card":"summary_large_image","twitter_misc":{"Gesch\u00e4tzte Lesezeit":"1 Minute"},"schema":{"@context":"https:\/\/schema.org","@graph":[{"@type":"WebPage","@id":"https:\/\/www.beyond.ch\/de\/dienstleistungen\/","url":"https:\/\/www.beyond.ch\/de\/dienstleistungen\/","name":"Dienstleistungen - BeyondStrategy SA","isPartOf":{"@id":"https:\/\/www.beyond.ch\/de\/#website"},"datePublished":"2022-07-06T09:03:48+00:00","dateModified":"2025-02-12T08:35:19+00:00","breadcrumb":{"@id":"https:\/\/www.beyond.ch\/de\/dienstleistungen\/#breadcrumb"},"inLanguage":"de-DE","potentialAction":[{"@type":"ReadAction","target":["https:\/\/www.beyond.ch\/de\/dienstleistungen\/"]}]},{"@type":"BreadcrumbList","@id":"https:\/\/www.beyond.ch\/de\/dienstleistungen\/#breadcrumb","itemListElement":[{"@type":"ListItem","position":1,"name":"Accueil","item":"https:\/\/www.beyond.ch\/de\/"},{"@type":"ListItem","position":2,"name":"Dienstleistungen"}]},{"@type":"WebSite","@id":"https:\/\/www.beyond.ch\/de\/#website","url":"https:\/\/www.beyond.ch\/de\/","name":"BeyondStrategy SA","description":"From risks to performance","publisher":{"@id":"https:\/\/www.beyond.ch\/de\/#organization"},"potentialAction":[{"@type":"SearchAction","target":{"@type":"EntryPoint","urlTemplate":"https:\/\/www.beyond.ch\/de\/?s={search_term_string}"},"query-input":"required name=search_term_string"}],"inLanguage":"de-DE"},{"@type":"Organization","@id":"https:\/\/www.beyond.ch\/de\/#organization","name":"BeyondStrategy SA","url":"https:\/\/www.beyond.ch\/de\/","sameAs":["https:\/\/www.linkedin.com\/company\/beyondstrategy-consulting"],"logo":{"@type":"ImageObject","inLanguage":"de-DE","@id":"https:\/\/www.beyond.ch\/de\/#\/schema\/logo\/image\/","url":"https:\/\/www.beyondstrategy.ch\/wp-content\/uploads\/2022\/09\/BS_CLAIM_LOGO__BEYOND_LOGO-CMYK.png","contentUrl":"https:\/\/www.beyondstrategy.ch\/wp-content\/uploads\/2022\/09\/BS_CLAIM_LOGO__BEYOND_LOGO-CMYK.png","width":2520,"height":1016,"caption":"BeyondStrategy SA"},"image":{"@id":"https:\/\/www.beyond.ch\/de\/#\/schema\/logo\/image\/"}}]}},"_links":{"self":[{"href":"https:\/\/www.beyond.ch\/de\/wp-json\/wp\/v2\/pages\/121"}],"collection":[{"href":"https:\/\/www.beyond.ch\/de\/wp-json\/wp\/v2\/pages"}],"about":[{"href":"https:\/\/www.beyond.ch\/de\/wp-json\/wp\/v2\/types\/page"}],"author":[{"embeddable":true,"href":"https:\/\/www.beyond.ch\/de\/wp-json\/wp\/v2\/users\/1"}],"replies":[{"embeddable":true,"href":"https:\/\/www.beyond.ch\/de\/wp-json\/wp\/v2\/comments?post=121"}],"version-history":[{"count":65,"href":"https:\/\/www.beyond.ch\/de\/wp-json\/wp\/v2\/pages\/121\/revisions"}],"predecessor-version":[{"id":1149,"href":"https:\/\/www.beyond.ch\/de\/wp-json\/wp\/v2\/pages\/121\/revisions\/1149"}],"wp:attachment":[{"href":"https:\/\/www.beyond.ch\/de\/wp-json\/wp\/v2\/media?parent=121"}],"curies":[{"name":"wp","href":"https:\/\/api.w.org\/{rel}","templated":true}]}}