{"id":129,"date":"2022-07-06T11:40:38","date_gmt":"2022-07-06T09:40:38","guid":{"rendered":"https:\/\/beyonddev.affinities.ch\/?page_id=129"},"modified":"2025-02-12T09:48:01","modified_gmt":"2025-02-12T08:48:01","slug":"risikomanagement","status":"publish","type":"page","link":"https:\/\/www.beyond.ch\/de\/dienstleistungen\/risikomanagement\/","title":{"rendered":"Risikomanagement"},"content":{"rendered":"<p><img src=\"\/wp-content\/uploads\/2022\/07\/BANNER_003.jpg\" alt=\"\"><\/p>\n<div>Beratungsbereich<\/div>\n<h1>Risikomanagement<span class=\"uk-text-primary\">.<\/span><\/h1>\n<hr>\n<ul>\n<li>\n        <a href=\"#\"><span class=\"uk-text-primary\">01<\/span> Risikomanagement<\/a>\n    <\/li>\n<li>\n        <a href=\"\/diensteleistungen\/resilienz\/\"><span class=\"uk-text-primary\">02<\/span> Resilienz<\/a>\n    <\/li>\n<li>\n        <a href=\"\/diensteleistungen\/strategie\/\"><span class=\"uk-text-primary\">03<\/span> Strategie<\/a>\n    <\/li>\n<li>\n        <a href=\"\/diensteleistungen\/nachhaltigkeit\/\"><span class=\"uk-text-primary\">04<\/span> Nachhaltigkeitsbericht<\/a>\n    <\/li>\n<\/ul>\n<h2>Risikoanalyse und -kontrolle<\/h2>\n<div>\n<p>Als Experten im Bereich Risikomanagement und Strategie sowie in Forschung und Datenanalyse untersuchen wir nicht nur die Struktur, die Prozesse, die Systeme und Produkte Ihres Unternehmens oder Ihrer Organisation, sondern auch Ihre Dienstleistungen, Ihre Kunden- und Stakeholder-Beziehungen. So zeigt sich, wo Ihre wahren Herausforderungen in Bezug auf Unternehmensrisiken, Strategie und Leistung liegen. Mit unserer bew\u00e4hrten, wissenschaftlich fundierten Software sind Sie in der Lage, Ihre Risiken zu verfolgen und optimale Managementsysteme einzurichten, die Ihrer Risikobereitschaft entsprechen.<\/p>\n<\/div>\n<p><img src=\"\/wp-content\/uploads\/2022\/07\/01_risiko_1_de.png\" alt=\"\"><\/p>\n<h3>1. Analyse von Unternehmensrisiken<\/h3>\n<div>Damit Sie die Risikoexpostion Ihres Unternehmens oder Ihrer Organisation verstehen und angemessene Massnahmen entwickeln k\u00f6nnen, bedarf es einer umfassenden Analyse der Unternehmensrisiken. Besonders wichtig sind die Ergebnisse dieser Analyse f\u00fcr Verwaltungsr\u00e4te, die laut Gesetz f\u00fcr das Verhalten des Unternehmens oder der Organisation verantwortlich sind (CO 754).<\/div>\n<p><img src=\"\/wp-content\/uploads\/2022\/07\/beyond-Display-03.png\" alt=\"\"><\/p>\n<h3>2. Kontrolle der Unternehmensrisiken<\/h3>\n<div>Um das Bewusstsein f\u00fcr die Risikoexposition zu einem bestimmten Zeitpunkt zu sch\u00e4rfen, ist eine Risikoanalyse unerl\u00e4sslich. Da die Situation einer Organisation sich aber stetig weiterentwickelt, kann die Risikoanalyse schnell veraltet sein. Deshalb ist eine regelm\u00e4ssige, systematische und externe \u00dcberwachung der Risikosituation von h\u00f6chstem Wert f\u00fcr den Beirat. <\/div>\n<p><img src=\"\/wp-content\/uploads\/2022\/07\/management-prozezz_de.png\" alt=\"\"><\/p>\n<h3>3. Risikomanagement im Unternehmen<\/h3>\n<div>Das Bewusstsein f\u00fcr Risiken ist nur ein Teil des Risikomanagements. Entscheidend ist die Entwicklung geeigneter Massnahmen zur Risikominderung. Die Risiken und die entsprechenden Massnahmen m\u00fcssen im Laufe der Zeit zuverl\u00e4ssig \u00fcberwacht werden. Daf\u00fcr bieten wir einen kompletten softwarebasierten Managementservice f\u00fcr Ihre Teams und Ihren Vorstand. Die softwaregest\u00fctzte Verwaltung erm\u00f6glicht auch eine umfassende Risikoanalyse, so dass sich die Kosten f\u00fcr die Risikokontrolle entsprechend verringern lassen. <\/div>\n<div><a href=\"\/kontakt\/\">Fragen Sie Unsere Experten<\/a><\/div>\n<p><a href=\"\/kontakt\/\"><img src=\"\/wp-content\/uploads\/arrow.svg\" alt=\"\"><\/a><\/p>\n<p><!--more--><br \/>\n<!-- {\"name\":\"Elephant Office\",\"type\":\"layout\",\"children\":[{\"name\":\"Hero\",\"type\":\"section\",\"props\":{\"style\":\"muted\",\"width\":\"\",\"vertical_align\":\"middle\",\"title_position\":\"top-left\",\"title_rotation\":\"left\",\"title_breakpoint\":\"xl\",\"image_position\":\"center-center\",\"padding_remove_top\":true,\"css\":\"@media (min-width: 960px)  {\\n    .el-section {\\n        padding-bottom: 0;\\n    }\\n}\",\"animation\":\"slide-left-small\",\"animation_delay\":\"200\"},\"children\":[{\"name\":\"\",\"type\":\"row\",\"props\":{\"layout\":\"1-2,1-2\",\"vertical_align\":true,\"column_gap\":\"large\",\"row_gap\":\"large\"},\"children\":[{\"name\":\"\",\"type\":\"column\",\"props\":{\"image_position\":\"center-center\",\"image\":\"\",\"media_overlay_gradient\":\"\",\"width_medium\":\"1-2\",\"position_sticky_breakpoint\":\"m\"},\"children\":[{\"name\":\"\",\"type\":\"image\",\"props\":{\"margin\":\"default\",\"image\":\"wp-content\\\/uploads\\\/2022\\\/07\\\/BANNER_003.jpg\",\"image_width\":\"1085\",\"image_height\":\"900\",\"image_svg_color\":\"emphasis\"}}]},{\"name\":\"\",\"type\":\"column\",\"props\":{\"image_position\":\"center-center\",\"vertical_align\":\"middle\",\"media_overlay_gradient\":\"\",\"width_medium\":\"1-2\",\"position_sticky_breakpoint\":\"m\"},\"children\":[{\"name\":\"\",\"type\":\"headline\",\"props\":{\"title_element\":\"div\",\"content\":\"Beratungsbereich\",\"title_style\":\"h6\",\"margin\":\"default\",\"maxwidth\":\"xlarge\",\"title_color\":\"primary\",\"text_align\":\"left\",\"text_align_breakpoint\":\"m\",\"text_align_fallback\":\"center\",\"block_align\":\"center\"}},{\"name\":\"\",\"type\":\"headline\",\"props\":{\"title_element\":\"h1\",\"content\":\"Risikomanagement<span class=\\\"uk-text-primary\\\">.<\\\/span>\",\"maxwidth\":\"xlarge\",\"title_style\":\"heading-small\",\"margin_remove_top\":true,\"text_align\":\"left\",\"text_align_breakpoint\":\"m\",\"text_align_fallback\":\"center\",\"block_align\":\"center\"}},{\"type\":\"divider\",\"props\":{\"divider_element\":\"hr\",\"maxwidth\":\"xlarge\",\"block_align\":\"center\",\"divider_style\":\"small\"}},{\"type\":\"nav\",\"props\":{\"nav_style\":\"default\",\"maxwidth\":\"xlarge\",\"block_align\":\"center\",\"css\":\".el-item {\\nfont-size:0.8em;\\n}\\n\\n.uk-text-primary {\\n\\tmin-width:25px;\\n}\\n\\n.el-item {\\nline-height:1em;padding-bottom:7px;}\",\"nav_divider\":false},\"children\":[{\"type\":\"nav_item\",\"props\":{\"content\":\"<span class=\\\"uk-text-primary\\\">01<\\\/span> Risikomanagement\",\"link\":\"#\",\"active\":true}},{\"type\":\"nav_item\",\"props\":{\"content\":\"<span class=\\\"uk-text-primary\\\">02<\\\/span> Resilienz\",\"link\":\"diensteleistungen\\\/resilienz\\\/\"}},{\"type\":\"nav_item\",\"props\":{\"content\":\"<span class=\\\"uk-text-primary\\\">03<\\\/span> Strategie\",\"link\":\"diensteleistungen\\\/strategie\\\/\"}},{\"type\":\"nav_item\",\"props\":{\"content\":\"<span class=\\\"uk-text-primary\\\">04<\\\/span> Nachhaltigkeitsbericht\",\"link\":\"diensteleistungen\\\/nachhaltigkeit\\\/\"}}]}]}]}]},{\"name\":\"Description\",\"type\":\"section\",\"props\":{\"style\":\"default\",\"width\":\"large\",\"vertical_align\":\"middle\",\"title_position\":\"top-left\",\"title_rotation\":\"left\",\"title_breakpoint\":\"xl\",\"image_position\":\"top-center\",\"padding\":\"large\",\"image\":\"wp-content\\\/uploads\\\/elephant-office-bg-01.svg\",\"image_width\":\"600\",\"image_height\":\"260\",\"padding_remove_bottom\":false,\"animation\":\"scale-up\",\"media_visibility\":\"m\"},\"children\":[{\"name\":\"\",\"type\":\"row\",\"props\":{\"layout\":\"1-2,1-2\",\"column_gap\":\"large\",\"row_gap\":\"large\",\"margin\":\"large\"},\"children\":[{\"name\":\"\",\"type\":\"column\",\"props\":{\"image_position\":\"center-center\",\"media_overlay_gradient\":\"\",\"width_medium\":\"1-2\",\"position_sticky_breakpoint\":\"m\"},\"children\":[]},{\"name\":\"\",\"type\":\"column\",\"props\":{\"image_position\":\"top-left\",\"image\":\"\",\"image_width\":\"360\",\"image_height\":\"160\",\"media_overlay_gradient\":\"\",\"width_medium\":\"1-2\",\"position_sticky_breakpoint\":\"m\"},\"children\":[{\"name\":\"\",\"type\":\"headline\",\"props\":{\"title_element\":\"h2\",\"content\":\"Risikoanalyse und -kontrolle\",\"title_style\":\"h4\"}},{\"name\":\"\",\"type\":\"text\",\"props\":{\"margin\":\"large\",\"column_breakpoint\":\"m\",\"content\":\"\n\n<p>Als Experten im Bereich Risikomanagement und Strategie sowie in Forschung und Datenanalyse untersuchen wir nicht nur die Struktur, die Prozesse, die Systeme und Produkte Ihres Unternehmens oder Ihrer Organisation, sondern auch Ihre Dienstleistungen, Ihre Kunden- und Stakeholder-Beziehungen. So zeigt sich, wo Ihre wahren Herausforderungen in Bezug auf Unternehmensrisiken, Strategie und Leistung liegen. Mit unserer bew\\u00e4hrten, wissenschaftlich fundierten Software sind Sie in der Lage, Ihre Risiken zu verfolgen und optimale Managementsysteme einzurichten, die Ihrer Risikobereitschaft entsprechen.<\\\/p>\",\"text_size\":\"large\",\"margin_remove_top\":true}}]}]},{\"name\":\"\",\"type\":\"row\",\"props\":{\"layout\":\"1-2,1-2\",\"column_gap\":\"large\",\"row_gap\":\"large\",\"margin\":\"xlarge\",\"match\":false},\"children\":[{\"name\":\"\",\"type\":\"column\",\"props\":{\"image_position\":\"center-center\",\"media_overlay_gradient\":\"\",\"width_medium\":\"1-2\",\"position_sticky_breakpoint\":\"m\",\"vertical_align\":\"middle\",\"order_first\":\"m\"},\"children\":[{\"type\":\"image\",\"props\":{\"margin\":\"default\",\"image_svg_color\":\"emphasis\",\"image\":\"wp-content\\\/uploads\\\/2022\\\/07\\\/01_risiko_1_de.png\",\"parallax_y_start\":\"-300\",\"parallax_y_end\":\"-100\",\"image_height\":\"420\",\"text_align\":\"center\"}}]},{\"name\":\"\",\"type\":\"column\",\"props\":{\"image_position\":\"top-left\",\"image\":\"\",\"image_width\":\"360\",\"image_height\":\"160\",\"media_overlay_gradient\":\"\",\"width_medium\":\"1-2\",\"position_sticky_breakpoint\":\"m\",\"vertical_align\":\"middle\",\"order_first\":\"xs\"},\"children\":[{\"name\":\"\",\"type\":\"headline\",\"props\":{\"title_element\":\"h3\",\"content\":\"1. Analyse von Unternehmensrisiken\",\"title_style\":\"h4\"}},{\"name\":\"\",\"type\":\"text\",\"props\":{\"margin\":\"large\",\"column_breakpoint\":\"m\",\"content\":\"Damit Sie die Risikoexpostion Ihres Unternehmens oder Ihrer Organisation verstehen und angemessene Massnahmen entwickeln k\\u00f6nnen, bedarf es einer umfassenden Analyse der Unternehmensrisiken. Besonders wichtig sind die Ergebnisse dieser Analyse f\\u00fcr Verwaltungsr\\u00e4te, die laut Gesetz f\\u00fcr das Verhalten des Unternehmens oder der Organisation verantwortlich sind (CO 754).\",\"text_size\":\"large\",\"margin_remove_top\":true}}]}]},{\"name\":\"\",\"type\":\"row\",\"props\":{\"layout\":\"1-2,1-2\",\"column_gap\":\"large\",\"row_gap\":\"large\",\"margin\":\"xlarge\"},\"children\":[{\"name\":\"\",\"type\":\"column\",\"props\":{\"image_position\":\"center-center\",\"media_overlay_gradient\":\"\",\"width_medium\":\"1-2\",\"position_sticky_breakpoint\":\"m\",\"vertical_align\":\"middle\",\"order_first\":\"m\"},\"children\":[{\"type\":\"image\",\"props\":{\"margin\":\"default\",\"image_svg_color\":\"emphasis\",\"image\":\"wp-content\\\/uploads\\\/2022\\\/07\\\/beyond-Display-03.png\",\"parallax_y_start\":\"-300\",\"parallax_y_end\":\"-100\"}}]},{\"name\":\"\",\"type\":\"column\",\"props\":{\"image_position\":\"top-left\",\"image\":\"\",\"image_width\":\"360\",\"image_height\":\"160\",\"media_overlay_gradient\":\"\",\"width_medium\":\"1-2\",\"position_sticky_breakpoint\":\"m\",\"vertical_align\":\"middle\",\"order_first\":\"xs\"},\"children\":[{\"name\":\"\",\"type\":\"headline\",\"props\":{\"title_element\":\"h3\",\"content\":\"2. Kontrolle der Unternehmensrisiken\",\"title_style\":\"h4\"}},{\"name\":\"\",\"type\":\"text\",\"props\":{\"margin\":\"large\",\"column_breakpoint\":\"m\",\"content\":\"Um das Bewusstsein f\\u00fcr die Risikoexposition zu einem bestimmten Zeitpunkt zu sch\\u00e4rfen, ist eine Risikoanalyse unerl\\u00e4sslich. Da die Situation einer Organisation sich aber stetig weiterentwickelt, kann die Risikoanalyse schnell veraltet sein. Deshalb ist eine regelm\\u00e4ssige, systematische und externe \\u00dcberwachung der Risikosituation von h\\u00f6chstem Wert f\\u00fcr den Beirat. \",\"text_size\":\"large\",\"margin_remove_top\":true}}]}]},{\"name\":\"\",\"type\":\"row\",\"props\":{\"layout\":\"1-2,1-2\",\"column_gap\":\"large\",\"row_gap\":\"large\",\"margin\":\"xlarge\"},\"children\":[{\"name\":\"\",\"type\":\"column\",\"props\":{\"image_position\":\"center-center\",\"media_overlay_gradient\":\"\",\"width_medium\":\"1-2\",\"position_sticky_breakpoint\":\"m\",\"vertical_align\":\"middle\",\"order_first\":\"m\"},\"children\":[{\"type\":\"image\",\"props\":{\"margin\":\"default\",\"image_svg_color\":\"emphasis\",\"image\":\"wp-content\\\/uploads\\\/2022\\\/07\\\/management-prozezz_de.png\",\"parallax_y_start\":\"-300\",\"parallax_y_end\":\"-100\",\"image_width\":\"500\",\"text_align\":\"center\"}}]},{\"name\":\"\",\"type\":\"column\",\"props\":{\"image_position\":\"top-left\",\"image\":\"\",\"image_width\":\"360\",\"image_height\":\"160\",\"media_overlay_gradient\":\"\",\"width_medium\":\"1-2\",\"position_sticky_breakpoint\":\"m\",\"vertical_align\":\"middle\",\"order_first\":\"xs\"},\"children\":[{\"name\":\"\",\"type\":\"headline\",\"props\":{\"title_element\":\"h3\",\"content\":\"3. Risikomanagement im Unternehmen\",\"title_style\":\"h4\"}},{\"name\":\"\",\"type\":\"text\",\"props\":{\"margin\":\"large\",\"column_breakpoint\":\"m\",\"content\":\"Das Bewusstsein f\\u00fcr Risiken ist nur ein Teil des Risikomanagements. Entscheidend ist die Entwicklung geeigneter Massnahmen zur Risikominderung. Die Risiken und die entsprechenden Massnahmen m\\u00fcssen im Laufe der Zeit zuverl\\u00e4ssig \\u00fcberwacht werden. Daf\\u00fcr bieten wir einen kompletten softwarebasierten Managementservice f\\u00fcr Ihre Teams und Ihren Vorstand. Die softwaregest\\u00fctzte Verwaltung erm\\u00f6glicht auch eine umfassende Risikoanalyse, so dass sich die Kosten f\\u00fcr die Risikokontrolle entsprechend verringern lassen. \",\"text_size\":\"large\",\"margin_remove_top\":true}}]}]}]},{\"type\":\"section\",\"props\":{\"style\":\"default\",\"width\":\"default\",\"vertical_align\":\"middle\",\"title_position\":\"top-left\",\"title_rotation\":\"left\",\"title_breakpoint\":\"xl\",\"image_position\":\"center-center\",\"preserve_color\":false,\"overlap\":false,\"padding\":\"xlarge\",\"padding_remove_top\":true,\"width_expand\":\"right\"},\"children\":[{\"type\":\"row\",\"props\":{\"layout\":\"4-5,1-5\"},\"children\":[{\"type\":\"column\",\"props\":{\"position_sticky_breakpoint\":\"m\",\"image_position\":\"center-center\",\"media_overlay_gradient\":\"\",\"width_medium\":\"\",\"vertical_align\":\"middle\",\"width_large\":\"\",\"width_default\":\"4-5\",\"width_small\":\"\"},\"children\":[{\"type\":\"headline\",\"props\":{\"title_element\":\"div\",\"content\":\"Fragen Sie Unsere Experten\",\"title_style\":\"h1\",\"attributes\":\"\",\"text_align\":\"right\",\"link\":\"kontakt\\\/\",\"class\":\"calltoaction\"}}]},{\"type\":\"column\",\"props\":{\"position_sticky_breakpoint\":\"m\",\"image_position\":\"center-center\",\"media_overlay_gradient\":\"\",\"width_medium\":\"\",\"vertical_align\":\"middle\",\"width_large\":\"\",\"width_default\":\"1-5\",\"width_small\":\"\"},\"children\":[{\"type\":\"image\",\"props\":{\"margin\":\"default\",\"image_svg_color\":\"primary\",\"image\":\"wp-content\\\/uploads\\\/arrow.svg\",\"image_svg_inline\":true,\"text_align\":\"left\",\"container_padding_remove\":false,\"link\":\"kontakt\\\/\"}}]}]}],\"name\":\"Call To Action vers contact\"}],\"version\":\"2.7.22\"} --><\/p>\n","protected":false},"excerpt":{"rendered":"<p>Beratungsbereich Risikomanagement. 01 Risikomanagement 02 Resilienz 03 Strategie 04 Nachhaltigkeitsbericht Risikoanalyse und -kontrolle Als Experten im Bereich Risikomanagement und Strategie sowie in Forschung und Datenanalyse untersuchen wir nicht nur die Struktur, die Prozesse, die Systeme und Produkte Ihres Unternehmens oder Ihrer Organisation, sondern auch Ihre Dienstleistungen, Ihre Kunden- und Stakeholder-Beziehungen. So zeigt sich, wo Ihre [&hellip;]<\/p>\n","protected":false},"author":1,"featured_media":0,"parent":121,"menu_order":0,"comment_status":"closed","ping_status":"closed","template":"","meta":[],"yoast_head":"<!-- This site is optimized with the Yoast SEO plugin v19.6 - https:\/\/yoast.com\/wordpress\/plugins\/seo\/ -->\n<title>Risikomanagement - BeyondStrategy SA<\/title>\n<meta name=\"robots\" content=\"index, follow, max-snippet:-1, max-image-preview:large, max-video-preview:-1\" \/>\n<link rel=\"canonical\" href=\"https:\/\/www.beyond.ch\/de\/dienstleistungen\/risikomanagement\/\" \/>\n<meta property=\"og:locale\" content=\"de_DE\" \/>\n<meta property=\"og:type\" content=\"article\" \/>\n<meta property=\"og:title\" content=\"Risikomanagement - BeyondStrategy SA\" \/>\n<meta property=\"og:description\" content=\"Beratungsbereich Risikomanagement. 01 Risikomanagement 02 Resilienz 03 Strategie 04 Nachhaltigkeitsbericht Risikoanalyse und -kontrolle Als Experten im Bereich Risikomanagement und Strategie sowie in Forschung und Datenanalyse untersuchen wir nicht nur die Struktur, die Prozesse, die Systeme und Produkte Ihres Unternehmens oder Ihrer Organisation, sondern auch Ihre Dienstleistungen, Ihre Kunden- und Stakeholder-Beziehungen. So zeigt sich, wo Ihre [&hellip;]\" \/>\n<meta property=\"og:url\" content=\"https:\/\/www.beyond.ch\/de\/dienstleistungen\/risikomanagement\/\" \/>\n<meta property=\"og:site_name\" content=\"BeyondStrategy SA\" \/>\n<meta property=\"article:modified_time\" content=\"2025-02-12T08:48:01+00:00\" \/>\n<meta name=\"twitter:card\" content=\"summary_large_image\" \/>\n<meta name=\"twitter:label1\" content=\"Gesch\u00e4tzte Lesezeit\" \/>\n\t<meta name=\"twitter:data1\" content=\"4 Minuten\" \/>\n<script type=\"application\/ld+json\" class=\"yoast-schema-graph\">{\"@context\":\"https:\/\/schema.org\",\"@graph\":[{\"@type\":\"WebPage\",\"@id\":\"https:\/\/www.beyond.ch\/de\/dienstleistungen\/risikomanagement\/\",\"url\":\"https:\/\/www.beyond.ch\/de\/dienstleistungen\/risikomanagement\/\",\"name\":\"Risikomanagement - BeyondStrategy SA\",\"isPartOf\":{\"@id\":\"https:\/\/www.beyond.ch\/fr\/#website\"},\"datePublished\":\"2022-07-06T09:40:38+00:00\",\"dateModified\":\"2025-02-12T08:48:01+00:00\",\"breadcrumb\":{\"@id\":\"https:\/\/www.beyond.ch\/de\/dienstleistungen\/risikomanagement\/#breadcrumb\"},\"inLanguage\":\"de-DE\",\"potentialAction\":[{\"@type\":\"ReadAction\",\"target\":[\"https:\/\/www.beyond.ch\/de\/dienstleistungen\/risikomanagement\/\"]}]},{\"@type\":\"BreadcrumbList\",\"@id\":\"https:\/\/www.beyond.ch\/de\/dienstleistungen\/risikomanagement\/#breadcrumb\",\"itemListElement\":[{\"@type\":\"ListItem\",\"position\":1,\"name\":\"Accueil\",\"item\":\"https:\/\/www.beyond.ch\/de\/\"},{\"@type\":\"ListItem\",\"position\":2,\"name\":\"Dienstleistungen\",\"item\":\"https:\/\/www.beyond.ch\/de\/dienstleistungen\/\"},{\"@type\":\"ListItem\",\"position\":3,\"name\":\"Risikomanagement\"}]},{\"@type\":\"WebSite\",\"@id\":\"https:\/\/www.beyond.ch\/fr\/#website\",\"url\":\"https:\/\/www.beyond.ch\/fr\/\",\"name\":\"BeyondStrategy SA\",\"description\":\"From risks to performance\",\"publisher\":{\"@id\":\"https:\/\/www.beyond.ch\/fr\/#organization\"},\"potentialAction\":[{\"@type\":\"SearchAction\",\"target\":{\"@type\":\"EntryPoint\",\"urlTemplate\":\"https:\/\/www.beyond.ch\/fr\/?s={search_term_string}\"},\"query-input\":\"required name=search_term_string\"}],\"inLanguage\":\"de-DE\"},{\"@type\":\"Organization\",\"@id\":\"https:\/\/www.beyond.ch\/fr\/#organization\",\"name\":\"BeyondStrategy SA\",\"url\":\"https:\/\/www.beyond.ch\/fr\/\",\"sameAs\":[\"https:\/\/www.linkedin.com\/company\/beyondstrategy-consulting\"],\"logo\":{\"@type\":\"ImageObject\",\"inLanguage\":\"de-DE\",\"@id\":\"https:\/\/www.beyond.ch\/fr\/#\/schema\/logo\/image\/\",\"url\":\"https:\/\/www.beyondstrategy.ch\/wp-content\/uploads\/2022\/09\/BS_CLAIM_LOGO__BEYOND_LOGO-CMYK.png\",\"contentUrl\":\"https:\/\/www.beyondstrategy.ch\/wp-content\/uploads\/2022\/09\/BS_CLAIM_LOGO__BEYOND_LOGO-CMYK.png\",\"width\":2520,\"height\":1016,\"caption\":\"BeyondStrategy SA\"},\"image\":{\"@id\":\"https:\/\/www.beyond.ch\/fr\/#\/schema\/logo\/image\/\"}}]}<\/script>\n<!-- \/ Yoast SEO plugin. -->","yoast_head_json":{"title":"Risikomanagement - BeyondStrategy SA","robots":{"index":"index","follow":"follow","max-snippet":"max-snippet:-1","max-image-preview":"max-image-preview:large","max-video-preview":"max-video-preview:-1"},"canonical":"https:\/\/www.beyond.ch\/de\/dienstleistungen\/risikomanagement\/","og_locale":"de_DE","og_type":"article","og_title":"Risikomanagement - BeyondStrategy SA","og_description":"Beratungsbereich Risikomanagement. 01 Risikomanagement 02 Resilienz 03 Strategie 04 Nachhaltigkeitsbericht Risikoanalyse und -kontrolle Als Experten im Bereich Risikomanagement und Strategie sowie in Forschung und Datenanalyse untersuchen wir nicht nur die Struktur, die Prozesse, die Systeme und Produkte Ihres Unternehmens oder Ihrer Organisation, sondern auch Ihre Dienstleistungen, Ihre Kunden- und Stakeholder-Beziehungen. So zeigt sich, wo Ihre [&hellip;]","og_url":"https:\/\/www.beyond.ch\/de\/dienstleistungen\/risikomanagement\/","og_site_name":"BeyondStrategy SA","article_modified_time":"2025-02-12T08:48:01+00:00","twitter_card":"summary_large_image","twitter_misc":{"Gesch\u00e4tzte Lesezeit":"4 Minuten"},"schema":{"@context":"https:\/\/schema.org","@graph":[{"@type":"WebPage","@id":"https:\/\/www.beyond.ch\/de\/dienstleistungen\/risikomanagement\/","url":"https:\/\/www.beyond.ch\/de\/dienstleistungen\/risikomanagement\/","name":"Risikomanagement - BeyondStrategy SA","isPartOf":{"@id":"https:\/\/www.beyond.ch\/fr\/#website"},"datePublished":"2022-07-06T09:40:38+00:00","dateModified":"2025-02-12T08:48:01+00:00","breadcrumb":{"@id":"https:\/\/www.beyond.ch\/de\/dienstleistungen\/risikomanagement\/#breadcrumb"},"inLanguage":"de-DE","potentialAction":[{"@type":"ReadAction","target":["https:\/\/www.beyond.ch\/de\/dienstleistungen\/risikomanagement\/"]}]},{"@type":"BreadcrumbList","@id":"https:\/\/www.beyond.ch\/de\/dienstleistungen\/risikomanagement\/#breadcrumb","itemListElement":[{"@type":"ListItem","position":1,"name":"Accueil","item":"https:\/\/www.beyond.ch\/de\/"},{"@type":"ListItem","position":2,"name":"Dienstleistungen","item":"https:\/\/www.beyond.ch\/de\/dienstleistungen\/"},{"@type":"ListItem","position":3,"name":"Risikomanagement"}]},{"@type":"WebSite","@id":"https:\/\/www.beyond.ch\/fr\/#website","url":"https:\/\/www.beyond.ch\/fr\/","name":"BeyondStrategy SA","description":"From risks to performance","publisher":{"@id":"https:\/\/www.beyond.ch\/fr\/#organization"},"potentialAction":[{"@type":"SearchAction","target":{"@type":"EntryPoint","urlTemplate":"https:\/\/www.beyond.ch\/fr\/?s={search_term_string}"},"query-input":"required name=search_term_string"}],"inLanguage":"de-DE"},{"@type":"Organization","@id":"https:\/\/www.beyond.ch\/fr\/#organization","name":"BeyondStrategy SA","url":"https:\/\/www.beyond.ch\/fr\/","sameAs":["https:\/\/www.linkedin.com\/company\/beyondstrategy-consulting"],"logo":{"@type":"ImageObject","inLanguage":"de-DE","@id":"https:\/\/www.beyond.ch\/fr\/#\/schema\/logo\/image\/","url":"https:\/\/www.beyondstrategy.ch\/wp-content\/uploads\/2022\/09\/BS_CLAIM_LOGO__BEYOND_LOGO-CMYK.png","contentUrl":"https:\/\/www.beyondstrategy.ch\/wp-content\/uploads\/2022\/09\/BS_CLAIM_LOGO__BEYOND_LOGO-CMYK.png","width":2520,"height":1016,"caption":"BeyondStrategy SA"},"image":{"@id":"https:\/\/www.beyond.ch\/fr\/#\/schema\/logo\/image\/"}}]}},"_links":{"self":[{"href":"https:\/\/www.beyond.ch\/de\/wp-json\/wp\/v2\/pages\/129"}],"collection":[{"href":"https:\/\/www.beyond.ch\/de\/wp-json\/wp\/v2\/pages"}],"about":[{"href":"https:\/\/www.beyond.ch\/de\/wp-json\/wp\/v2\/types\/page"}],"author":[{"embeddable":true,"href":"https:\/\/www.beyond.ch\/de\/wp-json\/wp\/v2\/users\/1"}],"replies":[{"embeddable":true,"href":"https:\/\/www.beyond.ch\/de\/wp-json\/wp\/v2\/comments?post=129"}],"version-history":[{"count":40,"href":"https:\/\/www.beyond.ch\/de\/wp-json\/wp\/v2\/pages\/129\/revisions"}],"predecessor-version":[{"id":1156,"href":"https:\/\/www.beyond.ch\/de\/wp-json\/wp\/v2\/pages\/129\/revisions\/1156"}],"up":[{"embeddable":true,"href":"https:\/\/www.beyond.ch\/de\/wp-json\/wp\/v2\/pages\/121"}],"wp:attachment":[{"href":"https:\/\/www.beyond.ch\/de\/wp-json\/wp\/v2\/media?parent=129"}],"curies":[{"name":"wp","href":"https:\/\/api.w.org\/{rel}","templated":true}]}}