{"id":374,"date":"2022-07-11T16:24:06","date_gmt":"2022-07-11T14:24:06","guid":{"rendered":"https:\/\/beyonddev.affinities.ch\/?page_id=374"},"modified":"2025-02-11T17:04:16","modified_gmt":"2025-02-11T16:04:16","slug":"consultant","status":"publish","type":"page","link":"https:\/\/www.beyond.ch\/de\/mit-uns-arbeiten\/consultant\/","title":{"rendered":"Consultant"},"content":{"rendered":"<p>\n    <a href=\"\/mit-uns-arbeiten\/\">Zur\u00fcck<\/a>\n<\/p>\n<h1>Consultant.e CSRD (Lausanne)<\/h1>\n<h2>Responsabilit\u00e9s principales<\/h2>\n<div>\n<div class=\"tm-grid-expand uk-grid-margin uk-grid\" uk-grid=\"\">\n<div class=\"uk-width-2-3@m\">\n<div class=\"uk-panel uk-margin\">\n<div class=\"tm-grid-expand uk-grid-margin uk-grid\" uk-grid=\"\">\n<div class=\"uk-width-2-3@m\">\n<div class=\"uk-panel uk-margin\">\n<p>Renforcer et d\u00e9velopper nos activit\u00e9s en mati\u00e8re de CSRD et reporting de durabilit\u00e9, en accompagnant les entreprises dans la mise en conformit\u00e9 avec les exigences r\u00e9glementaires.<\/p>\n<div>Soutien des responsables dans les dossiers suivants :<\/div>\n<ul>\n<li>R\u00e9aliser des analyses de donn\u00e9es (collecte, \u00e9valuation et traitement sous Excel) pour le reporting CSRD et ESG.<\/li>\n<li>Pr\u00e9parer et suivre les ateliers sur la mise en \u0153uvre des normes CSRD.<br \/>Assister \u00e0 l\u2019animation des ateliers avec les parties prenantes.<\/li>\n<li>R\u00e9diger, structurer et relire la documentation li\u00e9e au reporting ESG et aux exigences de durabilit\u00e9.<br \/>Former et assister les clients \u00e0 l\u2019utilisation d\u2019un outil informatique de reporting CSRD et ESG.<\/li>\n<li>Concevoir des pr\u00e9sentations PowerPoint pour les clients et partenaires.<\/li>\n<li>R\u00e9diger des rapports et synth\u00e8ses (brouillons) sur l\u2019\u00e9tat d\u2019avancement et les r\u00e9sultats des missions.<\/li>\n<li>Coordonner les rendez-vous et assurer le suivi organisationnel des projets.<\/li>\n<li>Collaborer et assurer la coordination op\u00e9rationnelle avec les partenaires.<\/li>\n<\/ul>\n<p>Soutient dans les solutions logicielles d\u2019analyse de risques et reporting.<\/p>\n<\/p>\n<\/div>\n<\/div>\n<\/div>\n<\/div>\n<\/div>\n<\/div>\n<\/div>\n<hr>\n<h2>Conditions requises<br \/>Vous&#8230;<\/h2>\n<ul>\n<li>\n<div>\n<p>\u00eates titulaire d&#8217;un dipl\u00f4me universitaire dans le domaine de la gestion d&#8217;entreprise (ou de l&#8217;\u00e9conomie) et \u00eates en d\u00e9but de carri\u00e8re ou vous avez d\u00e9j\u00e0 quelques ann\u00e9es d&#8217;exp\u00e9rience professionnelle.<\/p>\n<\/div>\n<\/li>\n<li>\n<div>faites preuve d&#8217;un esprit d&#8217;entreprise et d&#8217;une forte volont\u00e9 de travailler dans le secteur du conseil<\/div>\n<\/li>\n<li>\n<div>saisissez rapidement l&#8217;essentiel, pensez de mani\u00e8re cr\u00e9ative ainsi qu\u2019analytique et comprenez les interrelations complexes. <\/div>\n<\/li>\n<li>\n<div>vous sentez \u00e0 l&#8217;aise dans un environnement dynamique et ax\u00e9 sur le service et vous travaillez de mani\u00e8re fiable et pr\u00e9cise, m\u00eame en p\u00e9riode de stress.<\/div>\n<\/li>\n<li>\n<div>avez des id\u00e9es neuves, un esprit novateur et une forte envie de structurer et de r\u00e9soudre des probl\u00e8mes.<\/div>\n<\/li>\n<li>\n<div>\u00eates extroverti et pr\u00eats \u00e0 nous d\u00e9fier, \u00e0 agir de votre propre initiative et \u00e0 avoir un impact sur nos \u00e9quipes et nos clients<\/div>\n<\/li>\n<li>\n<div>avez une volont\u00e9 de voyager dans toute la Suisse<\/div>\n<\/li>\n<li>\n<div>travaillez de fa\u00e7on ind\u00e9pendante, avez la capacit\u00e9 \u00e0 travailler en \u00e9quipe et des capacit\u00e9s fortes en mati\u00e8re de communication et d&#8217;organisation<\/div>\n<\/li>\n<li>\n<div>\u00eates de langue maternelle fran\u00e7aise, id\u00e9alement avec de bonnes connaissances de l&#8217;allemand et de l\u2019anglais<\/div>\n<\/li>\n<\/ul>\n<hr>\n<h2>Conditions<\/h2>\n<ul>\n<li>\n<h3>Lieu de travail<\/h3>\n<div>Lausanne<\/div>\n<\/li>\n<li>\n<h3>Date d&#8217;entr\u00e9e<\/h3>\n<div>\u00e0 convenir<\/div>\n<\/li>\n<\/ul>\n<div>\n<p>Nous vous offrons un environnement de travail vari\u00e9 et passionnant au sein d&#8217;une \u00e9quipe motiv\u00e9e dont les valeurs sont l&#8217;\u00e9coute, la responsabilit\u00e9 et l&#8217;innovation, ainsi que des conditions avantageuses.<\/p>\n<\/div>\n<h2><a href=\"#\">Nehmen Sie bitte Kontak auf, um sich auf <span class=\"uk-text-primary\"> diese Stelle<\/span> zu bewerben.<\/a><\/h2>\n<p><a href=\"&#x6d;&#x61;&#x69;&#x6c;&#x74;&#x6f;&#58;&#73;&#110;&#102;o&#64;be&#x79;&#x6f;&#x6e;&#x64;&#x73;&#x74;&#114;&#97;&#116;&#101;&#103;y&#46;c&#x68;\"><img src=\"\/wp-content\/uploads\/arrow.svg\" alt=\"\"><\/a><\/p>\n<p><!--more--><br \/>\n<!-- {\"name\":\"Interactive Developer\",\"type\":\"layout\",\"children\":[{\"type\":\"section\",\"props\":{\"style\":\"default\",\"width\":\"default\",\"vertical_align\":\"middle\",\"title_position\":\"top-left\",\"title_rotation\":\"left\",\"title_breakpoint\":\"xl\",\"image_position\":\"center-center\",\"image\":\"\",\"padding\":\"large\",\"padding_remove_bottom\":true},\"children\":[{\"type\":\"row\",\"children\":[{\"type\":\"column\",\"props\":{\"position_sticky_breakpoint\":\"m\",\"image_position\":\"center-center\",\"media_overlay_gradient\":\"\",\"width_medium\":\"large\"},\"children\":[{\"type\":\"button\",\"props\":{\"grid_column_gap\":\"small\",\"grid_row_gap\":\"small\",\"margin\":\"default\"},\"children\":[{\"type\":\"button_item\",\"props\":{\"button_style\":\"primary\",\"icon_align\":\"left\",\"content\":\"Zur\\u00fcck\",\"icon\":\"arrow-left\",\"link\":\"mit-uns-arbeiten\\\/\",\"link_title\":\"\"}}]}]},{\"type\":\"column\",\"props\":{\"position_sticky_breakpoint\":\"m\",\"image_position\":\"center-center\",\"media_overlay_gradient\":\"\",\"width_medium\":\"expand\"},\"children\":[]}],\"props\":{\"layout\":\"large,expand\"}}]},{\"type\":\"section\",\"props\":{\"style\":\"default\",\"width\":\"default\",\"vertical_align\":\"middle\",\"title_position\":\"top-left\",\"title_rotation\":\"left\",\"title_breakpoint\":\"xl\",\"image_position\":\"top-center\",\"padding\":\"large\",\"header_transparent\":\"light\",\"animation\":\"slide-left-small\",\"padding_remove_bottom\":false,\"image\":\"wp-content\\\/uploads\\\/interactive-developer-about-bg.svg\",\"image_size\":\"contain\",\"media_visibility\":\"l\"},\"children\":[{\"type\":\"row\",\"props\":{\"margin\":\"xlarge\"},\"children\":[{\"type\":\"column\",\"props\":{\"image_position\":\"center-center\",\"media_overlay_gradient\":\"\",\"width_medium\":\"1-1\",\"position_sticky_breakpoint\":\"m\"},\"children\":[{\"type\":\"headline\",\"props\":{\"title_element\":\"h1\",\"title_style\":\"heading-medium\",\"content\":\"Consultant.e CSRD (Lausanne)\"}}]}]},{\"type\":\"row\",\"props\":{\"layout\":\"1-3,2-3\"},\"children\":[{\"type\":\"column\",\"props\":{\"image_position\":\"center-center\",\"media_overlay_gradient\":\"\",\"width_medium\":\"1-3\",\"position_sticky_breakpoint\":\"m\"},\"children\":[{\"type\":\"headline\",\"props\":{\"title_element\":\"h2\",\"animation\":\"none\",\"content\":\"Responsabilit\\u00e9s principales\"}}]},{\"type\":\"column\",\"props\":{\"image_position\":\"center-center\",\"media_overlay_gradient\":\"\",\"width_medium\":\"2-3\",\"position_sticky_breakpoint\":\"m\"},\"children\":[{\"type\":\"text\",\"props\":{\"margin\":\"default\",\"column_breakpoint\":\"m\",\"animation\":\"none\",\"content\":\"\n\n<div class=\\\"tm-grid-expand uk-grid-margin uk-grid\\\" uk-grid=\\\"\\\">\\n\n\n<div class=\\\"uk-width-2-3@m\\\">\\n\n\n<div class=\\\"uk-panel uk-margin\\\">\\n\n\n<div class=\\\"tm-grid-expand uk-grid-margin uk-grid\\\" uk-grid=\\\"\\\">\\n\n\n<div class=\\\"uk-width-2-3@m\\\">\\n\n\n<div class=\\\"uk-panel uk-margin\\\">\\n\n\n<p>Renforcer et d\\u00e9velopper nos activit\\u00e9s en mati\\u00e8re de CSRD et reporting de durabilit\\u00e9, en accompagnant les entreprises dans la mise en conformit\\u00e9 avec les exigences r\\u00e9glementaires.<\\\/p>\\n\n\n<div>Soutien des responsables dans les dossiers suivants :<\\\/div>\\n\n\n<ul>\\n\n\n<li>R\\u00e9aliser des analyses de donn\\u00e9es (collecte, \\u00e9valuation et traitement sous Excel) pour le reporting CSRD et ESG.<\\\/li>\\n\n\n<li>Pr\\u00e9parer et suivre les ateliers sur la mise en \\u0153uvre des normes CSRD.<br \\\/>Assister \\u00e0 l\\u2019animation des ateliers avec les parties prenantes.<\\\/li>\\n\n\n<li>R\\u00e9diger, structurer et relire la documentation li\\u00e9e au reporting ESG et aux exigences de durabilit\\u00e9.<br \\\/>Former et assister les clients \\u00e0 l\\u2019utilisation d\\u2019un outil informatique de reporting CSRD et ESG.<\\\/li>\\n\n\n<li>Concevoir des pr\\u00e9sentations PowerPoint pour les clients et partenaires.<\\\/li>\\n\n\n<li>R\\u00e9diger des rapports et synth\\u00e8ses (brouillons) sur l\\u2019\\u00e9tat d\\u2019avancement et les r\\u00e9sultats des missions.<\\\/li>\\n\n\n<li>Coordonner les rendez-vous et assurer le suivi organisationnel des projets.<\\\/li>\\n\n\n<li>Collaborer et assurer la coordination op\\u00e9rationnelle avec les partenaires.<\\\/li>\\n<\\\/ul>\\n\n\n<p>Soutient dans les solutions logicielles d\\u2019analyse de risques et reporting.<\\\/p>\\n\n\n<p><\\\/p>\\n<\\\/div>\\n<\\\/div>\\n<\\\/div>\\n<\\\/div>\\n<\\\/div>\\n<\\\/div>\"}}]}]},{\"type\":\"row\",\"props\":{\"margin\":\"large\"},\"children\":[{\"type\":\"column\",\"props\":{\"image_position\":\"center-center\",\"media_overlay_gradient\":\"\",\"width_medium\":\"1-1\",\"position_sticky_breakpoint\":\"m\"},\"children\":[{\"type\":\"divider\",\"props\":{\"divider_element\":\"hr\",\"divider_style\":\"\",\"divider_align\":\"\",\"divider_align_breakpoint\":\"\",\"divider_align_fallback\":\"\",\"animation\":\"none\"}}]}]},{\"type\":\"row\",\"props\":{\"layout\":\"1-3,2-3\"},\"children\":[{\"type\":\"column\",\"props\":{\"image_position\":\"center-center\",\"media_overlay_gradient\":\"\",\"width_medium\":\"1-3\",\"position_sticky_breakpoint\":\"m\"},\"children\":[{\"type\":\"headline\",\"props\":{\"title_element\":\"h2\",\"animation\":\"none\",\"content\":\"Conditions requises<br \\\/>Vous...\"}}]},{\"type\":\"column\",\"props\":{\"image_position\":\"center-center\",\"media_overlay_gradient\":\"\",\"width_medium\":\"2-3\",\"position_sticky_breakpoint\":\"m\"},\"children\":[{\"type\":\"list\",\"props\":{\"show_image\":true,\"show_link\":true,\"list_element\":\"ul\",\"column_breakpoint\":\"s\",\"image_svg_color\":\"emphasis\",\"image_align\":\"left\",\"image_vertical_align\":true,\"column\":\"1-2\",\"list_marker\":\"bullet\",\"list_type\":\"vertical\",\"list_horizontal_separator\":\", \"},\"children\":[{\"type\":\"list_item\",\"props\":{\"content\":\"\n\n<p>\\u00eates titulaire d'un dipl\\u00f4me universitaire dans le domaine de la gestion d'entreprise (ou de l'\\u00e9conomie) et \\u00eates en d\\u00e9but de carri\\u00e8re ou vous avez d\\u00e9j\\u00e0 quelques ann\\u00e9es d'exp\\u00e9rience professionnelle.<\\\/p>\"}},{\"type\":\"list_item\",\"props\":{\"content\":\"faites preuve d'un esprit d'entreprise et d'une forte volont\\u00e9 de travailler dans le secteur du conseil\"}},{\"type\":\"list_item\",\"props\":{\"content\":\"saisissez rapidement l'essentiel, pensez de mani\\u00e8re cr\\u00e9ative ainsi qu\\u2019analytique et comprenez les interrelations complexes. \"}},{\"type\":\"list_item\",\"props\":{\"content\":\"vous sentez \\u00e0 l'aise dans un environnement dynamique et ax\\u00e9 sur le service et vous travaillez de mani\\u00e8re fiable et pr\\u00e9cise, m\\u00eame en p\\u00e9riode de stress.\"}},{\"type\":\"list_item\",\"props\":{\"content\":\"avez des id\\u00e9es neuves, un esprit novateur et une forte envie de structurer et de r\\u00e9soudre des probl\\u00e8mes.\"}},{\"type\":\"list_item\",\"props\":{\"content\":\"\\u00eates extroverti et pr\\u00eats \\u00e0 nous d\\u00e9fier, \\u00e0 agir de votre propre initiative et \\u00e0 avoir un impact sur nos \\u00e9quipes et nos clients\"}},{\"type\":\"list_item\",\"props\":{\"content\":\"avez une volont\\u00e9 de voyager dans toute la Suisse\"}},{\"type\":\"list_item\",\"props\":{\"content\":\"travaillez de fa\\u00e7on ind\\u00e9pendante, avez la capacit\\u00e9 \\u00e0 travailler en \\u00e9quipe et des capacit\\u00e9s fortes en mati\\u00e8re de communication et d'organisation\"}},{\"type\":\"list_item\",\"props\":{\"content\":\"\\u00eates de langue maternelle fran\\u00e7aise, id\\u00e9alement avec de bonnes connaissances de l'allemand et de l\\u2019anglais\"}}],\"name\":\"\"}]}]},{\"type\":\"row\",\"props\":{\"margin\":\"large\"},\"children\":[{\"type\":\"column\",\"props\":{\"image_position\":\"center-center\",\"media_overlay_gradient\":\"\",\"width_medium\":\"1-1\",\"position_sticky_breakpoint\":\"m\"},\"children\":[{\"type\":\"divider\",\"props\":{\"divider_element\":\"hr\",\"divider_style\":\"\",\"divider_align\":\"\",\"divider_align_breakpoint\":\"\",\"divider_align_fallback\":\"\",\"animation\":\"none\"}}]}]},{\"type\":\"row\",\"props\":{\"layout\":\"1-3,2-3\"},\"children\":[{\"type\":\"column\",\"props\":{\"image_position\":\"center-center\",\"media_overlay_gradient\":\"\",\"width_medium\":\"1-3\",\"position_sticky_breakpoint\":\"m\"},\"children\":[{\"type\":\"headline\",\"props\":{\"title_element\":\"h2\",\"animation\":\"none\",\"content\":\"Conditions\"}}]},{\"type\":\"column\",\"props\":{\"image_position\":\"center-center\",\"media_overlay_gradient\":\"\",\"width_medium\":\"2-3\",\"position_sticky_breakpoint\":\"m\"},\"children\":[{\"type\":\"description_list\",\"props\":{\"show_title\":true,\"show_meta\":true,\"show_content\":true,\"show_link\":true,\"layout\":\"grid-2\",\"meta_style\":\"meta\",\"meta_align\":\"below-content\",\"title_color\":\"emphasis\",\"animation\":\"none\",\"list_size\":\"large\",\"title_grid_column_gap\":\"small\",\"title_grid_row_gap\":\"small\",\"title_grid_breakpoint\":\"s\",\"title_grid_width\":\"medium\",\"list_element\":\"ul\",\"column_breakpoint\":\"m\",\"title_element\":\"div\"},\"children\":[{\"type\":\"description_list_item\",\"props\":{\"title\":\"Lieu de travail\",\"content\":\"Lausanne\"}},{\"type\":\"description_list_item\",\"props\":{\"title\":\"Date d'entr\\u00e9e\",\"content\":\"\\u00e0 convenir\"}}]},{\"type\":\"text\",\"props\":{\"margin\":\"default\",\"column_breakpoint\":\"m\",\"animation\":\"none\",\"content\":\"\n\n<p>Nous vous offrons un environnement de travail vari\\u00e9 et passionnant au sein d'une \\u00e9quipe motiv\\u00e9e dont les valeurs sont l'\\u00e9coute, la responsabilit\\u00e9 et l'innovation, ainsi que des conditions avantageuses.<\\\/p>\"}}]}]}],\"name\":\"About\"},{\"type\":\"section\",\"props\":{\"style\":\"secondary\",\"width\":\"default\",\"vertical_align\":\"middle\",\"title_position\":\"top-left\",\"title_rotation\":\"left\",\"title_breakpoint\":\"xl\",\"image_position\":\"center-center\",\"padding_remove_bottom\":false},\"children\":[{\"type\":\"row\",\"props\":{\"layout\":\"3-4,1-4\",\"margin\":\"default\",\"divider\":false},\"children\":[{\"type\":\"column\",\"props\":{\"image_position\":\"center-center\",\"media_overlay_gradient\":\"\",\"width_medium\":\"3-4\",\"position_sticky_breakpoint\":\"m\",\"vertical_align\":\"middle\"},\"children\":[{\"type\":\"headline\",\"props\":{\"title_element\":\"h2\",\"title_style\":\"heading-small\",\"content\":\"Nehmen Sie bitte Kontak auf, um sich auf <span class=\\\"uk-text-primary\\\"> diese Stelle<\\\/span> zu bewerben.\",\"link\":\"#\"}}]},{\"type\":\"column\",\"props\":{\"image_position\":\"center-center\",\"media_overlay_gradient\":\"\",\"vertical_align\":\"middle\",\"width_medium\":\"1-4\",\"position_sticky_breakpoint\":\"m\"},\"children\":[{\"type\":\"image\",\"props\":{\"margin\":\"default\",\"image_svg_color\":\"primary\",\"text_align\":\"left\",\"text_align_breakpoint\":\"m\",\"image\":\"wp-content\\\/uploads\\\/arrow.svg\",\"link\":\"&#x6d;&#x61;&#x69;&#108;&#116;o:&#x49;&#x6e;&#x66;&#111;&#64;be&#x79;&#x6f;&#x6e;&#100;&#115;tr&#x61;&#x74;&#x65;&#103;&#121;&#46;c&#x68;\",\"image_svg_inline\":true}}]}]}],\"name\":\"Call to Action\"},{\"type\":\"section\",\"props\":{\"style\":\"default\",\"width\":\"default\",\"vertical_align\":\"middle\",\"title_position\":\"top-left\",\"title_rotation\":\"left\",\"title_breakpoint\":\"xl\",\"image_position\":\"center-center\"},\"children\":[{\"type\":\"row\",\"children\":[{\"type\":\"column\",\"props\":{\"position_sticky_breakpoint\":\"m\",\"image_position\":\"center-center\",\"media_overlay_gradient\":\"\"},\"children\":[]}]}]}],\"version\":\"2.7.22\"} --><\/p>\n","protected":false},"excerpt":{"rendered":"<p>Zur\u00fcck Consultant.e CSRD (Lausanne) Responsabilit\u00e9s principales Renforcer et d\u00e9velopper nos activit\u00e9s en mati\u00e8re de CSRD et reporting de durabilit\u00e9, en accompagnant les entreprises dans la mise en conformit\u00e9 avec les exigences r\u00e9glementaires. Soutien des responsables dans les dossiers suivants : R\u00e9aliser des analyses de donn\u00e9es (collecte, \u00e9valuation et traitement sous Excel) pour le reporting CSRD [&hellip;]<\/p>\n","protected":false},"author":1,"featured_media":0,"parent":356,"menu_order":0,"comment_status":"closed","ping_status":"closed","template":"","meta":[],"yoast_head":"<!-- This site is optimized with the Yoast SEO plugin v19.6 - https:\/\/yoast.com\/wordpress\/plugins\/seo\/ -->\n<title>Consultant - BeyondStrategy SA<\/title>\n<meta name=\"robots\" content=\"index, follow, max-snippet:-1, max-image-preview:large, max-video-preview:-1\" \/>\n<link rel=\"canonical\" href=\"https:\/\/www.beyond.ch\/de\/mit-uns-arbeiten\/consultant\/\" \/>\n<meta property=\"og:locale\" content=\"de_DE\" \/>\n<meta property=\"og:type\" content=\"article\" \/>\n<meta property=\"og:title\" content=\"Consultant - BeyondStrategy SA\" \/>\n<meta property=\"og:description\" content=\"Zur\u00fcck Consultant.e CSRD (Lausanne) Responsabilit\u00e9s principales Renforcer et d\u00e9velopper nos activit\u00e9s en mati\u00e8re de CSRD et reporting de durabilit\u00e9, en accompagnant les entreprises dans la mise en conformit\u00e9 avec les exigences r\u00e9glementaires. Soutien des responsables dans les dossiers suivants : R\u00e9aliser des analyses de donn\u00e9es (collecte, \u00e9valuation et traitement sous Excel) pour le reporting CSRD [&hellip;]\" \/>\n<meta property=\"og:url\" content=\"https:\/\/www.beyond.ch\/de\/mit-uns-arbeiten\/consultant\/\" \/>\n<meta property=\"og:site_name\" content=\"BeyondStrategy SA\" \/>\n<meta property=\"article:modified_time\" content=\"2025-02-11T16:04:16+00:00\" \/>\n<meta name=\"twitter:card\" content=\"summary_large_image\" \/>\n<meta name=\"twitter:label1\" content=\"Gesch\u00e4tzte Lesezeit\" \/>\n\t<meta name=\"twitter:data1\" content=\"2 Minuten\" \/>\n<script type=\"application\/ld+json\" class=\"yoast-schema-graph\">{\"@context\":\"https:\/\/schema.org\",\"@graph\":[{\"@type\":\"WebPage\",\"@id\":\"https:\/\/www.beyond.ch\/de\/mit-uns-arbeiten\/consultant\/\",\"url\":\"https:\/\/www.beyond.ch\/de\/mit-uns-arbeiten\/consultant\/\",\"name\":\"Consultant - BeyondStrategy SA\",\"isPartOf\":{\"@id\":\"https:\/\/www.beyond.ch\/fr\/#website\"},\"datePublished\":\"2022-07-11T14:24:06+00:00\",\"dateModified\":\"2025-02-11T16:04:16+00:00\",\"breadcrumb\":{\"@id\":\"https:\/\/www.beyond.ch\/de\/mit-uns-arbeiten\/consultant\/#breadcrumb\"},\"inLanguage\":\"de-DE\",\"potentialAction\":[{\"@type\":\"ReadAction\",\"target\":[\"https:\/\/www.beyond.ch\/de\/mit-uns-arbeiten\/consultant\/\"]}]},{\"@type\":\"BreadcrumbList\",\"@id\":\"https:\/\/www.beyond.ch\/de\/mit-uns-arbeiten\/consultant\/#breadcrumb\",\"itemListElement\":[{\"@type\":\"ListItem\",\"position\":1,\"name\":\"Accueil\",\"item\":\"https:\/\/www.beyond.ch\/de\/\"},{\"@type\":\"ListItem\",\"position\":2,\"name\":\"Mit uns arbeiten\",\"item\":\"https:\/\/www.beyond.ch\/de\/mit-uns-arbeiten\/\"},{\"@type\":\"ListItem\",\"position\":3,\"name\":\"Consultant\"}]},{\"@type\":\"WebSite\",\"@id\":\"https:\/\/www.beyond.ch\/fr\/#website\",\"url\":\"https:\/\/www.beyond.ch\/fr\/\",\"name\":\"BeyondStrategy SA\",\"description\":\"From risks to performance\",\"publisher\":{\"@id\":\"https:\/\/www.beyond.ch\/fr\/#organization\"},\"potentialAction\":[{\"@type\":\"SearchAction\",\"target\":{\"@type\":\"EntryPoint\",\"urlTemplate\":\"https:\/\/www.beyond.ch\/fr\/?s={search_term_string}\"},\"query-input\":\"required name=search_term_string\"}],\"inLanguage\":\"de-DE\"},{\"@type\":\"Organization\",\"@id\":\"https:\/\/www.beyond.ch\/fr\/#organization\",\"name\":\"BeyondStrategy SA\",\"url\":\"https:\/\/www.beyond.ch\/fr\/\",\"sameAs\":[\"https:\/\/www.linkedin.com\/company\/beyondstrategy-consulting\"],\"logo\":{\"@type\":\"ImageObject\",\"inLanguage\":\"de-DE\",\"@id\":\"https:\/\/www.beyond.ch\/fr\/#\/schema\/logo\/image\/\",\"url\":\"https:\/\/www.beyondstrategy.ch\/wp-content\/uploads\/2022\/09\/BS_CLAIM_LOGO__BEYOND_LOGO-CMYK.png\",\"contentUrl\":\"https:\/\/www.beyondstrategy.ch\/wp-content\/uploads\/2022\/09\/BS_CLAIM_LOGO__BEYOND_LOGO-CMYK.png\",\"width\":2520,\"height\":1016,\"caption\":\"BeyondStrategy SA\"},\"image\":{\"@id\":\"https:\/\/www.beyond.ch\/fr\/#\/schema\/logo\/image\/\"}}]}<\/script>\n<!-- \/ Yoast SEO plugin. -->","yoast_head_json":{"title":"Consultant - BeyondStrategy SA","robots":{"index":"index","follow":"follow","max-snippet":"max-snippet:-1","max-image-preview":"max-image-preview:large","max-video-preview":"max-video-preview:-1"},"canonical":"https:\/\/www.beyond.ch\/de\/mit-uns-arbeiten\/consultant\/","og_locale":"de_DE","og_type":"article","og_title":"Consultant - BeyondStrategy SA","og_description":"Zur\u00fcck Consultant.e CSRD (Lausanne) Responsabilit\u00e9s principales Renforcer et d\u00e9velopper nos activit\u00e9s en mati\u00e8re de CSRD et reporting de durabilit\u00e9, en accompagnant les entreprises dans la mise en conformit\u00e9 avec les exigences r\u00e9glementaires. Soutien des responsables dans les dossiers suivants : R\u00e9aliser des analyses de donn\u00e9es (collecte, \u00e9valuation et traitement sous Excel) pour le reporting CSRD [&hellip;]","og_url":"https:\/\/www.beyond.ch\/de\/mit-uns-arbeiten\/consultant\/","og_site_name":"BeyondStrategy SA","article_modified_time":"2025-02-11T16:04:16+00:00","twitter_card":"summary_large_image","twitter_misc":{"Gesch\u00e4tzte Lesezeit":"2 Minuten"},"schema":{"@context":"https:\/\/schema.org","@graph":[{"@type":"WebPage","@id":"https:\/\/www.beyond.ch\/de\/mit-uns-arbeiten\/consultant\/","url":"https:\/\/www.beyond.ch\/de\/mit-uns-arbeiten\/consultant\/","name":"Consultant - BeyondStrategy SA","isPartOf":{"@id":"https:\/\/www.beyond.ch\/fr\/#website"},"datePublished":"2022-07-11T14:24:06+00:00","dateModified":"2025-02-11T16:04:16+00:00","breadcrumb":{"@id":"https:\/\/www.beyond.ch\/de\/mit-uns-arbeiten\/consultant\/#breadcrumb"},"inLanguage":"de-DE","potentialAction":[{"@type":"ReadAction","target":["https:\/\/www.beyond.ch\/de\/mit-uns-arbeiten\/consultant\/"]}]},{"@type":"BreadcrumbList","@id":"https:\/\/www.beyond.ch\/de\/mit-uns-arbeiten\/consultant\/#breadcrumb","itemListElement":[{"@type":"ListItem","position":1,"name":"Accueil","item":"https:\/\/www.beyond.ch\/de\/"},{"@type":"ListItem","position":2,"name":"Mit uns arbeiten","item":"https:\/\/www.beyond.ch\/de\/mit-uns-arbeiten\/"},{"@type":"ListItem","position":3,"name":"Consultant"}]},{"@type":"WebSite","@id":"https:\/\/www.beyond.ch\/fr\/#website","url":"https:\/\/www.beyond.ch\/fr\/","name":"BeyondStrategy SA","description":"From risks to performance","publisher":{"@id":"https:\/\/www.beyond.ch\/fr\/#organization"},"potentialAction":[{"@type":"SearchAction","target":{"@type":"EntryPoint","urlTemplate":"https:\/\/www.beyond.ch\/fr\/?s={search_term_string}"},"query-input":"required name=search_term_string"}],"inLanguage":"de-DE"},{"@type":"Organization","@id":"https:\/\/www.beyond.ch\/fr\/#organization","name":"BeyondStrategy SA","url":"https:\/\/www.beyond.ch\/fr\/","sameAs":["https:\/\/www.linkedin.com\/company\/beyondstrategy-consulting"],"logo":{"@type":"ImageObject","inLanguage":"de-DE","@id":"https:\/\/www.beyond.ch\/fr\/#\/schema\/logo\/image\/","url":"https:\/\/www.beyondstrategy.ch\/wp-content\/uploads\/2022\/09\/BS_CLAIM_LOGO__BEYOND_LOGO-CMYK.png","contentUrl":"https:\/\/www.beyondstrategy.ch\/wp-content\/uploads\/2022\/09\/BS_CLAIM_LOGO__BEYOND_LOGO-CMYK.png","width":2520,"height":1016,"caption":"BeyondStrategy SA"},"image":{"@id":"https:\/\/www.beyond.ch\/fr\/#\/schema\/logo\/image\/"}}]}},"_links":{"self":[{"href":"https:\/\/www.beyond.ch\/de\/wp-json\/wp\/v2\/pages\/374"}],"collection":[{"href":"https:\/\/www.beyond.ch\/de\/wp-json\/wp\/v2\/pages"}],"about":[{"href":"https:\/\/www.beyond.ch\/de\/wp-json\/wp\/v2\/types\/page"}],"author":[{"embeddable":true,"href":"https:\/\/www.beyond.ch\/de\/wp-json\/wp\/v2\/users\/1"}],"replies":[{"embeddable":true,"href":"https:\/\/www.beyond.ch\/de\/wp-json\/wp\/v2\/comments?post=374"}],"version-history":[{"count":17,"href":"https:\/\/www.beyond.ch\/de\/wp-json\/wp\/v2\/pages\/374\/revisions"}],"predecessor-version":[{"id":1119,"href":"https:\/\/www.beyond.ch\/de\/wp-json\/wp\/v2\/pages\/374\/revisions\/1119"}],"up":[{"embeddable":true,"href":"https:\/\/www.beyond.ch\/de\/wp-json\/wp\/v2\/pages\/356"}],"wp:attachment":[{"href":"https:\/\/www.beyond.ch\/de\/wp-json\/wp\/v2\/media?parent=374"}],"curies":[{"name":"wp","href":"https:\/\/api.w.org\/{rel}","templated":true}]}}