{"id":60,"date":"2022-06-19T21:38:46","date_gmt":"2022-06-19T19:38:46","guid":{"rendered":"https:\/\/beyonddev.affinities.ch\/?page_id=60"},"modified":"2025-02-19T19:42:17","modified_gmt":"2025-02-19T18:42:17","slug":"kurt-wicki","status":"publish","type":"page","link":"https:\/\/www.beyond.ch\/de\/team\/kurt-wicki\/","title":{"rendered":"Kurt Wicki"},"content":{"rendered":"<p><img src=\"http:\/\/www.beyond.ch\/wp-content\/uploads\/2025\/02\/Photo-Kurt-Wicki.png\" alt=\"\"><\/p>\n<div>Co-Founder<\/div>\n<h1>Kurt Wicki<\/h1>\n<div>\n<p>Kurt Wicki ist Co-Founder von BeyondStrategy SA.<\/p>\n<p>1987 gr\u00fcndete er IBC und baute das Unternehmen durch stetes Dranbleiben zu einem der f\u00fchrenden Versicherungsbroker auf. Dass er sich mit Leichtigkeit zwischen der Deutsch- und der Westschweiz bewegt, hat zu seinem Erfolg beigetragen. Fr\u00fcher war er verantwortlich f\u00fcr das Versicherungs- und Risikomanagement in einem grossen Industriekonglomerat. Er war zudem zehn Jahre Vizepr\u00e4sident der SIBA und \u00fcbernahm w\u00e4hrend sechs Jahren die Vertretung der Broker beim Schweizerischen Arbeiterverband.<\/p>\n<p>Da die nicht-versicherbaren Risiken zunehmen, ist es ihm ein Anliegen, Firmen bei der Meisterung von Risiken zu unterst\u00fctzen. Er ist bedacht auf hohe Qualit\u00e4t und effiziente L\u00f6sungen.<\/p>\n<p>Die Ausdauer, die ihm beim Aufbau von IBC zugute kam, legt Kurt Wicki auch in seinen Freizeitaktivit\u00e4ten an den Tag, sei es beim Mountainbike- oder Skifahren, beim Golfspielen oder Bergwandern.<\/p>\n<\/div>\n<ul>\n<li><a href=\"&#x6d;&#x61;&#x69;&#x6c;&#x74;&#x6f;&#x3a;&#107;&#117;&#114;&#116;&#46;wick&#x69;&#x40;&#x62;&#x65;&#x79;&#x6f;&#x6e;&#x64;&#115;&#116;&#114;&#97;&#116;egy&#46;&#x63;&#x68;\">mail<\/a>\n<\/li>\n<li><a href=\"tel:+41212179176\">receiver<\/a>\n<\/li>\n<li><a href=\"https:\/\/www.linkedin.com\/in\/kurtwicki\/ \">linkedin<\/a>\n<\/li>\n<\/ul>\n<p><!--more--><br \/>\n<!-- {\"name\":\"Dianna Briggs\",\"type\":\"layout\",\"children\":[{\"name\":\"VCard\",\"type\":\"section\",\"props\":{\"style\":\"default\",\"width\":\"large\",\"vertical_align\":\"middle\",\"title_position\":\"top-left\",\"title_rotation\":\"left\",\"title_breakpoint\":\"xl\",\"image_position\":\"center-center\",\"height\":\"full\",\"image\":\"wp-content\\\/uploads\\\/projects-bg.svg\",\"image_effect\":\"parallax\",\"image_parallax_bgx_start\":\"-300\",\"image_parallax_bgy_start\":\"200\",\"image_parallax_bgy_end\":-150,\"image_parallax_bgx_end\":\"-300\",\"media_overlay\":null,\"padding_remove_bottom\":false,\"image_parallax_breakpoint\":\"m\",\"animation\":\"slide-left-medium\",\"animation_delay\":\"200\",\"media_visibility\":\"m\"},\"children\":[{\"name\":\"\",\"type\":\"row\",\"props\":{\"layout\":\"1-2,1-2\",\"margin_remove_top\":false,\"margin_remove_bottom\":false,\"vertical_align\":true,\"divider\":false,\"column_gap\":\"large\",\"row_gap\":\"large\"},\"children\":[{\"name\":\"\",\"type\":\"column\",\"props\":{\"image_position\":\"top-left\",\"image\":\"\",\"image_effect\":\"parallax\",\"width_medium\":\"1-2\",\"media_overlay_gradient\":\"\",\"position_sticky_breakpoint\":\"m\"},\"children\":[{\"name\":\"\",\"type\":\"image\",\"props\":{\"margin\":\"\",\"image\":\"http:\\\/\\\/www.beyond.ch\\\/wp-content\\\/uploads\\\/2025\\\/02\\\/Photo-Kurt-Wicki.png\",\"image_width\":\"600\",\"margin_remove_top\":false,\"margin_remove_bottom\":false,\"image_height\":\"700\",\"text_align\":\"left\",\"text_align_breakpoint\":\"m\",\"text_align_fallback\":\"center\",\"image_svg_color\":\"emphasis\"}}]},{\"name\":\"\",\"type\":\"column\",\"props\":{\"image_position\":\"top-left\",\"image\":\"\",\"image_width\":\"300\",\"media_overlay\":\"rgba(255, 255, 255, 0.54)\",\"vertical_align\":\"middle\",\"width_medium\":\"1-2\",\"media_overlay_gradient\":\"\",\"position_sticky_breakpoint\":\"m\"},\"children\":[{\"name\":\"\",\"type\":\"headline\",\"props\":{\"title_element\":\"div\",\"content\":\"Co-Founder\",\"title_style\":\"h6\",\"title_color\":\"primary\",\"margin_remove_top\":false,\"margin_remove_bottom\":false,\"margin\":\"small\"}},{\"name\":\"\",\"type\":\"headline\",\"props\":{\"title_element\":\"h1\",\"content\":\"Kurt Wicki\",\"margin_remove_top\":true,\"text_align\":\"left\",\"margin_remove_bottom\":false,\"title_style\":\"heading-medium\"}},{\"name\":\"\",\"type\":\"text\",\"props\":{\"margin\":\"large\",\"column_breakpoint\":\"m\",\"maxwidth\":\"2xlarge\",\"content\":\"\n\n<p>Kurt Wicki ist Co-Founder von BeyondStrategy SA.<\\\/p>\\n\n\n<p>1987 gr\\u00fcndete er IBC und baute das Unternehmen durch stetes Dranbleiben zu einem der f\\u00fchrenden Versicherungsbroker auf. Dass er sich mit Leichtigkeit zwischen der Deutsch- und der Westschweiz bewegt, hat zu seinem Erfolg beigetragen. Fr\\u00fcher war er verantwortlich f\\u00fcr das Versicherungs- und Risikomanagement in einem grossen Industriekonglomerat. Er war zudem zehn Jahre Vizepr\\u00e4sident der SIBA und \\u00fcbernahm w\\u00e4hrend sechs Jahren die Vertretung der Broker beim Schweizerischen Arbeiterverband.<\\\/p>\\n\n\n<p>Da die nicht-versicherbaren Risiken zunehmen, ist es ihm ein Anliegen, Firmen bei der Meisterung von Risiken zu unterst\\u00fctzen. Er ist bedacht auf hohe Qualit\\u00e4t und effiziente L\\u00f6sungen.<\\\/p>\\n\n\n<p>Die Ausdauer, die ihm beim Aufbau von IBC zugute kam, legt Kurt Wicki auch in seinen Freizeitaktivit\\u00e4ten an den Tag, sei es beim Mountainbike- oder Skifahren, beim Golfspielen oder Bergwandern.<\\\/p>\",\"text_size\":\"large\"}},{\"name\":\"\",\"type\":\"social\",\"props\":{\"link_style\":\"link\",\"margin\":\"large\",\"link_target\":true,\"grid_gap\":\"small\",\"grid\":\"horizontal\"},\"children\":[{\"type\":\"social_item\",\"props\":{\"link\":\"&#x6d;&#x61;&#x69;&#x6c;&#x74;&#x6f;&#x3a;&#x6b;&#x75;&#x72;&#x74;&#x2e;&#x77;&#x69;&#x63;&#x6b;&#x69;&#x40;&#x62;&#x65;&#x79;&#x6f;&#x6e;&#x64;&#x73;&#x74;&#x72;&#x61;&#x74;&#x65;&#x67;&#x79;&#x2e;&#x63;&#x68;\"}},{\"type\":\"social_item\",\"props\":{\"link\":\"tel:+41212179176\"}},{\"type\":\"social_item\",\"props\":{\"link\":\"https:\\\/\\\/www.linkedin.com\\\/in\\\/kurtwicki\\\/ \"}}]}]}]}]}],\"version\":\"2.7.22\"} --><\/p>\n","protected":false},"excerpt":{"rendered":"<p>Co-Founder Kurt Wicki Kurt Wicki ist Co-Founder von BeyondStrategy SA. 1987 gr\u00fcndete er IBC und baute das Unternehmen durch stetes Dranbleiben zu einem der f\u00fchrenden Versicherungsbroker auf. Dass er sich mit Leichtigkeit zwischen der Deutsch- und der Westschweiz bewegt, hat zu seinem Erfolg beigetragen. Fr\u00fcher war er verantwortlich f\u00fcr das Versicherungs- und Risikomanagement in einem [&hellip;]<\/p>\n","protected":false},"author":1,"featured_media":0,"parent":43,"menu_order":0,"comment_status":"closed","ping_status":"closed","template":"","meta":[],"yoast_head":"<!-- This site is optimized with the Yoast SEO plugin v19.6 - https:\/\/yoast.com\/wordpress\/plugins\/seo\/ -->\n<title>Kurt Wicki - BeyondStrategy SA<\/title>\n<meta name=\"robots\" content=\"index, follow, max-snippet:-1, max-image-preview:large, max-video-preview:-1\" \/>\n<link rel=\"canonical\" href=\"https:\/\/www.beyond.ch\/de\/team\/kurt-wicki\/\" \/>\n<meta property=\"og:locale\" content=\"de_DE\" \/>\n<meta property=\"og:type\" content=\"article\" \/>\n<meta property=\"og:title\" content=\"Kurt Wicki - BeyondStrategy SA\" \/>\n<meta property=\"og:description\" content=\"Co-Founder Kurt Wicki Kurt Wicki ist Co-Founder von BeyondStrategy SA. 1987 gr\u00fcndete er IBC und baute das Unternehmen durch stetes Dranbleiben zu einem der f\u00fchrenden Versicherungsbroker auf. Dass er sich mit Leichtigkeit zwischen der Deutsch- und der Westschweiz bewegt, hat zu seinem Erfolg beigetragen. Fr\u00fcher war er verantwortlich f\u00fcr das Versicherungs- und Risikomanagement in einem [&hellip;]\" \/>\n<meta property=\"og:url\" content=\"https:\/\/www.beyond.ch\/de\/team\/kurt-wicki\/\" \/>\n<meta property=\"og:site_name\" content=\"BeyondStrategy SA\" \/>\n<meta property=\"article:modified_time\" content=\"2025-02-19T18:42:17+00:00\" \/>\n<meta property=\"og:image\" content=\"http:\/\/www.beyond.ch\/wp-content\/uploads\/2025\/02\/Photo-Kurt-Wicki.png\" \/>\n<meta name=\"twitter:card\" content=\"summary_large_image\" \/>\n<meta name=\"twitter:label1\" content=\"Gesch\u00e4tzte Lesezeit\" \/>\n\t<meta name=\"twitter:data1\" content=\"1 Minute\" \/>\n<script type=\"application\/ld+json\" class=\"yoast-schema-graph\">{\"@context\":\"https:\/\/schema.org\",\"@graph\":[{\"@type\":\"WebPage\",\"@id\":\"https:\/\/www.beyond.ch\/de\/team\/kurt-wicki\/\",\"url\":\"https:\/\/www.beyond.ch\/de\/team\/kurt-wicki\/\",\"name\":\"Kurt Wicki - BeyondStrategy SA\",\"isPartOf\":{\"@id\":\"https:\/\/www.beyond.ch\/de\/#website\"},\"datePublished\":\"2022-06-19T19:38:46+00:00\",\"dateModified\":\"2025-02-19T18:42:17+00:00\",\"breadcrumb\":{\"@id\":\"https:\/\/www.beyond.ch\/de\/team\/kurt-wicki\/#breadcrumb\"},\"inLanguage\":\"de-DE\",\"potentialAction\":[{\"@type\":\"ReadAction\",\"target\":[\"https:\/\/www.beyond.ch\/de\/team\/kurt-wicki\/\"]}]},{\"@type\":\"BreadcrumbList\",\"@id\":\"https:\/\/www.beyond.ch\/de\/team\/kurt-wicki\/#breadcrumb\",\"itemListElement\":[{\"@type\":\"ListItem\",\"position\":1,\"name\":\"Accueil\",\"item\":\"https:\/\/www.beyond.ch\/de\/\"},{\"@type\":\"ListItem\",\"position\":2,\"name\":\"Team\",\"item\":\"https:\/\/www.beyond.ch\/de\/team\/\"},{\"@type\":\"ListItem\",\"position\":3,\"name\":\"Kurt Wicki\"}]},{\"@type\":\"WebSite\",\"@id\":\"https:\/\/www.beyond.ch\/de\/#website\",\"url\":\"https:\/\/www.beyond.ch\/de\/\",\"name\":\"BeyondStrategy SA\",\"description\":\"From risks to performance\",\"publisher\":{\"@id\":\"https:\/\/www.beyond.ch\/de\/#organization\"},\"potentialAction\":[{\"@type\":\"SearchAction\",\"target\":{\"@type\":\"EntryPoint\",\"urlTemplate\":\"https:\/\/www.beyond.ch\/de\/?s={search_term_string}\"},\"query-input\":\"required name=search_term_string\"}],\"inLanguage\":\"de-DE\"},{\"@type\":\"Organization\",\"@id\":\"https:\/\/www.beyond.ch\/de\/#organization\",\"name\":\"BeyondStrategy SA\",\"url\":\"https:\/\/www.beyond.ch\/de\/\",\"sameAs\":[\"https:\/\/www.linkedin.com\/company\/beyondstrategy-consulting\"],\"logo\":{\"@type\":\"ImageObject\",\"inLanguage\":\"de-DE\",\"@id\":\"https:\/\/www.beyond.ch\/de\/#\/schema\/logo\/image\/\",\"url\":\"https:\/\/www.beyondstrategy.ch\/wp-content\/uploads\/2022\/09\/BS_CLAIM_LOGO__BEYOND_LOGO-CMYK.png\",\"contentUrl\":\"https:\/\/www.beyondstrategy.ch\/wp-content\/uploads\/2022\/09\/BS_CLAIM_LOGO__BEYOND_LOGO-CMYK.png\",\"width\":2520,\"height\":1016,\"caption\":\"BeyondStrategy SA\"},\"image\":{\"@id\":\"https:\/\/www.beyond.ch\/de\/#\/schema\/logo\/image\/\"}}]}<\/script>\n<!-- \/ Yoast SEO plugin. -->","yoast_head_json":{"title":"Kurt Wicki - BeyondStrategy SA","robots":{"index":"index","follow":"follow","max-snippet":"max-snippet:-1","max-image-preview":"max-image-preview:large","max-video-preview":"max-video-preview:-1"},"canonical":"https:\/\/www.beyond.ch\/de\/team\/kurt-wicki\/","og_locale":"de_DE","og_type":"article","og_title":"Kurt Wicki - BeyondStrategy SA","og_description":"Co-Founder Kurt Wicki Kurt Wicki ist Co-Founder von BeyondStrategy SA. 1987 gr\u00fcndete er IBC und baute das Unternehmen durch stetes Dranbleiben zu einem der f\u00fchrenden Versicherungsbroker auf. Dass er sich mit Leichtigkeit zwischen der Deutsch- und der Westschweiz bewegt, hat zu seinem Erfolg beigetragen. Fr\u00fcher war er verantwortlich f\u00fcr das Versicherungs- und Risikomanagement in einem [&hellip;]","og_url":"https:\/\/www.beyond.ch\/de\/team\/kurt-wicki\/","og_site_name":"BeyondStrategy SA","article_modified_time":"2025-02-19T18:42:17+00:00","og_image":[{"url":"http:\/\/www.beyond.ch\/wp-content\/uploads\/2025\/02\/Photo-Kurt-Wicki.png"}],"twitter_card":"summary_large_image","twitter_misc":{"Gesch\u00e4tzte Lesezeit":"1 Minute"},"schema":{"@context":"https:\/\/schema.org","@graph":[{"@type":"WebPage","@id":"https:\/\/www.beyond.ch\/de\/team\/kurt-wicki\/","url":"https:\/\/www.beyond.ch\/de\/team\/kurt-wicki\/","name":"Kurt Wicki - BeyondStrategy SA","isPartOf":{"@id":"https:\/\/www.beyond.ch\/de\/#website"},"datePublished":"2022-06-19T19:38:46+00:00","dateModified":"2025-02-19T18:42:17+00:00","breadcrumb":{"@id":"https:\/\/www.beyond.ch\/de\/team\/kurt-wicki\/#breadcrumb"},"inLanguage":"de-DE","potentialAction":[{"@type":"ReadAction","target":["https:\/\/www.beyond.ch\/de\/team\/kurt-wicki\/"]}]},{"@type":"BreadcrumbList","@id":"https:\/\/www.beyond.ch\/de\/team\/kurt-wicki\/#breadcrumb","itemListElement":[{"@type":"ListItem","position":1,"name":"Accueil","item":"https:\/\/www.beyond.ch\/de\/"},{"@type":"ListItem","position":2,"name":"Team","item":"https:\/\/www.beyond.ch\/de\/team\/"},{"@type":"ListItem","position":3,"name":"Kurt Wicki"}]},{"@type":"WebSite","@id":"https:\/\/www.beyond.ch\/de\/#website","url":"https:\/\/www.beyond.ch\/de\/","name":"BeyondStrategy SA","description":"From risks to performance","publisher":{"@id":"https:\/\/www.beyond.ch\/de\/#organization"},"potentialAction":[{"@type":"SearchAction","target":{"@type":"EntryPoint","urlTemplate":"https:\/\/www.beyond.ch\/de\/?s={search_term_string}"},"query-input":"required name=search_term_string"}],"inLanguage":"de-DE"},{"@type":"Organization","@id":"https:\/\/www.beyond.ch\/de\/#organization","name":"BeyondStrategy SA","url":"https:\/\/www.beyond.ch\/de\/","sameAs":["https:\/\/www.linkedin.com\/company\/beyondstrategy-consulting"],"logo":{"@type":"ImageObject","inLanguage":"de-DE","@id":"https:\/\/www.beyond.ch\/de\/#\/schema\/logo\/image\/","url":"https:\/\/www.beyondstrategy.ch\/wp-content\/uploads\/2022\/09\/BS_CLAIM_LOGO__BEYOND_LOGO-CMYK.png","contentUrl":"https:\/\/www.beyondstrategy.ch\/wp-content\/uploads\/2022\/09\/BS_CLAIM_LOGO__BEYOND_LOGO-CMYK.png","width":2520,"height":1016,"caption":"BeyondStrategy SA"},"image":{"@id":"https:\/\/www.beyond.ch\/de\/#\/schema\/logo\/image\/"}}]}},"_links":{"self":[{"href":"https:\/\/www.beyond.ch\/de\/wp-json\/wp\/v2\/pages\/60"}],"collection":[{"href":"https:\/\/www.beyond.ch\/de\/wp-json\/wp\/v2\/pages"}],"about":[{"href":"https:\/\/www.beyond.ch\/de\/wp-json\/wp\/v2\/types\/page"}],"author":[{"embeddable":true,"href":"https:\/\/www.beyond.ch\/de\/wp-json\/wp\/v2\/users\/1"}],"replies":[{"embeddable":true,"href":"https:\/\/www.beyond.ch\/de\/wp-json\/wp\/v2\/comments?post=60"}],"version-history":[{"count":6,"href":"https:\/\/www.beyond.ch\/de\/wp-json\/wp\/v2\/pages\/60\/revisions"}],"predecessor-version":[{"id":1194,"href":"https:\/\/www.beyond.ch\/de\/wp-json\/wp\/v2\/pages\/60\/revisions\/1194"}],"up":[{"embeddable":true,"href":"https:\/\/www.beyond.ch\/de\/wp-json\/wp\/v2\/pages\/43"}],"wp:attachment":[{"href":"https:\/\/www.beyond.ch\/de\/wp-json\/wp\/v2\/media?parent=60"}],"curies":[{"name":"wp","href":"https:\/\/api.w.org\/{rel}","templated":true}]}}