{"id":72,"date":"2022-06-19T21:47:00","date_gmt":"2022-06-19T19:47:00","guid":{"rendered":"https:\/\/beyonddev.affinities.ch\/?page_id=72"},"modified":"2025-02-19T19:49:32","modified_gmt":"2025-02-19T18:49:32","slug":"samuel-wicki","status":"publish","type":"page","link":"https:\/\/www.beyond.ch\/de\/team\/samuel-wicki\/","title":{"rendered":"Samuel Wicki"},"content":{"rendered":"<p><img src=\"http:\/\/www.beyond.ch\/wp-content\/uploads\/2025\/02\/Photo-Samuel-Wicki.png\" alt=\"\"><\/p>\n<div>Co-Founder<\/div>\n<h1>Samuel Wicki<\/h1>\n<div>\n<p>Samuel Wicki ist Co-Founder von BeyondStrategy SA.<\/p>\n<p>Er studierte Geo- und Umweltwissenschaften (BSc) sowie Industrielle \u00d6kologie (MSc) und doktorierte an einem der f\u00fchrenden Institute f\u00fcr Nachhaltigkeitsmanagement (Center for Sustainability Management) an der Leuphana Universit\u00e4t in L\u00fcneburg. Beruflich bewegt er sich seit 2013 zwischen den Bereichen Beratung und Wissenschaft. Seit 2022 leitet er am Enterprise for Society Center der EPFL, der UNIL und des IMD nebenbei Projekte in den Bereichen Verantwortliches Management und Nachhaltige Technologien. Sowohl sprachlich als auch interkulturell versiert, ber\u00e4t er auf Deutsch, Schweizerdeutsch, Franz\u00f6sisch und Englisch.<\/p>\n<p>Als Unternehmensberater kann er seine analytisch-wissenschaftliche Seite und sein Interesse f\u00fcr Menschen miteinander verbinden. In der Zusammenarbeit mit seinen Kunden legt er grossen Wert darauf, F\u00fchrungskr\u00e4fte f\u00fcr k\u00fcnftige Herausforderungen des Wirtschaftsstandorts Schweiz auszustatten.<\/p>\n<p>Sein kommunikatives und integratives Flair zeigt sich auch in seiner Portr\u00e4tfotografie, mit der er sich nebenbei besch\u00e4ftigt. In seiner Freizeit ist Samuel Wicki oft in der Natur und regelm\u00e4ssig am Cully Jazz Festival anzutreffen.<\/p>\n<\/div>\n<ul>\n<li><a href=\"&#x6d;&#97;&#105;l&#x74;&#x6f;&#58;s&#x61;&#x6d;&#117;el&#x2e;&#119;&#105;c&#x6b;&#x69;&#64;b&#x65;&#x79;&#111;&#110;d&#x73;&#x74;&#114;a&#x74;&#x65;&#103;y&#x2e;&#x63;&#104;\">mail<\/a>\n<\/li>\n<li><a href=\"tel:+41212179176\">receiver<\/a>\n<\/li>\n<li><a href=\"https:\/\/www.linkedin.com\/in\/samuelwicki\/\">linkedin<\/a>\n<\/li>\n<\/ul>\n<p><!--more--><br \/>\n<!-- {\"name\":\"Detail Equipe\",\"type\":\"layout\",\"children\":[{\"name\":\"VCard\",\"type\":\"section\",\"props\":{\"style\":\"default\",\"width\":\"large\",\"vertical_align\":\"middle\",\"title_position\":\"top-left\",\"title_rotation\":\"left\",\"title_breakpoint\":\"xl\",\"image_position\":\"center-center\",\"height\":\"full\",\"image\":\"wp-content\\\/uploads\\\/projects-bg.svg\",\"image_effect\":\"parallax\",\"image_parallax_bgx_start\":\"-300\",\"image_parallax_bgy_start\":\"200\",\"image_parallax_bgy_end\":-150,\"image_parallax_bgx_end\":\"-300\",\"media_overlay\":null,\"padding_remove_bottom\":false,\"image_parallax_breakpoint\":\"m\",\"animation\":\"slide-left-medium\",\"animation_delay\":\"200\",\"media_visibility\":\"m\"},\"children\":[{\"name\":\"\",\"type\":\"row\",\"props\":{\"layout\":\"1-2,1-2\",\"margin_remove_top\":false,\"margin_remove_bottom\":false,\"vertical_align\":true,\"divider\":false,\"column_gap\":\"large\",\"row_gap\":\"large\"},\"children\":[{\"name\":\"\",\"type\":\"column\",\"props\":{\"image_position\":\"top-left\",\"image\":\"\",\"image_effect\":\"parallax\",\"width_medium\":\"1-2\",\"media_overlay_gradient\":\"\",\"position_sticky_breakpoint\":\"m\"},\"children\":[{\"name\":\"\",\"type\":\"image\",\"props\":{\"margin\":\"\",\"image\":\"http:\\\/\\\/www.beyond.ch\\\/wp-content\\\/uploads\\\/2025\\\/02\\\/Photo-Samuel-Wicki.png\",\"image_width\":\"600\",\"margin_remove_top\":false,\"margin_remove_bottom\":false,\"image_height\":\"700\",\"text_align\":\"left\",\"text_align_breakpoint\":\"m\",\"text_align_fallback\":\"center\",\"image_svg_color\":\"emphasis\"}}]},{\"name\":\"\",\"type\":\"column\",\"props\":{\"image_position\":\"top-left\",\"image\":\"\",\"image_width\":\"300\",\"media_overlay\":\"rgba(255, 255, 255, 0.54)\",\"vertical_align\":\"middle\",\"width_medium\":\"1-2\",\"media_overlay_gradient\":\"\",\"position_sticky_breakpoint\":\"m\"},\"children\":[{\"name\":\"\",\"type\":\"headline\",\"props\":{\"title_element\":\"div\",\"content\":\"Co-Founder\",\"title_style\":\"h6\",\"title_color\":\"primary\",\"margin_remove_top\":false,\"margin_remove_bottom\":false,\"margin\":\"small\"}},{\"name\":\"\",\"type\":\"headline\",\"props\":{\"title_element\":\"h1\",\"content\":\"Samuel Wicki\",\"margin_remove_top\":true,\"text_align\":\"left\",\"margin_remove_bottom\":false,\"title_style\":\"heading-medium\"}},{\"name\":\"\",\"type\":\"text\",\"props\":{\"margin\":\"large\",\"column_breakpoint\":\"m\",\"maxwidth\":\"2xlarge\",\"content\":\"\n\n<p>Samuel Wicki ist Co-Founder von BeyondStrategy SA.<\\\/p>\\n\n\n<p>Er studierte Geo- und Umweltwissenschaften (BSc) sowie Industrielle \\u00d6kologie (MSc) und doktorierte an einem der f\\u00fchrenden Institute f\\u00fcr Nachhaltigkeitsmanagement (Center for Sustainability Management) an der Leuphana Universit\\u00e4t in L\\u00fcneburg. Beruflich bewegt er sich seit 2013 zwischen den Bereichen Beratung und Wissenschaft. Seit 2022 leitet er am Enterprise for Society Center der EPFL, der UNIL und des IMD nebenbei Projekte in den Bereichen Verantwortliches Management und Nachhaltige Technologien. Sowohl sprachlich als auch interkulturell versiert, ber\\u00e4t er auf Deutsch, Schweizerdeutsch, Franz\\u00f6sisch und Englisch.<\\\/p>\\n\n\n<p>Als Unternehmensberater kann er seine analytisch-wissenschaftliche Seite und sein Interesse f\\u00fcr Menschen miteinander verbinden. In der Zusammenarbeit mit seinen Kunden legt er grossen Wert darauf, F\\u00fchrungskr\\u00e4fte f\\u00fcr k\\u00fcnftige Herausforderungen des Wirtschaftsstandorts Schweiz auszustatten.<\\\/p>\\n\n\n<p>Sein kommunikatives und integratives Flair zeigt sich auch in seiner Portr\\u00e4tfotografie, mit der er sich nebenbei besch\\u00e4ftigt. In seiner Freizeit ist Samuel Wicki oft in der Natur und regelm\\u00e4ssig am Cully Jazz Festival anzutreffen.<\\\/p>\",\"text_size\":\"large\"}},{\"name\":\"\",\"type\":\"social\",\"props\":{\"link_style\":\"link\",\"margin\":\"large\",\"link_target\":true,\"grid_gap\":\"small\",\"grid\":\"horizontal\"},\"children\":[{\"type\":\"social_item\",\"props\":{\"link\":\"&#x6d;&#x61;&#x69;&#x6c;&#116;&#111;&#58;sa&#x6d;&#x75;&#x65;&#x6c;&#x2e;&#119;&#105;&#99;ki&#x40;&#x62;&#x65;&#x79;&#x6f;&#110;&#100;&#115;tr&#x61;&#x74;&#x65;&#x67;&#x79;&#46;&#99;&#104;\"}},{\"type\":\"social_item\",\"props\":{\"link\":\"tel:+41212179176\"}},{\"type\":\"social_item\",\"props\":{\"link\":\"https:\\\/\\\/www.linkedin.com\\\/in\\\/samuelwicki\\\/\"}}]}]}]}]}],\"version\":\"2.7.22\"} --><\/p>\n","protected":false},"excerpt":{"rendered":"<p>Co-Founder Samuel Wicki Samuel Wicki ist Co-Founder von BeyondStrategy SA. Er studierte Geo- und Umweltwissenschaften (BSc) sowie Industrielle \u00d6kologie (MSc) und doktorierte an einem der f\u00fchrenden Institute f\u00fcr Nachhaltigkeitsmanagement (Center for Sustainability Management) an der Leuphana Universit\u00e4t in L\u00fcneburg. Beruflich bewegt er sich seit 2013 zwischen den Bereichen Beratung und Wissenschaft. Seit 2022 leitet er [&hellip;]<\/p>\n","protected":false},"author":1,"featured_media":0,"parent":43,"menu_order":0,"comment_status":"closed","ping_status":"closed","template":"","meta":[],"yoast_head":"<!-- This site is optimized with the Yoast SEO plugin v19.6 - https:\/\/yoast.com\/wordpress\/plugins\/seo\/ -->\n<title>Samuel Wicki - BeyondStrategy SA<\/title>\n<meta name=\"robots\" content=\"index, follow, max-snippet:-1, max-image-preview:large, max-video-preview:-1\" \/>\n<link rel=\"canonical\" href=\"http:\/\/www.beyond.ch\/de\/team\/samuel-wicki\/\" \/>\n<meta property=\"og:locale\" content=\"de_DE\" \/>\n<meta property=\"og:type\" content=\"article\" \/>\n<meta property=\"og:title\" content=\"Samuel Wicki - BeyondStrategy SA\" \/>\n<meta property=\"og:description\" content=\"Co-Founder Samuel Wicki Samuel Wicki ist Co-Founder von BeyondStrategy SA. Er studierte Geo- und Umweltwissenschaften (BSc) sowie Industrielle \u00d6kologie (MSc) und doktorierte an einem der f\u00fchrenden Institute f\u00fcr Nachhaltigkeitsmanagement (Center for Sustainability Management) an der Leuphana Universit\u00e4t in L\u00fcneburg. Beruflich bewegt er sich seit 2013 zwischen den Bereichen Beratung und Wissenschaft. Seit 2022 leitet er [&hellip;]\" \/>\n<meta property=\"og:url\" content=\"http:\/\/www.beyond.ch\/de\/team\/samuel-wicki\/\" \/>\n<meta property=\"og:site_name\" content=\"BeyondStrategy SA\" \/>\n<meta property=\"article:modified_time\" content=\"2025-02-19T18:49:32+00:00\" \/>\n<meta property=\"og:image\" content=\"http:\/\/www.beyond.ch\/wp-content\/uploads\/2025\/02\/Photo-Samuel-Wicki.png\" \/>\n<meta name=\"twitter:card\" content=\"summary_large_image\" \/>\n<meta name=\"twitter:label1\" content=\"Gesch\u00e4tzte Lesezeit\" \/>\n\t<meta name=\"twitter:data1\" content=\"1 Minute\" \/>\n<script type=\"application\/ld+json\" class=\"yoast-schema-graph\">{\"@context\":\"https:\/\/schema.org\",\"@graph\":[{\"@type\":\"WebPage\",\"@id\":\"http:\/\/www.beyond.ch\/de\/team\/samuel-wicki\/\",\"url\":\"http:\/\/www.beyond.ch\/de\/team\/samuel-wicki\/\",\"name\":\"Samuel Wicki - BeyondStrategy SA\",\"isPartOf\":{\"@id\":\"https:\/\/www.beyond.ch\/de\/#website\"},\"datePublished\":\"2022-06-19T19:47:00+00:00\",\"dateModified\":\"2025-02-19T18:49:32+00:00\",\"breadcrumb\":{\"@id\":\"http:\/\/www.beyond.ch\/de\/team\/samuel-wicki\/#breadcrumb\"},\"inLanguage\":\"de-DE\",\"potentialAction\":[{\"@type\":\"ReadAction\",\"target\":[\"http:\/\/www.beyond.ch\/de\/team\/samuel-wicki\/\"]}]},{\"@type\":\"BreadcrumbList\",\"@id\":\"http:\/\/www.beyond.ch\/de\/team\/samuel-wicki\/#breadcrumb\",\"itemListElement\":[{\"@type\":\"ListItem\",\"position\":1,\"name\":\"Accueil\",\"item\":\"https:\/\/www.beyond.ch\/de\/\"},{\"@type\":\"ListItem\",\"position\":2,\"name\":\"Team\",\"item\":\"https:\/\/www.beyond.ch\/de\/team\/\"},{\"@type\":\"ListItem\",\"position\":3,\"name\":\"Samuel Wicki\"}]},{\"@type\":\"WebSite\",\"@id\":\"https:\/\/www.beyond.ch\/de\/#website\",\"url\":\"https:\/\/www.beyond.ch\/de\/\",\"name\":\"BeyondStrategy SA\",\"description\":\"From risks to performance\",\"publisher\":{\"@id\":\"https:\/\/www.beyond.ch\/de\/#organization\"},\"potentialAction\":[{\"@type\":\"SearchAction\",\"target\":{\"@type\":\"EntryPoint\",\"urlTemplate\":\"https:\/\/www.beyond.ch\/de\/?s={search_term_string}\"},\"query-input\":\"required name=search_term_string\"}],\"inLanguage\":\"de-DE\"},{\"@type\":\"Organization\",\"@id\":\"https:\/\/www.beyond.ch\/de\/#organization\",\"name\":\"BeyondStrategy SA\",\"url\":\"https:\/\/www.beyond.ch\/de\/\",\"sameAs\":[\"https:\/\/www.linkedin.com\/company\/beyondstrategy-consulting\"],\"logo\":{\"@type\":\"ImageObject\",\"inLanguage\":\"de-DE\",\"@id\":\"https:\/\/www.beyond.ch\/de\/#\/schema\/logo\/image\/\",\"url\":\"https:\/\/www.beyondstrategy.ch\/wp-content\/uploads\/2022\/09\/BS_CLAIM_LOGO__BEYOND_LOGO-CMYK.png\",\"contentUrl\":\"https:\/\/www.beyondstrategy.ch\/wp-content\/uploads\/2022\/09\/BS_CLAIM_LOGO__BEYOND_LOGO-CMYK.png\",\"width\":2520,\"height\":1016,\"caption\":\"BeyondStrategy SA\"},\"image\":{\"@id\":\"https:\/\/www.beyond.ch\/de\/#\/schema\/logo\/image\/\"}}]}<\/script>\n<!-- \/ Yoast SEO plugin. -->","yoast_head_json":{"title":"Samuel Wicki - BeyondStrategy SA","robots":{"index":"index","follow":"follow","max-snippet":"max-snippet:-1","max-image-preview":"max-image-preview:large","max-video-preview":"max-video-preview:-1"},"canonical":"http:\/\/www.beyond.ch\/de\/team\/samuel-wicki\/","og_locale":"de_DE","og_type":"article","og_title":"Samuel Wicki - BeyondStrategy SA","og_description":"Co-Founder Samuel Wicki Samuel Wicki ist Co-Founder von BeyondStrategy SA. Er studierte Geo- und Umweltwissenschaften (BSc) sowie Industrielle \u00d6kologie (MSc) und doktorierte an einem der f\u00fchrenden Institute f\u00fcr Nachhaltigkeitsmanagement (Center for Sustainability Management) an der Leuphana Universit\u00e4t in L\u00fcneburg. Beruflich bewegt er sich seit 2013 zwischen den Bereichen Beratung und Wissenschaft. Seit 2022 leitet er [&hellip;]","og_url":"http:\/\/www.beyond.ch\/de\/team\/samuel-wicki\/","og_site_name":"BeyondStrategy SA","article_modified_time":"2025-02-19T18:49:32+00:00","og_image":[{"url":"http:\/\/www.beyond.ch\/wp-content\/uploads\/2025\/02\/Photo-Samuel-Wicki.png"}],"twitter_card":"summary_large_image","twitter_misc":{"Gesch\u00e4tzte Lesezeit":"1 Minute"},"schema":{"@context":"https:\/\/schema.org","@graph":[{"@type":"WebPage","@id":"http:\/\/www.beyond.ch\/de\/team\/samuel-wicki\/","url":"http:\/\/www.beyond.ch\/de\/team\/samuel-wicki\/","name":"Samuel Wicki - BeyondStrategy SA","isPartOf":{"@id":"https:\/\/www.beyond.ch\/de\/#website"},"datePublished":"2022-06-19T19:47:00+00:00","dateModified":"2025-02-19T18:49:32+00:00","breadcrumb":{"@id":"http:\/\/www.beyond.ch\/de\/team\/samuel-wicki\/#breadcrumb"},"inLanguage":"de-DE","potentialAction":[{"@type":"ReadAction","target":["http:\/\/www.beyond.ch\/de\/team\/samuel-wicki\/"]}]},{"@type":"BreadcrumbList","@id":"http:\/\/www.beyond.ch\/de\/team\/samuel-wicki\/#breadcrumb","itemListElement":[{"@type":"ListItem","position":1,"name":"Accueil","item":"https:\/\/www.beyond.ch\/de\/"},{"@type":"ListItem","position":2,"name":"Team","item":"https:\/\/www.beyond.ch\/de\/team\/"},{"@type":"ListItem","position":3,"name":"Samuel Wicki"}]},{"@type":"WebSite","@id":"https:\/\/www.beyond.ch\/de\/#website","url":"https:\/\/www.beyond.ch\/de\/","name":"BeyondStrategy SA","description":"From risks to performance","publisher":{"@id":"https:\/\/www.beyond.ch\/de\/#organization"},"potentialAction":[{"@type":"SearchAction","target":{"@type":"EntryPoint","urlTemplate":"https:\/\/www.beyond.ch\/de\/?s={search_term_string}"},"query-input":"required name=search_term_string"}],"inLanguage":"de-DE"},{"@type":"Organization","@id":"https:\/\/www.beyond.ch\/de\/#organization","name":"BeyondStrategy SA","url":"https:\/\/www.beyond.ch\/de\/","sameAs":["https:\/\/www.linkedin.com\/company\/beyondstrategy-consulting"],"logo":{"@type":"ImageObject","inLanguage":"de-DE","@id":"https:\/\/www.beyond.ch\/de\/#\/schema\/logo\/image\/","url":"https:\/\/www.beyondstrategy.ch\/wp-content\/uploads\/2022\/09\/BS_CLAIM_LOGO__BEYOND_LOGO-CMYK.png","contentUrl":"https:\/\/www.beyondstrategy.ch\/wp-content\/uploads\/2022\/09\/BS_CLAIM_LOGO__BEYOND_LOGO-CMYK.png","width":2520,"height":1016,"caption":"BeyondStrategy SA"},"image":{"@id":"https:\/\/www.beyond.ch\/de\/#\/schema\/logo\/image\/"}}]}},"_links":{"self":[{"href":"https:\/\/www.beyond.ch\/de\/wp-json\/wp\/v2\/pages\/72"}],"collection":[{"href":"https:\/\/www.beyond.ch\/de\/wp-json\/wp\/v2\/pages"}],"about":[{"href":"https:\/\/www.beyond.ch\/de\/wp-json\/wp\/v2\/types\/page"}],"author":[{"embeddable":true,"href":"https:\/\/www.beyond.ch\/de\/wp-json\/wp\/v2\/users\/1"}],"replies":[{"embeddable":true,"href":"https:\/\/www.beyond.ch\/de\/wp-json\/wp\/v2\/comments?post=72"}],"version-history":[{"count":7,"href":"https:\/\/www.beyond.ch\/de\/wp-json\/wp\/v2\/pages\/72\/revisions"}],"predecessor-version":[{"id":1198,"href":"https:\/\/www.beyond.ch\/de\/wp-json\/wp\/v2\/pages\/72\/revisions\/1198"}],"up":[{"embeddable":true,"href":"https:\/\/www.beyond.ch\/de\/wp-json\/wp\/v2\/pages\/43"}],"wp:attachment":[{"href":"https:\/\/www.beyond.ch\/de\/wp-json\/wp\/v2\/media?parent=72"}],"curies":[{"name":"wp","href":"https:\/\/api.w.org\/{rel}","templated":true}]}}