{"id":76,"date":"2022-06-19T21:50:01","date_gmt":"2022-06-19T19:50:01","guid":{"rendered":"https:\/\/beyonddev.affinities.ch\/?page_id=76"},"modified":"2025-02-18T17:02:46","modified_gmt":"2025-02-18T16:02:46","slug":"paul-steele","status":"publish","type":"page","link":"https:\/\/www.beyond.ch\/de\/team\/paul-steele\/","title":{"rendered":"Paul Steele"},"content":{"rendered":"<p><img src=\"http:\/\/www.beyond.ch\/wp-content\/uploads\/2025\/02\/Photo-Paul-Steele.png\" alt=\"Photo Paul Steele\"><\/p>\n<div>Affiliierter Berater<\/div>\n<h1>Paul Steele<\/h1>\n<div>\n<p>Paul Steele ist ein anerkannter Verfechter der nachhaltigen Entwicklung und verantwortungsvollen Unternehmensf\u00fchrung sowie ein Experte f\u00fcr internationale Beziehungen. Er verf\u00fcgt \u00fcber umfangreiche Erfahrung in der Entwicklung und Umsetzung von Nachhaltigkeitsstrategien sowohl auf Branchenebene als auch f\u00fcr einzelne Unternehmen.<\/p>\n<p>Bis 2019 war er Senior Vice President f\u00fcr Mitglieder- und Au\u00dfenbeziehungen sowie Corporate Secretary der International Air Transport Association (IATA), wo er die strategischen Lobbying- und Stakeholder-Management-Aktivit\u00e4ten der Organisation weltweit leitete und umsetzte. Er spielte eine entscheidende Rolle bei der Entwicklung des nachhaltigen Transformationspfads der Luftfahrtbranche sowie bei der Verabschiedung globaler CO\u2082-Reduktionsziele unter der Schirmherrschaft der Internationalen Zivilluftfahrtorganisation (ICAO) der Vereinten Nationen.<\/p>\n<p>Von 2008 bis 2014 war Paul zudem Exekutivdirektor der Air Transport Action Group (ATAG), einer branchen\u00fcbergreifenden Organisation zur F\u00f6rderung einer nachhaltigen Luftfahrt.<\/p>\n<p>Bevor er 2007 zur IATA kam, war er Chief Operating Officer von WWF International, wo er die Zusammenarbeit der NGO mit der Wirtschaft leitete und gro\u00dfe Unternehmen bei der Entwicklung und Umsetzung von Nachhaltigkeitsstrategien unterst\u00fctzte. Davor sammelte Paul \u00fcber 20 Jahre Erfahrung in leitenden Managementpositionen bei f\u00fchrenden internationalen Unternehmen. Zu seinen fr\u00fcheren Funktionen geh\u00f6ren: CEO der Virgin Trading Company, Senior Vice President f\u00fcr Vertrieb, Marketing und Informationstechnologie der Hilton Hotel Group, wo er f\u00fcr 150 Hotels in 50 L\u00e4ndern verantwortlich war, sowie verschiedene leitende Positionen bei Pepsi Cola International, zuletzt als Group Vice President f\u00fcr Nordeuropa.<\/p>\n<p>Er besitzt einen Abschluss in Betriebswirtschaft mit Franz\u00f6sisch sowie ein Diplom in Industrie-Studien von der Loughborough University. Zudem war er Dozent des Prince of Wales\u2019s Business and the Environment Programme, das von der Universit\u00e4t Cambridge geleitet wird.<\/p>\n<\/div>\n<ul>\n<li><a href=\"&#x6d;&#97;i&#x6c;&#116;o&#x3a;&#x70;&#97;&#x75;&#x6c;&#46;s&#x74;&#101;e&#x6c;&#x65;&#64;&#x62;&#x65;&#121;o&#x6e;&#100;s&#x74;&#x72;&#97;&#x74;&#x65;&#103;y&#x2e;&#99;h\">mail<\/a>\n<\/li>\n<li><a href=\"tel:+41212179176\">receiver<\/a>\n<\/li>\n<li><a href=\"https:\/\/www.linkedin.com\/in\/paul-steele-981ba21\/\">linkedin<\/a>\n<\/li>\n<\/ul>\n<p><!--more--><br \/>\n<!-- {\"name\":\"Detail Equipe\",\"type\":\"layout\",\"children\":[{\"name\":\"VCard\",\"type\":\"section\",\"props\":{\"style\":\"default\",\"width\":\"large\",\"vertical_align\":\"middle\",\"title_position\":\"top-left\",\"title_rotation\":\"left\",\"title_breakpoint\":\"xl\",\"image_position\":\"center-center\",\"height\":\"full\",\"image\":\"wp-content\\\/uploads\\\/projects-bg.svg\",\"image_effect\":\"parallax\",\"image_parallax_bgx_start\":\"-300\",\"image_parallax_bgy_start\":\"200\",\"image_parallax_bgy_end\":-150,\"image_parallax_bgx_end\":\"-300\",\"media_overlay\":null,\"padding_remove_bottom\":false,\"image_parallax_breakpoint\":\"m\",\"animation\":\"slide-left-medium\",\"animation_delay\":\"200\",\"media_visibility\":\"m\"},\"children\":[{\"name\":\"\",\"type\":\"row\",\"props\":{\"layout\":\"1-2,1-2\",\"margin_remove_top\":false,\"margin_remove_bottom\":false,\"vertical_align\":true,\"divider\":false,\"column_gap\":\"large\",\"row_gap\":\"large\"},\"children\":[{\"name\":\"\",\"type\":\"column\",\"props\":{\"image_position\":\"top-left\",\"image\":\"\",\"image_effect\":\"parallax\",\"width_medium\":\"1-2\",\"media_overlay_gradient\":\"\",\"position_sticky_breakpoint\":\"m\"},\"children\":[{\"type\":\"image\",\"props\":{\"margin\":\"default\",\"image_svg_color\":\"emphasis\",\"image\":\"http:\\\/\\\/www.beyond.ch\\\/wp-content\\\/uploads\\\/2025\\\/02\\\/Photo-Paul-Steele.png\",\"image_alt\":\"Photo Paul Steele\"}}]},{\"name\":\"\",\"type\":\"column\",\"props\":{\"image_position\":\"top-left\",\"image\":\"\",\"image_width\":\"300\",\"media_overlay\":\"rgba(255, 255, 255, 0.54)\",\"vertical_align\":\"middle\",\"width_medium\":\"1-2\",\"media_overlay_gradient\":\"\",\"position_sticky_breakpoint\":\"m\"},\"children\":[{\"name\":\"\",\"type\":\"headline\",\"props\":{\"title_element\":\"div\",\"content\":\"Affiliierter Berater\",\"title_style\":\"h6\",\"title_color\":\"primary\",\"margin_remove_top\":false,\"margin_remove_bottom\":false,\"margin\":\"small\"}},{\"name\":\"\",\"type\":\"headline\",\"props\":{\"title_element\":\"h1\",\"content\":\"Paul Steele\",\"margin_remove_top\":true,\"text_align\":\"left\",\"margin_remove_bottom\":false,\"title_style\":\"heading-medium\"}},{\"name\":\"\",\"type\":\"text\",\"props\":{\"margin\":\"large\",\"column_breakpoint\":\"m\",\"maxwidth\":\"2xlarge\",\"content\":\"\n\n<p>Paul Steele ist ein anerkannter Verfechter der nachhaltigen Entwicklung und verantwortungsvollen Unternehmensf\\u00fchrung sowie ein Experte f\\u00fcr internationale Beziehungen. Er verf\\u00fcgt \\u00fcber umfangreiche Erfahrung in der Entwicklung und Umsetzung von Nachhaltigkeitsstrategien sowohl auf Branchenebene als auch f\\u00fcr einzelne Unternehmen.<\\\/p>\\n\n\n<p>Bis 2019 war er Senior Vice President f\\u00fcr Mitglieder- und Au\\u00dfenbeziehungen sowie Corporate Secretary der International Air Transport Association (IATA), wo er die strategischen Lobbying- und Stakeholder-Management-Aktivit\\u00e4ten der Organisation weltweit leitete und umsetzte. Er spielte eine entscheidende Rolle bei der Entwicklung des nachhaltigen Transformationspfads der Luftfahrtbranche sowie bei der Verabschiedung globaler CO\\u2082-Reduktionsziele unter der Schirmherrschaft der Internationalen Zivilluftfahrtorganisation (ICAO) der Vereinten Nationen.<\\\/p>\\n\n\n<p>Von 2008 bis 2014 war Paul zudem Exekutivdirektor der Air Transport Action Group (ATAG), einer branchen\\u00fcbergreifenden Organisation zur F\\u00f6rderung einer nachhaltigen Luftfahrt.<\\\/p>\\n\n\n<p>Bevor er 2007 zur IATA kam, war er Chief Operating Officer von WWF International, wo er die Zusammenarbeit der NGO mit der Wirtschaft leitete und gro\\u00dfe Unternehmen bei der Entwicklung und Umsetzung von Nachhaltigkeitsstrategien unterst\\u00fctzte. Davor sammelte Paul \\u00fcber 20 Jahre Erfahrung in leitenden Managementpositionen bei f\\u00fchrenden internationalen Unternehmen. Zu seinen fr\\u00fcheren Funktionen geh\\u00f6ren: CEO der Virgin Trading Company, Senior Vice President f\\u00fcr Vertrieb, Marketing und Informationstechnologie der Hilton Hotel Group, wo er f\\u00fcr 150 Hotels in 50 L\\u00e4ndern verantwortlich war, sowie verschiedene leitende Positionen bei Pepsi Cola International, zuletzt als Group Vice President f\\u00fcr Nordeuropa.<\\\/p>\\n\n\n<p>Er besitzt einen Abschluss in Betriebswirtschaft mit Franz\\u00f6sisch sowie ein Diplom in Industrie-Studien von der Loughborough University. Zudem war er Dozent des Prince of Wales\\u2019s Business and the Environment Programme, das von der Universit\\u00e4t Cambridge geleitet wird.<\\\/p>\",\"text_size\":\"large\"}},{\"name\":\"\",\"type\":\"social\",\"props\":{\"link_style\":\"link\",\"margin\":\"large\",\"link_target\":true,\"grid_gap\":\"small\",\"grid\":\"horizontal\"},\"children\":[{\"type\":\"social_item\",\"props\":{\"link\":\"m&#97;&#105;&#x6c;&#x74;o&#58;&#112;&#x61;&#x75;&#x6c;&#46;&#115;&#116;&#x65;&#x65;le&#64;&#x62;&#x65;&#x79;o&#110;&#100;&#x73;&#x74;ra&#116;&#x65;&#x67;&#x79;&#46;&#99;&#104;\"}},{\"type\":\"social_item\",\"props\":{\"link\":\"tel:+41212179176\"}},{\"type\":\"social_item\",\"props\":{\"link\":\"https:\\\/\\\/www.linkedin.com\\\/in\\\/paul-steele-981ba21\\\/\"}}]}]}]}]}],\"version\":\"2.7.22\"} --><\/p>\n","protected":false},"excerpt":{"rendered":"<p>Affiliierter Berater Paul Steele Paul Steele ist ein anerkannter Verfechter der nachhaltigen Entwicklung und verantwortungsvollen Unternehmensf\u00fchrung sowie ein Experte f\u00fcr internationale Beziehungen. Er verf\u00fcgt \u00fcber umfangreiche Erfahrung in der Entwicklung und Umsetzung von Nachhaltigkeitsstrategien sowohl auf Branchenebene als auch f\u00fcr einzelne Unternehmen. Bis 2019 war er Senior Vice President f\u00fcr Mitglieder- und Au\u00dfenbeziehungen sowie Corporate [&hellip;]<\/p>\n","protected":false},"author":1,"featured_media":0,"parent":43,"menu_order":0,"comment_status":"closed","ping_status":"closed","template":"","meta":[],"yoast_head":"<!-- This site is optimized with the Yoast SEO plugin v19.6 - https:\/\/yoast.com\/wordpress\/plugins\/seo\/ -->\n<title>Paul Steele - BeyondStrategy SA<\/title>\n<meta name=\"robots\" content=\"index, follow, max-snippet:-1, max-image-preview:large, max-video-preview:-1\" \/>\n<link rel=\"canonical\" href=\"http:\/\/www.beyond.ch\/de\/team\/paul-steele\/\" \/>\n<meta property=\"og:locale\" content=\"de_DE\" \/>\n<meta property=\"og:type\" content=\"article\" \/>\n<meta property=\"og:title\" content=\"Paul Steele - BeyondStrategy SA\" \/>\n<meta property=\"og:description\" content=\"Affiliierter Berater Paul Steele Paul Steele ist ein anerkannter Verfechter der nachhaltigen Entwicklung und verantwortungsvollen Unternehmensf\u00fchrung sowie ein Experte f\u00fcr internationale Beziehungen. Er verf\u00fcgt \u00fcber umfangreiche Erfahrung in der Entwicklung und Umsetzung von Nachhaltigkeitsstrategien sowohl auf Branchenebene als auch f\u00fcr einzelne Unternehmen. Bis 2019 war er Senior Vice President f\u00fcr Mitglieder- und Au\u00dfenbeziehungen sowie Corporate [&hellip;]\" \/>\n<meta property=\"og:url\" content=\"http:\/\/www.beyond.ch\/de\/team\/paul-steele\/\" \/>\n<meta property=\"og:site_name\" content=\"BeyondStrategy SA\" \/>\n<meta property=\"article:modified_time\" content=\"2025-02-18T16:02:46+00:00\" \/>\n<meta property=\"og:image\" content=\"http:\/\/www.beyond.ch\/wp-content\/uploads\/2025\/02\/Photo-Paul-Steele.png\" \/>\n<meta name=\"twitter:card\" content=\"summary_large_image\" \/>\n<meta name=\"twitter:label1\" content=\"Gesch\u00e4tzte Lesezeit\" \/>\n\t<meta name=\"twitter:data1\" content=\"1 Minute\" \/>\n<script type=\"application\/ld+json\" class=\"yoast-schema-graph\">{\"@context\":\"https:\/\/schema.org\",\"@graph\":[{\"@type\":\"WebPage\",\"@id\":\"http:\/\/www.beyond.ch\/de\/team\/paul-steele\/\",\"url\":\"http:\/\/www.beyond.ch\/de\/team\/paul-steele\/\",\"name\":\"Paul Steele - BeyondStrategy SA\",\"isPartOf\":{\"@id\":\"https:\/\/www.beyond.ch\/de\/#website\"},\"datePublished\":\"2022-06-19T19:50:01+00:00\",\"dateModified\":\"2025-02-18T16:02:46+00:00\",\"breadcrumb\":{\"@id\":\"http:\/\/www.beyond.ch\/de\/team\/paul-steele\/#breadcrumb\"},\"inLanguage\":\"de-DE\",\"potentialAction\":[{\"@type\":\"ReadAction\",\"target\":[\"http:\/\/www.beyond.ch\/de\/team\/paul-steele\/\"]}]},{\"@type\":\"BreadcrumbList\",\"@id\":\"http:\/\/www.beyond.ch\/de\/team\/paul-steele\/#breadcrumb\",\"itemListElement\":[{\"@type\":\"ListItem\",\"position\":1,\"name\":\"Accueil\",\"item\":\"https:\/\/www.beyond.ch\/de\/\"},{\"@type\":\"ListItem\",\"position\":2,\"name\":\"Team\",\"item\":\"https:\/\/www.beyond.ch\/de\/team\/\"},{\"@type\":\"ListItem\",\"position\":3,\"name\":\"Paul Steele\"}]},{\"@type\":\"WebSite\",\"@id\":\"https:\/\/www.beyond.ch\/de\/#website\",\"url\":\"https:\/\/www.beyond.ch\/de\/\",\"name\":\"BeyondStrategy SA\",\"description\":\"From risks to performance\",\"publisher\":{\"@id\":\"https:\/\/www.beyond.ch\/de\/#organization\"},\"potentialAction\":[{\"@type\":\"SearchAction\",\"target\":{\"@type\":\"EntryPoint\",\"urlTemplate\":\"https:\/\/www.beyond.ch\/de\/?s={search_term_string}\"},\"query-input\":\"required name=search_term_string\"}],\"inLanguage\":\"de-DE\"},{\"@type\":\"Organization\",\"@id\":\"https:\/\/www.beyond.ch\/de\/#organization\",\"name\":\"BeyondStrategy SA\",\"url\":\"https:\/\/www.beyond.ch\/de\/\",\"sameAs\":[\"https:\/\/www.linkedin.com\/company\/beyondstrategy-consulting\"],\"logo\":{\"@type\":\"ImageObject\",\"inLanguage\":\"de-DE\",\"@id\":\"https:\/\/www.beyond.ch\/de\/#\/schema\/logo\/image\/\",\"url\":\"https:\/\/www.beyondstrategy.ch\/wp-content\/uploads\/2022\/09\/BS_CLAIM_LOGO__BEYOND_LOGO-CMYK.png\",\"contentUrl\":\"https:\/\/www.beyondstrategy.ch\/wp-content\/uploads\/2022\/09\/BS_CLAIM_LOGO__BEYOND_LOGO-CMYK.png\",\"width\":2520,\"height\":1016,\"caption\":\"BeyondStrategy SA\"},\"image\":{\"@id\":\"https:\/\/www.beyond.ch\/de\/#\/schema\/logo\/image\/\"}}]}<\/script>\n<!-- \/ Yoast SEO plugin. -->","yoast_head_json":{"title":"Paul Steele - BeyondStrategy SA","robots":{"index":"index","follow":"follow","max-snippet":"max-snippet:-1","max-image-preview":"max-image-preview:large","max-video-preview":"max-video-preview:-1"},"canonical":"http:\/\/www.beyond.ch\/de\/team\/paul-steele\/","og_locale":"de_DE","og_type":"article","og_title":"Paul Steele - BeyondStrategy SA","og_description":"Affiliierter Berater Paul Steele Paul Steele ist ein anerkannter Verfechter der nachhaltigen Entwicklung und verantwortungsvollen Unternehmensf\u00fchrung sowie ein Experte f\u00fcr internationale Beziehungen. Er verf\u00fcgt \u00fcber umfangreiche Erfahrung in der Entwicklung und Umsetzung von Nachhaltigkeitsstrategien sowohl auf Branchenebene als auch f\u00fcr einzelne Unternehmen. Bis 2019 war er Senior Vice President f\u00fcr Mitglieder- und Au\u00dfenbeziehungen sowie Corporate [&hellip;]","og_url":"http:\/\/www.beyond.ch\/de\/team\/paul-steele\/","og_site_name":"BeyondStrategy SA","article_modified_time":"2025-02-18T16:02:46+00:00","og_image":[{"url":"http:\/\/www.beyond.ch\/wp-content\/uploads\/2025\/02\/Photo-Paul-Steele.png"}],"twitter_card":"summary_large_image","twitter_misc":{"Gesch\u00e4tzte Lesezeit":"1 Minute"},"schema":{"@context":"https:\/\/schema.org","@graph":[{"@type":"WebPage","@id":"http:\/\/www.beyond.ch\/de\/team\/paul-steele\/","url":"http:\/\/www.beyond.ch\/de\/team\/paul-steele\/","name":"Paul Steele - BeyondStrategy SA","isPartOf":{"@id":"https:\/\/www.beyond.ch\/de\/#website"},"datePublished":"2022-06-19T19:50:01+00:00","dateModified":"2025-02-18T16:02:46+00:00","breadcrumb":{"@id":"http:\/\/www.beyond.ch\/de\/team\/paul-steele\/#breadcrumb"},"inLanguage":"de-DE","potentialAction":[{"@type":"ReadAction","target":["http:\/\/www.beyond.ch\/de\/team\/paul-steele\/"]}]},{"@type":"BreadcrumbList","@id":"http:\/\/www.beyond.ch\/de\/team\/paul-steele\/#breadcrumb","itemListElement":[{"@type":"ListItem","position":1,"name":"Accueil","item":"https:\/\/www.beyond.ch\/de\/"},{"@type":"ListItem","position":2,"name":"Team","item":"https:\/\/www.beyond.ch\/de\/team\/"},{"@type":"ListItem","position":3,"name":"Paul Steele"}]},{"@type":"WebSite","@id":"https:\/\/www.beyond.ch\/de\/#website","url":"https:\/\/www.beyond.ch\/de\/","name":"BeyondStrategy SA","description":"From risks to performance","publisher":{"@id":"https:\/\/www.beyond.ch\/de\/#organization"},"potentialAction":[{"@type":"SearchAction","target":{"@type":"EntryPoint","urlTemplate":"https:\/\/www.beyond.ch\/de\/?s={search_term_string}"},"query-input":"required name=search_term_string"}],"inLanguage":"de-DE"},{"@type":"Organization","@id":"https:\/\/www.beyond.ch\/de\/#organization","name":"BeyondStrategy SA","url":"https:\/\/www.beyond.ch\/de\/","sameAs":["https:\/\/www.linkedin.com\/company\/beyondstrategy-consulting"],"logo":{"@type":"ImageObject","inLanguage":"de-DE","@id":"https:\/\/www.beyond.ch\/de\/#\/schema\/logo\/image\/","url":"https:\/\/www.beyondstrategy.ch\/wp-content\/uploads\/2022\/09\/BS_CLAIM_LOGO__BEYOND_LOGO-CMYK.png","contentUrl":"https:\/\/www.beyondstrategy.ch\/wp-content\/uploads\/2022\/09\/BS_CLAIM_LOGO__BEYOND_LOGO-CMYK.png","width":2520,"height":1016,"caption":"BeyondStrategy SA"},"image":{"@id":"https:\/\/www.beyond.ch\/de\/#\/schema\/logo\/image\/"}}]}},"_links":{"self":[{"href":"https:\/\/www.beyond.ch\/de\/wp-json\/wp\/v2\/pages\/76"}],"collection":[{"href":"https:\/\/www.beyond.ch\/de\/wp-json\/wp\/v2\/pages"}],"about":[{"href":"https:\/\/www.beyond.ch\/de\/wp-json\/wp\/v2\/types\/page"}],"author":[{"embeddable":true,"href":"https:\/\/www.beyond.ch\/de\/wp-json\/wp\/v2\/users\/1"}],"replies":[{"embeddable":true,"href":"https:\/\/www.beyond.ch\/de\/wp-json\/wp\/v2\/comments?post=76"}],"version-history":[{"count":11,"href":"https:\/\/www.beyond.ch\/de\/wp-json\/wp\/v2\/pages\/76\/revisions"}],"predecessor-version":[{"id":1182,"href":"https:\/\/www.beyond.ch\/de\/wp-json\/wp\/v2\/pages\/76\/revisions\/1182"}],"up":[{"embeddable":true,"href":"https:\/\/www.beyond.ch\/de\/wp-json\/wp\/v2\/pages\/43"}],"wp:attachment":[{"href":"https:\/\/www.beyond.ch\/de\/wp-json\/wp\/v2\/media?parent=76"}],"curies":[{"name":"wp","href":"https:\/\/api.w.org\/{rel}","templated":true}]}}