{"id":942,"date":"2022-09-08T16:19:27","date_gmt":"2022-09-08T14:19:27","guid":{"rendered":"https:\/\/www.beyondstrategy.ch\/?page_id=942"},"modified":"2025-02-19T19:58:13","modified_gmt":"2025-02-19T18:58:13","slug":"alessandro-trentin","status":"publish","type":"page","link":"https:\/\/www.beyond.ch\/de\/team\/alessandro-trentin\/","title":{"rendered":"Alessandro Trentin"},"content":{"rendered":"<p><img src=\"http:\/\/www.beyond.ch\/wp-content\/uploads\/2025\/02\/Photo-Alessandro-Trentin.png\" alt=\"Alessandro Trentin\"><\/p>\n<div>Senior Consultant<\/div>\n<h1>Alessandro Trentin<\/h1>\n<div>\n<p><span>Alessandro Trentin hat einen Master-Abschluss in Wirtschaftswissenschaften und Management und ist Senior Risk Manager bei BeyondStrategy SA.<\/span><\/p>\n<p><span>Er verf\u00fcgt \u00fcber umfangreiche Erfahrungen in verschiedenen internationalen Unternehmen, darunter mehr als 25 Jahre im Rohstoffhandel und Seefrachtverkehr. Zudem war er langj\u00e4hriger Gesch\u00e4ftsf\u00fchrer zweier Schweizer Unternehmen, mit denen er an der Durchf\u00fchrung mehrerer globaler Nahrungsmittelhilfeprogramme beteiligt war. Besonders aktiv war er in Georgien und Armenien, wo er \u00fcber zehn Jahre lang industrielle und kommerzielle Joint Ventures aufbaute und leitete. In Italien war er Mitglied der Gesch\u00e4ftsleitung eines grossen Industriekonzerns. Als erfahrener Kommunikator f\u00e4llt ihm der Dialog auf internationaler Ebene leicht. Er spricht fliessend Italienisch, Franz\u00f6sisch und Englisch. <\/span><\/p>\n<p><span>Stets am Puls der Zeit, informiert er sich \u00fcber Aktualit\u00e4t und Weltpolitik. Er hat eine Faszination f\u00fcr neue und komplexe Situationen, die schnelle L\u00f6sungen erfordern, welche die Interessen, Risiken und Opportunit\u00e4ten der Beteiligten abw\u00e4gen m\u00fcssen.<\/span><\/p>\n<p><span>Neugierig und entdeckerfreudig ist er auch in seiner Freizeit und vertieft sich mit Vergn\u00fcgen in B\u00fccher aus den Bereichen Wissenschaft, Philosophie oder Literatur. Ausspannen kann Alessandro Trentin beim Tennisspielen, Bergwandern oder Skifahren.<\/span><\/p>\n<\/div>\n<ul>\n<li><a href=\"&#x6d;&#x61;&#x69;&#108;&#116;o:&#x61;&#x6c;&#x65;&#x73;&#115;&#97;nd&#x72;&#x6f;&#x2e;&#116;&#114;&#101;nt&#x69;&#x6e;&#x40;&#98;&#101;yo&#x6e;&#x64;&#x73;&#x74;&#114;&#97;te&#x67;&#x79;&#x2e;&#99;&#104;\">mail<\/a>\n<\/li>\n<li><a href=\"tel:+41212179176\">receiver<\/a>\n<\/li>\n<li><a href=\"https:\/\/www.linkedin.com\/in\/alessandro-trentin-403a332\/\">linkedin<\/a>\n<\/li>\n<\/ul>\n<p><!--more--><br \/>\n<!-- {\"type\":\"layout\",\"children\":[{\"name\":\"Portrait d'une personne\",\"type\":\"section\",\"props\":{\"style\":\"default\",\"width\":\"large\",\"vertical_align\":\"middle\",\"title_position\":\"top-left\",\"title_rotation\":\"left\",\"title_breakpoint\":\"xl\",\"image_position\":\"center-center\",\"height\":\"full\",\"image\":\"wp-content\\\/uploads\\\/projects-bg.svg\",\"image_effect\":\"parallax\",\"image_parallax_bgx_start\":\"-300\",\"image_parallax_bgy_start\":\"200\",\"image_parallax_bgy_end\":-150,\"image_parallax_bgx_end\":\"-300\",\"media_overlay\":null,\"padding_remove_bottom\":false,\"image_parallax_breakpoint\":\"m\",\"animation\":\"slide-left-medium\",\"animation_delay\":\"200\",\"media_visibility\":\"m\"},\"children\":[{\"name\":\"\",\"type\":\"row\",\"props\":{\"layout\":\"1-2,1-2\",\"margin_remove_top\":false,\"margin_remove_bottom\":false,\"vertical_align\":true,\"divider\":false,\"column_gap\":\"large\",\"row_gap\":\"large\"},\"children\":[{\"name\":\"\",\"type\":\"column\",\"props\":{\"image_position\":\"top-left\",\"image\":\"\",\"image_effect\":\"parallax\",\"width_medium\":\"1-2\",\"media_overlay_gradient\":\"\",\"position_sticky_breakpoint\":\"m\"},\"children\":[{\"name\":\"\",\"type\":\"image\",\"props\":{\"margin\":\"\",\"image\":\"http:\\\/\\\/www.beyond.ch\\\/wp-content\\\/uploads\\\/2025\\\/02\\\/Photo-Alessandro-Trentin.png\",\"image_width\":\"600\",\"margin_remove_top\":false,\"margin_remove_bottom\":false,\"image_height\":\"700\",\"text_align\":\"left\",\"text_align_breakpoint\":\"m\",\"text_align_fallback\":\"center\",\"image_svg_color\":\"emphasis\",\"image_alt\":\"Alessandro Trentin\"}}]},{\"name\":\"\",\"type\":\"column\",\"props\":{\"image_position\":\"top-left\",\"image\":\"\",\"image_width\":\"300\",\"media_overlay\":\"rgba(255, 255, 255, 0.54)\",\"vertical_align\":\"middle\",\"width_medium\":\"1-2\",\"media_overlay_gradient\":\"\",\"position_sticky_breakpoint\":\"m\"},\"children\":[{\"name\":\"\",\"type\":\"headline\",\"props\":{\"title_element\":\"div\",\"content\":\"Senior Consultant\",\"title_style\":\"h6\",\"title_color\":\"primary\",\"margin_remove_top\":false,\"margin_remove_bottom\":false,\"margin\":\"small\"}},{\"name\":\"\",\"type\":\"headline\",\"props\":{\"title_element\":\"h1\",\"content\":\"Alessandro Trentin\",\"margin_remove_top\":true,\"text_align\":\"left\",\"margin_remove_bottom\":false,\"title_style\":\"heading-medium\"}},{\"name\":\"\",\"type\":\"text\",\"props\":{\"margin\":\"large\",\"column_breakpoint\":\"m\",\"maxwidth\":\"2xlarge\",\"content\":\"\n\n<p><span>Alessandro Trentin hat einen Master-Abschluss in Wirtschaftswissenschaften und Management und ist Senior Risk Manager bei BeyondStrategy SA.<\\\/span><\\\/p>\\n\n\n<p><span>Er verf\\u00fcgt \\u00fcber umfangreiche Erfahrungen in verschiedenen internationalen Unternehmen, darunter mehr als 25 Jahre im Rohstoffhandel und Seefrachtverkehr. Zudem war er langj\\u00e4hriger Gesch\\u00e4ftsf\\u00fchrer zweier Schweizer Unternehmen, mit denen er an der Durchf\\u00fchrung mehrerer globaler Nahrungsmittelhilfeprogramme beteiligt war. Besonders aktiv war er in Georgien und Armenien, wo er \\u00fcber zehn Jahre lang industrielle und kommerzielle Joint Ventures aufbaute und leitete. In Italien war er Mitglied der Gesch\\u00e4ftsleitung eines grossen Industriekonzerns. Als erfahrener Kommunikator f\\u00e4llt ihm der Dialog auf internationaler Ebene leicht. Er spricht fliessend Italienisch, Franz\\u00f6sisch und Englisch. <\\\/span><\\\/p>\\n\n\n<p><span>Stets am Puls der Zeit, informiert er sich \\u00fcber Aktualit\\u00e4t und Weltpolitik. Er hat eine Faszination f\\u00fcr neue und komplexe Situationen, die schnelle L\\u00f6sungen erfordern, welche die Interessen, Risiken und Opportunit\\u00e4ten der Beteiligten abw\\u00e4gen m\\u00fcssen.<\\\/span><\\\/p>\\n\n\n<p><span>Neugierig und entdeckerfreudig ist er auch in seiner Freizeit und vertieft sich mit Vergn\\u00fcgen in B\\u00fccher aus den Bereichen Wissenschaft, Philosophie oder Literatur. Ausspannen kann Alessandro Trentin beim Tennisspielen, Bergwandern oder Skifahren.<\\\/span><\\\/p>\",\"text_size\":\"large\"}},{\"name\":\"\",\"type\":\"social\",\"props\":{\"link_style\":\"link\",\"margin\":\"large\",\"link_target\":true,\"grid_gap\":\"small\",\"grid\":\"horizontal\"},\"children\":[{\"type\":\"social_item\",\"props\":{\"link\":\"m&#97;&#x69;&#x6c;t&#111;&#x3a;&#x61;l&#101;&#115;&#x73;&#x61;n&#100;&#x72;&#x6f;&#46;&#116;&#x72;&#x65;n&#116;&#105;&#x6e;&#x40;b&#101;&#x79;&#x6f;n&#100;&#x73;&#x74;r&#97;&#116;&#x65;&#x67;y&#46;&#x63;&#x68;\"}},{\"type\":\"social_item\",\"props\":{\"link\":\"tel:+41212179176\"}},{\"type\":\"social_item\",\"props\":{\"link\":\"https:\\\/\\\/www.linkedin.com\\\/in\\\/alessandro-trentin-403a332\\\/\"}}]}]}]}]}],\"version\":\"2.7.22\"} --><\/p>\n","protected":false},"excerpt":{"rendered":"<p>Senior Consultant Alessandro Trentin Alessandro Trentin hat einen Master-Abschluss in Wirtschaftswissenschaften und Management und ist Senior Risk Manager bei BeyondStrategy SA. Er verf\u00fcgt \u00fcber umfangreiche Erfahrungen in verschiedenen internationalen Unternehmen, darunter mehr als 25 Jahre im Rohstoffhandel und Seefrachtverkehr. Zudem war er langj\u00e4hriger Gesch\u00e4ftsf\u00fchrer zweier Schweizer Unternehmen, mit denen er an der Durchf\u00fchrung mehrerer globaler [&hellip;]<\/p>\n","protected":false},"author":1,"featured_media":0,"parent":43,"menu_order":0,"comment_status":"closed","ping_status":"closed","template":"","meta":[],"yoast_head":"<!-- This site is optimized with the Yoast SEO plugin v19.6 - https:\/\/yoast.com\/wordpress\/plugins\/seo\/ -->\n<title>Alessandro Trentin - BeyondStrategy SA<\/title>\n<meta name=\"robots\" content=\"index, follow, max-snippet:-1, max-image-preview:large, max-video-preview:-1\" \/>\n<link rel=\"canonical\" href=\"https:\/\/www.beyond.ch\/de\/team\/alessandro-trentin\/\" \/>\n<meta property=\"og:locale\" content=\"de_DE\" \/>\n<meta property=\"og:type\" content=\"article\" \/>\n<meta property=\"og:title\" content=\"Alessandro Trentin - BeyondStrategy SA\" \/>\n<meta property=\"og:description\" content=\"Senior Consultant Alessandro Trentin Alessandro Trentin hat einen Master-Abschluss in Wirtschaftswissenschaften und Management und ist Senior Risk Manager bei BeyondStrategy SA. Er verf\u00fcgt \u00fcber umfangreiche Erfahrungen in verschiedenen internationalen Unternehmen, darunter mehr als 25 Jahre im Rohstoffhandel und Seefrachtverkehr. Zudem war er langj\u00e4hriger Gesch\u00e4ftsf\u00fchrer zweier Schweizer Unternehmen, mit denen er an der Durchf\u00fchrung mehrerer globaler [&hellip;]\" \/>\n<meta property=\"og:url\" content=\"https:\/\/www.beyond.ch\/de\/team\/alessandro-trentin\/\" \/>\n<meta property=\"og:site_name\" content=\"BeyondStrategy SA\" \/>\n<meta property=\"article:modified_time\" content=\"2025-02-19T18:58:13+00:00\" \/>\n<meta property=\"og:image\" content=\"http:\/\/www.beyond.ch\/wp-content\/uploads\/2025\/02\/Photo-Alessandro-Trentin.png\" \/>\n<meta name=\"twitter:card\" content=\"summary_large_image\" \/>\n<script type=\"application\/ld+json\" class=\"yoast-schema-graph\">{\"@context\":\"https:\/\/schema.org\",\"@graph\":[{\"@type\":\"WebPage\",\"@id\":\"https:\/\/www.beyond.ch\/de\/team\/alessandro-trentin\/\",\"url\":\"https:\/\/www.beyond.ch\/de\/team\/alessandro-trentin\/\",\"name\":\"Alessandro Trentin - BeyondStrategy SA\",\"isPartOf\":{\"@id\":\"https:\/\/www.beyond.ch\/fr\/#website\"},\"datePublished\":\"2022-09-08T14:19:27+00:00\",\"dateModified\":\"2025-02-19T18:58:13+00:00\",\"breadcrumb\":{\"@id\":\"https:\/\/www.beyond.ch\/de\/team\/alessandro-trentin\/#breadcrumb\"},\"inLanguage\":\"de-DE\",\"potentialAction\":[{\"@type\":\"ReadAction\",\"target\":[\"https:\/\/www.beyond.ch\/de\/team\/alessandro-trentin\/\"]}]},{\"@type\":\"BreadcrumbList\",\"@id\":\"https:\/\/www.beyond.ch\/de\/team\/alessandro-trentin\/#breadcrumb\",\"itemListElement\":[{\"@type\":\"ListItem\",\"position\":1,\"name\":\"Accueil\",\"item\":\"https:\/\/www.beyond.ch\/de\/\"},{\"@type\":\"ListItem\",\"position\":2,\"name\":\"Team\",\"item\":\"https:\/\/www.beyond.ch\/de\/team\/\"},{\"@type\":\"ListItem\",\"position\":3,\"name\":\"Alessandro Trentin\"}]},{\"@type\":\"WebSite\",\"@id\":\"https:\/\/www.beyond.ch\/fr\/#website\",\"url\":\"https:\/\/www.beyond.ch\/fr\/\",\"name\":\"BeyondStrategy SA\",\"description\":\"From risks to performance\",\"publisher\":{\"@id\":\"https:\/\/www.beyond.ch\/fr\/#organization\"},\"potentialAction\":[{\"@type\":\"SearchAction\",\"target\":{\"@type\":\"EntryPoint\",\"urlTemplate\":\"https:\/\/www.beyond.ch\/fr\/?s={search_term_string}\"},\"query-input\":\"required name=search_term_string\"}],\"inLanguage\":\"de-DE\"},{\"@type\":\"Organization\",\"@id\":\"https:\/\/www.beyond.ch\/fr\/#organization\",\"name\":\"BeyondStrategy SA\",\"url\":\"https:\/\/www.beyond.ch\/fr\/\",\"sameAs\":[\"https:\/\/www.linkedin.com\/company\/beyondstrategy-consulting\"],\"logo\":{\"@type\":\"ImageObject\",\"inLanguage\":\"de-DE\",\"@id\":\"https:\/\/www.beyond.ch\/fr\/#\/schema\/logo\/image\/\",\"url\":\"https:\/\/www.beyondstrategy.ch\/wp-content\/uploads\/2022\/09\/BS_CLAIM_LOGO__BEYOND_LOGO-CMYK.png\",\"contentUrl\":\"https:\/\/www.beyondstrategy.ch\/wp-content\/uploads\/2022\/09\/BS_CLAIM_LOGO__BEYOND_LOGO-CMYK.png\",\"width\":2520,\"height\":1016,\"caption\":\"BeyondStrategy SA\"},\"image\":{\"@id\":\"https:\/\/www.beyond.ch\/fr\/#\/schema\/logo\/image\/\"}}]}<\/script>\n<!-- \/ Yoast SEO plugin. -->","yoast_head_json":{"title":"Alessandro Trentin - BeyondStrategy SA","robots":{"index":"index","follow":"follow","max-snippet":"max-snippet:-1","max-image-preview":"max-image-preview:large","max-video-preview":"max-video-preview:-1"},"canonical":"https:\/\/www.beyond.ch\/de\/team\/alessandro-trentin\/","og_locale":"de_DE","og_type":"article","og_title":"Alessandro Trentin - BeyondStrategy SA","og_description":"Senior Consultant Alessandro Trentin Alessandro Trentin hat einen Master-Abschluss in Wirtschaftswissenschaften und Management und ist Senior Risk Manager bei BeyondStrategy SA. Er verf\u00fcgt \u00fcber umfangreiche Erfahrungen in verschiedenen internationalen Unternehmen, darunter mehr als 25 Jahre im Rohstoffhandel und Seefrachtverkehr. Zudem war er langj\u00e4hriger Gesch\u00e4ftsf\u00fchrer zweier Schweizer Unternehmen, mit denen er an der Durchf\u00fchrung mehrerer globaler [&hellip;]","og_url":"https:\/\/www.beyond.ch\/de\/team\/alessandro-trentin\/","og_site_name":"BeyondStrategy SA","article_modified_time":"2025-02-19T18:58:13+00:00","og_image":[{"url":"http:\/\/www.beyond.ch\/wp-content\/uploads\/2025\/02\/Photo-Alessandro-Trentin.png"}],"twitter_card":"summary_large_image","schema":{"@context":"https:\/\/schema.org","@graph":[{"@type":"WebPage","@id":"https:\/\/www.beyond.ch\/de\/team\/alessandro-trentin\/","url":"https:\/\/www.beyond.ch\/de\/team\/alessandro-trentin\/","name":"Alessandro Trentin - BeyondStrategy SA","isPartOf":{"@id":"https:\/\/www.beyond.ch\/fr\/#website"},"datePublished":"2022-09-08T14:19:27+00:00","dateModified":"2025-02-19T18:58:13+00:00","breadcrumb":{"@id":"https:\/\/www.beyond.ch\/de\/team\/alessandro-trentin\/#breadcrumb"},"inLanguage":"de-DE","potentialAction":[{"@type":"ReadAction","target":["https:\/\/www.beyond.ch\/de\/team\/alessandro-trentin\/"]}]},{"@type":"BreadcrumbList","@id":"https:\/\/www.beyond.ch\/de\/team\/alessandro-trentin\/#breadcrumb","itemListElement":[{"@type":"ListItem","position":1,"name":"Accueil","item":"https:\/\/www.beyond.ch\/de\/"},{"@type":"ListItem","position":2,"name":"Team","item":"https:\/\/www.beyond.ch\/de\/team\/"},{"@type":"ListItem","position":3,"name":"Alessandro Trentin"}]},{"@type":"WebSite","@id":"https:\/\/www.beyond.ch\/fr\/#website","url":"https:\/\/www.beyond.ch\/fr\/","name":"BeyondStrategy SA","description":"From risks to performance","publisher":{"@id":"https:\/\/www.beyond.ch\/fr\/#organization"},"potentialAction":[{"@type":"SearchAction","target":{"@type":"EntryPoint","urlTemplate":"https:\/\/www.beyond.ch\/fr\/?s={search_term_string}"},"query-input":"required name=search_term_string"}],"inLanguage":"de-DE"},{"@type":"Organization","@id":"https:\/\/www.beyond.ch\/fr\/#organization","name":"BeyondStrategy SA","url":"https:\/\/www.beyond.ch\/fr\/","sameAs":["https:\/\/www.linkedin.com\/company\/beyondstrategy-consulting"],"logo":{"@type":"ImageObject","inLanguage":"de-DE","@id":"https:\/\/www.beyond.ch\/fr\/#\/schema\/logo\/image\/","url":"https:\/\/www.beyondstrategy.ch\/wp-content\/uploads\/2022\/09\/BS_CLAIM_LOGO__BEYOND_LOGO-CMYK.png","contentUrl":"https:\/\/www.beyondstrategy.ch\/wp-content\/uploads\/2022\/09\/BS_CLAIM_LOGO__BEYOND_LOGO-CMYK.png","width":2520,"height":1016,"caption":"BeyondStrategy SA"},"image":{"@id":"https:\/\/www.beyond.ch\/fr\/#\/schema\/logo\/image\/"}}]}},"_links":{"self":[{"href":"https:\/\/www.beyond.ch\/de\/wp-json\/wp\/v2\/pages\/942"}],"collection":[{"href":"https:\/\/www.beyond.ch\/de\/wp-json\/wp\/v2\/pages"}],"about":[{"href":"https:\/\/www.beyond.ch\/de\/wp-json\/wp\/v2\/types\/page"}],"author":[{"embeddable":true,"href":"https:\/\/www.beyond.ch\/de\/wp-json\/wp\/v2\/users\/1"}],"replies":[{"embeddable":true,"href":"https:\/\/www.beyond.ch\/de\/wp-json\/wp\/v2\/comments?post=942"}],"version-history":[{"count":8,"href":"https:\/\/www.beyond.ch\/de\/wp-json\/wp\/v2\/pages\/942\/revisions"}],"predecessor-version":[{"id":1204,"href":"https:\/\/www.beyond.ch\/de\/wp-json\/wp\/v2\/pages\/942\/revisions\/1204"}],"up":[{"embeddable":true,"href":"https:\/\/www.beyond.ch\/de\/wp-json\/wp\/v2\/pages\/43"}],"wp:attachment":[{"href":"https:\/\/www.beyond.ch\/de\/wp-json\/wp\/v2\/media?parent=942"}],"curies":[{"name":"wp","href":"https:\/\/api.w.org\/{rel}","templated":true}]}}