{"id":1054,"date":"2025-02-11T14:08:42","date_gmt":"2025-02-11T13:08:42","guid":{"rendered":"https:\/\/www.beyond.ch\/?page_id=1054"},"modified":"2025-02-19T20:11:56","modified_gmt":"2025-02-19T19:11:56","slug":"nelson","status":"publish","type":"page","link":"https:\/\/www.beyond.ch\/fr\/nelson\/","title":{"rendered":"Nelson Bolivar Ortiz Montalvo"},"content":{"rendered":"<p><img src=\"\/wp-content\/uploads\/2025\/02\/Nelson-B.-Ortiz-M..png\" alt=\"Nelson B. Ortiz M.\"><\/p>\n<div>Consultant CSRD et D\u00e9veloppement Produit<\/div>\n<h1>Nelson B. Ortiz M.<\/h1>\n<div>\n<p>Nelson Bolivar Ortiz Montalvo accompagne les entreprises dans leur transition vers une durabilit\u00e9 ma\u00eetris\u00e9e gr\u00e2ce \u00e0 des solutions pratiques et accessibles. Son parcours acad\u00e9mique l\u2019a men\u00e9 \u00e0 collaborer avec E4S, l\u2019UNIL et plusieurs startups sp\u00e9cialis\u00e9es en durabilit\u00e9, lui permettant d\u2019acqu\u00e9rir une compr\u00e9hension fine des d\u00e9fis auxquels font face les entreprises.<\/p>\n<p>Gr\u00e2ce \u00e0 son exp\u00e9rience en recherche \u00e0 l\u2019EPFL et \u00e0 l\u2019IMD, il veille \u00e0 ce que chaque approche repose sur des bases solides, alliant rigueur scientifique et pragmatisme. Il se distingue par sa capacit\u00e9 \u00e0 d\u00e9mystifier la complexit\u00e9 des r\u00e9glementations ESG et \u00e0 proposer des accompagnements clairs, \u00e9vitant tout greenwashing.<\/p>\n<p>Curieux et engag\u00e9, il suit de pr\u00e8s les \u00e9volutions du cadre r\u00e9glementaire et des tendances en durabilit\u00e9. Passionn\u00e9 par les nouvelles technologies, l\u2019IA et la robotisation, il s\u2019int\u00e9resse particuli\u00e8rement \u00e0 leur r\u00f4le dans l\u2019optimisation des processus et l\u2019am\u00e9lioration des performances en entreprise.<\/p>\n<\/div>\n<ul>\n<li><a href=\"&#109;a&#x69;l&#x74;o&#x3a;n&#x65;l&#x73;o&#x6e;&#46;&#x6f;&#114;&#x74;&#105;&#x7a;&#109;&#x6f;&#110;&#x74;&#97;&#x6c;&#118;o&#x40;b&#x65;y&#x6f;n&#x64;&#46;&#x63;h\">mail<\/a>\n<\/li>\n<li><a href=\"tel:+41212179176\">receiver<\/a>\n<\/li>\n<li><a href=\"https:\/\/www.linkedin.com\/in\/nelson-bom\/\">linkedin<\/a>\n<\/li>\n<\/ul>\n<p><!--more--><br \/>\n<!-- {\"name\":\"Detail Equipe\",\"type\":\"layout\",\"children\":[{\"name\":\"VCard\",\"type\":\"section\",\"props\":{\"style\":\"default\",\"width\":\"large\",\"vertical_align\":\"middle\",\"title_position\":\"top-left\",\"title_rotation\":\"left\",\"title_breakpoint\":\"xl\",\"image_position\":\"center-center\",\"height\":\"full\",\"image\":\"wp-content\\\/uploads\\\/projects-bg.svg\",\"image_effect\":\"parallax\",\"image_parallax_bgx_start\":\"-300\",\"image_parallax_bgy_start\":\"200\",\"image_parallax_bgy_end\":-150,\"image_parallax_bgx_end\":\"-300\",\"media_overlay\":null,\"padding_remove_bottom\":false,\"image_parallax_breakpoint\":\"m\",\"animation\":\"slide-left-medium\",\"animation_delay\":\"200\",\"media_visibility\":\"m\"},\"children\":[{\"name\":\"\",\"type\":\"row\",\"props\":{\"layout\":\"1-2,1-2\",\"margin_remove_top\":false,\"margin_remove_bottom\":false,\"vertical_align\":true,\"divider\":false,\"column_gap\":\"large\",\"row_gap\":\"large\"},\"children\":[{\"name\":\"\",\"type\":\"column\",\"props\":{\"image_position\":\"top-left\",\"image\":\"\",\"image_effect\":\"parallax\",\"width_medium\":\"1-2\",\"media_overlay_gradient\":\"\",\"position_sticky_breakpoint\":\"m\"},\"children\":[{\"name\":\"\",\"type\":\"image\",\"props\":{\"margin\":\"\",\"image\":\"wp-content\\\/uploads\\\/2025\\\/02\\\/Nelson-B.-Ortiz-M..png\",\"image_width\":\"600\",\"margin_remove_top\":false,\"margin_remove_bottom\":false,\"image_height\":\"700\",\"text_align\":\"left\",\"text_align_breakpoint\":\"m\",\"text_align_fallback\":\"center\",\"image_svg_color\":\"emphasis\",\"image_alt\":\"Nelson B. Ortiz M.\"}}]},{\"name\":\"\",\"type\":\"column\",\"props\":{\"image_position\":\"top-left\",\"image\":\"\",\"image_width\":\"300\",\"media_overlay\":\"rgba(255, 255, 255, 0.54)\",\"vertical_align\":\"middle\",\"width_medium\":\"1-2\",\"media_overlay_gradient\":\"\",\"position_sticky_breakpoint\":\"m\"},\"children\":[{\"name\":\"\",\"type\":\"headline\",\"props\":{\"title_element\":\"div\",\"content\":\"Consultant CSRD et D\\u00e9veloppement Produit\",\"title_style\":\"h6\",\"title_color\":\"primary\",\"margin_remove_top\":false,\"margin_remove_bottom\":false,\"margin\":\"small\"}},{\"name\":\"\",\"type\":\"headline\",\"props\":{\"title_element\":\"h1\",\"content\":\"Nelson B. Ortiz M.\",\"margin_remove_top\":true,\"text_align\":\"left\",\"margin_remove_bottom\":false,\"title_style\":\"heading-medium\"}},{\"name\":\"\",\"type\":\"text\",\"props\":{\"margin\":\"large\",\"column_breakpoint\":\"m\",\"maxwidth\":\"2xlarge\",\"content\":\"\n\n<p>Nelson Bolivar Ortiz Montalvo accompagne les entreprises dans leur transition vers une durabilit\\u00e9 ma\\u00eetris\\u00e9e gr\\u00e2ce \\u00e0 des solutions pratiques et accessibles. Son parcours acad\\u00e9mique l\\u2019a men\\u00e9 \\u00e0 collaborer avec E4S, l\\u2019UNIL et plusieurs startups sp\\u00e9cialis\\u00e9es en durabilit\\u00e9, lui permettant d\\u2019acqu\\u00e9rir une compr\\u00e9hension fine des d\\u00e9fis auxquels font face les entreprises.<\\\/p>\\n\n\n<p>Gr\\u00e2ce \\u00e0 son exp\\u00e9rience en recherche \\u00e0 l\\u2019EPFL et \\u00e0 l\\u2019IMD, il veille \\u00e0 ce que chaque approche repose sur des bases solides, alliant rigueur scientifique et pragmatisme. Il se distingue par sa capacit\\u00e9 \\u00e0 d\\u00e9mystifier la complexit\\u00e9 des r\\u00e9glementations ESG et \\u00e0 proposer des accompagnements clairs, \\u00e9vitant tout greenwashing.<\\\/p>\\n\n\n<p>Curieux et engag\\u00e9, il suit de pr\\u00e8s les \\u00e9volutions du cadre r\\u00e9glementaire et des tendances en durabilit\\u00e9. Passionn\\u00e9 par les nouvelles technologies, l\\u2019IA et la robotisation, il s\\u2019int\\u00e9resse particuli\\u00e8rement \\u00e0 leur r\\u00f4le dans l\\u2019optimisation des processus et l\\u2019am\\u00e9lioration des performances en entreprise.<\\\/p>\",\"text_size\":\"large\"}},{\"name\":\"\",\"type\":\"social\",\"props\":{\"link_style\":\"link\",\"margin\":\"large\",\"link_target\":true,\"grid_gap\":\"small\",\"grid\":\"horizontal\"},\"children\":[{\"type\":\"social_item\",\"props\":{\"link\":\"ma&#105;&#108;&#x74;&#x6f;&#x3a;&#x6e;el&#115;&#111;&#x6e;&#x2e;&#x6f;&#x72;ti&#122;&#109;&#111;&#x6e;&#x74;&#x61;&#x6c;vo&#64;&#98;&#x65;&#x79;&#x6f;&#x6e;d&#46;&#99;&#104;\"}},{\"type\":\"social_item\",\"props\":{\"link\":\"tel:+41212179176\"}},{\"type\":\"social_item\",\"props\":{\"link\":\"https:\\\/\\\/www.linkedin.com\\\/in\\\/nelson-bom\\\/\"}}]}]}]}]}],\"version\":\"2.7.22\"} --><\/p>\n","protected":false},"excerpt":{"rendered":"<p>Consultant CSRD et D\u00e9veloppement Produit Nelson B. Ortiz M. Nelson Bolivar Ortiz Montalvo accompagne les entreprises dans leur transition vers une durabilit\u00e9 ma\u00eetris\u00e9e gr\u00e2ce \u00e0 des solutions pratiques et accessibles. Son parcours acad\u00e9mique l\u2019a men\u00e9 \u00e0 collaborer avec E4S, l\u2019UNIL et plusieurs startups sp\u00e9cialis\u00e9es en durabilit\u00e9, lui permettant d\u2019acqu\u00e9rir une compr\u00e9hension fine des d\u00e9fis auxquels [&hellip;]<\/p>\n","protected":false},"author":2,"featured_media":0,"parent":0,"menu_order":0,"comment_status":"closed","ping_status":"closed","template":"","meta":[],"yoast_head":"<!-- This site is optimized with the Yoast SEO plugin v19.6 - https:\/\/yoast.com\/wordpress\/plugins\/seo\/ -->\n<title>Nelson Bolivar Ortiz Montalvo - BeyondStrategy SA<\/title>\n<meta name=\"robots\" content=\"index, follow, max-snippet:-1, max-image-preview:large, max-video-preview:-1\" \/>\n<link rel=\"canonical\" href=\"https:\/\/www.beyond.ch\/fr\/nelson\/\" \/>\n<meta property=\"og:locale\" content=\"fr_FR\" \/>\n<meta property=\"og:type\" content=\"article\" \/>\n<meta property=\"og:title\" content=\"Nelson Bolivar Ortiz Montalvo - BeyondStrategy SA\" \/>\n<meta property=\"og:description\" content=\"Consultant CSRD et D\u00e9veloppement Produit Nelson B. Ortiz M. Nelson Bolivar Ortiz Montalvo accompagne les entreprises dans leur transition vers une durabilit\u00e9 ma\u00eetris\u00e9e gr\u00e2ce \u00e0 des solutions pratiques et accessibles. Son parcours acad\u00e9mique l\u2019a men\u00e9 \u00e0 collaborer avec E4S, l\u2019UNIL et plusieurs startups sp\u00e9cialis\u00e9es en durabilit\u00e9, lui permettant d\u2019acqu\u00e9rir une compr\u00e9hension fine des d\u00e9fis auxquels [&hellip;]\" \/>\n<meta property=\"og:url\" content=\"https:\/\/www.beyond.ch\/fr\/nelson\/\" \/>\n<meta property=\"og:site_name\" content=\"BeyondStrategy SA\" \/>\n<meta property=\"article:modified_time\" content=\"2025-02-19T19:11:56+00:00\" \/>\n<meta name=\"twitter:card\" content=\"summary_large_image\" \/>\n<meta name=\"twitter:label1\" content=\"Dur\u00e9e de lecture estim\u00e9e\" \/>\n\t<meta name=\"twitter:data1\" content=\"2 minutes\" \/>\n<script type=\"application\/ld+json\" class=\"yoast-schema-graph\">{\"@context\":\"https:\/\/schema.org\",\"@graph\":[{\"@type\":\"WebPage\",\"@id\":\"https:\/\/www.beyond.ch\/fr\/nelson\/\",\"url\":\"https:\/\/www.beyond.ch\/fr\/nelson\/\",\"name\":\"Nelson Bolivar Ortiz Montalvo - BeyondStrategy SA\",\"isPartOf\":{\"@id\":\"https:\/\/www.beyond.ch\/de\/#website\"},\"datePublished\":\"2025-02-11T13:08:42+00:00\",\"dateModified\":\"2025-02-19T19:11:56+00:00\",\"breadcrumb\":{\"@id\":\"https:\/\/www.beyond.ch\/fr\/nelson\/#breadcrumb\"},\"inLanguage\":\"fr-FR\",\"potentialAction\":[{\"@type\":\"ReadAction\",\"target\":[\"https:\/\/www.beyond.ch\/fr\/nelson\/\"]}]},{\"@type\":\"BreadcrumbList\",\"@id\":\"https:\/\/www.beyond.ch\/fr\/nelson\/#breadcrumb\",\"itemListElement\":[{\"@type\":\"ListItem\",\"position\":1,\"name\":\"Accueil\",\"item\":\"https:\/\/www.beyond.ch\/fr\/\"},{\"@type\":\"ListItem\",\"position\":2,\"name\":\"Nelson Bolivar Ortiz Montalvo\"}]},{\"@type\":\"WebSite\",\"@id\":\"https:\/\/www.beyond.ch\/de\/#website\",\"url\":\"https:\/\/www.beyond.ch\/de\/\",\"name\":\"BeyondStrategy SA\",\"description\":\"From risks to performance\",\"publisher\":{\"@id\":\"https:\/\/www.beyond.ch\/de\/#organization\"},\"potentialAction\":[{\"@type\":\"SearchAction\",\"target\":{\"@type\":\"EntryPoint\",\"urlTemplate\":\"https:\/\/www.beyond.ch\/de\/?s={search_term_string}\"},\"query-input\":\"required name=search_term_string\"}],\"inLanguage\":\"fr-FR\"},{\"@type\":\"Organization\",\"@id\":\"https:\/\/www.beyond.ch\/de\/#organization\",\"name\":\"BeyondStrategy SA\",\"url\":\"https:\/\/www.beyond.ch\/de\/\",\"sameAs\":[\"https:\/\/www.linkedin.com\/company\/beyondstrategy-consulting\"],\"logo\":{\"@type\":\"ImageObject\",\"inLanguage\":\"fr-FR\",\"@id\":\"https:\/\/www.beyond.ch\/de\/#\/schema\/logo\/image\/\",\"url\":\"https:\/\/www.beyondstrategy.ch\/wp-content\/uploads\/2022\/09\/BS_CLAIM_LOGO__BEYOND_LOGO-CMYK.png\",\"contentUrl\":\"https:\/\/www.beyondstrategy.ch\/wp-content\/uploads\/2022\/09\/BS_CLAIM_LOGO__BEYOND_LOGO-CMYK.png\",\"width\":2520,\"height\":1016,\"caption\":\"BeyondStrategy SA\"},\"image\":{\"@id\":\"https:\/\/www.beyond.ch\/de\/#\/schema\/logo\/image\/\"}}]}<\/script>\n<!-- \/ Yoast SEO plugin. -->","yoast_head_json":{"title":"Nelson Bolivar Ortiz Montalvo - BeyondStrategy SA","robots":{"index":"index","follow":"follow","max-snippet":"max-snippet:-1","max-image-preview":"max-image-preview:large","max-video-preview":"max-video-preview:-1"},"canonical":"https:\/\/www.beyond.ch\/fr\/nelson\/","og_locale":"fr_FR","og_type":"article","og_title":"Nelson Bolivar Ortiz Montalvo - BeyondStrategy SA","og_description":"Consultant CSRD et D\u00e9veloppement Produit Nelson B. Ortiz M. Nelson Bolivar Ortiz Montalvo accompagne les entreprises dans leur transition vers une durabilit\u00e9 ma\u00eetris\u00e9e gr\u00e2ce \u00e0 des solutions pratiques et accessibles. Son parcours acad\u00e9mique l\u2019a men\u00e9 \u00e0 collaborer avec E4S, l\u2019UNIL et plusieurs startups sp\u00e9cialis\u00e9es en durabilit\u00e9, lui permettant d\u2019acqu\u00e9rir une compr\u00e9hension fine des d\u00e9fis auxquels [&hellip;]","og_url":"https:\/\/www.beyond.ch\/fr\/nelson\/","og_site_name":"BeyondStrategy SA","article_modified_time":"2025-02-19T19:11:56+00:00","twitter_card":"summary_large_image","twitter_misc":{"Dur\u00e9e de lecture estim\u00e9e":"2 minutes"},"schema":{"@context":"https:\/\/schema.org","@graph":[{"@type":"WebPage","@id":"https:\/\/www.beyond.ch\/fr\/nelson\/","url":"https:\/\/www.beyond.ch\/fr\/nelson\/","name":"Nelson Bolivar Ortiz Montalvo - BeyondStrategy SA","isPartOf":{"@id":"https:\/\/www.beyond.ch\/de\/#website"},"datePublished":"2025-02-11T13:08:42+00:00","dateModified":"2025-02-19T19:11:56+00:00","breadcrumb":{"@id":"https:\/\/www.beyond.ch\/fr\/nelson\/#breadcrumb"},"inLanguage":"fr-FR","potentialAction":[{"@type":"ReadAction","target":["https:\/\/www.beyond.ch\/fr\/nelson\/"]}]},{"@type":"BreadcrumbList","@id":"https:\/\/www.beyond.ch\/fr\/nelson\/#breadcrumb","itemListElement":[{"@type":"ListItem","position":1,"name":"Accueil","item":"https:\/\/www.beyond.ch\/fr\/"},{"@type":"ListItem","position":2,"name":"Nelson Bolivar Ortiz Montalvo"}]},{"@type":"WebSite","@id":"https:\/\/www.beyond.ch\/de\/#website","url":"https:\/\/www.beyond.ch\/de\/","name":"BeyondStrategy SA","description":"From risks to performance","publisher":{"@id":"https:\/\/www.beyond.ch\/de\/#organization"},"potentialAction":[{"@type":"SearchAction","target":{"@type":"EntryPoint","urlTemplate":"https:\/\/www.beyond.ch\/de\/?s={search_term_string}"},"query-input":"required name=search_term_string"}],"inLanguage":"fr-FR"},{"@type":"Organization","@id":"https:\/\/www.beyond.ch\/de\/#organization","name":"BeyondStrategy SA","url":"https:\/\/www.beyond.ch\/de\/","sameAs":["https:\/\/www.linkedin.com\/company\/beyondstrategy-consulting"],"logo":{"@type":"ImageObject","inLanguage":"fr-FR","@id":"https:\/\/www.beyond.ch\/de\/#\/schema\/logo\/image\/","url":"https:\/\/www.beyondstrategy.ch\/wp-content\/uploads\/2022\/09\/BS_CLAIM_LOGO__BEYOND_LOGO-CMYK.png","contentUrl":"https:\/\/www.beyondstrategy.ch\/wp-content\/uploads\/2022\/09\/BS_CLAIM_LOGO__BEYOND_LOGO-CMYK.png","width":2520,"height":1016,"caption":"BeyondStrategy SA"},"image":{"@id":"https:\/\/www.beyond.ch\/de\/#\/schema\/logo\/image\/"}}]}},"_links":{"self":[{"href":"https:\/\/www.beyond.ch\/fr\/wp-json\/wp\/v2\/pages\/1054"}],"collection":[{"href":"https:\/\/www.beyond.ch\/fr\/wp-json\/wp\/v2\/pages"}],"about":[{"href":"https:\/\/www.beyond.ch\/fr\/wp-json\/wp\/v2\/types\/page"}],"author":[{"embeddable":true,"href":"https:\/\/www.beyond.ch\/fr\/wp-json\/wp\/v2\/users\/2"}],"replies":[{"embeddable":true,"href":"https:\/\/www.beyond.ch\/fr\/wp-json\/wp\/v2\/comments?post=1054"}],"version-history":[{"count":8,"href":"https:\/\/www.beyond.ch\/fr\/wp-json\/wp\/v2\/pages\/1054\/revisions"}],"predecessor-version":[{"id":1212,"href":"https:\/\/www.beyond.ch\/fr\/wp-json\/wp\/v2\/pages\/1054\/revisions\/1212"}],"wp:attachment":[{"href":"https:\/\/www.beyond.ch\/fr\/wp-json\/wp\/v2\/media?parent=1054"}],"curies":[{"name":"wp","href":"https:\/\/api.w.org\/{rel}","templated":true}]}}