{"id":1073,"date":"2025-02-11T14:54:38","date_gmt":"2025-02-11T13:54:38","guid":{"rendered":"https:\/\/www.beyond.ch\/?page_id=1073"},"modified":"2025-02-18T17:10:48","modified_gmt":"2025-02-18T16:10:48","slug":"noah-exquis","status":"publish","type":"page","link":"https:\/\/www.beyond.ch\/fr\/noah-exquis\/","title":{"rendered":"Noah Exquis"},"content":{"rendered":"<p><img src=\"\/wp-content\/uploads\/2025\/02\/Noah-Exquis.png\" alt=\"Noah Exquis\"><\/p>\n<div>Consultant CSRD et D\u00e9veloppement Produit<\/div>\n<h1>Noah J. Exquis<\/h1>\n<div>\n<p>Noah Exquis allie une expertise dans les domaines de la gestion durable, de la finance et de la technologie \u00e0 une solide exp\u00e9rience en comptabilit\u00e9 ESG. Dipl\u00f4m\u00e9 de l\u2019EPFL, de l\u2019IMD et d\u2019HEC Lausanne, il se sp\u00e9cialise dans la mise en \u0153uvre de la CSRD, le d\u00e9veloppement de logiciels ESG et l\u2019am\u00e9lioration du reporting en durabilit\u00e9 pour les PME.<\/p>\n<p>Son approche pragmatique lui permet de transformer les exigences r\u00e9glementaires en solutions concr\u00e8tes et innovantes. Fort de son exp\u00e9rience en automatisation des processus et en analyse de donn\u00e9es, il aide les entreprises \u00e0 optimiser leur reporting ESG et \u00e0 tirer parti des nouvelles technologies pour simplifier la conformit\u00e9.<\/p>\n<p>Passionn\u00e9 par l\u2019impact des nouvelles r\u00e9glementations sur le monde financier et entrepreneurial, il suit de pr\u00e8s l\u2019\u00e9volution des march\u00e9s et des opportunit\u00e9s li\u00e9es \u00e0 la transition durable. Lorsqu\u2019il ne d\u00e9crypte pas les subtilit\u00e9s de la CSRD, il aime explorer de nouvelles id\u00e9es \u00e0 travers la musique et les voyages.<\/p>\n<\/div>\n<ul>\n<li><a href=\"&#x6d;a&#x69;l&#x74;&#111;&#x3a;&#110;o&#x61;h&#x2e;&#101;&#x78;&#113;&#x75;&#105;s&#x40;b&#x65;&#121;&#x6f;&#110;&#x64;&#x2e;c&#x68;\">mail<\/a>\n<\/li>\n<li><a href=\"tel:+41212179176\">receiver<\/a>\n<\/li>\n<li><a href=\"https:\/\/www.linkedin.com\/in\/noah-john-exquis-945628194\/\">linkedin<\/a>\n<\/li>\n<\/ul>\n<p><!--more--><br \/>\n<!-- {\"name\":\"Detail Equipe\",\"type\":\"layout\",\"children\":[{\"name\":\"VCard\",\"type\":\"section\",\"props\":{\"style\":\"default\",\"width\":\"large\",\"vertical_align\":\"middle\",\"title_position\":\"top-left\",\"title_rotation\":\"left\",\"title_breakpoint\":\"xl\",\"image_position\":\"center-center\",\"height\":\"full\",\"image\":\"wp-content\\\/uploads\\\/projects-bg.svg\",\"image_effect\":\"parallax\",\"image_parallax_bgx_start\":\"-300\",\"image_parallax_bgy_start\":\"200\",\"image_parallax_bgy_end\":-150,\"image_parallax_bgx_end\":\"-300\",\"media_overlay\":null,\"padding_remove_bottom\":false,\"image_parallax_breakpoint\":\"m\",\"animation\":\"slide-left-medium\",\"animation_delay\":\"200\",\"media_visibility\":\"m\"},\"children\":[{\"name\":\"\",\"type\":\"row\",\"props\":{\"layout\":\"1-2,1-2\",\"margin_remove_top\":false,\"margin_remove_bottom\":false,\"vertical_align\":true,\"divider\":false,\"column_gap\":\"large\",\"row_gap\":\"large\"},\"children\":[{\"name\":\"\",\"type\":\"column\",\"props\":{\"image_position\":\"top-left\",\"image\":\"\",\"image_effect\":\"parallax\",\"width_medium\":\"1-2\",\"media_overlay_gradient\":\"\",\"position_sticky_breakpoint\":\"m\"},\"children\":[{\"name\":\"\",\"type\":\"image\",\"props\":{\"margin\":\"\",\"image\":\"wp-content\\\/uploads\\\/2025\\\/02\\\/Noah-Exquis.png\",\"image_width\":\"600\",\"margin_remove_top\":false,\"margin_remove_bottom\":false,\"image_height\":\"700\",\"text_align\":\"left\",\"text_align_breakpoint\":\"m\",\"text_align_fallback\":\"center\",\"image_svg_color\":\"emphasis\",\"image_alt\":\"Noah Exquis\"}}]},{\"name\":\"\",\"type\":\"column\",\"props\":{\"image_position\":\"top-left\",\"image\":\"\",\"image_width\":\"300\",\"media_overlay\":\"rgba(255, 255, 255, 0.54)\",\"vertical_align\":\"middle\",\"width_medium\":\"1-2\",\"media_overlay_gradient\":\"\",\"position_sticky_breakpoint\":\"m\"},\"children\":[{\"name\":\"\",\"type\":\"headline\",\"props\":{\"title_element\":\"div\",\"content\":\"Consultant CSRD et D\\u00e9veloppement Produit\",\"title_style\":\"h6\",\"title_color\":\"primary\",\"margin_remove_top\":false,\"margin_remove_bottom\":false,\"margin\":\"small\"}},{\"name\":\"\",\"type\":\"headline\",\"props\":{\"title_element\":\"h1\",\"content\":\"Noah J. Exquis\",\"margin_remove_top\":true,\"text_align\":\"left\",\"margin_remove_bottom\":false,\"title_style\":\"heading-medium\"}},{\"name\":\"\",\"type\":\"text\",\"props\":{\"margin\":\"large\",\"column_breakpoint\":\"m\",\"maxwidth\":\"2xlarge\",\"content\":\"\n\n<p>Noah Exquis allie une expertise dans les domaines de la gestion durable, de la finance et de la technologie \\u00e0 une solide exp\\u00e9rience en comptabilit\\u00e9 ESG. Dipl\\u00f4m\\u00e9 de l\\u2019EPFL, de l\\u2019IMD et d\\u2019HEC Lausanne, il se sp\\u00e9cialise dans la mise en \\u0153uvre de la CSRD, le d\\u00e9veloppement de logiciels ESG et l\\u2019am\\u00e9lioration du reporting en durabilit\\u00e9 pour les PME.<\\\/p>\\n\n\n<p>Son approche pragmatique lui permet de transformer les exigences r\\u00e9glementaires en solutions concr\\u00e8tes et innovantes. Fort de son exp\\u00e9rience en automatisation des processus et en analyse de donn\\u00e9es, il aide les entreprises \\u00e0 optimiser leur reporting ESG et \\u00e0 tirer parti des nouvelles technologies pour simplifier la conformit\\u00e9.<\\\/p>\\n\n\n<p>Passionn\\u00e9 par l\\u2019impact des nouvelles r\\u00e9glementations sur le monde financier et entrepreneurial, il suit de pr\\u00e8s l\\u2019\\u00e9volution des march\\u00e9s et des opportunit\\u00e9s li\\u00e9es \\u00e0 la transition durable. Lorsqu\\u2019il ne d\\u00e9crypte pas les subtilit\\u00e9s de la CSRD, il aime explorer de nouvelles id\\u00e9es \\u00e0 travers la musique et les voyages.<\\\/p>\",\"text_size\":\"large\"}},{\"name\":\"\",\"type\":\"social\",\"props\":{\"link_style\":\"link\",\"margin\":\"large\",\"link_target\":true,\"grid_gap\":\"small\",\"grid\":\"horizontal\"},\"children\":[{\"type\":\"social_item\",\"props\":{\"link\":\"m&#97;&#x69;&#x6c;&#x74;o&#58;&#110;&#x6f;&#x61;h&#46;&#101;&#x78;&#x71;ui&#115;&#x40;&#x62;&#x65;y&#111;&#x6e;&#x64;&#x2e;c&#104;\"}},{\"type\":\"social_item\",\"props\":{\"link\":\"tel:+41212179176\"}},{\"type\":\"social_item\",\"props\":{\"link\":\"https:\\\/\\\/www.linkedin.com\\\/in\\\/noah-john-exquis-945628194\\\/\"}}]}]}]}]}],\"version\":\"2.7.22\"} --><\/p>\n","protected":false},"excerpt":{"rendered":"<p>Consultant CSRD et D\u00e9veloppement Produit Noah J. Exquis Noah Exquis allie une expertise dans les domaines de la gestion durable, de la finance et de la technologie \u00e0 une solide exp\u00e9rience en comptabilit\u00e9 ESG. Dipl\u00f4m\u00e9 de l\u2019EPFL, de l\u2019IMD et d\u2019HEC Lausanne, il se sp\u00e9cialise dans la mise en \u0153uvre de la CSRD, le d\u00e9veloppement [&hellip;]<\/p>\n","protected":false},"author":2,"featured_media":0,"parent":0,"menu_order":0,"comment_status":"closed","ping_status":"closed","template":"","meta":[],"yoast_head":"<!-- This site is optimized with the Yoast SEO plugin v19.6 - https:\/\/yoast.com\/wordpress\/plugins\/seo\/ -->\n<title>Noah Exquis - BeyondStrategy SA<\/title>\n<meta name=\"robots\" content=\"index, follow, max-snippet:-1, max-image-preview:large, max-video-preview:-1\" \/>\n<link rel=\"canonical\" href=\"https:\/\/www.beyond.ch\/fr\/noah-exquis\/\" \/>\n<meta property=\"og:locale\" content=\"fr_FR\" \/>\n<meta property=\"og:type\" content=\"article\" \/>\n<meta property=\"og:title\" content=\"Noah Exquis - BeyondStrategy SA\" \/>\n<meta property=\"og:description\" content=\"Consultant CSRD et D\u00e9veloppement Produit Noah J. Exquis Noah Exquis allie une expertise dans les domaines de la gestion durable, de la finance et de la technologie \u00e0 une solide exp\u00e9rience en comptabilit\u00e9 ESG. Dipl\u00f4m\u00e9 de l\u2019EPFL, de l\u2019IMD et d\u2019HEC Lausanne, il se sp\u00e9cialise dans la mise en \u0153uvre de la CSRD, le d\u00e9veloppement [&hellip;]\" \/>\n<meta property=\"og:url\" content=\"https:\/\/www.beyond.ch\/fr\/noah-exquis\/\" \/>\n<meta property=\"og:site_name\" content=\"BeyondStrategy SA\" \/>\n<meta property=\"article:modified_time\" content=\"2025-02-18T16:10:48+00:00\" \/>\n<meta name=\"twitter:card\" content=\"summary_large_image\" \/>\n<script type=\"application\/ld+json\" class=\"yoast-schema-graph\">{\"@context\":\"https:\/\/schema.org\",\"@graph\":[{\"@type\":\"WebPage\",\"@id\":\"https:\/\/www.beyond.ch\/fr\/noah-exquis\/\",\"url\":\"https:\/\/www.beyond.ch\/fr\/noah-exquis\/\",\"name\":\"Noah Exquis - BeyondStrategy SA\",\"isPartOf\":{\"@id\":\"https:\/\/www.beyond.ch\/de\/#website\"},\"datePublished\":\"2025-02-11T13:54:38+00:00\",\"dateModified\":\"2025-02-18T16:10:48+00:00\",\"breadcrumb\":{\"@id\":\"https:\/\/www.beyond.ch\/fr\/noah-exquis\/#breadcrumb\"},\"inLanguage\":\"fr-FR\",\"potentialAction\":[{\"@type\":\"ReadAction\",\"target\":[\"https:\/\/www.beyond.ch\/fr\/noah-exquis\/\"]}]},{\"@type\":\"BreadcrumbList\",\"@id\":\"https:\/\/www.beyond.ch\/fr\/noah-exquis\/#breadcrumb\",\"itemListElement\":[{\"@type\":\"ListItem\",\"position\":1,\"name\":\"Accueil\",\"item\":\"https:\/\/www.beyond.ch\/fr\/\"},{\"@type\":\"ListItem\",\"position\":2,\"name\":\"Noah Exquis\"}]},{\"@type\":\"WebSite\",\"@id\":\"https:\/\/www.beyond.ch\/de\/#website\",\"url\":\"https:\/\/www.beyond.ch\/de\/\",\"name\":\"BeyondStrategy SA\",\"description\":\"From risks to performance\",\"publisher\":{\"@id\":\"https:\/\/www.beyond.ch\/de\/#organization\"},\"potentialAction\":[{\"@type\":\"SearchAction\",\"target\":{\"@type\":\"EntryPoint\",\"urlTemplate\":\"https:\/\/www.beyond.ch\/de\/?s={search_term_string}\"},\"query-input\":\"required name=search_term_string\"}],\"inLanguage\":\"fr-FR\"},{\"@type\":\"Organization\",\"@id\":\"https:\/\/www.beyond.ch\/de\/#organization\",\"name\":\"BeyondStrategy SA\",\"url\":\"https:\/\/www.beyond.ch\/de\/\",\"sameAs\":[\"https:\/\/www.linkedin.com\/company\/beyondstrategy-consulting\"],\"logo\":{\"@type\":\"ImageObject\",\"inLanguage\":\"fr-FR\",\"@id\":\"https:\/\/www.beyond.ch\/de\/#\/schema\/logo\/image\/\",\"url\":\"https:\/\/www.beyondstrategy.ch\/wp-content\/uploads\/2022\/09\/BS_CLAIM_LOGO__BEYOND_LOGO-CMYK.png\",\"contentUrl\":\"https:\/\/www.beyondstrategy.ch\/wp-content\/uploads\/2022\/09\/BS_CLAIM_LOGO__BEYOND_LOGO-CMYK.png\",\"width\":2520,\"height\":1016,\"caption\":\"BeyondStrategy SA\"},\"image\":{\"@id\":\"https:\/\/www.beyond.ch\/de\/#\/schema\/logo\/image\/\"}}]}<\/script>\n<!-- \/ Yoast SEO plugin. -->","yoast_head_json":{"title":"Noah Exquis - BeyondStrategy SA","robots":{"index":"index","follow":"follow","max-snippet":"max-snippet:-1","max-image-preview":"max-image-preview:large","max-video-preview":"max-video-preview:-1"},"canonical":"https:\/\/www.beyond.ch\/fr\/noah-exquis\/","og_locale":"fr_FR","og_type":"article","og_title":"Noah Exquis - BeyondStrategy SA","og_description":"Consultant CSRD et D\u00e9veloppement Produit Noah J. Exquis Noah Exquis allie une expertise dans les domaines de la gestion durable, de la finance et de la technologie \u00e0 une solide exp\u00e9rience en comptabilit\u00e9 ESG. Dipl\u00f4m\u00e9 de l\u2019EPFL, de l\u2019IMD et d\u2019HEC Lausanne, il se sp\u00e9cialise dans la mise en \u0153uvre de la CSRD, le d\u00e9veloppement [&hellip;]","og_url":"https:\/\/www.beyond.ch\/fr\/noah-exquis\/","og_site_name":"BeyondStrategy SA","article_modified_time":"2025-02-18T16:10:48+00:00","twitter_card":"summary_large_image","schema":{"@context":"https:\/\/schema.org","@graph":[{"@type":"WebPage","@id":"https:\/\/www.beyond.ch\/fr\/noah-exquis\/","url":"https:\/\/www.beyond.ch\/fr\/noah-exquis\/","name":"Noah Exquis - BeyondStrategy SA","isPartOf":{"@id":"https:\/\/www.beyond.ch\/de\/#website"},"datePublished":"2025-02-11T13:54:38+00:00","dateModified":"2025-02-18T16:10:48+00:00","breadcrumb":{"@id":"https:\/\/www.beyond.ch\/fr\/noah-exquis\/#breadcrumb"},"inLanguage":"fr-FR","potentialAction":[{"@type":"ReadAction","target":["https:\/\/www.beyond.ch\/fr\/noah-exquis\/"]}]},{"@type":"BreadcrumbList","@id":"https:\/\/www.beyond.ch\/fr\/noah-exquis\/#breadcrumb","itemListElement":[{"@type":"ListItem","position":1,"name":"Accueil","item":"https:\/\/www.beyond.ch\/fr\/"},{"@type":"ListItem","position":2,"name":"Noah Exquis"}]},{"@type":"WebSite","@id":"https:\/\/www.beyond.ch\/de\/#website","url":"https:\/\/www.beyond.ch\/de\/","name":"BeyondStrategy SA","description":"From risks to performance","publisher":{"@id":"https:\/\/www.beyond.ch\/de\/#organization"},"potentialAction":[{"@type":"SearchAction","target":{"@type":"EntryPoint","urlTemplate":"https:\/\/www.beyond.ch\/de\/?s={search_term_string}"},"query-input":"required name=search_term_string"}],"inLanguage":"fr-FR"},{"@type":"Organization","@id":"https:\/\/www.beyond.ch\/de\/#organization","name":"BeyondStrategy SA","url":"https:\/\/www.beyond.ch\/de\/","sameAs":["https:\/\/www.linkedin.com\/company\/beyondstrategy-consulting"],"logo":{"@type":"ImageObject","inLanguage":"fr-FR","@id":"https:\/\/www.beyond.ch\/de\/#\/schema\/logo\/image\/","url":"https:\/\/www.beyondstrategy.ch\/wp-content\/uploads\/2022\/09\/BS_CLAIM_LOGO__BEYOND_LOGO-CMYK.png","contentUrl":"https:\/\/www.beyondstrategy.ch\/wp-content\/uploads\/2022\/09\/BS_CLAIM_LOGO__BEYOND_LOGO-CMYK.png","width":2520,"height":1016,"caption":"BeyondStrategy SA"},"image":{"@id":"https:\/\/www.beyond.ch\/de\/#\/schema\/logo\/image\/"}}]}},"_links":{"self":[{"href":"https:\/\/www.beyond.ch\/fr\/wp-json\/wp\/v2\/pages\/1073"}],"collection":[{"href":"https:\/\/www.beyond.ch\/fr\/wp-json\/wp\/v2\/pages"}],"about":[{"href":"https:\/\/www.beyond.ch\/fr\/wp-json\/wp\/v2\/types\/page"}],"author":[{"embeddable":true,"href":"https:\/\/www.beyond.ch\/fr\/wp-json\/wp\/v2\/users\/2"}],"replies":[{"embeddable":true,"href":"https:\/\/www.beyond.ch\/fr\/wp-json\/wp\/v2\/comments?post=1073"}],"version-history":[{"count":6,"href":"https:\/\/www.beyond.ch\/fr\/wp-json\/wp\/v2\/pages\/1073\/revisions"}],"predecessor-version":[{"id":1185,"href":"https:\/\/www.beyond.ch\/fr\/wp-json\/wp\/v2\/pages\/1073\/revisions\/1185"}],"wp:attachment":[{"href":"https:\/\/www.beyond.ch\/fr\/wp-json\/wp\/v2\/media?parent=1073"}],"curies":[{"name":"wp","href":"https:\/\/api.w.org\/{rel}","templated":true}]}}