{"id":729,"date":"2022-06-19T21:27:06","date_gmt":"2022-06-19T19:27:06","guid":{"rendered":"https:\/\/beyonddev.affinities.ch\/team\/"},"modified":"2025-04-30T09:31:00","modified_gmt":"2025-04-30T07:31:00","slug":"equipe","status":"publish","type":"page","link":"https:\/\/www.beyond.ch\/fr\/equipe\/","title":{"rendered":"Equipe"},"content":{"rendered":"<h1>Notre \u00e9quipe<\/h1>\n<div>D\u00e9couvrez notre \u00e9quipe<span class=\"uk-text-primary\">.<\/span><\/div>\n<ul>\n<li>\n<p>        <img src=\"http:\/\/www.beyond.ch\/wp-content\/uploads\/2025\/02\/Photo-Kurt-Wicki.png\" alt=\"\"><\/p>\n<h3>Kurt Wicki<\/h3>\n<p>Cofondateur<\/p>\n<p><a href=\"\/fr\/team\/kurt-wicki\/\"><\/a><\/p>\n<\/li>\n<li>\n<p>        <img src=\"http:\/\/www.beyond.ch\/wp-content\/uploads\/2025\/02\/Photo-Samuel-Wicki.png\" alt=\"\"><\/p>\n<h3>Samuel Wicki, PhD<\/h3>\n<p>Cofondateur<\/p>\n<p><a href=\"\/fr\/team\/samuel-wicki\/\"><\/a><\/p>\n<\/li>\n<li>\n<p>        <img src=\"http:\/\/www.beyond.ch\/wp-content\/uploads\/2025\/02\/Photo-Alessandro-Trentin.png\" alt=\"Alessandro Trentin\"><\/p>\n<h3>Alessandro Trentin, MSc<\/h3>\n<p>Senior consultant<\/p>\n<p><a href=\"\/fr\/equipe\/alessandro-trentin\/\"><\/a><\/p>\n<\/li>\n<li>\n<p>        <img src=\"\/wp-content\/uploads\/2025\/02\/Nelson-B.-Ortiz-M..png\" alt=\"Photo Nelson B. Ortiz M.\"><\/p>\n<h3>Nelson B. Ortiz M.<\/h3>\n<p>Consultant CSRD et D\u00e9veloppement Produit<\/p>\n<p><a href=\"https:\/\/www.beyond.ch\/fr\/nelson\/\"><\/a><\/p>\n<\/li>\n<li>\n<p>        <img src=\"\/wp-content\/uploads\/2025\/02\/Noah-Exquis.png\" alt=\"Photo Noah Exquis\"><\/p>\n<h3>Noah J. Exquis<\/h3>\n<p>Consultant CSRD et D\u00e9veloppement Produit<\/p>\n<p><a href=\"https:\/\/www.beyond.ch\/fr\/noah-exquis\/\"><\/a><\/p>\n<\/li>\n<li>\n<p>        <img src=\"http:\/\/www.beyond.ch\/wp-content\/uploads\/2025\/04\/Sara-Ratti.png\" alt=\"\"><\/p>\n<h3>Sara Ratti<\/h3>\n<p>Experte en Mesure et Reporting de Durabilit\u00e9<\/p>\n<p><a href=\"\/fr\/team\/sara-ratti\/\"><\/a><\/p>\n<\/li>\n<li>\n<p>        <img src=\"\/wp-content\/uploads\/2025\/02\/Photo-Paul-Steele.png\" alt=\"Photo Paul Steele\"><\/p>\n<h3>Paul Steele<\/h3>\n<p>Conseiller affili\u00e9<\/p>\n<p><a href=\"\/fr\/team\/paul-steele\/\"><\/a><\/p>\n<\/li>\n<\/ul>\n<p><!--more--><br \/>\n<!-- {\"name\":\"People\",\"type\":\"layout\",\"children\":[{\"name\":\"Hero\",\"type\":\"section\",\"props\":{\"style\":\"secondary\",\"width\":\"\",\"vertical_align\":\"middle\",\"title_position\":\"top-left\",\"title_rotation\":\"left\",\"title_breakpoint\":\"xl\",\"image_position\":\"center-center\",\"padding\":\"none\",\"animation\":\"slide-left-small\",\"animation_delay\":\"200\"},\"children\":[{\"name\":\"\",\"type\":\"row\",\"props\":{\"layout\":\"1-2,1-2\",\"vertical_align\":false},\"children\":[{\"name\":\"\",\"type\":\"column\",\"props\":{\"image_position\":\"center-center\",\"image\":\"wp-content\\\/uploads\\\/2022\\\/07\\\/TEAM.jpg\",\"css\":\".el-column {\\n\\tmin-height: 500px;\\n}\",\"image_size\":\"cover\",\"style\":\"secondary\",\"padding\":\"none\",\"image_width\":\"1210\",\"image_height\":\"1320\",\"media_overlay_gradient\":\"\",\"width_medium\":\"1-2\",\"position_sticky_breakpoint\":\"m\"}},{\"name\":\"\",\"type\":\"column\",\"props\":{\"image_position\":\"center-center\",\"style\":\"secondary\",\"padding\":\"xlarge\",\"media_overlay_gradient\":\"\",\"width_medium\":\"1-2\",\"position_sticky_breakpoint\":\"m\"},\"children\":[{\"name\":\"\",\"type\":\"headline\",\"props\":{\"title_element\":\"h1\",\"content\":\"Notre \\u00e9quipe\",\"title_style\":\"h6\",\"maxwidth\":\"xlarge\",\"title_color\":\"primary\",\"maxwidth_breakpoint\":\"m\",\"block_align\":\"center\"}},{\"name\":\"\",\"type\":\"headline\",\"props\":{\"title_element\":\"div\",\"content\":\"D\\u00e9couvrez notre \\u00e9quipe<span class=\\\"uk-text-primary\\\">.<\\\/span>\",\"title_style\":\"heading-large\",\"maxwidth\":\"xlarge\",\"maxwidth_breakpoint\":\"m\",\"block_align\":\"center\",\"css\":\".el-element {line-height:1em}\"}}]}]}]},{\"name\":\"Team London\",\"type\":\"section\",\"props\":{\"style\":\"default\",\"width\":\"xlarge\",\"vertical_align\":\"middle\",\"title_position\":\"top-left\",\"title_rotation\":\"left\",\"title_breakpoint\":\"xl\",\"image_position\":\"center-center\",\"padding\":\"xlarge\",\"padding_remove_bottom\":true,\"id\":\"london\",\"animation\":\"slide-left-small\",\"animation_delay\":\"200\"},\"children\":[{\"name\":\"\",\"type\":\"row\",\"children\":[{\"name\":\"\",\"type\":\"column\",\"props\":{\"image_position\":\"center-center\",\"media_overlay_gradient\":\"\",\"position_sticky_breakpoint\":\"m\",\"width_medium\":\"\"},\"children\":[{\"name\":\"\",\"type\":\"gallery\",\"props\":{\"show_title\":true,\"show_meta\":true,\"show_content\":true,\"show_link\":true,\"show_hover_image\":true,\"grid_default\":\"2\",\"grid_medium\":\"4\",\"filter_style\":\"tab\",\"filter_all\":true,\"filter_position\":\"top\",\"filter_align\":\"left\",\"filter_grid_width\":\"auto\",\"overlay_mode\":\"cover\",\"overlay_position\":\"center\",\"overlay_transition\":\"fade\",\"title_element\":\"h3\",\"meta_style\":\"meta\",\"meta_align\":\"below-title\",\"text_align\":\"center\",\"margin\":\"small\",\"overlay_hover\":true,\"overlay_style\":\"overlay-primary\",\"text_color\":\"\",\"meta_margin\":\"remove\",\"grid_small\":\"2\",\"title_style\":\"h5\",\"css\":\".el-meta { color: rgba(0,0,0,.6); }\",\"item_animation\":true,\"link_text\":\"\",\"link_style\":\"default\",\"grid_column_gap\":\"small\",\"grid_row_gap\":\"small\",\"filter_grid_breakpoint\":\"m\",\"overlay_link\":true,\"title_hover_style\":\"reset\",\"meta_element\":\"div\"},\"children\":[{\"name\":\"\",\"type\":\"gallery_item\",\"props\":{\"image\":\"http:\\\/\\\/www.beyond.ch\\\/wp-content\\\/uploads\\\/2025\\\/02\\\/Photo-Kurt-Wicki.png\",\"title\":\"Kurt Wicki\",\"meta\":\"Cofondateur\",\"content\":\"\",\"link\":\"fr\\\/team\\\/kurt-wicki\\\/\",\"hover_image\":null}},{\"name\":\"\",\"type\":\"gallery_item\",\"props\":{\"image\":\"http:\\\/\\\/www.beyond.ch\\\/wp-content\\\/uploads\\\/2025\\\/02\\\/Photo-Samuel-Wicki.png\",\"title\":\"Samuel Wicki, PhD\",\"meta\":\"Cofondateur\",\"content\":\"\",\"link\":\"fr\\\/team\\\/samuel-wicki\\\/\",\"hover_image\":null}},{\"name\":\"\",\"type\":\"gallery_item\",\"props\":{\"image\":\"http:\\\/\\\/www.beyond.ch\\\/wp-content\\\/uploads\\\/2025\\\/02\\\/Photo-Alessandro-Trentin.png\",\"title\":\"Alessandro Trentin, MSc\",\"meta\":\"Senior consultant\",\"content\":\"\",\"link\":\"fr\\\/equipe\\\/alessandro-trentin\\\/\",\"hover_image\":null,\"image_alt\":\"Alessandro Trentin\"}},{\"type\":\"gallery_item\",\"props\":{\"title\":\"Nelson B. Ortiz M.\",\"image\":\"wp-content\\\/uploads\\\/2025\\\/02\\\/Nelson-B.-Ortiz-M..png\",\"image_alt\":\"Photo Nelson B. Ortiz M.\",\"meta\":\"Consultant CSRD et D\\u00e9veloppement Produit\",\"link\":\"https:\\\/\\\/www.beyond.ch\\\/fr\\\/nelson\\\/\"}},{\"type\":\"gallery_item\",\"props\":{\"title\":\"Noah J. Exquis\",\"image\":\"wp-content\\\/uploads\\\/2025\\\/02\\\/Noah-Exquis.png\",\"meta\":\"Consultant CSRD et D\\u00e9veloppement Produit\",\"image_alt\":\"Photo Noah Exquis\",\"link\":\"https:\\\/\\\/www.beyond.ch\\\/fr\\\/noah-exquis\\\/\"}},{\"type\":\"gallery_item\",\"props\":{\"image\":\"http:\\\/\\\/www.beyond.ch\\\/wp-content\\\/uploads\\\/2025\\\/04\\\/Sara-Ratti.png\",\"title\":\"Sara Ratti\",\"meta\":\"Experte en Mesure et Reporting de Durabilit\\u00e9\",\"link\":\"fr\\\/team\\\/sara-ratti\\\/\"}},{\"type\":\"gallery_item\",\"props\":{\"title\":\"Paul Steele\",\"image\":\"wp-content\\\/uploads\\\/2025\\\/02\\\/Photo-Paul-Steele.png\",\"image_alt\":\"Photo Paul Steele\",\"meta\":\"Conseiller affili\\u00e9\",\"link\":\"fr\\\/team\\\/paul-steele\\\/\"}}]}]}]}]},{\"type\":\"section\",\"props\":{\"style\":\"default\",\"width\":\"default\",\"vertical_align\":\"middle\",\"title_position\":\"top-left\",\"title_rotation\":\"left\",\"title_breakpoint\":\"xl\",\"image_position\":\"center-center\"},\"children\":[{\"type\":\"row\",\"children\":[{\"type\":\"column\",\"props\":{\"position_sticky_breakpoint\":\"m\",\"image_position\":\"center-center\",\"media_overlay_gradient\":\"\"},\"children\":[]}]}]}],\"version\":\"2.7.22\"} --><\/p>\n","protected":false},"excerpt":{"rendered":"<p>Notre \u00e9quipe D\u00e9couvrez notre \u00e9quipe. Kurt Wicki Cofondateur Samuel Wicki, PhD Cofondateur Alessandro Trentin, MSc Senior consultant Nelson B. Ortiz M. Consultant CSRD et D\u00e9veloppement Produit Noah J. Exquis Consultant CSRD et D\u00e9veloppement Produit Sara Ratti Experte en Mesure et Reporting de Durabilit\u00e9 Paul Steele Conseiller affili\u00e9<\/p>\n","protected":false},"author":1,"featured_media":0,"parent":0,"menu_order":0,"comment_status":"closed","ping_status":"closed","template":"","meta":[],"yoast_head":"<!-- This site is optimized with the Yoast SEO plugin v19.6 - https:\/\/yoast.com\/wordpress\/plugins\/seo\/ -->\n<title>Equipe - BeyondStrategy SA<\/title>\n<meta name=\"robots\" content=\"index, follow, max-snippet:-1, max-image-preview:large, max-video-preview:-1\" \/>\n<link rel=\"canonical\" href=\"https:\/\/www.beyond.ch\/fr\/equipe\/\" \/>\n<meta property=\"og:locale\" content=\"fr_FR\" \/>\n<meta property=\"og:type\" content=\"article\" \/>\n<meta property=\"og:title\" content=\"Equipe - BeyondStrategy SA\" \/>\n<meta property=\"og:description\" content=\"Notre \u00e9quipe D\u00e9couvrez notre \u00e9quipe. Kurt Wicki Cofondateur Samuel Wicki, PhD Cofondateur Alessandro Trentin, MSc Senior consultant Nelson B. Ortiz M. Consultant CSRD et D\u00e9veloppement Produit Noah J. Exquis Consultant CSRD et D\u00e9veloppement Produit Sara Ratti Experte en Mesure et Reporting de Durabilit\u00e9 Paul Steele Conseiller affili\u00e9\" \/>\n<meta property=\"og:url\" content=\"https:\/\/www.beyond.ch\/fr\/equipe\/\" \/>\n<meta property=\"og:site_name\" content=\"BeyondStrategy SA\" \/>\n<meta property=\"article:modified_time\" content=\"2025-04-30T07:31:00+00:00\" \/>\n<meta property=\"og:image\" content=\"http:\/\/www.beyond.ch\/wp-content\/uploads\/2025\/02\/Photo-Kurt-Wicki.png\" \/>\n<meta name=\"twitter:card\" content=\"summary_large_image\" \/>\n<script type=\"application\/ld+json\" class=\"yoast-schema-graph\">{\"@context\":\"https:\/\/schema.org\",\"@graph\":[{\"@type\":\"WebPage\",\"@id\":\"https:\/\/www.beyond.ch\/fr\/equipe\/\",\"url\":\"https:\/\/www.beyond.ch\/fr\/equipe\/\",\"name\":\"Equipe - BeyondStrategy SA\",\"isPartOf\":{\"@id\":\"https:\/\/www.beyond.ch\/de\/#website\"},\"datePublished\":\"2022-06-19T19:27:06+00:00\",\"dateModified\":\"2025-04-30T07:31:00+00:00\",\"breadcrumb\":{\"@id\":\"https:\/\/www.beyond.ch\/fr\/equipe\/#breadcrumb\"},\"inLanguage\":\"fr-FR\",\"potentialAction\":[{\"@type\":\"ReadAction\",\"target\":[\"https:\/\/www.beyond.ch\/fr\/equipe\/\"]}]},{\"@type\":\"BreadcrumbList\",\"@id\":\"https:\/\/www.beyond.ch\/fr\/equipe\/#breadcrumb\",\"itemListElement\":[{\"@type\":\"ListItem\",\"position\":1,\"name\":\"Accueil\",\"item\":\"https:\/\/www.beyond.ch\/fr\/\"},{\"@type\":\"ListItem\",\"position\":2,\"name\":\"Equipe\"}]},{\"@type\":\"WebSite\",\"@id\":\"https:\/\/www.beyond.ch\/de\/#website\",\"url\":\"https:\/\/www.beyond.ch\/de\/\",\"name\":\"BeyondStrategy SA\",\"description\":\"From risks to performance\",\"publisher\":{\"@id\":\"https:\/\/www.beyond.ch\/de\/#organization\"},\"potentialAction\":[{\"@type\":\"SearchAction\",\"target\":{\"@type\":\"EntryPoint\",\"urlTemplate\":\"https:\/\/www.beyond.ch\/de\/?s={search_term_string}\"},\"query-input\":\"required name=search_term_string\"}],\"inLanguage\":\"fr-FR\"},{\"@type\":\"Organization\",\"@id\":\"https:\/\/www.beyond.ch\/de\/#organization\",\"name\":\"BeyondStrategy SA\",\"url\":\"https:\/\/www.beyond.ch\/de\/\",\"sameAs\":[\"https:\/\/www.linkedin.com\/company\/beyondstrategy-consulting\"],\"logo\":{\"@type\":\"ImageObject\",\"inLanguage\":\"fr-FR\",\"@id\":\"https:\/\/www.beyond.ch\/de\/#\/schema\/logo\/image\/\",\"url\":\"https:\/\/www.beyondstrategy.ch\/wp-content\/uploads\/2022\/09\/BS_CLAIM_LOGO__BEYOND_LOGO-CMYK.png\",\"contentUrl\":\"https:\/\/www.beyondstrategy.ch\/wp-content\/uploads\/2022\/09\/BS_CLAIM_LOGO__BEYOND_LOGO-CMYK.png\",\"width\":2520,\"height\":1016,\"caption\":\"BeyondStrategy SA\"},\"image\":{\"@id\":\"https:\/\/www.beyond.ch\/de\/#\/schema\/logo\/image\/\"}}]}<\/script>\n<!-- \/ Yoast SEO plugin. -->","yoast_head_json":{"title":"Equipe - BeyondStrategy SA","robots":{"index":"index","follow":"follow","max-snippet":"max-snippet:-1","max-image-preview":"max-image-preview:large","max-video-preview":"max-video-preview:-1"},"canonical":"https:\/\/www.beyond.ch\/fr\/equipe\/","og_locale":"fr_FR","og_type":"article","og_title":"Equipe - BeyondStrategy SA","og_description":"Notre \u00e9quipe D\u00e9couvrez notre \u00e9quipe. Kurt Wicki Cofondateur Samuel Wicki, PhD Cofondateur Alessandro Trentin, MSc Senior consultant Nelson B. Ortiz M. Consultant CSRD et D\u00e9veloppement Produit Noah J. Exquis Consultant CSRD et D\u00e9veloppement Produit Sara Ratti Experte en Mesure et Reporting de Durabilit\u00e9 Paul Steele Conseiller affili\u00e9","og_url":"https:\/\/www.beyond.ch\/fr\/equipe\/","og_site_name":"BeyondStrategy SA","article_modified_time":"2025-04-30T07:31:00+00:00","og_image":[{"url":"http:\/\/www.beyond.ch\/wp-content\/uploads\/2025\/02\/Photo-Kurt-Wicki.png"}],"twitter_card":"summary_large_image","schema":{"@context":"https:\/\/schema.org","@graph":[{"@type":"WebPage","@id":"https:\/\/www.beyond.ch\/fr\/equipe\/","url":"https:\/\/www.beyond.ch\/fr\/equipe\/","name":"Equipe - BeyondStrategy SA","isPartOf":{"@id":"https:\/\/www.beyond.ch\/de\/#website"},"datePublished":"2022-06-19T19:27:06+00:00","dateModified":"2025-04-30T07:31:00+00:00","breadcrumb":{"@id":"https:\/\/www.beyond.ch\/fr\/equipe\/#breadcrumb"},"inLanguage":"fr-FR","potentialAction":[{"@type":"ReadAction","target":["https:\/\/www.beyond.ch\/fr\/equipe\/"]}]},{"@type":"BreadcrumbList","@id":"https:\/\/www.beyond.ch\/fr\/equipe\/#breadcrumb","itemListElement":[{"@type":"ListItem","position":1,"name":"Accueil","item":"https:\/\/www.beyond.ch\/fr\/"},{"@type":"ListItem","position":2,"name":"Equipe"}]},{"@type":"WebSite","@id":"https:\/\/www.beyond.ch\/de\/#website","url":"https:\/\/www.beyond.ch\/de\/","name":"BeyondStrategy SA","description":"From risks to performance","publisher":{"@id":"https:\/\/www.beyond.ch\/de\/#organization"},"potentialAction":[{"@type":"SearchAction","target":{"@type":"EntryPoint","urlTemplate":"https:\/\/www.beyond.ch\/de\/?s={search_term_string}"},"query-input":"required name=search_term_string"}],"inLanguage":"fr-FR"},{"@type":"Organization","@id":"https:\/\/www.beyond.ch\/de\/#organization","name":"BeyondStrategy SA","url":"https:\/\/www.beyond.ch\/de\/","sameAs":["https:\/\/www.linkedin.com\/company\/beyondstrategy-consulting"],"logo":{"@type":"ImageObject","inLanguage":"fr-FR","@id":"https:\/\/www.beyond.ch\/de\/#\/schema\/logo\/image\/","url":"https:\/\/www.beyondstrategy.ch\/wp-content\/uploads\/2022\/09\/BS_CLAIM_LOGO__BEYOND_LOGO-CMYK.png","contentUrl":"https:\/\/www.beyondstrategy.ch\/wp-content\/uploads\/2022\/09\/BS_CLAIM_LOGO__BEYOND_LOGO-CMYK.png","width":2520,"height":1016,"caption":"BeyondStrategy SA"},"image":{"@id":"https:\/\/www.beyond.ch\/de\/#\/schema\/logo\/image\/"}}]}},"_links":{"self":[{"href":"https:\/\/www.beyond.ch\/fr\/wp-json\/wp\/v2\/pages\/729"}],"collection":[{"href":"https:\/\/www.beyond.ch\/fr\/wp-json\/wp\/v2\/pages"}],"about":[{"href":"https:\/\/www.beyond.ch\/fr\/wp-json\/wp\/v2\/types\/page"}],"author":[{"embeddable":true,"href":"https:\/\/www.beyond.ch\/fr\/wp-json\/wp\/v2\/users\/1"}],"replies":[{"embeddable":true,"href":"https:\/\/www.beyond.ch\/fr\/wp-json\/wp\/v2\/comments?post=729"}],"version-history":[{"count":30,"href":"https:\/\/www.beyond.ch\/fr\/wp-json\/wp\/v2\/pages\/729\/revisions"}],"predecessor-version":[{"id":1226,"href":"https:\/\/www.beyond.ch\/fr\/wp-json\/wp\/v2\/pages\/729\/revisions\/1226"}],"wp:attachment":[{"href":"https:\/\/www.beyond.ch\/fr\/wp-json\/wp\/v2\/media?parent=729"}],"curies":[{"name":"wp","href":"https:\/\/api.w.org\/{rel}","templated":true}]}}