{"id":731,"date":"2022-07-06T16:25:15","date_gmt":"2022-07-06T14:25:15","guid":{"rendered":"https:\/\/beyonddev.affinities.ch\/team\/haris-stucki\/"},"modified":"2025-04-30T09:38:48","modified_gmt":"2025-04-30T07:38:48","slug":"sara-ratti","status":"publish","type":"page","link":"https:\/\/www.beyond.ch\/fr\/equipe\/sara-ratti\/","title":{"rendered":"Sara Ratti"},"content":{"rendered":"<p><img src=\"\/wp-content\/uploads\/2025\/04\/Sara-Ratti.png\" alt=\"Sara Ratti\"><\/p>\n<div>Experte en Mesure et Reporting de Durabilit\u00e9<\/div>\n<h1>Sara Ratti<\/h1>\n<div>\n<p data-start=\"113\" data-end=\"522\" class=\"\">Sara Ratti est chercheuse \u00e0 l\u2019IMD Business School de Lausanne, o\u00f9 elle se consacre \u00e0 la mesure, la gestion et le reporting de durabilit\u00e9. Elle \u00e9tudie comment les entreprises peuvent mettre en \u0153uvre efficacement leur strat\u00e9gie de durabilit\u00e9 gr\u00e2ce \u00e0 des outils rigoureux de mesure et de gestion de l\u2019impact, tout en assurant leur alignement avec les priorit\u00e9s internes et les standards externes de reporting.<\/p>\n<p data-start=\"524\" data-end=\"886\" class=\"\">Titulaire d\u2019un doctorat en performance et reporting en durabilit\u00e9 d\u2019entreprise, Sara Ratti apporte une expertise m\u00e9thodologique solide \u00e0 des projets tels que les \u00e9valuations de double mat\u00e9rialit\u00e9. En tant que consultante, elle a accompagn\u00e9 des organisations dans leur strat\u00e9gie d\u2019entreprise et de durabilit\u00e9, y compris pour les \u00e9valuations de double mat\u00e9rialit\u00e9.<\/p>\n<p data-start=\"888\" data-end=\"1139\" class=\"\">En parall\u00e8le de ses activit\u00e9s de recherche et de conseil, Sara Ratti poss\u00e8de une vaste exp\u00e9rience d\u2019enseignement international en reporting et planification de la durabilit\u00e9, faisant le lien entre la recherche acad\u00e9mique et les applications concr\u00e8tes.<\/p>\n<\/div>\n<ul>\n<li><a href=\"&#x6d;&#x61;&#x69;&#x6c;&#116;&#111;:sa&#x72;&#x61;&#x2e;&#x72;&#97;&#116;ti&#64;&#x69;&#x6d;&#x64;&#x2e;&#111;&#114;&#103;\">mail<\/a>\n<\/li>\n<li><a href=\"tel:+41212179176\">receiver<\/a>\n<\/li>\n<li><a href=\"https:\/\/www.linkedin.com\/in\/sara-ratti\/\">linkedin<\/a>\n<\/li>\n<\/ul>\n<p><!--more--><br \/>\n<!-- {\"name\":\"Detail Equipe\",\"type\":\"layout\",\"children\":[{\"name\":\"VCard\",\"type\":\"section\",\"props\":{\"style\":\"default\",\"width\":\"large\",\"vertical_align\":\"middle\",\"title_position\":\"top-left\",\"title_rotation\":\"left\",\"title_breakpoint\":\"xl\",\"image_position\":\"center-center\",\"height\":\"full\",\"image\":\"wp-content\\\/uploads\\\/projects-bg.svg\",\"image_effect\":\"parallax\",\"image_parallax_bgx_start\":\"-300\",\"image_parallax_bgy_start\":\"200\",\"image_parallax_bgy_end\":-150,\"image_parallax_bgx_end\":\"-300\",\"media_overlay\":null,\"padding_remove_bottom\":false,\"image_parallax_breakpoint\":\"m\",\"animation\":\"slide-left-medium\",\"animation_delay\":\"200\",\"media_visibility\":\"m\"},\"children\":[{\"name\":\"\",\"type\":\"row\",\"props\":{\"layout\":\"1-2,1-2\",\"margin_remove_top\":false,\"margin_remove_bottom\":false,\"vertical_align\":true,\"divider\":false,\"column_gap\":\"large\",\"row_gap\":\"large\"},\"children\":[{\"name\":\"\",\"type\":\"column\",\"props\":{\"image_position\":\"top-left\",\"image\":\"\",\"image_effect\":\"parallax\",\"width_medium\":\"1-2\",\"media_overlay_gradient\":\"\",\"position_sticky_breakpoint\":\"m\"},\"children\":[{\"name\":\"\",\"type\":\"image\",\"props\":{\"margin\":\"\",\"image\":\"wp-content\\\/uploads\\\/2025\\\/04\\\/Sara-Ratti.png\",\"image_width\":\"600\",\"margin_remove_top\":false,\"margin_remove_bottom\":false,\"image_height\":\"700\",\"text_align\":\"left\",\"text_align_breakpoint\":\"m\",\"text_align_fallback\":\"center\",\"image_svg_color\":\"emphasis\",\"image_alt\":\"Sara Ratti\"}}]},{\"name\":\"\",\"type\":\"column\",\"props\":{\"image_position\":\"top-left\",\"image\":\"\",\"image_width\":\"300\",\"media_overlay\":\"rgba(255, 255, 255, 0.54)\",\"vertical_align\":\"middle\",\"width_medium\":\"1-2\",\"media_overlay_gradient\":\"\",\"position_sticky_breakpoint\":\"m\"},\"children\":[{\"name\":\"\",\"type\":\"headline\",\"props\":{\"title_element\":\"div\",\"content\":\"Experte en Mesure et Reporting de Durabilit\\u00e9\",\"title_style\":\"h6\",\"title_color\":\"primary\",\"margin_remove_top\":false,\"margin_remove_bottom\":false,\"margin\":\"small\"}},{\"name\":\"\",\"type\":\"headline\",\"props\":{\"title_element\":\"h1\",\"content\":\"Sara Ratti\",\"margin_remove_top\":true,\"text_align\":\"left\",\"margin_remove_bottom\":false,\"title_style\":\"heading-medium\"}},{\"name\":\"\",\"type\":\"text\",\"props\":{\"margin\":\"large\",\"column_breakpoint\":\"m\",\"maxwidth\":\"2xlarge\",\"content\":\"\n\n<p data-start=\\\"113\\\" data-end=\\\"522\\\" class=\\\"\\\">Sara Ratti est chercheuse \\u00e0 l\\u2019IMD Business School de Lausanne, o\\u00f9 elle se consacre \\u00e0 la mesure, la gestion et le reporting de durabilit\\u00e9. Elle \\u00e9tudie comment les entreprises peuvent mettre en \\u0153uvre efficacement leur strat\\u00e9gie de durabilit\\u00e9 gr\\u00e2ce \\u00e0 des outils rigoureux de mesure et de gestion de l\\u2019impact, tout en assurant leur alignement avec les priorit\\u00e9s internes et les standards externes de reporting.<\\\/p>\\n\n\n<p data-start=\\\"524\\\" data-end=\\\"886\\\" class=\\\"\\\">Titulaire d\\u2019un doctorat en performance et reporting en durabilit\\u00e9 d\\u2019entreprise, Sara Ratti apporte une expertise m\\u00e9thodologique solide \\u00e0 des projets tels que les \\u00e9valuations de double mat\\u00e9rialit\\u00e9. En tant que consultante, elle a accompagn\\u00e9 des organisations dans leur strat\\u00e9gie d\\u2019entreprise et de durabilit\\u00e9, y compris pour les \\u00e9valuations de double mat\\u00e9rialit\\u00e9.<\\\/p>\\n\n\n<p data-start=\\\"888\\\" data-end=\\\"1139\\\" class=\\\"\\\">En parall\\u00e8le de ses activit\\u00e9s de recherche et de conseil, Sara Ratti poss\\u00e8de une vaste exp\\u00e9rience d\\u2019enseignement international en reporting et planification de la durabilit\\u00e9, faisant le lien entre la recherche acad\\u00e9mique et les applications concr\\u00e8tes.<\\\/p>\",\"text_size\":\"large\"}},{\"name\":\"\",\"type\":\"social\",\"props\":{\"link_style\":\"link\",\"margin\":\"large\",\"link_target\":true,\"grid_gap\":\"small\",\"grid\":\"horizontal\"},\"children\":[{\"type\":\"social_item\",\"props\":{\"link\":\"&#109;&#x61;&#105;&#x6c;&#116;&#x6f;&#58;&#x73;&#97;&#x72;&#97;&#x2e;r&#x61;t&#x74;i&#x40;i&#x6d;d&#x2e;o&#114;&#x67;\"}},{\"type\":\"social_item\",\"props\":{\"link\":\"tel:+41212179176\"}},{\"type\":\"social_item\",\"props\":{\"link\":\"https:\\\/\\\/www.linkedin.com\\\/in\\\/sara-ratti\\\/\"}}]}]}]}]}],\"version\":\"2.7.22\"} --><\/p>\n","protected":false},"excerpt":{"rendered":"<p>Experte en Mesure et Reporting de Durabilit\u00e9 Sara Ratti Sara Ratti est chercheuse \u00e0 l\u2019IMD Business School de Lausanne, o\u00f9 elle se consacre \u00e0 la mesure, la gestion et le reporting de durabilit\u00e9. Elle \u00e9tudie comment les entreprises peuvent mettre en \u0153uvre efficacement leur strat\u00e9gie de durabilit\u00e9 gr\u00e2ce \u00e0 des outils rigoureux de mesure et [&hellip;]<\/p>\n","protected":false},"author":1,"featured_media":0,"parent":729,"menu_order":0,"comment_status":"closed","ping_status":"closed","template":"","meta":[],"yoast_head":"<!-- This site is optimized with the Yoast SEO plugin v19.6 - https:\/\/yoast.com\/wordpress\/plugins\/seo\/ -->\n<title>Sara Ratti - BeyondStrategy SA<\/title>\n<meta name=\"robots\" content=\"index, follow, max-snippet:-1, max-image-preview:large, max-video-preview:-1\" \/>\n<link rel=\"canonical\" href=\"https:\/\/www.beyond.ch\/fr\/equipe\/sara-ratti\/\" \/>\n<meta property=\"og:locale\" content=\"fr_FR\" \/>\n<meta property=\"og:type\" content=\"article\" \/>\n<meta property=\"og:title\" content=\"Sara Ratti - BeyondStrategy SA\" \/>\n<meta property=\"og:description\" content=\"Experte en Mesure et Reporting de Durabilit\u00e9 Sara Ratti Sara Ratti est chercheuse \u00e0 l\u2019IMD Business School de Lausanne, o\u00f9 elle se consacre \u00e0 la mesure, la gestion et le reporting de durabilit\u00e9. Elle \u00e9tudie comment les entreprises peuvent mettre en \u0153uvre efficacement leur strat\u00e9gie de durabilit\u00e9 gr\u00e2ce \u00e0 des outils rigoureux de mesure et [&hellip;]\" \/>\n<meta property=\"og:url\" content=\"https:\/\/www.beyond.ch\/fr\/equipe\/sara-ratti\/\" \/>\n<meta property=\"og:site_name\" content=\"BeyondStrategy SA\" \/>\n<meta property=\"article:modified_time\" content=\"2025-04-30T07:38:48+00:00\" \/>\n<meta name=\"twitter:card\" content=\"summary_large_image\" \/>\n<meta name=\"twitter:label1\" content=\"Dur\u00e9e de lecture estim\u00e9e\" \/>\n\t<meta name=\"twitter:data1\" content=\"4 minutes\" \/>\n<script type=\"application\/ld+json\" class=\"yoast-schema-graph\">{\"@context\":\"https:\/\/schema.org\",\"@graph\":[{\"@type\":\"WebPage\",\"@id\":\"https:\/\/www.beyond.ch\/fr\/equipe\/sara-ratti\/\",\"url\":\"https:\/\/www.beyond.ch\/fr\/equipe\/sara-ratti\/\",\"name\":\"Sara Ratti - BeyondStrategy SA\",\"isPartOf\":{\"@id\":\"https:\/\/www.beyond.ch\/de\/#website\"},\"datePublished\":\"2022-07-06T14:25:15+00:00\",\"dateModified\":\"2025-04-30T07:38:48+00:00\",\"breadcrumb\":{\"@id\":\"https:\/\/www.beyond.ch\/fr\/equipe\/sara-ratti\/#breadcrumb\"},\"inLanguage\":\"fr-FR\",\"potentialAction\":[{\"@type\":\"ReadAction\",\"target\":[\"https:\/\/www.beyond.ch\/fr\/equipe\/sara-ratti\/\"]}]},{\"@type\":\"BreadcrumbList\",\"@id\":\"https:\/\/www.beyond.ch\/fr\/equipe\/sara-ratti\/#breadcrumb\",\"itemListElement\":[{\"@type\":\"ListItem\",\"position\":1,\"name\":\"Accueil\",\"item\":\"https:\/\/www.beyond.ch\/fr\/\"},{\"@type\":\"ListItem\",\"position\":2,\"name\":\"Equipe\",\"item\":\"https:\/\/www.beyond.ch\/fr\/equipe\/\"},{\"@type\":\"ListItem\",\"position\":3,\"name\":\"Sara Ratti\"}]},{\"@type\":\"WebSite\",\"@id\":\"https:\/\/www.beyond.ch\/de\/#website\",\"url\":\"https:\/\/www.beyond.ch\/de\/\",\"name\":\"BeyondStrategy SA\",\"description\":\"From risks to performance\",\"publisher\":{\"@id\":\"https:\/\/www.beyond.ch\/de\/#organization\"},\"potentialAction\":[{\"@type\":\"SearchAction\",\"target\":{\"@type\":\"EntryPoint\",\"urlTemplate\":\"https:\/\/www.beyond.ch\/de\/?s={search_term_string}\"},\"query-input\":\"required name=search_term_string\"}],\"inLanguage\":\"fr-FR\"},{\"@type\":\"Organization\",\"@id\":\"https:\/\/www.beyond.ch\/de\/#organization\",\"name\":\"BeyondStrategy SA\",\"url\":\"https:\/\/www.beyond.ch\/de\/\",\"sameAs\":[\"https:\/\/www.linkedin.com\/company\/beyondstrategy-consulting\"],\"logo\":{\"@type\":\"ImageObject\",\"inLanguage\":\"fr-FR\",\"@id\":\"https:\/\/www.beyond.ch\/de\/#\/schema\/logo\/image\/\",\"url\":\"https:\/\/www.beyondstrategy.ch\/wp-content\/uploads\/2022\/09\/BS_CLAIM_LOGO__BEYOND_LOGO-CMYK.png\",\"contentUrl\":\"https:\/\/www.beyondstrategy.ch\/wp-content\/uploads\/2022\/09\/BS_CLAIM_LOGO__BEYOND_LOGO-CMYK.png\",\"width\":2520,\"height\":1016,\"caption\":\"BeyondStrategy SA\"},\"image\":{\"@id\":\"https:\/\/www.beyond.ch\/de\/#\/schema\/logo\/image\/\"}}]}<\/script>\n<!-- \/ Yoast SEO plugin. -->","yoast_head_json":{"title":"Sara Ratti - BeyondStrategy SA","robots":{"index":"index","follow":"follow","max-snippet":"max-snippet:-1","max-image-preview":"max-image-preview:large","max-video-preview":"max-video-preview:-1"},"canonical":"https:\/\/www.beyond.ch\/fr\/equipe\/sara-ratti\/","og_locale":"fr_FR","og_type":"article","og_title":"Sara Ratti - BeyondStrategy SA","og_description":"Experte en Mesure et Reporting de Durabilit\u00e9 Sara Ratti Sara Ratti est chercheuse \u00e0 l\u2019IMD Business School de Lausanne, o\u00f9 elle se consacre \u00e0 la mesure, la gestion et le reporting de durabilit\u00e9. Elle \u00e9tudie comment les entreprises peuvent mettre en \u0153uvre efficacement leur strat\u00e9gie de durabilit\u00e9 gr\u00e2ce \u00e0 des outils rigoureux de mesure et [&hellip;]","og_url":"https:\/\/www.beyond.ch\/fr\/equipe\/sara-ratti\/","og_site_name":"BeyondStrategy SA","article_modified_time":"2025-04-30T07:38:48+00:00","twitter_card":"summary_large_image","twitter_misc":{"Dur\u00e9e de lecture estim\u00e9e":"4 minutes"},"schema":{"@context":"https:\/\/schema.org","@graph":[{"@type":"WebPage","@id":"https:\/\/www.beyond.ch\/fr\/equipe\/sara-ratti\/","url":"https:\/\/www.beyond.ch\/fr\/equipe\/sara-ratti\/","name":"Sara Ratti - BeyondStrategy SA","isPartOf":{"@id":"https:\/\/www.beyond.ch\/de\/#website"},"datePublished":"2022-07-06T14:25:15+00:00","dateModified":"2025-04-30T07:38:48+00:00","breadcrumb":{"@id":"https:\/\/www.beyond.ch\/fr\/equipe\/sara-ratti\/#breadcrumb"},"inLanguage":"fr-FR","potentialAction":[{"@type":"ReadAction","target":["https:\/\/www.beyond.ch\/fr\/equipe\/sara-ratti\/"]}]},{"@type":"BreadcrumbList","@id":"https:\/\/www.beyond.ch\/fr\/equipe\/sara-ratti\/#breadcrumb","itemListElement":[{"@type":"ListItem","position":1,"name":"Accueil","item":"https:\/\/www.beyond.ch\/fr\/"},{"@type":"ListItem","position":2,"name":"Equipe","item":"https:\/\/www.beyond.ch\/fr\/equipe\/"},{"@type":"ListItem","position":3,"name":"Sara Ratti"}]},{"@type":"WebSite","@id":"https:\/\/www.beyond.ch\/de\/#website","url":"https:\/\/www.beyond.ch\/de\/","name":"BeyondStrategy SA","description":"From risks to performance","publisher":{"@id":"https:\/\/www.beyond.ch\/de\/#organization"},"potentialAction":[{"@type":"SearchAction","target":{"@type":"EntryPoint","urlTemplate":"https:\/\/www.beyond.ch\/de\/?s={search_term_string}"},"query-input":"required name=search_term_string"}],"inLanguage":"fr-FR"},{"@type":"Organization","@id":"https:\/\/www.beyond.ch\/de\/#organization","name":"BeyondStrategy SA","url":"https:\/\/www.beyond.ch\/de\/","sameAs":["https:\/\/www.linkedin.com\/company\/beyondstrategy-consulting"],"logo":{"@type":"ImageObject","inLanguage":"fr-FR","@id":"https:\/\/www.beyond.ch\/de\/#\/schema\/logo\/image\/","url":"https:\/\/www.beyondstrategy.ch\/wp-content\/uploads\/2022\/09\/BS_CLAIM_LOGO__BEYOND_LOGO-CMYK.png","contentUrl":"https:\/\/www.beyondstrategy.ch\/wp-content\/uploads\/2022\/09\/BS_CLAIM_LOGO__BEYOND_LOGO-CMYK.png","width":2520,"height":1016,"caption":"BeyondStrategy SA"},"image":{"@id":"https:\/\/www.beyond.ch\/de\/#\/schema\/logo\/image\/"}}]}},"_links":{"self":[{"href":"https:\/\/www.beyond.ch\/fr\/wp-json\/wp\/v2\/pages\/731"}],"collection":[{"href":"https:\/\/www.beyond.ch\/fr\/wp-json\/wp\/v2\/pages"}],"about":[{"href":"https:\/\/www.beyond.ch\/fr\/wp-json\/wp\/v2\/types\/page"}],"author":[{"embeddable":true,"href":"https:\/\/www.beyond.ch\/fr\/wp-json\/wp\/v2\/users\/1"}],"replies":[{"embeddable":true,"href":"https:\/\/www.beyond.ch\/fr\/wp-json\/wp\/v2\/comments?post=731"}],"version-history":[{"count":7,"href":"https:\/\/www.beyond.ch\/fr\/wp-json\/wp\/v2\/pages\/731\/revisions"}],"predecessor-version":[{"id":1229,"href":"https:\/\/www.beyond.ch\/fr\/wp-json\/wp\/v2\/pages\/731\/revisions\/1229"}],"up":[{"embeddable":true,"href":"https:\/\/www.beyond.ch\/fr\/wp-json\/wp\/v2\/pages\/729"}],"wp:attachment":[{"href":"https:\/\/www.beyond.ch\/fr\/wp-json\/wp\/v2\/media?parent=731"}],"curies":[{"name":"wp","href":"https:\/\/api.w.org\/{rel}","templated":true}]}}