{"id":732,"date":"2022-06-19T21:38:46","date_gmt":"2022-06-19T19:38:46","guid":{"rendered":"https:\/\/beyonddev.affinities.ch\/team\/kurt-wicki\/"},"modified":"2025-02-19T20:08:57","modified_gmt":"2025-02-19T19:08:57","slug":"kurt-wicki","status":"publish","type":"page","link":"https:\/\/www.beyond.ch\/fr\/equipe\/kurt-wicki\/","title":{"rendered":"Kurt Wicki"},"content":{"rendered":"<p><img src=\"http:\/\/www.beyond.ch\/wp-content\/uploads\/2025\/02\/Photo-Kurt-Wicki.png\" alt=\"\"><\/p>\n<div>Cofondateur<\/div>\n<h1>Kurt Wicki<\/h1>\n<div>\n<p>Kurt Wicki est cofondateur de BeyondStrategy SA. Il a fond\u00e9 IBC en 1987 et a fait de l&rsquo;entreprise, \u00e0 force de pers\u00e9v\u00e9rance, l&rsquo;un des principaux courtiers en assurances. Sa mobilit\u00e9 entre la Suisse romande et la Suisse al\u00e9manique a contribu\u00e9 \u00e0 son succ\u00e8s. Auparavant, il \u00e9tait responsable de la gestion des assurances et des risques dans un grand conglom\u00e9rat industriel. Il a \u00e9galement \u00e9t\u00e9 vice-pr\u00e9sident de la SIBA pendant dix ans et a assum\u00e9 pendant six ans la repr\u00e9sentation des courtiers aupr\u00e8s de l&rsquo;Union suisse des travailleurs.<\/p>\n<p>Les risques non assurables \u00e9tant en augmentation, il est important pour lui d&rsquo;aider les entreprises \u00e0 les ma\u00eetriser. Il est soucieux d&rsquo;une qualit\u00e9 \u00e9lev\u00e9e et de solutions efficaces. Kurt Wicki met \u00e9galement \u00e0 profit l\u2019endurance qu\u2019il a d\u00e9velopp\u00e9e lors de la cr\u00e9ation d&rsquo;IBC dans ses activit\u00e9s de loisirs, qu&rsquo;il s&rsquo;agisse de VTT ou de ski, de golf ou de randonn\u00e9es en montagne.<\/p>\n<\/div>\n<ul>\n<li><a href=\"&#109;&#x61;&#x69;l&#116;&#x6f;:&#107;&#x75;&#x72;&#116;&#x2e;&#x77;i&#99;&#x6b;i&#64;&#x62;&#x65;&#121;&#x6f;&#x6e;d&#115;&#x74;r&#97;&#x74;&#x65;&#103;&#x79;&#x2e;c&#104;\">mail<\/a>\n<\/li>\n<li><a href=\"tel:+41212179176\">receiver<\/a>\n<\/li>\n<li><a href=\"https:\/\/www.linkedin.com\/in\/kurtwicki\/ \">linkedin<\/a>\n<\/li>\n<\/ul>\n<p><!--more--><br \/>\n<!-- {\"name\":\"Dianna Briggs\",\"type\":\"layout\",\"children\":[{\"name\":\"VCard\",\"type\":\"section\",\"props\":{\"style\":\"default\",\"width\":\"large\",\"vertical_align\":\"middle\",\"title_position\":\"top-left\",\"title_rotation\":\"left\",\"title_breakpoint\":\"xl\",\"image_position\":\"center-center\",\"height\":\"full\",\"image\":\"wp-content\\\/uploads\\\/projects-bg.svg\",\"image_effect\":\"parallax\",\"image_parallax_bgx_start\":\"-300\",\"image_parallax_bgy_start\":\"200\",\"image_parallax_bgy_end\":-150,\"image_parallax_bgx_end\":\"-300\",\"media_overlay\":null,\"padding_remove_bottom\":false,\"image_parallax_breakpoint\":\"m\",\"animation\":\"slide-left-medium\",\"animation_delay\":\"200\",\"media_visibility\":\"m\"},\"children\":[{\"name\":\"\",\"type\":\"row\",\"props\":{\"layout\":\"1-2,1-2\",\"margin_remove_top\":false,\"margin_remove_bottom\":false,\"vertical_align\":true,\"divider\":false,\"column_gap\":\"large\",\"row_gap\":\"large\"},\"children\":[{\"name\":\"\",\"type\":\"column\",\"props\":{\"image_position\":\"top-left\",\"image\":\"\",\"image_effect\":\"parallax\",\"width_medium\":\"1-2\",\"media_overlay_gradient\":\"\",\"position_sticky_breakpoint\":\"m\"},\"children\":[{\"name\":\"\",\"type\":\"image\",\"props\":{\"margin\":\"\",\"image\":\"http:\\\/\\\/www.beyond.ch\\\/wp-content\\\/uploads\\\/2025\\\/02\\\/Photo-Kurt-Wicki.png\",\"image_width\":\"600\",\"margin_remove_top\":false,\"margin_remove_bottom\":false,\"image_height\":\"700\",\"text_align\":\"left\",\"text_align_breakpoint\":\"m\",\"text_align_fallback\":\"center\",\"image_svg_color\":\"emphasis\"}}]},{\"name\":\"\",\"type\":\"column\",\"props\":{\"image_position\":\"top-left\",\"image\":\"\",\"image_width\":\"300\",\"media_overlay\":\"rgba(255, 255, 255, 0.54)\",\"vertical_align\":\"middle\",\"width_medium\":\"1-2\",\"media_overlay_gradient\":\"\",\"position_sticky_breakpoint\":\"m\"},\"children\":[{\"name\":\"\",\"type\":\"headline\",\"props\":{\"title_element\":\"div\",\"content\":\"Cofondateur\",\"title_style\":\"h6\",\"title_color\":\"primary\",\"margin_remove_top\":false,\"margin_remove_bottom\":false,\"margin\":\"small\"}},{\"name\":\"\",\"type\":\"headline\",\"props\":{\"title_element\":\"h1\",\"content\":\"Kurt Wicki\",\"margin_remove_top\":true,\"text_align\":\"left\",\"margin_remove_bottom\":false,\"title_style\":\"heading-medium\"}},{\"name\":\"\",\"type\":\"text\",\"props\":{\"margin\":\"large\",\"column_breakpoint\":\"m\",\"maxwidth\":\"2xlarge\",\"content\":\"\n\n<p>Kurt Wicki est cofondateur de BeyondStrategy SA. Il a fond\\u00e9 IBC en 1987 et a fait de l'entreprise, \\u00e0 force de pers\\u00e9v\\u00e9rance, l'un des principaux courtiers en assurances. Sa mobilit\\u00e9 entre la Suisse romande et la Suisse al\\u00e9manique a contribu\\u00e9 \\u00e0 son succ\\u00e8s. Auparavant, il \\u00e9tait responsable de la gestion des assurances et des risques dans un grand conglom\\u00e9rat industriel. Il a \\u00e9galement \\u00e9t\\u00e9 vice-pr\\u00e9sident de la SIBA pendant dix ans et a assum\\u00e9 pendant six ans la repr\\u00e9sentation des courtiers aupr\\u00e8s de l'Union suisse des travailleurs.<\\\/p>\\n\n\n<p>Les risques non assurables \\u00e9tant en augmentation, il est important pour lui d'aider les entreprises \\u00e0 les ma\\u00eetriser. Il est soucieux d'une qualit\\u00e9 \\u00e9lev\\u00e9e et de solutions efficaces. Kurt Wicki met \\u00e9galement \\u00e0 profit l\\u2019endurance qu\\u2019il a d\\u00e9velopp\\u00e9e lors de la cr\\u00e9ation d'IBC dans ses activit\\u00e9s de loisirs, qu'il s'agisse de VTT ou de ski, de golf ou de randonn\\u00e9es en montagne.<\\\/p>\",\"text_size\":\"large\"}},{\"name\":\"\",\"type\":\"social\",\"props\":{\"link_style\":\"link\",\"margin\":\"large\",\"link_target\":true,\"grid_gap\":\"small\",\"grid\":\"horizontal\"},\"children\":[{\"type\":\"social_item\",\"props\":{\"link\":\"&#x6d;&#x61;&#x69;&#x6c;&#x74;&#x6f;&#x3a;&#107;&#117;&#114;&#116;&#46;wick&#x69;&#x40;&#x62;&#x65;&#x79;&#x6f;&#x6e;&#x64;&#115;&#116;&#114;&#97;&#116;egy&#46;&#x63;&#x68;\"}},{\"type\":\"social_item\",\"props\":{\"link\":\"tel:+41212179176\"}},{\"type\":\"social_item\",\"props\":{\"link\":\"https:\\\/\\\/www.linkedin.com\\\/in\\\/kurtwicki\\\/ \"}}]}]}]}]}],\"version\":\"2.7.22\"} --><\/p>\n","protected":false},"excerpt":{"rendered":"<p>Cofondateur Kurt Wicki Kurt Wicki est cofondateur de BeyondStrategy SA. Il a fond\u00e9 IBC en 1987 et a fait de l&rsquo;entreprise, \u00e0 force de pers\u00e9v\u00e9rance, l&rsquo;un des principaux courtiers en assurances. Sa mobilit\u00e9 entre la Suisse romande et la Suisse al\u00e9manique a contribu\u00e9 \u00e0 son succ\u00e8s. Auparavant, il \u00e9tait responsable de la gestion des assurances [&hellip;]<\/p>\n","protected":false},"author":1,"featured_media":0,"parent":729,"menu_order":0,"comment_status":"closed","ping_status":"closed","template":"","meta":[],"yoast_head":"<!-- This site is optimized with the Yoast SEO plugin v19.6 - https:\/\/yoast.com\/wordpress\/plugins\/seo\/ -->\n<title>Kurt Wicki - BeyondStrategy SA<\/title>\n<meta name=\"robots\" content=\"index, follow, max-snippet:-1, max-image-preview:large, max-video-preview:-1\" \/>\n<link rel=\"canonical\" href=\"https:\/\/www.beyond.ch\/fr\/equipe\/kurt-wicki\/\" \/>\n<meta property=\"og:locale\" content=\"fr_FR\" \/>\n<meta property=\"og:type\" content=\"article\" \/>\n<meta property=\"og:title\" content=\"Kurt Wicki - BeyondStrategy SA\" \/>\n<meta property=\"og:description\" content=\"Cofondateur Kurt Wicki Kurt Wicki est cofondateur de BeyondStrategy SA. Il a fond\u00e9 IBC en 1987 et a fait de l&rsquo;entreprise, \u00e0 force de pers\u00e9v\u00e9rance, l&rsquo;un des principaux courtiers en assurances. Sa mobilit\u00e9 entre la Suisse romande et la Suisse al\u00e9manique a contribu\u00e9 \u00e0 son succ\u00e8s. Auparavant, il \u00e9tait responsable de la gestion des assurances [&hellip;]\" \/>\n<meta property=\"og:url\" content=\"https:\/\/www.beyond.ch\/fr\/equipe\/kurt-wicki\/\" \/>\n<meta property=\"og:site_name\" content=\"BeyondStrategy SA\" \/>\n<meta property=\"article:modified_time\" content=\"2025-02-19T19:08:57+00:00\" \/>\n<meta property=\"og:image\" content=\"http:\/\/www.beyond.ch\/wp-content\/uploads\/2025\/02\/Photo-Kurt-Wicki.png\" \/>\n<meta name=\"twitter:card\" content=\"summary_large_image\" \/>\n<meta name=\"twitter:label1\" content=\"Dur\u00e9e de lecture estim\u00e9e\" \/>\n\t<meta name=\"twitter:data1\" content=\"2 minutes\" \/>\n<script type=\"application\/ld+json\" class=\"yoast-schema-graph\">{\"@context\":\"https:\/\/schema.org\",\"@graph\":[{\"@type\":\"WebPage\",\"@id\":\"https:\/\/www.beyond.ch\/fr\/equipe\/kurt-wicki\/\",\"url\":\"https:\/\/www.beyond.ch\/fr\/equipe\/kurt-wicki\/\",\"name\":\"Kurt Wicki - BeyondStrategy SA\",\"isPartOf\":{\"@id\":\"https:\/\/www.beyond.ch\/de\/#website\"},\"datePublished\":\"2022-06-19T19:38:46+00:00\",\"dateModified\":\"2025-02-19T19:08:57+00:00\",\"breadcrumb\":{\"@id\":\"https:\/\/www.beyond.ch\/fr\/equipe\/kurt-wicki\/#breadcrumb\"},\"inLanguage\":\"fr-FR\",\"potentialAction\":[{\"@type\":\"ReadAction\",\"target\":[\"https:\/\/www.beyond.ch\/fr\/equipe\/kurt-wicki\/\"]}]},{\"@type\":\"BreadcrumbList\",\"@id\":\"https:\/\/www.beyond.ch\/fr\/equipe\/kurt-wicki\/#breadcrumb\",\"itemListElement\":[{\"@type\":\"ListItem\",\"position\":1,\"name\":\"Accueil\",\"item\":\"https:\/\/www.beyond.ch\/fr\/\"},{\"@type\":\"ListItem\",\"position\":2,\"name\":\"Equipe\",\"item\":\"https:\/\/www.beyond.ch\/fr\/equipe\/\"},{\"@type\":\"ListItem\",\"position\":3,\"name\":\"Kurt Wicki\"}]},{\"@type\":\"WebSite\",\"@id\":\"https:\/\/www.beyond.ch\/de\/#website\",\"url\":\"https:\/\/www.beyond.ch\/de\/\",\"name\":\"BeyondStrategy SA\",\"description\":\"From risks to performance\",\"publisher\":{\"@id\":\"https:\/\/www.beyond.ch\/de\/#organization\"},\"potentialAction\":[{\"@type\":\"SearchAction\",\"target\":{\"@type\":\"EntryPoint\",\"urlTemplate\":\"https:\/\/www.beyond.ch\/de\/?s={search_term_string}\"},\"query-input\":\"required name=search_term_string\"}],\"inLanguage\":\"fr-FR\"},{\"@type\":\"Organization\",\"@id\":\"https:\/\/www.beyond.ch\/de\/#organization\",\"name\":\"BeyondStrategy SA\",\"url\":\"https:\/\/www.beyond.ch\/de\/\",\"sameAs\":[\"https:\/\/www.linkedin.com\/company\/beyondstrategy-consulting\"],\"logo\":{\"@type\":\"ImageObject\",\"inLanguage\":\"fr-FR\",\"@id\":\"https:\/\/www.beyond.ch\/de\/#\/schema\/logo\/image\/\",\"url\":\"https:\/\/www.beyondstrategy.ch\/wp-content\/uploads\/2022\/09\/BS_CLAIM_LOGO__BEYOND_LOGO-CMYK.png\",\"contentUrl\":\"https:\/\/www.beyondstrategy.ch\/wp-content\/uploads\/2022\/09\/BS_CLAIM_LOGO__BEYOND_LOGO-CMYK.png\",\"width\":2520,\"height\":1016,\"caption\":\"BeyondStrategy SA\"},\"image\":{\"@id\":\"https:\/\/www.beyond.ch\/de\/#\/schema\/logo\/image\/\"}}]}<\/script>\n<!-- \/ Yoast SEO plugin. -->","yoast_head_json":{"title":"Kurt Wicki - BeyondStrategy SA","robots":{"index":"index","follow":"follow","max-snippet":"max-snippet:-1","max-image-preview":"max-image-preview:large","max-video-preview":"max-video-preview:-1"},"canonical":"https:\/\/www.beyond.ch\/fr\/equipe\/kurt-wicki\/","og_locale":"fr_FR","og_type":"article","og_title":"Kurt Wicki - BeyondStrategy SA","og_description":"Cofondateur Kurt Wicki Kurt Wicki est cofondateur de BeyondStrategy SA. Il a fond\u00e9 IBC en 1987 et a fait de l&rsquo;entreprise, \u00e0 force de pers\u00e9v\u00e9rance, l&rsquo;un des principaux courtiers en assurances. Sa mobilit\u00e9 entre la Suisse romande et la Suisse al\u00e9manique a contribu\u00e9 \u00e0 son succ\u00e8s. Auparavant, il \u00e9tait responsable de la gestion des assurances [&hellip;]","og_url":"https:\/\/www.beyond.ch\/fr\/equipe\/kurt-wicki\/","og_site_name":"BeyondStrategy SA","article_modified_time":"2025-02-19T19:08:57+00:00","og_image":[{"url":"http:\/\/www.beyond.ch\/wp-content\/uploads\/2025\/02\/Photo-Kurt-Wicki.png"}],"twitter_card":"summary_large_image","twitter_misc":{"Dur\u00e9e de lecture estim\u00e9e":"2 minutes"},"schema":{"@context":"https:\/\/schema.org","@graph":[{"@type":"WebPage","@id":"https:\/\/www.beyond.ch\/fr\/equipe\/kurt-wicki\/","url":"https:\/\/www.beyond.ch\/fr\/equipe\/kurt-wicki\/","name":"Kurt Wicki - BeyondStrategy SA","isPartOf":{"@id":"https:\/\/www.beyond.ch\/de\/#website"},"datePublished":"2022-06-19T19:38:46+00:00","dateModified":"2025-02-19T19:08:57+00:00","breadcrumb":{"@id":"https:\/\/www.beyond.ch\/fr\/equipe\/kurt-wicki\/#breadcrumb"},"inLanguage":"fr-FR","potentialAction":[{"@type":"ReadAction","target":["https:\/\/www.beyond.ch\/fr\/equipe\/kurt-wicki\/"]}]},{"@type":"BreadcrumbList","@id":"https:\/\/www.beyond.ch\/fr\/equipe\/kurt-wicki\/#breadcrumb","itemListElement":[{"@type":"ListItem","position":1,"name":"Accueil","item":"https:\/\/www.beyond.ch\/fr\/"},{"@type":"ListItem","position":2,"name":"Equipe","item":"https:\/\/www.beyond.ch\/fr\/equipe\/"},{"@type":"ListItem","position":3,"name":"Kurt Wicki"}]},{"@type":"WebSite","@id":"https:\/\/www.beyond.ch\/de\/#website","url":"https:\/\/www.beyond.ch\/de\/","name":"BeyondStrategy SA","description":"From risks to performance","publisher":{"@id":"https:\/\/www.beyond.ch\/de\/#organization"},"potentialAction":[{"@type":"SearchAction","target":{"@type":"EntryPoint","urlTemplate":"https:\/\/www.beyond.ch\/de\/?s={search_term_string}"},"query-input":"required name=search_term_string"}],"inLanguage":"fr-FR"},{"@type":"Organization","@id":"https:\/\/www.beyond.ch\/de\/#organization","name":"BeyondStrategy SA","url":"https:\/\/www.beyond.ch\/de\/","sameAs":["https:\/\/www.linkedin.com\/company\/beyondstrategy-consulting"],"logo":{"@type":"ImageObject","inLanguage":"fr-FR","@id":"https:\/\/www.beyond.ch\/de\/#\/schema\/logo\/image\/","url":"https:\/\/www.beyondstrategy.ch\/wp-content\/uploads\/2022\/09\/BS_CLAIM_LOGO__BEYOND_LOGO-CMYK.png","contentUrl":"https:\/\/www.beyondstrategy.ch\/wp-content\/uploads\/2022\/09\/BS_CLAIM_LOGO__BEYOND_LOGO-CMYK.png","width":2520,"height":1016,"caption":"BeyondStrategy SA"},"image":{"@id":"https:\/\/www.beyond.ch\/de\/#\/schema\/logo\/image\/"}}]}},"_links":{"self":[{"href":"https:\/\/www.beyond.ch\/fr\/wp-json\/wp\/v2\/pages\/732"}],"collection":[{"href":"https:\/\/www.beyond.ch\/fr\/wp-json\/wp\/v2\/pages"}],"about":[{"href":"https:\/\/www.beyond.ch\/fr\/wp-json\/wp\/v2\/types\/page"}],"author":[{"embeddable":true,"href":"https:\/\/www.beyond.ch\/fr\/wp-json\/wp\/v2\/users\/1"}],"replies":[{"embeddable":true,"href":"https:\/\/www.beyond.ch\/fr\/wp-json\/wp\/v2\/comments?post=732"}],"version-history":[{"count":5,"href":"https:\/\/www.beyond.ch\/fr\/wp-json\/wp\/v2\/pages\/732\/revisions"}],"predecessor-version":[{"id":1206,"href":"https:\/\/www.beyond.ch\/fr\/wp-json\/wp\/v2\/pages\/732\/revisions\/1206"}],"up":[{"embeddable":true,"href":"https:\/\/www.beyond.ch\/fr\/wp-json\/wp\/v2\/pages\/729"}],"wp:attachment":[{"href":"https:\/\/www.beyond.ch\/fr\/wp-json\/wp\/v2\/media?parent=732"}],"curies":[{"name":"wp","href":"https:\/\/api.w.org\/{rel}","templated":true}]}}