{"id":733,"date":"2022-06-19T21:47:00","date_gmt":"2022-06-19T19:47:00","guid":{"rendered":"https:\/\/beyonddev.affinities.ch\/team\/samuel-wicki\/"},"modified":"2025-02-19T20:10:12","modified_gmt":"2025-02-19T19:10:12","slug":"samuel-wicki","status":"publish","type":"page","link":"https:\/\/www.beyond.ch\/fr\/equipe\/samuel-wicki\/","title":{"rendered":"Samuel Wicki"},"content":{"rendered":"<p><img src=\"http:\/\/www.beyond.ch\/wp-content\/uploads\/2025\/02\/Photo-Samuel-Wicki.png\" alt=\"\"><\/p>\n<div>Cofondateur<\/div>\n<h1>Samuel Wicki<\/h1>\n<div>\n<p>Samuel Wicki est cofondateur de BeyondStrategy SA. Il a \u00e9tudi\u00e9 les sciences de l&rsquo;environnement (BSc) ainsi que l&rsquo;\u00e9cologie industrielle (MSc) et a obtenu un doctorat dans l&rsquo;un des principaux instituts de gestion de la durabilit\u00e9 (Center for Sustainability Management) \u00e0 l&rsquo;Universit\u00e9 Leuphana de L\u00fcneburg. Sur le plan professionnel, il \u00e9volue depuis 2013 entre les domaines du conseil et de la science. Depuis 2021, il dirige en parall\u00e8le des projets dans les domaines de la gestion responsable et des technologies durables au sein de l&rsquo;Enterprise for Society Center de l&rsquo;EPFL, de l&rsquo;UNIL-HEC et de l&rsquo;IMD. A l&rsquo;aise aussi bien sur le plan linguistique qu&rsquo;interculturel, il conseille en allemand, suisse-allemand, fran\u00e7ais et anglais.<\/p>\n<p>En tant que conseiller d&rsquo;entreprise, il peut combiner son c\u00f4t\u00e9 analytique et scientifique avec son int\u00e9r\u00eat pour l\u2019humain. Lors de sa collaboration avec ses clients, il attache une grande importance \u00e0 pr\u00e9parer les cadres aux futurs d\u00e9fis de la place \u00e9conomique suisse.<\/p>\n<p>Son c\u00f4t\u00e9 communicatif et int\u00e9gratif se r\u00e9v\u00e8le \u00e9galement dans ses portraits photographiques, une activit\u00e9 \u00e0 laquelle il s&rsquo;adonne en parall\u00e8le. Pendant son temps libre, Samuel Wicki se balade souvent dans la nature et on le retrouve r\u00e9guli\u00e8rement au Cully Jazz Festival.<\/p>\n<\/div>\n<ul>\n<li><a href=\"mailto:samuel&#46;wicki&#64;beyo&#110;&#100;&#115;&#116;&#114;&#97;&#116;&#101;&#103;&#121;&#46;&#99;&#104;\">mail<\/a>\n<\/li>\n<li><a href=\"tel:+41212179176\">receiver<\/a>\n<\/li>\n<li><a href=\"https:\/\/www.linkedin.com\/in\/samuelwicki\/\">linkedin<\/a>\n<\/li>\n<\/ul>\n<p><!--more--><br \/>\n<!-- {\"name\":\"Detail Equipe\",\"type\":\"layout\",\"children\":[{\"name\":\"VCard\",\"type\":\"section\",\"props\":{\"style\":\"default\",\"width\":\"large\",\"vertical_align\":\"middle\",\"title_position\":\"top-left\",\"title_rotation\":\"left\",\"title_breakpoint\":\"xl\",\"image_position\":\"center-center\",\"height\":\"full\",\"image\":\"wp-content\\\/uploads\\\/projects-bg.svg\",\"image_effect\":\"parallax\",\"image_parallax_bgx_start\":\"-300\",\"image_parallax_bgy_start\":\"200\",\"image_parallax_bgy_end\":-150,\"image_parallax_bgx_end\":\"-300\",\"media_overlay\":null,\"padding_remove_bottom\":false,\"image_parallax_breakpoint\":\"m\",\"animation\":\"slide-left-medium\",\"animation_delay\":\"200\",\"media_visibility\":\"m\"},\"children\":[{\"name\":\"\",\"type\":\"row\",\"props\":{\"layout\":\"1-2,1-2\",\"margin_remove_top\":false,\"margin_remove_bottom\":false,\"vertical_align\":true,\"divider\":false,\"column_gap\":\"large\",\"row_gap\":\"large\"},\"children\":[{\"name\":\"\",\"type\":\"column\",\"props\":{\"image_position\":\"top-left\",\"image\":\"\",\"image_effect\":\"parallax\",\"width_medium\":\"1-2\",\"media_overlay_gradient\":\"\",\"position_sticky_breakpoint\":\"m\"},\"children\":[{\"name\":\"\",\"type\":\"image\",\"props\":{\"margin\":\"\",\"image\":\"http:\\\/\\\/www.beyond.ch\\\/wp-content\\\/uploads\\\/2025\\\/02\\\/Photo-Samuel-Wicki.png\",\"image_width\":\"600\",\"margin_remove_top\":false,\"margin_remove_bottom\":false,\"image_height\":\"700\",\"text_align\":\"left\",\"text_align_breakpoint\":\"m\",\"text_align_fallback\":\"center\",\"image_svg_color\":\"emphasis\"}}]},{\"name\":\"\",\"type\":\"column\",\"props\":{\"image_position\":\"top-left\",\"image\":\"\",\"image_width\":\"300\",\"media_overlay\":\"rgba(255, 255, 255, 0.54)\",\"vertical_align\":\"middle\",\"width_medium\":\"1-2\",\"media_overlay_gradient\":\"\",\"position_sticky_breakpoint\":\"m\"},\"children\":[{\"name\":\"\",\"type\":\"headline\",\"props\":{\"title_element\":\"div\",\"content\":\"Cofondateur\",\"title_style\":\"h6\",\"title_color\":\"primary\",\"margin_remove_top\":false,\"margin_remove_bottom\":false,\"margin\":\"small\"}},{\"name\":\"\",\"type\":\"headline\",\"props\":{\"title_element\":\"h1\",\"content\":\"Samuel Wicki\",\"margin_remove_top\":true,\"text_align\":\"left\",\"margin_remove_bottom\":false,\"title_style\":\"heading-medium\"}},{\"name\":\"\",\"type\":\"text\",\"props\":{\"margin\":\"large\",\"column_breakpoint\":\"m\",\"maxwidth\":\"2xlarge\",\"content\":\"\n\n<p>Samuel Wicki est cofondateur de BeyondStrategy SA. Il a \\u00e9tudi\\u00e9 les sciences de l'environnement (BSc) ainsi que l'\\u00e9cologie industrielle (MSc) et a obtenu un doctorat dans l'un des principaux instituts de gestion de la durabilit\\u00e9 (Center for Sustainability Management) \\u00e0 l'Universit\\u00e9 Leuphana de L\\u00fcneburg. Sur le plan professionnel, il \\u00e9volue depuis 2013 entre les domaines du conseil et de la science. Depuis 2021, il dirige en parall\\u00e8le des projets dans les domaines de la gestion responsable et des technologies durables au sein de l'Enterprise for Society Center de l'EPFL, de l'UNIL-HEC et de l'IMD. A l'aise aussi bien sur le plan linguistique qu'interculturel, il conseille en allemand, suisse-allemand, fran\\u00e7ais et anglais.<\\\/p>\\n\n\n<p>En tant que conseiller d'entreprise, il peut combiner son c\\u00f4t\\u00e9 analytique et scientifique avec son int\\u00e9r\\u00eat pour l\\u2019humain. Lors de sa collaboration avec ses clients, il attache une grande importance \\u00e0 pr\\u00e9parer les cadres aux futurs d\\u00e9fis de la place \\u00e9conomique suisse.<\\\/p>\\n\n\n<p>Son c\\u00f4t\\u00e9 communicatif et int\\u00e9gratif se r\\u00e9v\\u00e8le \\u00e9galement dans ses portraits photographiques, une activit\\u00e9 \\u00e0 laquelle il s'adonne en parall\\u00e8le. Pendant son temps libre, Samuel Wicki se balade souvent dans la nature et on le retrouve r\\u00e9guli\\u00e8rement au Cully Jazz Festival.<\\\/p>\",\"text_size\":\"large\"}},{\"name\":\"\",\"type\":\"social\",\"props\":{\"link_style\":\"link\",\"margin\":\"large\",\"link_target\":true,\"grid_gap\":\"small\",\"grid\":\"horizontal\"},\"children\":[{\"type\":\"social_item\",\"props\":{\"link\":\"&#109;&#x61;&#105;&#x6c;&#116;&#x6f;:&#x73;a&#109;&#x75;&#101;&#x6c;&#46;&#x77;i&#x63;k&#105;&#x40;&#98;&#x65;&#121;&#x6f;&#110;&#x64;s&#x74;r&#97;&#x74;&#101;&#x67;&#121;&#x2e;c&#x68;\"}},{\"type\":\"social_item\",\"props\":{\"link\":\"tel:+41212179176\"}},{\"type\":\"social_item\",\"props\":{\"link\":\"https:\\\/\\\/www.linkedin.com\\\/in\\\/samuelwicki\\\/\"}}]}]}]}]}],\"version\":\"2.7.22\"} --><\/p>\n","protected":false},"excerpt":{"rendered":"<p>Cofondateur Samuel Wicki Samuel Wicki est cofondateur de BeyondStrategy SA. Il a \u00e9tudi\u00e9 les sciences de l&rsquo;environnement (BSc) ainsi que l&rsquo;\u00e9cologie industrielle (MSc) et a obtenu un doctorat dans l&rsquo;un des principaux instituts de gestion de la durabilit\u00e9 (Center for Sustainability Management) \u00e0 l&rsquo;Universit\u00e9 Leuphana de L\u00fcneburg. Sur le plan professionnel, il \u00e9volue depuis 2013 [&hellip;]<\/p>\n","protected":false},"author":1,"featured_media":0,"parent":729,"menu_order":0,"comment_status":"closed","ping_status":"closed","template":"","meta":[],"yoast_head":"<!-- This site is optimized with the Yoast SEO plugin v19.6 - https:\/\/yoast.com\/wordpress\/plugins\/seo\/ -->\n<title>Samuel Wicki - BeyondStrategy SA<\/title>\n<meta name=\"robots\" content=\"index, follow, max-snippet:-1, max-image-preview:large, max-video-preview:-1\" \/>\n<link rel=\"canonical\" href=\"http:\/\/www.beyond.ch\/fr\/equipe\/samuel-wicki\/\" \/>\n<meta property=\"og:locale\" content=\"fr_FR\" \/>\n<meta property=\"og:type\" content=\"article\" \/>\n<meta property=\"og:title\" content=\"Samuel Wicki - BeyondStrategy SA\" \/>\n<meta property=\"og:description\" content=\"Cofondateur Samuel Wicki Samuel Wicki est cofondateur de BeyondStrategy SA. Il a \u00e9tudi\u00e9 les sciences de l&rsquo;environnement (BSc) ainsi que l&rsquo;\u00e9cologie industrielle (MSc) et a obtenu un doctorat dans l&rsquo;un des principaux instituts de gestion de la durabilit\u00e9 (Center for Sustainability Management) \u00e0 l&rsquo;Universit\u00e9 Leuphana de L\u00fcneburg. Sur le plan professionnel, il \u00e9volue depuis 2013 [&hellip;]\" \/>\n<meta property=\"og:url\" content=\"http:\/\/www.beyond.ch\/fr\/equipe\/samuel-wicki\/\" \/>\n<meta property=\"og:site_name\" content=\"BeyondStrategy SA\" \/>\n<meta property=\"article:modified_time\" content=\"2025-02-19T19:10:12+00:00\" \/>\n<meta property=\"og:image\" content=\"http:\/\/www.beyond.ch\/wp-content\/uploads\/2025\/02\/Photo-Samuel-Wicki.png\" \/>\n<meta name=\"twitter:card\" content=\"summary_large_image\" \/>\n<meta name=\"twitter:label1\" content=\"Dur\u00e9e de lecture estim\u00e9e\" \/>\n\t<meta name=\"twitter:data1\" content=\"1 minute\" \/>\n<script type=\"application\/ld+json\" class=\"yoast-schema-graph\">{\"@context\":\"https:\/\/schema.org\",\"@graph\":[{\"@type\":\"WebPage\",\"@id\":\"http:\/\/www.beyond.ch\/fr\/equipe\/samuel-wicki\/\",\"url\":\"http:\/\/www.beyond.ch\/fr\/equipe\/samuel-wicki\/\",\"name\":\"Samuel Wicki - BeyondStrategy SA\",\"isPartOf\":{\"@id\":\"https:\/\/www.beyond.ch\/de\/#website\"},\"datePublished\":\"2022-06-19T19:47:00+00:00\",\"dateModified\":\"2025-02-19T19:10:12+00:00\",\"breadcrumb\":{\"@id\":\"http:\/\/www.beyond.ch\/fr\/equipe\/samuel-wicki\/#breadcrumb\"},\"inLanguage\":\"fr-FR\",\"potentialAction\":[{\"@type\":\"ReadAction\",\"target\":[\"http:\/\/www.beyond.ch\/fr\/equipe\/samuel-wicki\/\"]}]},{\"@type\":\"BreadcrumbList\",\"@id\":\"http:\/\/www.beyond.ch\/fr\/equipe\/samuel-wicki\/#breadcrumb\",\"itemListElement\":[{\"@type\":\"ListItem\",\"position\":1,\"name\":\"Accueil\",\"item\":\"https:\/\/www.beyond.ch\/fr\/\"},{\"@type\":\"ListItem\",\"position\":2,\"name\":\"Equipe\",\"item\":\"https:\/\/www.beyond.ch\/fr\/equipe\/\"},{\"@type\":\"ListItem\",\"position\":3,\"name\":\"Samuel Wicki\"}]},{\"@type\":\"WebSite\",\"@id\":\"https:\/\/www.beyond.ch\/de\/#website\",\"url\":\"https:\/\/www.beyond.ch\/de\/\",\"name\":\"BeyondStrategy SA\",\"description\":\"From risks to performance\",\"publisher\":{\"@id\":\"https:\/\/www.beyond.ch\/de\/#organization\"},\"potentialAction\":[{\"@type\":\"SearchAction\",\"target\":{\"@type\":\"EntryPoint\",\"urlTemplate\":\"https:\/\/www.beyond.ch\/de\/?s={search_term_string}\"},\"query-input\":\"required name=search_term_string\"}],\"inLanguage\":\"fr-FR\"},{\"@type\":\"Organization\",\"@id\":\"https:\/\/www.beyond.ch\/de\/#organization\",\"name\":\"BeyondStrategy SA\",\"url\":\"https:\/\/www.beyond.ch\/de\/\",\"sameAs\":[\"https:\/\/www.linkedin.com\/company\/beyondstrategy-consulting\"],\"logo\":{\"@type\":\"ImageObject\",\"inLanguage\":\"fr-FR\",\"@id\":\"https:\/\/www.beyond.ch\/de\/#\/schema\/logo\/image\/\",\"url\":\"https:\/\/www.beyondstrategy.ch\/wp-content\/uploads\/2022\/09\/BS_CLAIM_LOGO__BEYOND_LOGO-CMYK.png\",\"contentUrl\":\"https:\/\/www.beyondstrategy.ch\/wp-content\/uploads\/2022\/09\/BS_CLAIM_LOGO__BEYOND_LOGO-CMYK.png\",\"width\":2520,\"height\":1016,\"caption\":\"BeyondStrategy SA\"},\"image\":{\"@id\":\"https:\/\/www.beyond.ch\/de\/#\/schema\/logo\/image\/\"}}]}<\/script>\n<!-- \/ Yoast SEO plugin. -->","yoast_head_json":{"title":"Samuel Wicki - BeyondStrategy SA","robots":{"index":"index","follow":"follow","max-snippet":"max-snippet:-1","max-image-preview":"max-image-preview:large","max-video-preview":"max-video-preview:-1"},"canonical":"http:\/\/www.beyond.ch\/fr\/equipe\/samuel-wicki\/","og_locale":"fr_FR","og_type":"article","og_title":"Samuel Wicki - BeyondStrategy SA","og_description":"Cofondateur Samuel Wicki Samuel Wicki est cofondateur de BeyondStrategy SA. Il a \u00e9tudi\u00e9 les sciences de l&rsquo;environnement (BSc) ainsi que l&rsquo;\u00e9cologie industrielle (MSc) et a obtenu un doctorat dans l&rsquo;un des principaux instituts de gestion de la durabilit\u00e9 (Center for Sustainability Management) \u00e0 l&rsquo;Universit\u00e9 Leuphana de L\u00fcneburg. Sur le plan professionnel, il \u00e9volue depuis 2013 [&hellip;]","og_url":"http:\/\/www.beyond.ch\/fr\/equipe\/samuel-wicki\/","og_site_name":"BeyondStrategy SA","article_modified_time":"2025-02-19T19:10:12+00:00","og_image":[{"url":"http:\/\/www.beyond.ch\/wp-content\/uploads\/2025\/02\/Photo-Samuel-Wicki.png"}],"twitter_card":"summary_large_image","twitter_misc":{"Dur\u00e9e de lecture estim\u00e9e":"1 minute"},"schema":{"@context":"https:\/\/schema.org","@graph":[{"@type":"WebPage","@id":"http:\/\/www.beyond.ch\/fr\/equipe\/samuel-wicki\/","url":"http:\/\/www.beyond.ch\/fr\/equipe\/samuel-wicki\/","name":"Samuel Wicki - BeyondStrategy SA","isPartOf":{"@id":"https:\/\/www.beyond.ch\/de\/#website"},"datePublished":"2022-06-19T19:47:00+00:00","dateModified":"2025-02-19T19:10:12+00:00","breadcrumb":{"@id":"http:\/\/www.beyond.ch\/fr\/equipe\/samuel-wicki\/#breadcrumb"},"inLanguage":"fr-FR","potentialAction":[{"@type":"ReadAction","target":["http:\/\/www.beyond.ch\/fr\/equipe\/samuel-wicki\/"]}]},{"@type":"BreadcrumbList","@id":"http:\/\/www.beyond.ch\/fr\/equipe\/samuel-wicki\/#breadcrumb","itemListElement":[{"@type":"ListItem","position":1,"name":"Accueil","item":"https:\/\/www.beyond.ch\/fr\/"},{"@type":"ListItem","position":2,"name":"Equipe","item":"https:\/\/www.beyond.ch\/fr\/equipe\/"},{"@type":"ListItem","position":3,"name":"Samuel Wicki"}]},{"@type":"WebSite","@id":"https:\/\/www.beyond.ch\/de\/#website","url":"https:\/\/www.beyond.ch\/de\/","name":"BeyondStrategy SA","description":"From risks to performance","publisher":{"@id":"https:\/\/www.beyond.ch\/de\/#organization"},"potentialAction":[{"@type":"SearchAction","target":{"@type":"EntryPoint","urlTemplate":"https:\/\/www.beyond.ch\/de\/?s={search_term_string}"},"query-input":"required name=search_term_string"}],"inLanguage":"fr-FR"},{"@type":"Organization","@id":"https:\/\/www.beyond.ch\/de\/#organization","name":"BeyondStrategy SA","url":"https:\/\/www.beyond.ch\/de\/","sameAs":["https:\/\/www.linkedin.com\/company\/beyondstrategy-consulting"],"logo":{"@type":"ImageObject","inLanguage":"fr-FR","@id":"https:\/\/www.beyond.ch\/de\/#\/schema\/logo\/image\/","url":"https:\/\/www.beyondstrategy.ch\/wp-content\/uploads\/2022\/09\/BS_CLAIM_LOGO__BEYOND_LOGO-CMYK.png","contentUrl":"https:\/\/www.beyondstrategy.ch\/wp-content\/uploads\/2022\/09\/BS_CLAIM_LOGO__BEYOND_LOGO-CMYK.png","width":2520,"height":1016,"caption":"BeyondStrategy SA"},"image":{"@id":"https:\/\/www.beyond.ch\/de\/#\/schema\/logo\/image\/"}}]}},"_links":{"self":[{"href":"https:\/\/www.beyond.ch\/fr\/wp-json\/wp\/v2\/pages\/733"}],"collection":[{"href":"https:\/\/www.beyond.ch\/fr\/wp-json\/wp\/v2\/pages"}],"about":[{"href":"https:\/\/www.beyond.ch\/fr\/wp-json\/wp\/v2\/types\/page"}],"author":[{"embeddable":true,"href":"https:\/\/www.beyond.ch\/fr\/wp-json\/wp\/v2\/users\/1"}],"replies":[{"embeddable":true,"href":"https:\/\/www.beyond.ch\/fr\/wp-json\/wp\/v2\/comments?post=733"}],"version-history":[{"count":4,"href":"https:\/\/www.beyond.ch\/fr\/wp-json\/wp\/v2\/pages\/733\/revisions"}],"predecessor-version":[{"id":1209,"href":"https:\/\/www.beyond.ch\/fr\/wp-json\/wp\/v2\/pages\/733\/revisions\/1209"}],"up":[{"embeddable":true,"href":"https:\/\/www.beyond.ch\/fr\/wp-json\/wp\/v2\/pages\/729"}],"wp:attachment":[{"href":"https:\/\/www.beyond.ch\/fr\/wp-json\/wp\/v2\/media?parent=733"}],"curies":[{"name":"wp","href":"https:\/\/api.w.org\/{rel}","templated":true}]}}