{"id":734,"date":"2022-06-19T21:50:01","date_gmt":"2022-06-19T19:50:01","guid":{"rendered":"https:\/\/beyonddev.affinities.ch\/team\/yvan-stritt\/"},"modified":"2025-02-18T16:56:15","modified_gmt":"2025-02-18T15:56:15","slug":"paul-steele","status":"publish","type":"page","link":"https:\/\/www.beyond.ch\/fr\/equipe\/paul-steele\/","title":{"rendered":"Paul Steele"},"content":{"rendered":"<p><img src=\"http:\/\/www.beyond.ch\/wp-content\/uploads\/2025\/02\/Photo-Paul-Steele.png\" alt=\"Photo Paul Steele\"><\/p>\n<div>Conseiller affili\u00e9<\/div>\n<h1>Paul Steele<\/h1>\n<div>\n<p>Paul Steele est un d\u00e9fenseur reconnu du d\u00e9veloppement durable et des affaires responsables, ainsi qu\u2019un expert en relations internationales. Il poss\u00e8de une vaste exp\u00e9rience dans l\u2019\u00e9laboration et la mise en \u0153uvre de strat\u00e9gies de durabilit\u00e9, tant au niveau sectoriel qu\u2019au sein des entreprises.<\/p>\n<p>Jusqu\u2019en 2019, il a occup\u00e9 le poste de Vice-Pr\u00e9sident Senior des Relations avec les Membres et l\u2019Externe ainsi que Secr\u00e9taire G\u00e9n\u00e9ral de l&rsquo;Association du Transport A\u00e9rien International (IATA), o\u00f9 il a dirig\u00e9 et mis en \u0153uvre les activit\u00e9s strat\u00e9giques de plaidoyer et de gestion des parties prenantes \u00e0 l\u2019\u00e9chelle mondiale. Il a jou\u00e9 un r\u00f4le cl\u00e9 dans le d\u00e9veloppement de la trajectoire du secteur a\u00e9rien vers un avenir durable et dans l\u2019adoption d\u2019objectifs mondiaux de r\u00e9duction du CO\u2082 sous l\u2019\u00e9gide de l\u2019Organisation de l&rsquo;Aviation Civile Internationale (OACI) des Nations Unies.<\/p>\n<p>Paul a \u00e9galement \u00e9t\u00e9 Directeur Ex\u00e9cutif du Air Transport Action Group (ATAG), un organisme intersectoriel promouvant l\u2019aviation durable, de 2008 \u00e0 2014.<\/p>\n<p>Avant de rejoindre l\u2019IATA en 2007, il \u00e9tait Directeur des Op\u00e9rations de WWF International, o\u00f9 il a dirig\u00e9 l\u2019engagement de l\u2019ONG aupr\u00e8s des entreprises, aidant de grandes multinationales \u00e0 \u00e9laborer et mettre en \u0153uvre leurs strat\u00e9gies de durabilit\u00e9. Avant cela, Paul avait accumul\u00e9 plus de 20 ans d\u2019exp\u00e9rience en gestion dans des entreprises internationales de premier plan. Ses fonctions incluaient notamment : Directeur G\u00e9n\u00e9ral de The Virgin Trading Company, Vice-Pr\u00e9sident Senior des Ventes, du Marketing et des Technologies de l\u2019Information pour Hilton Hotel Group, supervisant 150 h\u00f4tels dans 50 pays, ainsi que plusieurs postes de direction chez Pepsi Cola International, o\u00f9 il a termin\u00e9 en tant que Vice-Pr\u00e9sident Groupe en charge de l\u2019Europe du Nord.<\/p>\n<p>Il est titulaire d\u2019un dipl\u00f4me en Administration des Affaires avec une sp\u00e9cialisation en fran\u00e7ais ainsi que d\u2019un Dipl\u00f4me en \u00c9tudes Industrielles de Loughborough University. Il a \u00e9galement \u00e9t\u00e9 membre du corps professoral du Prince of Wales\u2019s Business and the Environment Programme, dirig\u00e9 par l\u2019Universit\u00e9 de Cambridge.<\/p>\n<\/div>\n<ul>\n<li><a href=\"&#x6d;&#97;i&#x6c;&#116;o&#x3a;&#112;a&#x75;&#108;&#46;&#x73;&#116;e&#x65;&#x6c;e&#x40;&#x62;&#101;&#x79;&#x6f;&#110;&#x64;&#x73;&#116;r&#x61;&#116;e&#x67;&#121;&#46;&#x63;&#104;\">mail<\/a>\n<\/li>\n<li><a href=\"tel:+41212179176\">receiver<\/a>\n<\/li>\n<li><a href=\"https:\/\/www.linkedin.com\/in\/paul-steele-981ba21\/\">linkedin<\/a>\n<\/li>\n<\/ul>\n<p><!--more--><br \/>\n<!-- {\"name\":\"Detail Equipe\",\"type\":\"layout\",\"children\":[{\"name\":\"VCard\",\"type\":\"section\",\"props\":{\"style\":\"default\",\"width\":\"large\",\"vertical_align\":\"middle\",\"title_position\":\"top-left\",\"title_rotation\":\"left\",\"title_breakpoint\":\"xl\",\"image_position\":\"center-center\",\"height\":\"full\",\"image\":\"wp-content\\\/uploads\\\/projects-bg.svg\",\"image_effect\":\"parallax\",\"image_parallax_bgx_start\":\"-300\",\"image_parallax_bgy_start\":\"200\",\"image_parallax_bgy_end\":-150,\"image_parallax_bgx_end\":\"-300\",\"media_overlay\":null,\"padding_remove_bottom\":false,\"image_parallax_breakpoint\":\"m\",\"animation\":\"slide-left-medium\",\"animation_delay\":\"200\",\"media_visibility\":\"m\"},\"children\":[{\"name\":\"\",\"type\":\"row\",\"props\":{\"layout\":\"1-2,1-2\",\"margin_remove_top\":false,\"margin_remove_bottom\":false,\"vertical_align\":true,\"divider\":false,\"column_gap\":\"large\",\"row_gap\":\"large\"},\"children\":[{\"name\":\"\",\"type\":\"column\",\"props\":{\"image_position\":\"top-left\",\"image\":\"\",\"image_effect\":\"parallax\",\"width_medium\":\"1-2\",\"media_overlay_gradient\":\"\",\"position_sticky_breakpoint\":\"m\"},\"children\":[{\"type\":\"image\",\"props\":{\"margin\":\"default\",\"image_svg_color\":\"emphasis\",\"image\":\"http:\\\/\\\/www.beyond.ch\\\/wp-content\\\/uploads\\\/2025\\\/02\\\/Photo-Paul-Steele.png\",\"image_alt\":\"Photo Paul Steele\"}}]},{\"name\":\"\",\"type\":\"column\",\"props\":{\"image_position\":\"top-left\",\"image\":\"\",\"image_width\":\"300\",\"media_overlay\":\"rgba(255, 255, 255, 0.54)\",\"vertical_align\":\"middle\",\"width_medium\":\"1-2\",\"media_overlay_gradient\":\"\",\"position_sticky_breakpoint\":\"m\"},\"children\":[{\"name\":\"\",\"type\":\"headline\",\"props\":{\"title_element\":\"div\",\"content\":\"Conseiller affili\\u00e9\",\"title_style\":\"h6\",\"title_color\":\"primary\",\"margin_remove_top\":false,\"margin_remove_bottom\":false,\"margin\":\"small\"}},{\"name\":\"\",\"type\":\"headline\",\"props\":{\"title_element\":\"h1\",\"content\":\"Paul Steele\",\"margin_remove_top\":true,\"text_align\":\"left\",\"margin_remove_bottom\":false,\"title_style\":\"heading-medium\"}},{\"name\":\"\",\"type\":\"text\",\"props\":{\"margin\":\"large\",\"column_breakpoint\":\"m\",\"maxwidth\":\"2xlarge\",\"content\":\"\n\n<p>Paul Steele est un d\\u00e9fenseur reconnu du d\\u00e9veloppement durable et des affaires responsables, ainsi qu\\u2019un expert en relations internationales. Il poss\\u00e8de une vaste exp\\u00e9rience dans l\\u2019\\u00e9laboration et la mise en \\u0153uvre de strat\\u00e9gies de durabilit\\u00e9, tant au niveau sectoriel qu\\u2019au sein des entreprises.<\\\/p>\\n\n\n<p>Jusqu\\u2019en 2019, il a occup\\u00e9 le poste de Vice-Pr\\u00e9sident Senior des Relations avec les Membres et l\\u2019Externe ainsi que Secr\\u00e9taire G\\u00e9n\\u00e9ral de l'Association du Transport A\\u00e9rien International (IATA), o\\u00f9 il a dirig\\u00e9 et mis en \\u0153uvre les activit\\u00e9s strat\\u00e9giques de plaidoyer et de gestion des parties prenantes \\u00e0 l\\u2019\\u00e9chelle mondiale. Il a jou\\u00e9 un r\\u00f4le cl\\u00e9 dans le d\\u00e9veloppement de la trajectoire du secteur a\\u00e9rien vers un avenir durable et dans l\\u2019adoption d\\u2019objectifs mondiaux de r\\u00e9duction du CO\\u2082 sous l\\u2019\\u00e9gide de l\\u2019Organisation de l'Aviation Civile Internationale (OACI) des Nations Unies.<\\\/p>\\n\n\n<p>Paul a \\u00e9galement \\u00e9t\\u00e9 Directeur Ex\\u00e9cutif du Air Transport Action Group (ATAG), un organisme intersectoriel promouvant l\\u2019aviation durable, de 2008 \\u00e0 2014.<\\\/p>\\n\n\n<p>Avant de rejoindre l\\u2019IATA en 2007, il \\u00e9tait Directeur des Op\\u00e9rations de WWF International, o\\u00f9 il a dirig\\u00e9 l\\u2019engagement de l\\u2019ONG aupr\\u00e8s des entreprises, aidant de grandes multinationales \\u00e0 \\u00e9laborer et mettre en \\u0153uvre leurs strat\\u00e9gies de durabilit\\u00e9. Avant cela, Paul avait accumul\\u00e9 plus de 20 ans d\\u2019exp\\u00e9rience en gestion dans des entreprises internationales de premier plan. Ses fonctions incluaient notamment : Directeur G\\u00e9n\\u00e9ral de The Virgin Trading Company, Vice-Pr\\u00e9sident Senior des Ventes, du Marketing et des Technologies de l\\u2019Information pour Hilton Hotel Group, supervisant 150 h\\u00f4tels dans 50 pays, ainsi que plusieurs postes de direction chez Pepsi Cola International, o\\u00f9 il a termin\\u00e9 en tant que Vice-Pr\\u00e9sident Groupe en charge de l\\u2019Europe du Nord.<\\\/p>\\n\n\n<p>Il est titulaire d\\u2019un dipl\\u00f4me en Administration des Affaires avec une sp\\u00e9cialisation en fran\\u00e7ais ainsi que d\\u2019un Dipl\\u00f4me en \\u00c9tudes Industrielles de Loughborough University. Il a \\u00e9galement \\u00e9t\\u00e9 membre du corps professoral du Prince of Wales\\u2019s Business and the Environment Programme, dirig\\u00e9 par l\\u2019Universit\\u00e9 de Cambridge.<\\\/p>\",\"text_size\":\"large\"}},{\"name\":\"\",\"type\":\"social\",\"props\":{\"link_style\":\"link\",\"margin\":\"large\",\"link_target\":true,\"grid_gap\":\"small\",\"grid\":\"horizontal\"},\"children\":[{\"type\":\"social_item\",\"props\":{\"link\":\"&#109;&#x61;&#x69;&#108;&#x74;&#x6f;&#58;&#x70;&#x61;&#117;&#x6c;&#x2e;&#115;&#x74;&#x65;&#101;&#x6c;&#x65;&#64;&#x62;&#x65;&#121;&#x6f;&#x6e;&#100;&#x73;&#x74;r&#x61;&#x74;e&#x67;&#x79;&#46;&#99;&#x68;\"}},{\"type\":\"social_item\",\"props\":{\"link\":\"tel:+41212179176\"}},{\"type\":\"social_item\",\"props\":{\"link\":\"https:\\\/\\\/www.linkedin.com\\\/in\\\/paul-steele-981ba21\\\/\"}}]}]}]}]}],\"version\":\"2.7.22\"} --><\/p>\n","protected":false},"excerpt":{"rendered":"<p>Conseiller affili\u00e9 Paul Steele Paul Steele est un d\u00e9fenseur reconnu du d\u00e9veloppement durable et des affaires responsables, ainsi qu\u2019un expert en relations internationales. Il poss\u00e8de une vaste exp\u00e9rience dans l\u2019\u00e9laboration et la mise en \u0153uvre de strat\u00e9gies de durabilit\u00e9, tant au niveau sectoriel qu\u2019au sein des entreprises. Jusqu\u2019en 2019, il a occup\u00e9 le poste de [&hellip;]<\/p>\n","protected":false},"author":1,"featured_media":0,"parent":729,"menu_order":0,"comment_status":"closed","ping_status":"closed","template":"","meta":[],"yoast_head":"<!-- This site is optimized with the Yoast SEO plugin v19.6 - https:\/\/yoast.com\/wordpress\/plugins\/seo\/ -->\n<title>Paul Steele - BeyondStrategy SA<\/title>\n<meta name=\"robots\" content=\"index, follow, max-snippet:-1, max-image-preview:large, max-video-preview:-1\" \/>\n<link rel=\"canonical\" href=\"https:\/\/www.beyond.ch\/fr\/equipe\/paul-steele\/\" \/>\n<meta property=\"og:locale\" content=\"fr_FR\" \/>\n<meta property=\"og:type\" content=\"article\" \/>\n<meta property=\"og:title\" content=\"Paul Steele - BeyondStrategy SA\" \/>\n<meta property=\"og:description\" content=\"Conseiller affili\u00e9 Paul Steele Paul Steele est un d\u00e9fenseur reconnu du d\u00e9veloppement durable et des affaires responsables, ainsi qu\u2019un expert en relations internationales. Il poss\u00e8de une vaste exp\u00e9rience dans l\u2019\u00e9laboration et la mise en \u0153uvre de strat\u00e9gies de durabilit\u00e9, tant au niveau sectoriel qu\u2019au sein des entreprises. Jusqu\u2019en 2019, il a occup\u00e9 le poste de [&hellip;]\" \/>\n<meta property=\"og:url\" content=\"https:\/\/www.beyond.ch\/fr\/equipe\/paul-steele\/\" \/>\n<meta property=\"og:site_name\" content=\"BeyondStrategy SA\" \/>\n<meta property=\"article:modified_time\" content=\"2025-02-18T15:56:15+00:00\" \/>\n<meta property=\"og:image\" content=\"http:\/\/www.beyond.ch\/wp-content\/uploads\/2025\/02\/Photo-Paul-Steele.png\" \/>\n<meta name=\"twitter:card\" content=\"summary_large_image\" \/>\n<meta name=\"twitter:label1\" content=\"Dur\u00e9e de lecture estim\u00e9e\" \/>\n\t<meta name=\"twitter:data1\" content=\"2 minutes\" \/>\n<script type=\"application\/ld+json\" class=\"yoast-schema-graph\">{\"@context\":\"https:\/\/schema.org\",\"@graph\":[{\"@type\":\"WebPage\",\"@id\":\"https:\/\/www.beyond.ch\/fr\/equipe\/paul-steele\/\",\"url\":\"https:\/\/www.beyond.ch\/fr\/equipe\/paul-steele\/\",\"name\":\"Paul Steele - BeyondStrategy SA\",\"isPartOf\":{\"@id\":\"https:\/\/www.beyond.ch\/de\/#website\"},\"datePublished\":\"2022-06-19T19:50:01+00:00\",\"dateModified\":\"2025-02-18T15:56:15+00:00\",\"breadcrumb\":{\"@id\":\"https:\/\/www.beyond.ch\/fr\/equipe\/paul-steele\/#breadcrumb\"},\"inLanguage\":\"fr-FR\",\"potentialAction\":[{\"@type\":\"ReadAction\",\"target\":[\"https:\/\/www.beyond.ch\/fr\/equipe\/paul-steele\/\"]}]},{\"@type\":\"BreadcrumbList\",\"@id\":\"https:\/\/www.beyond.ch\/fr\/equipe\/paul-steele\/#breadcrumb\",\"itemListElement\":[{\"@type\":\"ListItem\",\"position\":1,\"name\":\"Accueil\",\"item\":\"https:\/\/www.beyond.ch\/fr\/\"},{\"@type\":\"ListItem\",\"position\":2,\"name\":\"Equipe\",\"item\":\"https:\/\/www.beyond.ch\/fr\/equipe\/\"},{\"@type\":\"ListItem\",\"position\":3,\"name\":\"Paul Steele\"}]},{\"@type\":\"WebSite\",\"@id\":\"https:\/\/www.beyond.ch\/de\/#website\",\"url\":\"https:\/\/www.beyond.ch\/de\/\",\"name\":\"BeyondStrategy SA\",\"description\":\"From risks to performance\",\"publisher\":{\"@id\":\"https:\/\/www.beyond.ch\/de\/#organization\"},\"potentialAction\":[{\"@type\":\"SearchAction\",\"target\":{\"@type\":\"EntryPoint\",\"urlTemplate\":\"https:\/\/www.beyond.ch\/de\/?s={search_term_string}\"},\"query-input\":\"required name=search_term_string\"}],\"inLanguage\":\"fr-FR\"},{\"@type\":\"Organization\",\"@id\":\"https:\/\/www.beyond.ch\/de\/#organization\",\"name\":\"BeyondStrategy SA\",\"url\":\"https:\/\/www.beyond.ch\/de\/\",\"sameAs\":[\"https:\/\/www.linkedin.com\/company\/beyondstrategy-consulting\"],\"logo\":{\"@type\":\"ImageObject\",\"inLanguage\":\"fr-FR\",\"@id\":\"https:\/\/www.beyond.ch\/de\/#\/schema\/logo\/image\/\",\"url\":\"https:\/\/www.beyondstrategy.ch\/wp-content\/uploads\/2022\/09\/BS_CLAIM_LOGO__BEYOND_LOGO-CMYK.png\",\"contentUrl\":\"https:\/\/www.beyondstrategy.ch\/wp-content\/uploads\/2022\/09\/BS_CLAIM_LOGO__BEYOND_LOGO-CMYK.png\",\"width\":2520,\"height\":1016,\"caption\":\"BeyondStrategy SA\"},\"image\":{\"@id\":\"https:\/\/www.beyond.ch\/de\/#\/schema\/logo\/image\/\"}}]}<\/script>\n<!-- \/ Yoast SEO plugin. -->","yoast_head_json":{"title":"Paul Steele - BeyondStrategy SA","robots":{"index":"index","follow":"follow","max-snippet":"max-snippet:-1","max-image-preview":"max-image-preview:large","max-video-preview":"max-video-preview:-1"},"canonical":"https:\/\/www.beyond.ch\/fr\/equipe\/paul-steele\/","og_locale":"fr_FR","og_type":"article","og_title":"Paul Steele - BeyondStrategy SA","og_description":"Conseiller affili\u00e9 Paul Steele Paul Steele est un d\u00e9fenseur reconnu du d\u00e9veloppement durable et des affaires responsables, ainsi qu\u2019un expert en relations internationales. Il poss\u00e8de une vaste exp\u00e9rience dans l\u2019\u00e9laboration et la mise en \u0153uvre de strat\u00e9gies de durabilit\u00e9, tant au niveau sectoriel qu\u2019au sein des entreprises. Jusqu\u2019en 2019, il a occup\u00e9 le poste de [&hellip;]","og_url":"https:\/\/www.beyond.ch\/fr\/equipe\/paul-steele\/","og_site_name":"BeyondStrategy SA","article_modified_time":"2025-02-18T15:56:15+00:00","og_image":[{"url":"http:\/\/www.beyond.ch\/wp-content\/uploads\/2025\/02\/Photo-Paul-Steele.png"}],"twitter_card":"summary_large_image","twitter_misc":{"Dur\u00e9e de lecture estim\u00e9e":"2 minutes"},"schema":{"@context":"https:\/\/schema.org","@graph":[{"@type":"WebPage","@id":"https:\/\/www.beyond.ch\/fr\/equipe\/paul-steele\/","url":"https:\/\/www.beyond.ch\/fr\/equipe\/paul-steele\/","name":"Paul Steele - BeyondStrategy SA","isPartOf":{"@id":"https:\/\/www.beyond.ch\/de\/#website"},"datePublished":"2022-06-19T19:50:01+00:00","dateModified":"2025-02-18T15:56:15+00:00","breadcrumb":{"@id":"https:\/\/www.beyond.ch\/fr\/equipe\/paul-steele\/#breadcrumb"},"inLanguage":"fr-FR","potentialAction":[{"@type":"ReadAction","target":["https:\/\/www.beyond.ch\/fr\/equipe\/paul-steele\/"]}]},{"@type":"BreadcrumbList","@id":"https:\/\/www.beyond.ch\/fr\/equipe\/paul-steele\/#breadcrumb","itemListElement":[{"@type":"ListItem","position":1,"name":"Accueil","item":"https:\/\/www.beyond.ch\/fr\/"},{"@type":"ListItem","position":2,"name":"Equipe","item":"https:\/\/www.beyond.ch\/fr\/equipe\/"},{"@type":"ListItem","position":3,"name":"Paul Steele"}]},{"@type":"WebSite","@id":"https:\/\/www.beyond.ch\/de\/#website","url":"https:\/\/www.beyond.ch\/de\/","name":"BeyondStrategy SA","description":"From risks to performance","publisher":{"@id":"https:\/\/www.beyond.ch\/de\/#organization"},"potentialAction":[{"@type":"SearchAction","target":{"@type":"EntryPoint","urlTemplate":"https:\/\/www.beyond.ch\/de\/?s={search_term_string}"},"query-input":"required name=search_term_string"}],"inLanguage":"fr-FR"},{"@type":"Organization","@id":"https:\/\/www.beyond.ch\/de\/#organization","name":"BeyondStrategy SA","url":"https:\/\/www.beyond.ch\/de\/","sameAs":["https:\/\/www.linkedin.com\/company\/beyondstrategy-consulting"],"logo":{"@type":"ImageObject","inLanguage":"fr-FR","@id":"https:\/\/www.beyond.ch\/de\/#\/schema\/logo\/image\/","url":"https:\/\/www.beyondstrategy.ch\/wp-content\/uploads\/2022\/09\/BS_CLAIM_LOGO__BEYOND_LOGO-CMYK.png","contentUrl":"https:\/\/www.beyondstrategy.ch\/wp-content\/uploads\/2022\/09\/BS_CLAIM_LOGO__BEYOND_LOGO-CMYK.png","width":2520,"height":1016,"caption":"BeyondStrategy SA"},"image":{"@id":"https:\/\/www.beyond.ch\/de\/#\/schema\/logo\/image\/"}}]}},"_links":{"self":[{"href":"https:\/\/www.beyond.ch\/fr\/wp-json\/wp\/v2\/pages\/734"}],"collection":[{"href":"https:\/\/www.beyond.ch\/fr\/wp-json\/wp\/v2\/pages"}],"about":[{"href":"https:\/\/www.beyond.ch\/fr\/wp-json\/wp\/v2\/types\/page"}],"author":[{"embeddable":true,"href":"https:\/\/www.beyond.ch\/fr\/wp-json\/wp\/v2\/users\/1"}],"replies":[{"embeddable":true,"href":"https:\/\/www.beyond.ch\/fr\/wp-json\/wp\/v2\/comments?post=734"}],"version-history":[{"count":12,"href":"https:\/\/www.beyond.ch\/fr\/wp-json\/wp\/v2\/pages\/734\/revisions"}],"predecessor-version":[{"id":1176,"href":"https:\/\/www.beyond.ch\/fr\/wp-json\/wp\/v2\/pages\/734\/revisions\/1176"}],"up":[{"embeddable":true,"href":"https:\/\/www.beyond.ch\/fr\/wp-json\/wp\/v2\/pages\/729"}],"wp:attachment":[{"href":"https:\/\/www.beyond.ch\/fr\/wp-json\/wp\/v2\/media?parent=734"}],"curies":[{"name":"wp","href":"https:\/\/api.w.org\/{rel}","templated":true}]}}