{"id":938,"date":"2022-09-08T16:12:13","date_gmt":"2022-09-08T14:12:13","guid":{"rendered":"https:\/\/www.beyondstrategy.ch\/?page_id=938"},"modified":"2025-02-19T20:11:11","modified_gmt":"2025-02-19T19:11:11","slug":"alessandro-trentin","status":"publish","type":"page","link":"https:\/\/www.beyond.ch\/fr\/equipe\/alessandro-trentin\/","title":{"rendered":"Alessandro Trentin"},"content":{"rendered":"<p><img src=\"http:\/\/www.beyond.ch\/wp-content\/uploads\/2025\/02\/Photo-Alessandro-Trentin.png\" alt=\"Alessandro Trentin\"><\/p>\n<div>Senior Consultant<\/div>\n<h1>Alessandro Trentin<\/h1>\n<div>\n<p>Alessandro Trentin, titulaire d\u2019une ma\u00eetrise universitaire en \u00e9conomie et management (MSc), est Senior Consultant aupr\u00e8s de BeyondStrategy SA.<\/p>\n<p>Il a une importante exp\u00e9rience dans diff\u00e9rentes entreprises internationales, dont plus de 25 ans dans le domaine du n\u00e9goce de mati\u00e8res premi\u00e8res et du transport maritime. Il a \u00e9t\u00e9 longuement administrateur de deux soci\u00e9t\u00e9s suisses avec lesquelles il a particip\u00e9 \u00e0 l\u2019ex\u00e9cution de programmes d\u2019aides alimentaires mondiaux dans plusieurs r\u00e9gions. Il a \u00e9t\u00e9 particuli\u00e8rement actif en G\u00e9orgie et en Arm\u00e9nie o\u00f9 il a mis en place et g\u00e9r\u00e9 pendant plus de dix ans des joint-ventures industrielles et commerciales. En Italie, il a \u00e9galement \u00e9t\u00e9 membre de la direction d\u2019un important groupe industriel.<\/p>\n<p>En tant que communicateur exp\u00e9riment\u00e9, il est \u00e0 l\u2019aise dans les \u00e9changes internationaux et interculturels. Il parle couramment l&rsquo;italien, le fran\u00e7ais et l&rsquo;anglais.<\/p>\n<p>Aimant se tenir bien inform\u00e9 sur les principaux faits de l\u2019actualit\u00e9 et de la g\u00e9opolitique, il est fascin\u00e9 par les situations nouvelles et complexes qui exigent des solutions rapides, et qui arbitrent les int\u00e9r\u00eats, risques et opportunit\u00e9s des parties prenantes.<\/p>\n<p>Durant son temps libre, par sa naturelle curiosit\u00e9 et sa passion pour la d\u00e9couverte, il aime se plonger dans la lecture de livres de sciences, de philosophie ou de litt\u00e9rature. Alessandro Trentin se d\u00e9tend en jouant au tennis, en faisant des randonn\u00e9es en montagne ou en skiant.<\/p>\n<\/div>\n<ul>\n<li><a href=\"&#109;&#x61;&#105;&#x6c;&#116;&#x6f;&#58;&#x61;l&#x65;s&#x73;a&#x6e;d&#114;&#x6f;&#46;&#x74;&#114;&#x65;&#110;&#x74;&#105;&#x6e;&#64;&#x62;e&#x79;o&#x6e;d&#115;&#x74;&#114;&#x61;&#116;&#x65;&#103;&#x79;&#46;&#x63;h\">mail<\/a>\n<\/li>\n<li><a href=\"tel:+41212179176\">receiver<\/a>\n<\/li>\n<li><a href=\"https:\/\/www.linkedin.com\/in\/alessandro-trentin-403a332\/\">linkedin<\/a>\n<\/li>\n<\/ul>\n<p><!--more--><br \/>\n<!-- {\"type\":\"layout\",\"children\":[{\"name\":\"Portrait d'une personne\",\"type\":\"section\",\"props\":{\"style\":\"default\",\"width\":\"large\",\"vertical_align\":\"middle\",\"title_position\":\"top-left\",\"title_rotation\":\"left\",\"title_breakpoint\":\"xl\",\"image_position\":\"center-center\",\"height\":\"full\",\"image\":\"wp-content\\\/uploads\\\/projects-bg.svg\",\"image_effect\":\"parallax\",\"image_parallax_bgx_start\":\"-300\",\"image_parallax_bgy_start\":\"200\",\"image_parallax_bgy_end\":-150,\"image_parallax_bgx_end\":\"-300\",\"media_overlay\":null,\"padding_remove_bottom\":false,\"image_parallax_breakpoint\":\"m\",\"animation\":\"slide-left-medium\",\"animation_delay\":\"200\",\"media_visibility\":\"m\"},\"children\":[{\"name\":\"\",\"type\":\"row\",\"props\":{\"layout\":\"1-2,1-2\",\"margin_remove_top\":false,\"margin_remove_bottom\":false,\"vertical_align\":true,\"divider\":false,\"column_gap\":\"large\",\"row_gap\":\"large\"},\"children\":[{\"name\":\"\",\"type\":\"column\",\"props\":{\"image_position\":\"top-left\",\"image\":\"\",\"image_effect\":\"parallax\",\"width_medium\":\"1-2\",\"media_overlay_gradient\":\"\",\"position_sticky_breakpoint\":\"m\"},\"children\":[{\"name\":\"\",\"type\":\"image\",\"props\":{\"margin\":\"\",\"image\":\"http:\\\/\\\/www.beyond.ch\\\/wp-content\\\/uploads\\\/2025\\\/02\\\/Photo-Alessandro-Trentin.png\",\"image_width\":\"600\",\"margin_remove_top\":false,\"margin_remove_bottom\":false,\"image_height\":\"700\",\"text_align\":\"left\",\"text_align_breakpoint\":\"m\",\"text_align_fallback\":\"center\",\"image_svg_color\":\"emphasis\",\"image_alt\":\"Alessandro Trentin\"}}]},{\"name\":\"\",\"type\":\"column\",\"props\":{\"image_position\":\"top-left\",\"image\":\"\",\"image_width\":\"300\",\"media_overlay\":\"rgba(255, 255, 255, 0.54)\",\"vertical_align\":\"middle\",\"width_medium\":\"1-2\",\"media_overlay_gradient\":\"\",\"position_sticky_breakpoint\":\"m\"},\"children\":[{\"name\":\"\",\"type\":\"headline\",\"props\":{\"title_element\":\"div\",\"content\":\"Senior Consultant\",\"title_style\":\"h6\",\"title_color\":\"primary\",\"margin_remove_top\":false,\"margin_remove_bottom\":false,\"margin\":\"small\"}},{\"name\":\"\",\"type\":\"headline\",\"props\":{\"title_element\":\"h1\",\"content\":\"Alessandro Trentin\",\"margin_remove_top\":true,\"text_align\":\"left\",\"margin_remove_bottom\":false,\"title_style\":\"heading-medium\"}},{\"name\":\"\",\"type\":\"text\",\"props\":{\"margin\":\"large\",\"column_breakpoint\":\"m\",\"maxwidth\":\"2xlarge\",\"content\":\"\n\n<p>Alessandro Trentin, titulaire d\\u2019une ma\\u00eetrise universitaire en \\u00e9conomie et management (MSc), est Senior Consultant aupr\\u00e8s de BeyondStrategy SA.<\\\/p>\\n\n\n<p>Il a une importante exp\\u00e9rience dans diff\\u00e9rentes entreprises internationales, dont plus de 25 ans dans le domaine du n\\u00e9goce de mati\\u00e8res premi\\u00e8res et du transport maritime. Il a \\u00e9t\\u00e9 longuement administrateur de deux soci\\u00e9t\\u00e9s suisses avec lesquelles il a particip\\u00e9 \\u00e0 l\\u2019ex\\u00e9cution de programmes d\\u2019aides alimentaires mondiaux dans plusieurs r\\u00e9gions. Il a \\u00e9t\\u00e9 particuli\\u00e8rement actif en G\\u00e9orgie et en Arm\\u00e9nie o\\u00f9 il a mis en place et g\\u00e9r\\u00e9 pendant plus de dix ans des joint-ventures industrielles et commerciales. En Italie, il a \\u00e9galement \\u00e9t\\u00e9 membre de la direction d\\u2019un important groupe industriel.<\\\/p>\\n\n\n<p>En tant que communicateur exp\\u00e9riment\\u00e9, il est \\u00e0 l\\u2019aise dans les \\u00e9changes internationaux et interculturels. Il parle couramment l'italien, le fran\\u00e7ais et l'anglais.<\\\/p>\\n\n\n<p>Aimant se tenir bien inform\\u00e9 sur les principaux faits de l\\u2019actualit\\u00e9 et de la g\\u00e9opolitique, il est fascin\\u00e9 par les situations nouvelles et complexes qui exigent des solutions rapides, et qui arbitrent les int\\u00e9r\\u00eats, risques et opportunit\\u00e9s des parties prenantes.<\\\/p>\\n\n\n<p>Durant son temps libre, par sa naturelle curiosit\\u00e9 et sa passion pour la d\\u00e9couverte, il aime se plonger dans la lecture de livres de sciences, de philosophie ou de litt\\u00e9rature. Alessandro Trentin se d\\u00e9tend en jouant au tennis, en faisant des randonn\\u00e9es en montagne ou en skiant.<\\\/p>\",\"text_size\":\"large\"}},{\"name\":\"\",\"type\":\"social\",\"props\":{\"link_style\":\"link\",\"margin\":\"large\",\"link_target\":true,\"grid_gap\":\"small\",\"grid\":\"horizontal\"},\"children\":[{\"type\":\"social_item\",\"props\":{\"link\":\"&#x6d;&#x61;&#x69;&#x6c;&#116;&#111;&#58;al&#x65;&#x73;&#x73;&#x61;&#x6e;&#100;&#114;&#111;&#46;t&#x72;&#x65;&#x6e;&#x74;&#x69;&#110;&#64;&#98;ey&#x6f;&#x6e;&#x64;&#x73;&#x74;&#114;&#97;&#116;eg&#x79;&#x2e;&#x63;&#x68;\"}},{\"type\":\"social_item\",\"props\":{\"link\":\"tel:+41212179176\"}},{\"type\":\"social_item\",\"props\":{\"link\":\"https:\\\/\\\/www.linkedin.com\\\/in\\\/alessandro-trentin-403a332\\\/\"}}]}]}]}]}],\"version\":\"2.7.22\"} --><\/p>\n","protected":false},"excerpt":{"rendered":"<p>Senior Consultant Alessandro Trentin Alessandro Trentin, titulaire d\u2019une ma\u00eetrise universitaire en \u00e9conomie et management (MSc), est Senior Consultant aupr\u00e8s de BeyondStrategy SA. Il a une importante exp\u00e9rience dans diff\u00e9rentes entreprises internationales, dont plus de 25 ans dans le domaine du n\u00e9goce de mati\u00e8res premi\u00e8res et du transport maritime. Il a \u00e9t\u00e9 longuement administrateur de deux [&hellip;]<\/p>\n","protected":false},"author":1,"featured_media":0,"parent":729,"menu_order":0,"comment_status":"closed","ping_status":"closed","template":"","meta":[],"yoast_head":"<!-- This site is optimized with the Yoast SEO plugin v19.6 - https:\/\/yoast.com\/wordpress\/plugins\/seo\/ -->\n<title>Alessandro Trentin - BeyondStrategy SA<\/title>\n<meta name=\"robots\" content=\"index, follow, max-snippet:-1, max-image-preview:large, max-video-preview:-1\" \/>\n<link rel=\"canonical\" href=\"https:\/\/www.beyond.ch\/fr\/equipe\/alessandro-trentin\/\" \/>\n<meta property=\"og:locale\" content=\"fr_FR\" \/>\n<meta property=\"og:type\" content=\"article\" \/>\n<meta property=\"og:title\" content=\"Alessandro Trentin - BeyondStrategy SA\" \/>\n<meta property=\"og:description\" content=\"Senior Consultant Alessandro Trentin Alessandro Trentin, titulaire d\u2019une ma\u00eetrise universitaire en \u00e9conomie et management (MSc), est Senior Consultant aupr\u00e8s de BeyondStrategy SA. Il a une importante exp\u00e9rience dans diff\u00e9rentes entreprises internationales, dont plus de 25 ans dans le domaine du n\u00e9goce de mati\u00e8res premi\u00e8res et du transport maritime. Il a \u00e9t\u00e9 longuement administrateur de deux [&hellip;]\" \/>\n<meta property=\"og:url\" content=\"https:\/\/www.beyond.ch\/fr\/equipe\/alessandro-trentin\/\" \/>\n<meta property=\"og:site_name\" content=\"BeyondStrategy SA\" \/>\n<meta property=\"article:modified_time\" content=\"2025-02-19T19:11:11+00:00\" \/>\n<meta property=\"og:image\" content=\"http:\/\/www.beyond.ch\/wp-content\/uploads\/2025\/02\/Photo-Alessandro-Trentin.png\" \/>\n<meta name=\"twitter:card\" content=\"summary_large_image\" \/>\n<script type=\"application\/ld+json\" class=\"yoast-schema-graph\">{\"@context\":\"https:\/\/schema.org\",\"@graph\":[{\"@type\":\"WebPage\",\"@id\":\"https:\/\/www.beyond.ch\/fr\/equipe\/alessandro-trentin\/\",\"url\":\"https:\/\/www.beyond.ch\/fr\/equipe\/alessandro-trentin\/\",\"name\":\"Alessandro Trentin - BeyondStrategy SA\",\"isPartOf\":{\"@id\":\"https:\/\/www.beyond.ch\/de\/#website\"},\"datePublished\":\"2022-09-08T14:12:13+00:00\",\"dateModified\":\"2025-02-19T19:11:11+00:00\",\"breadcrumb\":{\"@id\":\"https:\/\/www.beyond.ch\/fr\/equipe\/alessandro-trentin\/#breadcrumb\"},\"inLanguage\":\"fr-FR\",\"potentialAction\":[{\"@type\":\"ReadAction\",\"target\":[\"https:\/\/www.beyond.ch\/fr\/equipe\/alessandro-trentin\/\"]}]},{\"@type\":\"BreadcrumbList\",\"@id\":\"https:\/\/www.beyond.ch\/fr\/equipe\/alessandro-trentin\/#breadcrumb\",\"itemListElement\":[{\"@type\":\"ListItem\",\"position\":1,\"name\":\"Accueil\",\"item\":\"https:\/\/www.beyond.ch\/fr\/\"},{\"@type\":\"ListItem\",\"position\":2,\"name\":\"Equipe\",\"item\":\"https:\/\/www.beyond.ch\/fr\/equipe\/\"},{\"@type\":\"ListItem\",\"position\":3,\"name\":\"Alessandro Trentin\"}]},{\"@type\":\"WebSite\",\"@id\":\"https:\/\/www.beyond.ch\/de\/#website\",\"url\":\"https:\/\/www.beyond.ch\/de\/\",\"name\":\"BeyondStrategy SA\",\"description\":\"From risks to performance\",\"publisher\":{\"@id\":\"https:\/\/www.beyond.ch\/de\/#organization\"},\"potentialAction\":[{\"@type\":\"SearchAction\",\"target\":{\"@type\":\"EntryPoint\",\"urlTemplate\":\"https:\/\/www.beyond.ch\/de\/?s={search_term_string}\"},\"query-input\":\"required name=search_term_string\"}],\"inLanguage\":\"fr-FR\"},{\"@type\":\"Organization\",\"@id\":\"https:\/\/www.beyond.ch\/de\/#organization\",\"name\":\"BeyondStrategy SA\",\"url\":\"https:\/\/www.beyond.ch\/de\/\",\"sameAs\":[\"https:\/\/www.linkedin.com\/company\/beyondstrategy-consulting\"],\"logo\":{\"@type\":\"ImageObject\",\"inLanguage\":\"fr-FR\",\"@id\":\"https:\/\/www.beyond.ch\/de\/#\/schema\/logo\/image\/\",\"url\":\"https:\/\/www.beyondstrategy.ch\/wp-content\/uploads\/2022\/09\/BS_CLAIM_LOGO__BEYOND_LOGO-CMYK.png\",\"contentUrl\":\"https:\/\/www.beyondstrategy.ch\/wp-content\/uploads\/2022\/09\/BS_CLAIM_LOGO__BEYOND_LOGO-CMYK.png\",\"width\":2520,\"height\":1016,\"caption\":\"BeyondStrategy SA\"},\"image\":{\"@id\":\"https:\/\/www.beyond.ch\/de\/#\/schema\/logo\/image\/\"}}]}<\/script>\n<!-- \/ Yoast SEO plugin. -->","yoast_head_json":{"title":"Alessandro Trentin - BeyondStrategy SA","robots":{"index":"index","follow":"follow","max-snippet":"max-snippet:-1","max-image-preview":"max-image-preview:large","max-video-preview":"max-video-preview:-1"},"canonical":"https:\/\/www.beyond.ch\/fr\/equipe\/alessandro-trentin\/","og_locale":"fr_FR","og_type":"article","og_title":"Alessandro Trentin - BeyondStrategy SA","og_description":"Senior Consultant Alessandro Trentin Alessandro Trentin, titulaire d\u2019une ma\u00eetrise universitaire en \u00e9conomie et management (MSc), est Senior Consultant aupr\u00e8s de BeyondStrategy SA. Il a une importante exp\u00e9rience dans diff\u00e9rentes entreprises internationales, dont plus de 25 ans dans le domaine du n\u00e9goce de mati\u00e8res premi\u00e8res et du transport maritime. Il a \u00e9t\u00e9 longuement administrateur de deux [&hellip;]","og_url":"https:\/\/www.beyond.ch\/fr\/equipe\/alessandro-trentin\/","og_site_name":"BeyondStrategy SA","article_modified_time":"2025-02-19T19:11:11+00:00","og_image":[{"url":"http:\/\/www.beyond.ch\/wp-content\/uploads\/2025\/02\/Photo-Alessandro-Trentin.png"}],"twitter_card":"summary_large_image","schema":{"@context":"https:\/\/schema.org","@graph":[{"@type":"WebPage","@id":"https:\/\/www.beyond.ch\/fr\/equipe\/alessandro-trentin\/","url":"https:\/\/www.beyond.ch\/fr\/equipe\/alessandro-trentin\/","name":"Alessandro Trentin - BeyondStrategy SA","isPartOf":{"@id":"https:\/\/www.beyond.ch\/de\/#website"},"datePublished":"2022-09-08T14:12:13+00:00","dateModified":"2025-02-19T19:11:11+00:00","breadcrumb":{"@id":"https:\/\/www.beyond.ch\/fr\/equipe\/alessandro-trentin\/#breadcrumb"},"inLanguage":"fr-FR","potentialAction":[{"@type":"ReadAction","target":["https:\/\/www.beyond.ch\/fr\/equipe\/alessandro-trentin\/"]}]},{"@type":"BreadcrumbList","@id":"https:\/\/www.beyond.ch\/fr\/equipe\/alessandro-trentin\/#breadcrumb","itemListElement":[{"@type":"ListItem","position":1,"name":"Accueil","item":"https:\/\/www.beyond.ch\/fr\/"},{"@type":"ListItem","position":2,"name":"Equipe","item":"https:\/\/www.beyond.ch\/fr\/equipe\/"},{"@type":"ListItem","position":3,"name":"Alessandro Trentin"}]},{"@type":"WebSite","@id":"https:\/\/www.beyond.ch\/de\/#website","url":"https:\/\/www.beyond.ch\/de\/","name":"BeyondStrategy SA","description":"From risks to performance","publisher":{"@id":"https:\/\/www.beyond.ch\/de\/#organization"},"potentialAction":[{"@type":"SearchAction","target":{"@type":"EntryPoint","urlTemplate":"https:\/\/www.beyond.ch\/de\/?s={search_term_string}"},"query-input":"required name=search_term_string"}],"inLanguage":"fr-FR"},{"@type":"Organization","@id":"https:\/\/www.beyond.ch\/de\/#organization","name":"BeyondStrategy SA","url":"https:\/\/www.beyond.ch\/de\/","sameAs":["https:\/\/www.linkedin.com\/company\/beyondstrategy-consulting"],"logo":{"@type":"ImageObject","inLanguage":"fr-FR","@id":"https:\/\/www.beyond.ch\/de\/#\/schema\/logo\/image\/","url":"https:\/\/www.beyondstrategy.ch\/wp-content\/uploads\/2022\/09\/BS_CLAIM_LOGO__BEYOND_LOGO-CMYK.png","contentUrl":"https:\/\/www.beyondstrategy.ch\/wp-content\/uploads\/2022\/09\/BS_CLAIM_LOGO__BEYOND_LOGO-CMYK.png","width":2520,"height":1016,"caption":"BeyondStrategy SA"},"image":{"@id":"https:\/\/www.beyond.ch\/de\/#\/schema\/logo\/image\/"}}]}},"_links":{"self":[{"href":"https:\/\/www.beyond.ch\/fr\/wp-json\/wp\/v2\/pages\/938"}],"collection":[{"href":"https:\/\/www.beyond.ch\/fr\/wp-json\/wp\/v2\/pages"}],"about":[{"href":"https:\/\/www.beyond.ch\/fr\/wp-json\/wp\/v2\/types\/page"}],"author":[{"embeddable":true,"href":"https:\/\/www.beyond.ch\/fr\/wp-json\/wp\/v2\/users\/1"}],"replies":[{"embeddable":true,"href":"https:\/\/www.beyond.ch\/fr\/wp-json\/wp\/v2\/comments?post=938"}],"version-history":[{"count":6,"href":"https:\/\/www.beyond.ch\/fr\/wp-json\/wp\/v2\/pages\/938\/revisions"}],"predecessor-version":[{"id":1211,"href":"https:\/\/www.beyond.ch\/fr\/wp-json\/wp\/v2\/pages\/938\/revisions\/1211"}],"up":[{"embeddable":true,"href":"https:\/\/www.beyond.ch\/fr\/wp-json\/wp\/v2\/pages\/729"}],"wp:attachment":[{"href":"https:\/\/www.beyond.ch\/fr\/wp-json\/wp\/v2\/media?parent=938"}],"curies":[{"name":"wp","href":"https:\/\/api.w.org\/{rel}","templated":true}]}}